{"id":25214,"date":"2023-12-21T17:01:35","date_gmt":"2023-12-21T17:01:35","guid":{"rendered":"https:\/\/ifalpes.com\/reservation-cours-francais-en-ligne\/"},"modified":"2024-05-29T11:22:37","modified_gmt":"2024-05-29T11:22:37","slug":"reservation-cours-francais-en-ligne","status":"publish","type":"page","link":"https:\/\/ifalpes.com\/fr\/reservation-cours-francais-en-ligne\/","title":{"rendered":"R\u00c9SERVATION POUR LES COURS DE FRAN\u00c7AIS EN LIGNE"},"content":{"rendered":"\t\t<div data-elementor-type=\"wp-page\" data-elementor-id=\"25214\" class=\"elementor elementor-25214 elementor-25201\" data-elementor-post-type=\"page\">\n\t\t\t\t\t\t<section class=\"elementor-section elementor-top-section elementor-element elementor-element-49d2b88 elementor-section-boxed elementor-section-height-default elementor-section-height-default\" data-id=\"49d2b88\" data-element_type=\"section\" data-e-type=\"section\">\n\t\t\t\t\t\t<div class=\"elementor-container elementor-column-gap-default\">\n\t\t\t\t\t<div class=\"elementor-column elementor-col-100 elementor-top-column elementor-element elementor-element-9032a9d\" data-id=\"9032a9d\" data-element_type=\"column\" data-e-type=\"column\">\n\t\t\t<div class=\"elementor-widget-wrap elementor-element-populated\">\n\t\t\t\t\t\t<div class=\"elementor-element elementor-element-c28a751 elementor-widget elementor-widget-heading\" data-id=\"c28a751\" data-element_type=\"widget\" data-e-type=\"widget\" data-widget_type=\"heading.default\">\n\t\t\t\t<div class=\"elementor-widget-container\">\n\t\t\t\t\t<h2 class=\"elementor-heading-title elementor-size-default\"><h2 data-elementor-setting-key=\"title\" data-pen-placeholder=\"\u00c9crivez ici...\" style=\"font-weight: var( --e-global-typography-primary-font-weight );text-transform: uppercase;font-size: 30px;font-family: Ubuntu, sans-serif;text-align: center\">AM\u00c9LIOREZ VOTRE FRAN\u00c7AIS DEPUIS N'IMPORTE O\u00d9 AVEC IFALPES !<\/h2><\/h2>\t\t\t\t<\/div>\n\t\t\t\t<\/div>\n\t\t\t\t\t<\/div>\n\t\t<\/div>\n\t\t\t\t\t<\/div>\n\t\t<\/section>\n\t\t\t\t<section class=\"elementor-section elementor-top-section elementor-element elementor-element-5a56d64 elementor-section-boxed elementor-section-height-default elementor-section-height-default\" data-id=\"5a56d64\" data-element_type=\"section\" data-e-type=\"section\">\n\t\t\t\t\t\t<div class=\"elementor-container elementor-column-gap-default\">\n\t\t\t\t\t<div class=\"elementor-column elementor-col-50 elementor-top-column elementor-element elementor-element-569eb58\" data-id=\"569eb58\" data-element_type=\"column\" data-e-type=\"column\">\n\t\t\t<div class=\"elementor-widget-wrap elementor-element-populated\">\n\t\t\t\t\t\t<div class=\"elementor-element elementor-element-3f3610b elementor-align-center elementor-widget elementor-widget-button\" data-id=\"3f3610b\" data-element_type=\"widget\" data-e-type=\"widget\" data-widget_type=\"button.default\">\n\t\t\t\t<div class=\"elementor-widget-container\">\n\t\t\t\t\t\t\t\t\t<div class=\"elementor-button-wrapper\">\n\t\t\t\t\t<a class=\"elementor-button elementor-button-link elementor-size-lg\" href=\"https:\/\/ifalpes.com\/fr\/inscription-cours-preparation-examens\/\" target=\"_blank\">\n\t\t\t\t\t\t<span class=\"elementor-button-content-wrapper\">\n\t\t\t\t\t\t\t\t\t<span class=\"elementor-button-text\">Inscription<br>Pr\u00e9paration \u00e0 aux examen en ligne<\/span>\n\t\t\t\t\t<\/span>\n\t\t\t\t\t<\/a>\n\t\t\t\t<\/div>\n\t\t\t\t\t\t\t\t<\/div>\n\t\t\t\t<\/div>\n\t\t\t\t\t<\/div>\n\t\t<\/div>\n\t\t\t\t<div class=\"elementor-column elementor-col-50 elementor-top-column elementor-element elementor-element-19e670c\" data-id=\"19e670c\" data-element_type=\"column\" data-e-type=\"column\">\n\t\t\t<div class=\"elementor-widget-wrap elementor-element-populated\">\n\t\t\t\t\t\t<div class=\"elementor-element elementor-element-4d4ad6b elementor-align-center elementor-widget elementor-widget-button\" data-id=\"4d4ad6b\" data-element_type=\"widget\" data-e-type=\"widget\" data-widget_type=\"button.default\">\n\t\t\t\t<div class=\"elementor-widget-container\">\n\t\t\t\t\t\t\t\t\t<div class=\"elementor-button-wrapper\">\n\t\t\t\t\t<a class=\"elementor-button elementor-button-link elementor-size-lg\" href=\"https:\/\/ifalpes.com\/fr\/reservation-cours-francais-soir-en-ligne\/\" target=\"_blank\">\n\t\t\t\t\t\t<span class=\"elementor-button-content-wrapper\">\n\t\t\t\t\t\t\t\t\t<span class=\"elementor-button-text\">Inscription<br> cours de fran\u00e7ais du soir en ligne<\/span>\n\t\t\t\t\t<\/span>\n\t\t\t\t\t<\/a>\n\t\t\t\t<\/div>\n\t\t\t\t\t\t\t\t<\/div>\n\t\t\t\t<\/div>\n\t\t\t\t\t<\/div>\n\t\t<\/div>\n\t\t\t\t\t<\/div>\n\t\t<\/section>\n\t\t\t\t<section class=\"elementor-section elementor-top-section elementor-element elementor-element-84305d1 elementor-section-boxed elementor-section-height-default elementor-section-height-default\" data-id=\"84305d1\" data-element_type=\"section\" data-e-type=\"section\">\n\t\t\t\t\t\t<div class=\"elementor-container elementor-column-gap-default\">\n\t\t\t\t\t<div class=\"elementor-column elementor-col-50 elementor-top-column elementor-element elementor-element-d22d05e\" data-id=\"d22d05e\" data-element_type=\"column\" data-e-type=\"column\">\n\t\t\t<div class=\"elementor-widget-wrap elementor-element-populated\">\n\t\t\t\t\t\t<div class=\"elementor-element elementor-element-1fb3309 elementor-widget elementor-widget-text-editor\" data-id=\"1fb3309\" data-element_type=\"widget\" data-e-type=\"widget\" data-widget_type=\"text-editor.default\">\n\t\t\t\t<div class=\"elementor-widget-container\">\n\t\t\t\t\t\t\t\t\t<p>Le cours de pr\u00e9paration \u00e0 l&rsquo;examen DELF\/DALF en ligne est propos\u00e9 par notre \u00e9cole de langue fran\u00e7aise Langue Onze Toulouse (Groupe KLF).<\/p>\n\t\t\t\t\t\t\t\t<\/div>\n\t\t\t\t<\/div>\n\t\t\t\t<div class=\"elementor-element elementor-element-25e3dfd elementor-widget elementor-widget-image\" data-id=\"25e3dfd\" data-element_type=\"widget\" data-e-type=\"widget\" data-widget_type=\"image.default\">\n\t\t\t\t<div class=\"elementor-widget-container\">\n\t\t\t\t\t\t\t\t\t\t\t\t\t\t\t\t<a href=\"https:\/\/langueonze.com\/\" target=\"_blank\" rel=\"noopener\">\n\t\t\t\t\t\t\t<img fetchpriority=\"high\" decoding=\"async\" width=\"10758\" height=\"3200\" src=\"https:\/\/ifalpes.com\/wp-content\/uploads\/2023\/12\/langue-onze-couleur.png\" class=\"attachment-full size-full wp-image-25134\" alt=\"\" srcset=\"https:\/\/ifalpes.com\/wp-content\/uploads\/2023\/12\/langue-onze-couleur.png 10758w, https:\/\/ifalpes.com\/wp-content\/uploads\/2023\/12\/langue-onze-couleur-300x89.png 300w, https:\/\/ifalpes.com\/wp-content\/uploads\/2023\/12\/langue-onze-couleur-1024x305.png 1024w, https:\/\/ifalpes.com\/wp-content\/uploads\/2023\/12\/langue-onze-couleur-768x228.png 768w, https:\/\/ifalpes.com\/wp-content\/uploads\/2023\/12\/langue-onze-couleur-1536x457.png 1536w, https:\/\/ifalpes.com\/wp-content\/uploads\/2023\/12\/langue-onze-couleur-2048x609.png 2048w\" sizes=\"(max-width: 10758px) 100vw, 10758px\" \/>\t\t\t\t\t\t\t\t<\/a>\n\t\t\t\t\t\t\t\t\t\t\t\t\t\t\t<\/div>\n\t\t\t\t<\/div>\n\t\t\t\t\t<\/div>\n\t\t<\/div>\n\t\t\t\t<div class=\"elementor-column elementor-col-50 elementor-top-column elementor-element elementor-element-3c9d5e0\" data-id=\"3c9d5e0\" data-element_type=\"column\" data-e-type=\"column\">\n\t\t\t<div class=\"elementor-widget-wrap elementor-element-populated\">\n\t\t\t\t\t\t<div class=\"elementor-element elementor-element-ef155de elementor-widget elementor-widget-text-editor\" data-id=\"ef155de\" data-element_type=\"widget\" data-e-type=\"widget\" data-widget_type=\"text-editor.default\">\n\t\t\t\t<div class=\"elementor-widget-container\">\n\t\t\t\t\t\t\t\t\tLe cours du soir en ligne\r\nest enseign\u00e9 par notre \u00e9cole de langue fran\u00e7aise Lyon Bleu International (Groupe KLF)\t\t\t\t\t\t\t\t<\/div>\n\t\t\t\t<\/div>\n\t\t\t\t<div class=\"elementor-element elementor-element-a2fafae elementor-widget elementor-widget-image\" data-id=\"a2fafae\" data-element_type=\"widget\" data-e-type=\"widget\" data-widget_type=\"image.default\">\n\t\t\t\t<div class=\"elementor-widget-container\">\n\t\t\t\t\t\t\t\t\t\t\t\t\t\t\t\t<a href=\"https:\/\/www.lyon-bleu.fr\/\" target=\"_blank\" rel=\"noopener\">\n\t\t\t\t\t\t\t<img decoding=\"async\" width=\"566\" height=\"708\" src=\"https:\/\/ifalpes.com\/wp-content\/uploads\/2023\/12\/logo-lyon-bleu-transparent-gros.png\" class=\"attachment-full size-full wp-image-25138\" alt=\"\" srcset=\"https:\/\/ifalpes.com\/wp-content\/uploads\/2023\/12\/logo-lyon-bleu-transparent-gros.png 566w, https:\/\/ifalpes.com\/wp-content\/uploads\/2023\/12\/logo-lyon-bleu-transparent-gros-240x300.png 240w\" sizes=\"(max-width: 566px) 100vw, 566px\" \/>\t\t\t\t\t\t\t\t<\/a>\n\t\t\t\t\t\t\t\t\t\t\t\t\t\t\t<\/div>\n\t\t\t\t<\/div>\n\t\t\t\t\t<\/div>\n\t\t<\/div>\n\t\t\t\t\t<\/div>\n\t\t<\/section>\n\t\t\t\t<\/div>\n\t\t","protected":false},"excerpt":{"rendered":"<p>AM\u00c9LIOREZ VOTRE FRAN\u00c7AIS DEPUIS N&rsquo;IMPORTE O\u00d9 AVEC IFALPES ! InscriptionPr\u00e9paration \u00e0 aux examen en ligne Inscription cours de fran\u00e7ais du soir en ligne Le cours de pr\u00e9paration \u00e0 l&rsquo;examen DELF\/DALF en ligne est propos\u00e9 par notre \u00e9cole de langue fran\u00e7aise Langue Onze Toulouse (Groupe KLF). Le cours du soir en ligne est enseign\u00e9 par notre [&hellip;]<\/p>\n","protected":false},"author":1,"featured_media":0,"parent":0,"menu_order":0,"comment_status":"closed","ping_status":"closed","template":"","meta":{"_acf_changed":false,"content-type":"","footnotes":""},"class_list":["post-25214","page","type-page","status-publish","hentry"],"acf":[],"_links":{"self":[{"href":"https:\/\/ifalpes.com\/fr\/wp-json\/wp\/v2\/pages\/25214","targetHints":{"allow":["GET"]}}],"collection":[{"href":"https:\/\/ifalpes.com\/fr\/wp-json\/wp\/v2\/pages"}],"about":[{"href":"https:\/\/ifalpes.com\/fr\/wp-json\/wp\/v2\/types\/page"}],"author":[{"embeddable":true,"href":"https:\/\/ifalpes.com\/fr\/wp-json\/wp\/v2\/users\/1"}],"replies":[{"embeddable":true,"href":"https:\/\/ifalpes.com\/fr\/wp-json\/wp\/v2\/comments?post=25214"}],"version-history":[{"count":10,"href":"https:\/\/ifalpes.com\/fr\/wp-json\/wp\/v2\/pages\/25214\/revisions"}],"predecessor-version":[{"id":26142,"href":"https:\/\/ifalpes.com\/fr\/wp-json\/wp\/v2\/pages\/25214\/revisions\/26142"}],"wp:attachment":[{"href":"https:\/\/ifalpes.com\/fr\/wp-json\/wp\/v2\/media?parent=25214"}],"curies":[{"name":"wp","href":"https:\/\/api.w.org\/{rel}","templated":true}]}}