{"id":25152,"date":"2023-12-21T15:06:34","date_gmt":"2023-12-21T15:06:34","guid":{"rendered":"https:\/\/ifalpes.com\/inscription-cours-preparation-examens\/"},"modified":"2024-07-08T13:44:54","modified_gmt":"2024-07-08T13:44:54","slug":"inscription-cours-preparation-examens","status":"publish","type":"page","link":"https:\/\/ifalpes.com\/fr\/inscription-cours-preparation-examens\/","title":{"rendered":"RESERVATION POUR LES COURS DE PR\u00c9PARATION AUX EXAMENS DE FRAN\u00c7AIS"},"content":{"rendered":"\t\t<div data-elementor-type=\"wp-page\" data-elementor-id=\"25152\" class=\"elementor elementor-25152\" data-elementor-post-type=\"page\">\n\t\t\t\t\t\t<section class=\"elementor-section elementor-top-section elementor-element elementor-element-48c665c elementor-section-boxed elementor-section-height-default elementor-section-height-default\" data-id=\"48c665c\" data-element_type=\"section\" data-e-type=\"section\">\n\t\t\t\t\t\t<div class=\"elementor-container elementor-column-gap-default\">\n\t\t\t\t\t<div class=\"elementor-column elementor-col-100 elementor-top-column elementor-element elementor-element-3213377\" data-id=\"3213377\" data-element_type=\"column\" data-e-type=\"column\">\n\t\t\t<div class=\"elementor-widget-wrap elementor-element-populated\">\n\t\t\t\t\t\t<section class=\"elementor-section elementor-inner-section elementor-element elementor-element-c8bda96 elementor-section-boxed elementor-section-height-default elementor-section-height-default\" data-id=\"c8bda96\" data-element_type=\"section\" data-e-type=\"section\">\n\t\t\t\t\t\t<div class=\"elementor-container elementor-column-gap-default\">\n\t\t\t\t\t<div class=\"elementor-column elementor-col-50 elementor-inner-column elementor-element elementor-element-d035805\" data-id=\"d035805\" data-element_type=\"column\" data-e-type=\"column\">\n\t\t\t<div class=\"elementor-widget-wrap elementor-element-populated\">\n\t\t\t\t\t\t<div class=\"elementor-element elementor-element-4c72e0a elementor-widget elementor-widget-text-editor\" data-id=\"4c72e0a\" data-element_type=\"widget\" data-e-type=\"widget\" data-widget_type=\"text-editor.default\">\n\t\t\t\t<div class=\"elementor-widget-container\">\n\t\t\t\t\t\t\t\t\t<strong>Le cours en ligne de pr\u00e9paration \u00e0 l\u2019examen DELF\/DALF est dispens\u00e9 par notre \u00e9cole de Fran\u00e7ais<\/strong>\r\n\r\n<strong>Langue Onze Toulouse (Groupe KLF)<\/strong>\t\t\t\t\t\t\t\t<\/div>\n\t\t\t\t<\/div>\n\t\t\t\t\t<\/div>\n\t\t<\/div>\n\t\t\t\t<div class=\"elementor-column elementor-col-50 elementor-inner-column elementor-element elementor-element-1fa8e70\" data-id=\"1fa8e70\" data-element_type=\"column\" data-e-type=\"column\">\n\t\t\t<div class=\"elementor-widget-wrap elementor-element-populated\">\n\t\t\t\t\t\t<div class=\"elementor-element elementor-element-8ae12fb elementor-widget elementor-widget-image\" data-id=\"8ae12fb\" data-element_type=\"widget\" data-e-type=\"widget\" data-widget_type=\"image.default\">\n\t\t\t\t<div class=\"elementor-widget-container\">\n\t\t\t\t\t\t\t\t\t\t\t\t\t\t\t\t<a href=\"https:\/\/langueonze.com\/\" target=\"_blank\" rel=\"noopener\">\n\t\t\t\t\t\t\t<img fetchpriority=\"high\" decoding=\"async\" width=\"800\" height=\"238\" src=\"https:\/\/ifalpes.com\/wp-content\/uploads\/2023\/12\/langue-onze-couleur-1024x305.png\" class=\"attachment-large size-large wp-image-25134\" alt=\"\" srcset=\"https:\/\/ifalpes.com\/wp-content\/uploads\/2023\/12\/langue-onze-couleur-1024x305.png 1024w, https:\/\/ifalpes.com\/wp-content\/uploads\/2023\/12\/langue-onze-couleur-300x89.png 300w, https:\/\/ifalpes.com\/wp-content\/uploads\/2023\/12\/langue-onze-couleur-768x228.png 768w, https:\/\/ifalpes.com\/wp-content\/uploads\/2023\/12\/langue-onze-couleur-1536x457.png 1536w, https:\/\/ifalpes.com\/wp-content\/uploads\/2023\/12\/langue-onze-couleur-2048x609.png 2048w\" sizes=\"(max-width: 800px) 100vw, 800px\" \/>\t\t\t\t\t\t\t\t<\/a>\n\t\t\t\t\t\t\t\t\t\t\t\t\t\t\t<\/div>\n\t\t\t\t<\/div>\n\t\t\t\t\t<\/div>\n\t\t<\/div>\n\t\t\t\t\t<\/div>\n\t\t<\/section>\n\t\t\t\t<div class=\"elementor-element elementor-element-1305e30 elementor-widget elementor-widget-html\" data-id=\"1305e30\" data-element_type=\"widget\" data-e-type=\"widget\" data-widget_type=\"html.default\">\n\t\t\t\t<div class=\"elementor-widget-container\">\n\t\t\t\t\t<noscript>Please enable JavaScript to continue with this form.<\/noscript>\r\n<fidelo-widget><\/fidelo-widget>\r\n<script src=\"https:\/\/proxy.fidelo.com\/app\/widget\/1.0\/klf\/js\/widget.js?c=QXRA5AYV2SJ2JYBV&amp;l=fr\"><\/script>\r\n\t\t\t\t<\/div>\n\t\t\t\t<\/div>\n\t\t\t\t\t<\/div>\n\t\t<\/div>\n\t\t\t\t\t<\/div>\n\t\t<\/section>\n\t\t\t\t<\/div>\n\t\t","protected":false},"excerpt":{"rendered":"<p>Le cours en ligne de pr\u00e9paration \u00e0 l\u2019examen DELF\/DALF est dispens\u00e9 par notre \u00e9cole de Fran\u00e7ais Langue Onze Toulouse (Groupe KLF) Please enable JavaScript to continue with this form.<\/p>\n","protected":false},"author":1,"featured_media":0,"parent":0,"menu_order":0,"comment_status":"closed","ping_status":"closed","template":"","meta":{"_acf_changed":false,"content-type":"","footnotes":""},"class_list":["post-25152","page","type-page","status-publish","hentry"],"acf":[],"_links":{"self":[{"href":"https:\/\/ifalpes.com\/fr\/wp-json\/wp\/v2\/pages\/25152","targetHints":{"allow":["GET"]}}],"collection":[{"href":"https:\/\/ifalpes.com\/fr\/wp-json\/wp\/v2\/pages"}],"about":[{"href":"https:\/\/ifalpes.com\/fr\/wp-json\/wp\/v2\/types\/page"}],"author":[{"embeddable":true,"href":"https:\/\/ifalpes.com\/fr\/wp-json\/wp\/v2\/users\/1"}],"replies":[{"embeddable":true,"href":"https:\/\/ifalpes.com\/fr\/wp-json\/wp\/v2\/comments?post=25152"}],"version-history":[{"count":2,"href":"https:\/\/ifalpes.com\/fr\/wp-json\/wp\/v2\/pages\/25152\/revisions"}],"predecessor-version":[{"id":26291,"href":"https:\/\/ifalpes.com\/fr\/wp-json\/wp\/v2\/pages\/25152\/revisions\/26291"}],"wp:attachment":[{"href":"https:\/\/ifalpes.com\/fr\/wp-json\/wp\/v2\/media?parent=25152"}],"curies":[{"name":"wp","href":"https:\/\/api.w.org\/{rel}","templated":true}]}}