{"id":24856,"date":"2023-10-26T15:12:08","date_gmt":"2023-10-26T15:12:08","guid":{"rendered":"https:\/\/ifalpes.com\/cours-de-francais\/examens-de-francais\/"},"modified":"2024-01-23T11:34:33","modified_gmt":"2024-01-23T11:34:33","slug":"examens-de-francais","status":"publish","type":"page","link":"https:\/\/ifalpes.com\/fr\/cours-de-francais\/examens-de-francais\/","title":{"rendered":"Examens de fran\u00e7ais"},"content":{"rendered":"\t\t<div data-elementor-type=\"wp-page\" data-elementor-id=\"24856\" class=\"elementor elementor-24856 elementor-24352\" data-elementor-post-type=\"page\">\n\t\t\t\t\t\t<section class=\"elementor-section elementor-top-section elementor-element elementor-element-bd3412a elementor-section-boxed elementor-section-height-default elementor-section-height-default\" data-id=\"bd3412a\" data-element_type=\"section\" data-e-type=\"section\">\n\t\t\t\t\t\t<div class=\"elementor-container elementor-column-gap-default\">\n\t\t\t\t\t<div class=\"elementor-column elementor-col-100 elementor-top-column elementor-element elementor-element-2a3d4383\" data-id=\"2a3d4383\" data-element_type=\"column\" data-e-type=\"column\">\n\t\t\t<div class=\"elementor-widget-wrap elementor-element-populated\">\n\t\t\t\t\t\t<div class=\"elementor-element elementor-element-72975af5 elementor-widget-divider--view-line elementor-widget elementor-widget-divider\" data-id=\"72975af5\" data-element_type=\"widget\" data-e-type=\"widget\" data-widget_type=\"divider.default\">\n\t\t\t\t<div class=\"elementor-widget-container\">\n\t\t\t\t\t\t\t<div class=\"elementor-divider\">\n\t\t\t<span class=\"elementor-divider-separator\">\n\t\t\t\t\t\t<\/span>\n\t\t<\/div>\n\t\t\t\t\t\t<\/div>\n\t\t\t\t<\/div>\n\t\t\t\t<div class=\"elementor-element elementor-element-29cdee8b elementor-widget elementor-widget-heading\" data-id=\"29cdee8b\" data-element_type=\"widget\" data-e-type=\"widget\" data-widget_type=\"heading.default\">\n\t\t\t\t<div class=\"elementor-widget-container\">\n\t\t\t\t\t<span class=\"elementor-heading-title elementor-size-default\">Certification de votre niveau de fran\u00e7ais<\/span>\t\t\t\t<\/div>\n\t\t\t\t<\/div>\n\t\t\t\t<div class=\"elementor-element elementor-element-3f7db9d2 elementor-widget elementor-widget-heading\" data-id=\"3f7db9d2\" data-element_type=\"widget\" data-e-type=\"widget\" data-widget_type=\"heading.default\">\n\t\t\t\t<div class=\"elementor-widget-container\">\n\t\t\t\t\t<h2 class=\"elementor-heading-title elementor-size-default\">Examens de fran\u00e7ais<\/h2>\t\t\t\t<\/div>\n\t\t\t\t<\/div>\n\t\t\t\t<div class=\"elementor-element elementor-element-27b142d6 elementor-widget elementor-widget-heading\" data-id=\"27b142d6\" data-element_type=\"widget\" data-e-type=\"widget\" data-widget_type=\"heading.default\">\n\t\t\t\t<div class=\"elementor-widget-container\">\n\t\t\t\t\t<span class=\"elementor-heading-title elementor-size-default\">Notre \u00e9cole de langue fran\u00e7aise est un centre d'examen officiel pour le TCF (Test de connaissance du fran\u00e7ais).<br>Vous pouvez \u00e9galement passer l'examen pour obtenir les dipl\u00f4mes DELF ou DALF.<\/span>\t\t\t\t<\/div>\n\t\t\t\t<\/div>\n\t\t\t\t<section class=\"elementor-section elementor-inner-section elementor-element elementor-element-47419f6f elementor-section-boxed elementor-section-height-default elementor-section-height-default\" data-id=\"47419f6f\" data-element_type=\"section\" data-e-type=\"section\">\n\t\t\t\t\t\t<div class=\"elementor-container elementor-column-gap-default\">\n\t\t\t\t\t<div class=\"elementor-column elementor-col-50 elementor-inner-column elementor-element elementor-element-6063cd97\" data-id=\"6063cd97\" data-element_type=\"column\" data-e-type=\"column\" data-settings=\"{&quot;background_background&quot;:&quot;classic&quot;}\">\n\t\t\t<div class=\"elementor-widget-wrap elementor-element-populated\">\n\t\t\t\t\t\t<div class=\"elementor-element elementor-element-1fef97ec elementor-widget elementor-widget-image\" data-id=\"1fef97ec\" data-element_type=\"widget\" data-e-type=\"widget\" data-widget_type=\"image.default\">\n\t\t\t\t<div class=\"elementor-widget-container\">\n\t\t\t\t\t\t\t\t\t\t\t\t\t\t\t\t<a href=\"https:\/\/ifalpes.com\/examens-de-francais\/tcf\">\n\t\t\t\t\t\t\t<img decoding=\"async\" width=\"300\" height=\"67\" src=\"https:\/\/ifalpes.com\/wp-content\/uploads\/2023\/05\/fei_tcf_rvb-300x67.png\" class=\"attachment-medium size-medium wp-image-22514\" alt=\"Examen TCF Annecy\" srcset=\"https:\/\/ifalpes.com\/wp-content\/uploads\/2023\/05\/fei_tcf_rvb-300x67.png 300w, https:\/\/ifalpes.com\/wp-content\/uploads\/2023\/05\/fei_tcf_rvb-1024x228.png 1024w, https:\/\/ifalpes.com\/wp-content\/uploads\/2023\/05\/fei_tcf_rvb-768x171.png 768w, https:\/\/ifalpes.com\/wp-content\/uploads\/2023\/05\/fei_tcf_rvb-1536x343.png 1536w, https:\/\/ifalpes.com\/wp-content\/uploads\/2023\/05\/fei_tcf_rvb.png 1784w\" sizes=\"(max-width: 300px) 100vw, 300px\" \/>\t\t\t\t\t\t\t\t<\/a>\n\t\t\t\t\t\t\t\t\t\t\t\t\t\t\t<\/div>\n\t\t\t\t<\/div>\n\t\t\t\t<section class=\"elementor-section elementor-inner-section elementor-element elementor-element-34e837cc elementor-section-boxed elementor-section-height-default elementor-section-height-default\" data-id=\"34e837cc\" data-element_type=\"section\" data-e-type=\"section\">\n\t\t\t\t\t\t<div class=\"elementor-container elementor-column-gap-default\">\n\t\t\t\t\t<div class=\"elementor-column elementor-col-100 elementor-inner-column elementor-element elementor-element-1af4b615\" data-id=\"1af4b615\" data-element_type=\"column\" data-e-type=\"column\">\n\t\t\t<div class=\"elementor-widget-wrap elementor-element-populated\">\n\t\t\t\t\t\t<div class=\"elementor-element elementor-element-6add2e52 elementor-widget elementor-widget-heading\" data-id=\"6add2e52\" data-element_type=\"widget\" data-e-type=\"widget\" data-widget_type=\"heading.default\">\n\t\t\t\t<div class=\"elementor-widget-container\">\n\t\t\t\t\t<h3 class=\"elementor-heading-title elementor-size-default\">TCF<br>(Test de connaissance du fran\u00e7ais)<\/h3>\t\t\t\t<\/div>\n\t\t\t\t<\/div>\n\t\t\t\t<div class=\"elementor-element elementor-element-2f573002 elementor-align-center elementor-icon-list--layout-traditional elementor-list-item-link-full_width elementor-widget elementor-widget-icon-list\" data-id=\"2f573002\" data-element_type=\"widget\" data-e-type=\"widget\" data-widget_type=\"icon-list.default\">\n\t\t\t\t<div class=\"elementor-widget-container\">\n\t\t\t\t\t\t\t<ul class=\"elementor-icon-list-items\">\n\t\t\t\t\t\t\t<li class=\"elementor-icon-list-item\">\n\t\t\t\t\t\t\t\t\t\t<span class=\"elementor-icon-list-text\">Int\u00e9grer une \u00e9cole ou une universit\u00e9 fran\u00e7aise ou francophone<\/span>\n\t\t\t\t\t\t\t\t\t<\/li>\n\t\t\t\t\t\t<\/ul>\n\t\t\t\t\t\t<\/div>\n\t\t\t\t<\/div>\n\t\t\t\t<div class=\"elementor-element elementor-element-7e54e960 elementor-widget elementor-widget-heading\" data-id=\"7e54e960\" data-element_type=\"widget\" data-e-type=\"widget\" data-widget_type=\"heading.default\">\n\t\t\t\t<div class=\"elementor-widget-container\">\n\t\t\t\t\t<p class=\"elementor-heading-title elementor-size-default\">250\u20ac<\/p>\t\t\t\t<\/div>\n\t\t\t\t<\/div>\n\t\t\t\t<div class=\"elementor-element elementor-element-4657279e elementor-align-center elementor-widget elementor-widget-button\" data-id=\"4657279e\" data-element_type=\"widget\" data-e-type=\"widget\" data-widget_type=\"button.default\">\n\t\t\t\t<div class=\"elementor-widget-container\">\n\t\t\t\t\t\t\t\t\t<div class=\"elementor-button-wrapper\">\n\t\t\t\t\t<a class=\"elementor-button elementor-button-link elementor-size-sm\" href=\"https:\/\/ifalpes.com\/examens-de-francais\/tcf\">\n\t\t\t\t\t\t<span class=\"elementor-button-content-wrapper\">\n\t\t\t\t\t\t\t\t\t<span class=\"elementor-button-text\">Infos sur l'examen TCF<\/span>\n\t\t\t\t\t<\/span>\n\t\t\t\t\t<\/a>\n\t\t\t\t<\/div>\n\t\t\t\t\t\t\t\t<\/div>\n\t\t\t\t<\/div>\n\t\t\t\t\t<\/div>\n\t\t<\/div>\n\t\t\t\t\t<\/div>\n\t\t<\/section>\n\t\t\t\t\t<\/div>\n\t\t<\/div>\n\t\t\t\t<div class=\"elementor-column elementor-col-50 elementor-inner-column elementor-element elementor-element-1ab27feb\" data-id=\"1ab27feb\" data-element_type=\"column\" data-e-type=\"column\" data-settings=\"{&quot;background_background&quot;:&quot;classic&quot;}\">\n\t\t\t<div class=\"elementor-widget-wrap elementor-element-populated\">\n\t\t\t\t\t\t<div class=\"elementor-element elementor-element-562228bd elementor-widget elementor-widget-image\" data-id=\"562228bd\" data-element_type=\"widget\" data-e-type=\"widget\" data-widget_type=\"image.default\">\n\t\t\t\t<div class=\"elementor-widget-container\">\n\t\t\t\t\t\t\t\t\t\t\t\t\t\t\t\t<a href=\"https:\/\/ifalpes.com\/examens-de-francais\/delf-dalf\">\n\t\t\t\t\t\t\t<img decoding=\"async\" width=\"300\" height=\"93\" src=\"https:\/\/ifalpes.com\/wp-content\/uploads\/2023\/10\/logo-delf-dalf_0-300x93.png\" class=\"attachment-medium size-medium wp-image-24328\" alt=\"DELF-DALF Exam\" srcset=\"https:\/\/ifalpes.com\/wp-content\/uploads\/2023\/10\/logo-delf-dalf_0-300x93.png 300w, https:\/\/ifalpes.com\/wp-content\/uploads\/2023\/10\/logo-delf-dalf_0.png 450w\" sizes=\"(max-width: 300px) 100vw, 300px\" \/>\t\t\t\t\t\t\t\t<\/a>\n\t\t\t\t\t\t\t\t\t\t\t\t\t\t\t<\/div>\n\t\t\t\t<\/div>\n\t\t\t\t<section class=\"elementor-section elementor-inner-section elementor-element elementor-element-554c9166 elementor-section-boxed elementor-section-height-default elementor-section-height-default\" data-id=\"554c9166\" data-element_type=\"section\" data-e-type=\"section\">\n\t\t\t\t\t\t<div class=\"elementor-container elementor-column-gap-default\">\n\t\t\t\t\t<div class=\"elementor-column elementor-col-100 elementor-inner-column elementor-element elementor-element-144b8c45\" data-id=\"144b8c45\" data-element_type=\"column\" data-e-type=\"column\">\n\t\t\t<div class=\"elementor-widget-wrap elementor-element-populated\">\n\t\t\t\t\t\t<div class=\"elementor-element elementor-element-dbc839a elementor-widget elementor-widget-heading\" data-id=\"dbc839a\" data-element_type=\"widget\" data-e-type=\"widget\" data-widget_type=\"heading.default\">\n\t\t\t\t<div class=\"elementor-widget-container\">\n\t\t\t\t\t<h3 class=\"elementor-heading-title elementor-size-default\">DELF-DALF<br>Dipl\u00f4me avanc\u00e9 de langue fran\u00e7aise<\/h3>\t\t\t\t<\/div>\n\t\t\t\t<\/div>\n\t\t\t\t<div class=\"elementor-element elementor-element-76e170f0 elementor-align-center elementor-icon-list--layout-traditional elementor-list-item-link-full_width elementor-widget elementor-widget-icon-list\" data-id=\"76e170f0\" data-element_type=\"widget\" data-e-type=\"widget\" data-widget_type=\"icon-list.default\">\n\t\t\t\t<div class=\"elementor-widget-container\">\n\t\t\t\t\t\t\t<ul class=\"elementor-icon-list-items\">\n\t\t\t\t\t\t\t<li class=\"elementor-icon-list-item\">\n\t\t\t\t\t\t\t\t\t\t<span class=\"elementor-icon-list-text\">Renforcer vos comp\u00e9tences professionnelles gr\u00e2ce au fran\u00e7ais.<\/span>\n\t\t\t\t\t\t\t\t\t<\/li>\n\t\t\t\t\t\t<\/ul>\n\t\t\t\t\t\t<\/div>\n\t\t\t\t<\/div>\n\t\t\t\t<div class=\"elementor-element elementor-element-73d44a73 elementor-widget elementor-widget-heading\" data-id=\"73d44a73\" data-element_type=\"widget\" data-e-type=\"widget\" data-widget_type=\"heading.default\">\n\t\t\t\t<div class=\"elementor-widget-container\">\n\t\t\t\t\t<p class=\"elementor-heading-title elementor-size-default\">Tarifs : sur demande<\/p>\t\t\t\t<\/div>\n\t\t\t\t<\/div>\n\t\t\t\t<div class=\"elementor-element elementor-element-4468ab4b elementor-align-center elementor-widget elementor-widget-button\" data-id=\"4468ab4b\" data-element_type=\"widget\" data-e-type=\"widget\" data-widget_type=\"button.default\">\n\t\t\t\t<div class=\"elementor-widget-container\">\n\t\t\t\t\t\t\t\t\t<div class=\"elementor-button-wrapper\">\n\t\t\t\t\t<a class=\"elementor-button elementor-button-link elementor-size-sm\" href=\"https:\/\/ifalpes.com\/examens-de-francais\/delf-dalf\">\n\t\t\t\t\t\t<span class=\"elementor-button-content-wrapper\">\n\t\t\t\t\t\t\t\t\t<span class=\"elementor-button-text\">Infos sur l'examen DELF\/DALF<\/span>\n\t\t\t\t\t<\/span>\n\t\t\t\t\t<\/a>\n\t\t\t\t<\/div>\n\t\t\t\t\t\t\t\t<\/div>\n\t\t\t\t<\/div>\n\t\t\t\t\t<\/div>\n\t\t<\/div>\n\t\t\t\t\t<\/div>\n\t\t<\/section>\n\t\t\t\t\t<\/div>\n\t\t<\/div>\n\t\t\t\t\t<\/div>\n\t\t<\/section>\n\t\t\t\t\t<\/div>\n\t\t<\/div>\n\t\t\t\t\t<\/div>\n\t\t<\/section>\n\t\t\t\t<section class=\"elementor-section elementor-top-section elementor-element elementor-element-775bc0a elementor-section-boxed elementor-section-height-default elementor-section-height-default\" data-id=\"775bc0a\" data-element_type=\"section\" data-e-type=\"section\">\n\t\t\t\t\t\t<div class=\"elementor-container elementor-column-gap-default\">\n\t\t\t\t\t<div class=\"elementor-column elementor-col-100 elementor-top-column elementor-element elementor-element-a9c3e99\" data-id=\"a9c3e99\" data-element_type=\"column\" data-e-type=\"column\">\n\t\t\t<div class=\"elementor-widget-wrap elementor-element-populated\">\n\t\t\t\t\t\t<div class=\"elementor-element elementor-element-63117bf elementor-widget-divider--view-line elementor-widget elementor-widget-divider\" data-id=\"63117bf\" data-element_type=\"widget\" data-e-type=\"widget\" data-widget_type=\"divider.default\">\n\t\t\t\t<div class=\"elementor-widget-container\">\n\t\t\t\t\t\t\t<div class=\"elementor-divider\">\n\t\t\t<span class=\"elementor-divider-separator\">\n\t\t\t\t\t\t<\/span>\n\t\t<\/div>\n\t\t\t\t\t\t<\/div>\n\t\t\t\t<\/div>\n\t\t\t\t<div class=\"elementor-element elementor-element-2db4a8e elementor-widget elementor-widget-heading\" data-id=\"2db4a8e\" data-element_type=\"widget\" data-e-type=\"widget\" data-widget_type=\"heading.default\">\n\t\t\t\t<div class=\"elementor-widget-container\">\n\t\t\t\t\t<h2 class=\"elementor-heading-title elementor-size-default\">Les examens de fran\u00e7ais sont devenus indispensables. Voici pourquoi.<\/h2>\t\t\t\t<\/div>\n\t\t\t\t<\/div>\n\t\t\t\t<div class=\"elementor-element elementor-element-d52a48e elementor-widget elementor-widget-text-editor\" data-id=\"d52a48e\" data-element_type=\"widget\" data-e-type=\"widget\" data-widget_type=\"text-editor.default\">\n\t\t\t\t<div class=\"elementor-widget-container\">\n\t\t\t\t\t\t\t\t\t<p>Les examens de fran\u00e7ais ont pris une importance consid\u00e9rable dans le monde contemporain, o\u00f9 la communication interculturelle est devenue une comp\u00e9tence vitale. La ma\u00eetrise de la langue fran\u00e7aise est un atout pr\u00e9cieux pour les individus, qu&rsquo;ils cherchent \u00e0 am\u00e9liorer leurs connaissances culturelles, \u00e0 progresser dans leur carri\u00e8re ou \u00e0 \u00e9largir leurs horizons personnels.<\/p>\n<p>L&rsquo;un des examens de fran\u00e7ais les plus prestigieux et les plus reconnus au niveau international est le Test de connaissance du fran\u00e7ais (TCF). Cet examen complet \u00e9value les capacit\u00e9s d&rsquo;\u00e9coute, de lecture, d&rsquo;\u00e9criture et d&rsquo;expression orale des candidats. Il sert de r\u00e9f\u00e9rence \u00e0 de nombreux \u00e9tablissements d&rsquo;enseignement, entreprises et organismes gouvernementaux, en offrant une mesure pr\u00e9cise des comp\u00e9tences en fran\u00e7ais d&rsquo;un individu.<\/p>\n<p>Le Dipl\u00f4me d&rsquo;\u00c9tudes en Langue Fran\u00e7aise (DELF) et le Dipl\u00f4me Approfondi de Langue Fran\u00e7aise (DALF) sont \u00e9galement des dipl\u00f4mes de comp\u00e9tence en fran\u00e7ais qui jouent un r\u00f4le majeur dans le monde de l&rsquo;\u00e9ducation et de l&#8217;emploi. L&rsquo;importance de ces dipl\u00f4mes est multiple et va bien au-del\u00e0 de la simple validation des comp\u00e9tences linguistiques.<\/p>\n<p>Tout d&rsquo;abord, les dipl\u00f4mes DELF et DALF sont reconnus internationalement, ce qui signifie que toute personne qui les obtient d\u00e9montre une ma\u00eetrise du fran\u00e7ais respect\u00e9e dans le monde entier. Ces dipl\u00f4mes sont d\u00e9livr\u00e9s par le minist\u00e8re fran\u00e7ais de l&rsquo;\u00c9ducation nationale et g\u00e9r\u00e9s par France \u00c9ducation International (FEI), ce qui garantit leur cr\u00e9dibilit\u00e9 et leur valeur.<\/p>\n<p>Au-del\u00e0 de l&rsquo;examen lui-m\u00eame, le processus de pr\u00e9paration \u00e0 un examen de fran\u00e7ais peut \u00eatre une exp\u00e9rience enrichissante. Elle permet non seulement d&rsquo;acqu\u00e9rir des comp\u00e9tences linguistiques, mais aussi d&rsquo;approfondir sa compr\u00e9hension de la culture et de la civilisation fran\u00e7aises. Les candidats sont encourag\u00e9s \u00e0 am\u00e9liorer leur vocabulaire, leur grammaire, leur prononciation et leur sensibilit\u00e9 culturelle dans leur qu\u00eate d&rsquo;excellence lors de ces \u00e9valuations.<\/p>\n<p>La r\u00e9ussite d&rsquo;un examen de fran\u00e7ais pr\u00e9sente de nombreux avantages. Sur le plan professionnel, la ma\u00eetrise du fran\u00e7ais ouvre des portes dans divers secteurs, notamment les affaires, la diplomatie, le tourisme, la traduction, l&rsquo;enseignement et bien d&rsquo;autres encore. En outre, dans un monde de plus en plus interconnect\u00e9, la langue fran\u00e7aise devient un atout inestimable pour la communication internationale.<\/p>\n<p>La r\u00e9ussite \u00e0 l&rsquo;examen de fran\u00e7ais peut \u00e9galement ouvrir de nombreuses perspectives acad\u00e9miques, en donnant acc\u00e8s \u00e0 des programmes d&rsquo;enseignement sup\u00e9rieur en France et dans d&rsquo;autres pays francophones. Cette r\u00e9ussite facilite une exploration plus approfondie de la litt\u00e9rature, de la philosophie, de l&rsquo;histoire et de la culture fran\u00e7aises.<\/p>\n<p>Par essence, les examens de fran\u00e7ais constituent une porte d&rsquo;entr\u00e9e vers un monde d&rsquo;opportunit\u00e9s, tant dans la sph\u00e8re personnelle que professionnelle. Ils permettent de ma\u00eetriser la langue fran\u00e7aise, r\u00e9put\u00e9e pour sa richesse et sa diversit\u00e9. La ma\u00eetrise de la langue fran\u00e7aise permet de s&rsquo;immerger dans la culture et la cr\u00e9ativit\u00e9 qui s&rsquo;y rattachent. Quelle que soit la motivation de l&rsquo;int\u00e9r\u00eat pour le fran\u00e7ais, la r\u00e9ussite d&rsquo;un examen de fran\u00e7ais est un accomplissement dont on peut \u00eatre fier.<\/p>\n\t\t\t\t\t\t\t\t<\/div>\n\t\t\t\t<\/div>\n\t\t\t\t\t<\/div>\n\t\t<\/div>\n\t\t\t\t\t<\/div>\n\t\t<\/section>\n\t\t\t\t<\/div>\n\t\t","protected":false},"excerpt":{"rendered":"<p>Certification de votre niveau de fran\u00e7ais Examens de fran\u00e7ais Notre \u00e9cole de langue fran\u00e7aise est un centre d&rsquo;examen officiel pour le TCF (Test de connaissance du fran\u00e7ais).Vous pouvez \u00e9galement passer l&rsquo;examen pour obtenir les dipl\u00f4mes DELF ou DALF. TCF(Test de connaissance du fran\u00e7ais) Int\u00e9grer une \u00e9cole ou une universit\u00e9 fran\u00e7aise ou francophone 250\u20ac Infos sur [&hellip;]<\/p>\n","protected":false},"author":1,"featured_media":0,"parent":21757,"menu_order":0,"comment_status":"closed","ping_status":"closed","template":"","meta":{"_acf_changed":false,"content-type":"","footnotes":""},"class_list":["post-24856","page","type-page","status-publish","hentry"],"acf":[],"_links":{"self":[{"href":"https:\/\/ifalpes.com\/fr\/wp-json\/wp\/v2\/pages\/24856","targetHints":{"allow":["GET"]}}],"collection":[{"href":"https:\/\/ifalpes.com\/fr\/wp-json\/wp\/v2\/pages"}],"about":[{"href":"https:\/\/ifalpes.com\/fr\/wp-json\/wp\/v2\/types\/page"}],"author":[{"embeddable":true,"href":"https:\/\/ifalpes.com\/fr\/wp-json\/wp\/v2\/users\/1"}],"replies":[{"embeddable":true,"href":"https:\/\/ifalpes.com\/fr\/wp-json\/wp\/v2\/comments?post=24856"}],"version-history":[{"count":2,"href":"https:\/\/ifalpes.com\/fr\/wp-json\/wp\/v2\/pages\/24856\/revisions"}],"predecessor-version":[{"id":25421,"href":"https:\/\/ifalpes.com\/fr\/wp-json\/wp\/v2\/pages\/24856\/revisions\/25421"}],"up":[{"embeddable":true,"href":"https:\/\/ifalpes.com\/fr\/wp-json\/wp\/v2\/pages\/21757"}],"wp:attachment":[{"href":"https:\/\/ifalpes.com\/fr\/wp-json\/wp\/v2\/media?parent=24856"}],"curies":[{"name":"wp","href":"https:\/\/api.w.org\/{rel}","templated":true}]}}