{"id":24852,"date":"2023-10-26T14:59:17","date_gmt":"2023-10-26T14:59:17","guid":{"rendered":"https:\/\/ifalpes.com\/cours-de-francais\/en-ligne\/"},"modified":"2025-10-29T17:21:17","modified_gmt":"2025-10-29T17:21:17","slug":"online-courses","status":"publish","type":"page","link":"https:\/\/ifalpes.com\/fr\/cours-de-francais\/online-courses\/","title":{"rendered":"Cours de fran\u00e7ais en ligne"},"content":{"rendered":"\t\t<div data-elementor-type=\"wp-page\" data-elementor-id=\"24852\" class=\"elementor elementor-24852 elementor-24343\" data-elementor-post-type=\"page\">\n\t\t\t\t\t\t<section class=\"elementor-section elementor-top-section elementor-element elementor-element-749c186 elementor-section-boxed elementor-section-height-default elementor-section-height-default\" data-id=\"749c186\" data-element_type=\"section\" data-e-type=\"section\">\n\t\t\t\t\t\t<div class=\"elementor-container elementor-column-gap-default\">\n\t\t\t\t\t<div class=\"elementor-column elementor-col-100 elementor-top-column elementor-element elementor-element-86d10f1\" data-id=\"86d10f1\" data-element_type=\"column\" data-e-type=\"column\">\n\t\t\t<div class=\"elementor-widget-wrap elementor-element-populated\">\n\t\t\t\t\t\t<div class=\"elementor-element elementor-element-4c962f7 elementor-widget-divider--view-line elementor-widget elementor-widget-divider\" data-id=\"4c962f7\" data-element_type=\"widget\" data-e-type=\"widget\" data-widget_type=\"divider.default\">\n\t\t\t\t<div class=\"elementor-widget-container\">\n\t\t\t\t\t\t\t<div class=\"elementor-divider\">\n\t\t\t<span class=\"elementor-divider-separator\">\n\t\t\t\t\t\t<\/span>\n\t\t<\/div>\n\t\t\t\t\t\t<\/div>\n\t\t\t\t<\/div>\n\t\t\t\t<div class=\"elementor-element elementor-element-c5a5681 elementor-widget elementor-widget-heading\" data-id=\"c5a5681\" data-element_type=\"widget\" data-e-type=\"widget\" data-widget_type=\"heading.default\">\n\t\t\t\t<div class=\"elementor-widget-container\">\n\t\t\t\t\t<h2 class=\"elementor-heading-title elementor-size-default\">Nos cours de fran\u00e7ais en ligne<\/h2>\t\t\t\t<\/div>\n\t\t\t\t<\/div>\n\t\t\t\t<section class=\"elementor-section elementor-inner-section elementor-element elementor-element-9f89702 elementor-section-boxed elementor-section-height-default elementor-section-height-default\" data-id=\"9f89702\" data-element_type=\"section\" data-e-type=\"section\">\n\t\t\t\t\t\t<div class=\"elementor-container elementor-column-gap-default\">\n\t\t\t\t\t<div class=\"elementor-column elementor-col-33 elementor-inner-column elementor-element elementor-element-e556457\" data-id=\"e556457\" data-element_type=\"column\" data-e-type=\"column\" data-settings=\"{&quot;background_background&quot;:&quot;classic&quot;}\">\n\t\t\t<div class=\"elementor-widget-wrap elementor-element-populated\">\n\t\t\t\t\t\t<div class=\"elementor-element elementor-element-4883026 elementor-widget elementor-widget-image\" data-id=\"4883026\" data-element_type=\"widget\" data-e-type=\"widget\" data-widget_type=\"image.default\">\n\t\t\t\t<div class=\"elementor-widget-container\">\n\t\t\t\t\t\t\t\t\t\t\t\t\t\t\t\t<a href=\"https:\/\/ifalpes.com\/fr\/cours-de-francais\/cours-pour-adultes\/lecons-privees-individuelles-francaises\/\">\n\t\t\t\t\t\t\t<img fetchpriority=\"high\" decoding=\"async\" width=\"800\" height=\"534\" src=\"https:\/\/ifalpes.com\/wp-content\/uploads\/2025\/10\/online-courses.jpeg\" class=\"attachment-large size-large wp-image-28692\" alt=\"\" srcset=\"https:\/\/ifalpes.com\/wp-content\/uploads\/2025\/10\/online-courses.jpeg 1024w, https:\/\/ifalpes.com\/wp-content\/uploads\/2025\/10\/online-courses-300x200.jpeg 300w, https:\/\/ifalpes.com\/wp-content\/uploads\/2025\/10\/online-courses-768x512.jpeg 768w\" sizes=\"(max-width: 800px) 100vw, 800px\" \/>\t\t\t\t\t\t\t\t<\/a>\n\t\t\t\t\t\t\t\t\t\t\t\t\t\t\t<\/div>\n\t\t\t\t<\/div>\n\t\t\t\t<section class=\"elementor-section elementor-inner-section elementor-element elementor-element-285ef30 elementor-section-boxed elementor-section-height-default elementor-section-height-default\" data-id=\"285ef30\" data-element_type=\"section\" data-e-type=\"section\">\n\t\t\t\t\t\t<div class=\"elementor-container elementor-column-gap-default\">\n\t\t\t\t\t<div class=\"elementor-column elementor-col-100 elementor-inner-column elementor-element elementor-element-fad0b53\" data-id=\"fad0b53\" data-element_type=\"column\" data-e-type=\"column\">\n\t\t\t<div class=\"elementor-widget-wrap elementor-element-populated\">\n\t\t\t\t\t\t<div class=\"elementor-element elementor-element-9c143e9 elementor-widget elementor-widget-heading\" data-id=\"9c143e9\" data-element_type=\"widget\" data-e-type=\"widget\" data-widget_type=\"heading.default\">\n\t\t\t\t<div class=\"elementor-widget-container\">\n\t\t\t\t\t<h4 class=\"elementor-heading-title elementor-size-default\">Cours particuliers de fran\u00e7ais en ligne\n<\/h4>\t\t\t\t<\/div>\n\t\t\t\t<\/div>\n\t\t\t\t<div class=\"elementor-element elementor-element-85b621c elementor-align-center elementor-icon-list--layout-traditional elementor-list-item-link-full_width elementor-widget elementor-widget-icon-list\" data-id=\"85b621c\" data-element_type=\"widget\" data-e-type=\"widget\" data-widget_type=\"icon-list.default\">\n\t\t\t\t<div class=\"elementor-widget-container\">\n\t\t\t\t\t\t\t<ul class=\"elementor-icon-list-items\">\n\t\t\t\t\t\t\t<li class=\"elementor-icon-list-item\">\n\t\t\t\t\t\t\t\t\t\t<span class=\"elementor-icon-list-text\">6 ou 12 cours particuliers<\/span>\n\t\t\t\t\t\t\t\t\t<\/li>\n\t\t\t\t\t\t\t\t<li class=\"elementor-icon-list-item\">\n\t\t\t\t\t\t\t\t\t\t<span class=\"elementor-icon-list-text\"><\/span>\n\t\t\t\t\t\t\t\t\t<\/li>\n\t\t\t\t\t\t\t\t<li class=\"elementor-icon-list-item\">\n\t\t\t\t\t\t\t\t\t\t<span class=\"elementor-icon-list-text\">1 professeur - 1 \u00e9tudiant<\/span>\n\t\t\t\t\t\t\t\t\t<\/li>\n\t\t\t\t\t\t\t\t<li class=\"elementor-icon-list-item\">\n\t\t\t\t\t\t\t\t\t\t<span class=\"elementor-icon-list-text\"><\/span>\n\t\t\t\t\t\t\t\t\t<\/li>\n\t\t\t\t\t\t\t\t<li class=\"elementor-icon-list-item\">\n\t\t\t\t\t\t\t\t\t\t<span class=\"elementor-icon-list-text\">Horaire flexible<\/span>\n\t\t\t\t\t\t\t\t\t<\/li>\n\t\t\t\t\t\t\t\t<li class=\"elementor-icon-list-item\">\n\t\t\t\t\t\t\t\t\t\t<span class=\"elementor-icon-list-text\"><\/span>\n\t\t\t\t\t\t\t\t\t<\/li>\n\t\t\t\t\t\t\t\t<li class=\"elementor-icon-list-item\">\n\t\t\t\t\t\t\t\t\t\t<span class=\"elementor-icon-list-text\">Cours sur mesure, personnalis\u00e9s<\/span>\n\t\t\t\t\t\t\t\t\t<\/li>\n\t\t\t\t\t\t<\/ul>\n\t\t\t\t\t\t<\/div>\n\t\t\t\t<\/div>\n\t\t\t\t<div class=\"elementor-element elementor-element-de3b758 elementor-widget-divider--view-line elementor-widget elementor-widget-divider\" data-id=\"de3b758\" data-element_type=\"widget\" data-e-type=\"widget\" data-widget_type=\"divider.default\">\n\t\t\t\t<div class=\"elementor-widget-container\">\n\t\t\t\t\t\t\t<div class=\"elementor-divider\">\n\t\t\t<span class=\"elementor-divider-separator\">\n\t\t\t\t\t\t<\/span>\n\t\t<\/div>\n\t\t\t\t\t\t<\/div>\n\t\t\t\t<\/div>\n\t\t\t\t<div class=\"elementor-element elementor-element-44b9c63 elementor-align-center elementor-icon-list--layout-traditional elementor-list-item-link-full_width elementor-widget elementor-widget-icon-list\" data-id=\"44b9c63\" data-element_type=\"widget\" data-e-type=\"widget\" data-widget_type=\"icon-list.default\">\n\t\t\t\t<div class=\"elementor-widget-container\">\n\t\t\t\t\t\t\t<ul class=\"elementor-icon-list-items\">\n\t\t\t\t\t\t\t<li class=\"elementor-icon-list-item\">\n\t\t\t\t\t\t\t\t\t\t<span class=\"elementor-icon-list-text\">\u00e0 partir de 57 \u20ac \/ cours<\/span>\n\t\t\t\t\t\t\t\t\t<\/li>\n\t\t\t\t\t\t<\/ul>\n\t\t\t\t\t\t<\/div>\n\t\t\t\t<\/div>\n\t\t\t\t<div class=\"elementor-element elementor-element-79b2e7c elementor-align-center elementor-widget elementor-widget-button\" data-id=\"79b2e7c\" data-element_type=\"widget\" data-e-type=\"widget\" data-widget_type=\"button.default\">\n\t\t\t\t<div class=\"elementor-widget-container\">\n\t\t\t\t\t\t\t\t\t<div class=\"elementor-button-wrapper\">\n\t\t\t\t\t<a class=\"elementor-button elementor-button-link elementor-size-sm\" href=\"https:\/\/ifalpes.com\/fr\/cours-de-francais\/cours-pour-adultes\/lecons-privees-individuelles-francaises\/\">\n\t\t\t\t\t\t<span class=\"elementor-button-content-wrapper\">\n\t\t\t\t\t\t\t\t\t<span class=\"elementor-button-text\">En savoir plus sur nos cours particuliers de fran\u00e7ais<\/span>\n\t\t\t\t\t<\/span>\n\t\t\t\t\t<\/a>\n\t\t\t\t<\/div>\n\t\t\t\t\t\t\t\t<\/div>\n\t\t\t\t<\/div>\n\t\t\t\t\t<\/div>\n\t\t<\/div>\n\t\t\t\t\t<\/div>\n\t\t<\/section>\n\t\t\t\t\t<\/div>\n\t\t<\/div>\n\t\t\t\t<div class=\"elementor-column elementor-col-33 elementor-inner-column elementor-element elementor-element-df2b9dc\" data-id=\"df2b9dc\" data-element_type=\"column\" data-e-type=\"column\">\n\t\t\t<div class=\"elementor-widget-wrap\">\n\t\t\t\t\t\t\t<\/div>\n\t\t<\/div>\n\t\t\t\t<div class=\"elementor-column elementor-col-33 elementor-inner-column elementor-element elementor-element-29efff1 elementor-invisible\" data-id=\"29efff1\" data-element_type=\"column\" data-e-type=\"column\" data-settings=\"{&quot;background_background&quot;:&quot;classic&quot;,&quot;animation&quot;:&quot;fadeInUp&quot;}\">\n\t\t\t<div class=\"elementor-widget-wrap elementor-element-populated\">\n\t\t\t\t\t\t<div class=\"elementor-element elementor-element-e52a3e2 elementor-widget elementor-widget-image\" data-id=\"e52a3e2\" data-element_type=\"widget\" data-e-type=\"widget\" data-widget_type=\"image.default\">\n\t\t\t\t<div class=\"elementor-widget-container\">\n\t\t\t\t\t\t\t\t\t\t\t\t\t\t\t\t<a href=\"https:\/\/ifalpes.com\/fr\/cours-de-francais\/online-courses\/cours-de-francais-du-soir\/\">\n\t\t\t\t\t\t\t<img decoding=\"async\" width=\"800\" height=\"534\" src=\"https:\/\/ifalpes.com\/wp-content\/uploads\/2025\/10\/accueil-client-1.jpg\" class=\"attachment-large size-large wp-image-28696\" alt=\"\" srcset=\"https:\/\/ifalpes.com\/wp-content\/uploads\/2025\/10\/accueil-client-1.jpg 850w, https:\/\/ifalpes.com\/wp-content\/uploads\/2025\/10\/accueil-client-1-300x200.jpg 300w, https:\/\/ifalpes.com\/wp-content\/uploads\/2025\/10\/accueil-client-1-768x512.jpg 768w\" sizes=\"(max-width: 800px) 100vw, 800px\" \/>\t\t\t\t\t\t\t\t<\/a>\n\t\t\t\t\t\t\t\t\t\t\t\t\t\t\t<\/div>\n\t\t\t\t<\/div>\n\t\t\t\t<section class=\"elementor-section elementor-inner-section elementor-element elementor-element-33bd09f elementor-section-boxed elementor-section-height-default elementor-section-height-default\" data-id=\"33bd09f\" data-element_type=\"section\" data-e-type=\"section\">\n\t\t\t\t\t\t<div class=\"elementor-container elementor-column-gap-default\">\n\t\t\t\t\t<div class=\"elementor-column elementor-col-100 elementor-inner-column elementor-element elementor-element-4f62933\" data-id=\"4f62933\" data-element_type=\"column\" data-e-type=\"column\">\n\t\t\t<div class=\"elementor-widget-wrap elementor-element-populated\">\n\t\t\t\t\t\t<div class=\"elementor-element elementor-element-ad81fba elementor-widget elementor-widget-heading\" data-id=\"ad81fba\" data-element_type=\"widget\" data-e-type=\"widget\" data-widget_type=\"heading.default\">\n\t\t\t\t<div class=\"elementor-widget-container\">\n\t\t\t\t\t<h4 class=\"elementor-heading-title elementor-size-default\">Cours de fran\u00e7ais du soir <\/h4>\t\t\t\t<\/div>\n\t\t\t\t<\/div>\n\t\t\t\t<div class=\"elementor-element elementor-element-9577c4e elementor-align-center elementor-icon-list--layout-traditional elementor-list-item-link-full_width elementor-widget elementor-widget-icon-list\" data-id=\"9577c4e\" data-element_type=\"widget\" data-e-type=\"widget\" data-widget_type=\"icon-list.default\">\n\t\t\t\t<div class=\"elementor-widget-container\">\n\t\t\t\t\t\t\t<ul class=\"elementor-icon-list-items\">\n\t\t\t\t\t\t\t<li class=\"elementor-icon-list-item\">\n\t\t\t\t\t\t\t\t\t\t<span class=\"elementor-icon-list-text\">4 le\u00e7ons par semaine<\/span>\n\t\t\t\t\t\t\t\t\t<\/li>\n\t\t\t\t\t\t\t\t<li class=\"elementor-icon-list-item\">\n\t\t\t\t\t\t\t\t\t\t<span class=\"elementor-icon-list-text\"><\/span>\n\t\t\t\t\t\t\t\t\t<\/li>\n\t\t\t\t\t\t\t\t<li class=\"elementor-icon-list-item\">\n\t\t\t\t\t\t\t\t\t\t<span class=\"elementor-icon-list-text\">Programme de 4\/8\/12 semaines<\/span>\n\t\t\t\t\t\t\t\t\t<\/li>\n\t\t\t\t\t\t\t\t<li class=\"elementor-icon-list-item\">\n\t\t\t\t\t\t\t\t\t\t<span class=\"elementor-icon-list-text\"><\/span>\n\t\t\t\t\t\t\t\t\t<\/li>\n\t\t\t\t\t\t\t\t<li class=\"elementor-icon-list-item\">\n\t\t\t\t\t\t\t\t\t\t<span class=\"elementor-icon-list-text\">Cours en ligne<\/span>\n\t\t\t\t\t\t\t\t\t<\/li>\n\t\t\t\t\t\t<\/ul>\n\t\t\t\t\t\t<\/div>\n\t\t\t\t<\/div>\n\t\t\t\t<div class=\"elementor-element elementor-element-9f58dd4 elementor-widget-divider--view-line elementor-widget elementor-widget-divider\" data-id=\"9f58dd4\" data-element_type=\"widget\" data-e-type=\"widget\" data-widget_type=\"divider.default\">\n\t\t\t\t<div class=\"elementor-widget-container\">\n\t\t\t\t\t\t\t<div class=\"elementor-divider\">\n\t\t\t<span class=\"elementor-divider-separator\">\n\t\t\t\t\t\t<\/span>\n\t\t<\/div>\n\t\t\t\t\t\t<\/div>\n\t\t\t\t<\/div>\n\t\t\t\t<div class=\"elementor-element elementor-element-2f40804 elementor-align-center elementor-icon-list--layout-traditional elementor-list-item-link-full_width elementor-widget elementor-widget-icon-list\" data-id=\"2f40804\" data-element_type=\"widget\" data-e-type=\"widget\" data-widget_type=\"icon-list.default\">\n\t\t\t\t<div class=\"elementor-widget-container\">\n\t\t\t\t\t\t\t<ul class=\"elementor-icon-list-items\">\n\t\t\t\t\t\t\t<li class=\"elementor-icon-list-item\">\n\t\t\t\t\t\t\t\t\t\t<span class=\"elementor-icon-list-text\">180 \u20ac pour 4 semaines<\/span>\n\t\t\t\t\t\t\t\t\t<\/li>\n\t\t\t\t\t\t\t\t<li class=\"elementor-icon-list-item\">\n\t\t\t\t\t\t\t\t\t\t<span class=\"elementor-icon-list-text\">320 \u20ac pour 8 semaines<\/span>\n\t\t\t\t\t\t\t\t\t<\/li>\n\t\t\t\t\t\t\t\t<li class=\"elementor-icon-list-item\">\n\t\t\t\t\t\t\t\t\t\t<span class=\"elementor-icon-list-text\">460 \u20ac pour 12 semaines<\/span>\n\t\t\t\t\t\t\t\t\t<\/li>\n\t\t\t\t\t\t<\/ul>\n\t\t\t\t\t\t<\/div>\n\t\t\t\t<\/div>\n\t\t\t\t<div class=\"elementor-element elementor-element-3caab71 elementor-align-center elementor-widget elementor-widget-button\" data-id=\"3caab71\" data-element_type=\"widget\" data-e-type=\"widget\" data-widget_type=\"button.default\">\n\t\t\t\t<div class=\"elementor-widget-container\">\n\t\t\t\t\t\t\t\t\t<div class=\"elementor-button-wrapper\">\n\t\t\t\t\t<a class=\"elementor-button elementor-button-link elementor-size-sm\" href=\"https:\/\/ifalpes.com\/fr\/cours-de-francais\/online-courses\/cours-de-francais-du-soir\/\">\n\t\t\t\t\t\t<span class=\"elementor-button-content-wrapper\">\n\t\t\t\t\t\t\t\t\t<span class=\"elementor-button-text\">En savoir plus sur nos cours de fran\u00e7ais du soir<\/span>\n\t\t\t\t\t<\/span>\n\t\t\t\t\t<\/a>\n\t\t\t\t<\/div>\n\t\t\t\t\t\t\t\t<\/div>\n\t\t\t\t<\/div>\n\t\t\t\t\t<\/div>\n\t\t<\/div>\n\t\t\t\t\t<\/div>\n\t\t<\/section>\n\t\t\t\t<div class=\"elementor-element elementor-element-67ac2ce elementor-widget elementor-widget-text-editor\" data-id=\"67ac2ce\" data-element_type=\"widget\" data-e-type=\"widget\" data-widget_type=\"text-editor.default\">\n\t\t\t\t<div class=\"elementor-widget-container\">\n\t\t\t\t\t\t\t\t\t<p>* Le cours du soir en ligne<br>est dispens\u00e9 par notre \u00e9cole de langue fran\u00e7aise Lyon Bleu International (Groupe KLF)<\/p>\n\t\t\t\t\t\t\t\t<\/div>\n\t\t\t\t<\/div>\n\t\t\t\t<div class=\"elementor-element elementor-element-e616497 elementor-widget elementor-widget-image\" data-id=\"e616497\" data-element_type=\"widget\" data-e-type=\"widget\" data-widget_type=\"image.default\">\n\t\t\t\t<div class=\"elementor-widget-container\">\n\t\t\t\t\t\t\t\t\t\t\t\t\t\t\t\t<a href=\"https:\/\/www.lyon-bleu.fr\/\" target=\"_blank\" rel=\"noopener\">\n\t\t\t\t\t\t\t<img decoding=\"async\" width=\"566\" height=\"708\" src=\"https:\/\/ifalpes.com\/wp-content\/uploads\/2025\/10\/logo-lyon-bleu-transparent-gros.png\" class=\"attachment-full size-full wp-image-28700\" alt=\"\" srcset=\"https:\/\/ifalpes.com\/wp-content\/uploads\/2025\/10\/logo-lyon-bleu-transparent-gros.png 566w, https:\/\/ifalpes.com\/wp-content\/uploads\/2025\/10\/logo-lyon-bleu-transparent-gros-240x300.png 240w\" sizes=\"(max-width: 566px) 100vw, 566px\" \/>\t\t\t\t\t\t\t\t<\/a>\n\t\t\t\t\t\t\t\t\t\t\t\t\t\t\t<\/div>\n\t\t\t\t<\/div>\n\t\t\t\t\t<\/div>\n\t\t<\/div>\n\t\t\t\t\t<\/div>\n\t\t<\/section>\n\t\t\t\t\t<\/div>\n\t\t<\/div>\n\t\t\t\t\t<\/div>\n\t\t<\/section>\n\t\t\t\t<section class=\"elementor-section elementor-top-section elementor-element elementor-element-f3725b9 elementor-section-boxed elementor-section-height-default elementor-section-height-default\" data-id=\"f3725b9\" data-element_type=\"section\" data-e-type=\"section\">\n\t\t\t\t\t\t<div class=\"elementor-container elementor-column-gap-default\">\n\t\t\t\t\t<div class=\"elementor-column elementor-col-100 elementor-top-column elementor-element elementor-element-f8a7000\" data-id=\"f8a7000\" data-element_type=\"column\" data-e-type=\"column\">\n\t\t\t<div class=\"elementor-widget-wrap elementor-element-populated\">\n\t\t\t\t\t\t<div class=\"elementor-element elementor-element-4190619 elementor-widget elementor-widget-spacer\" data-id=\"4190619\" data-element_type=\"widget\" data-e-type=\"widget\" data-widget_type=\"spacer.default\">\n\t\t\t\t<div class=\"elementor-widget-container\">\n\t\t\t\t\t\t\t<div class=\"elementor-spacer\">\n\t\t\t<div class=\"elementor-spacer-inner\"><\/div>\n\t\t<\/div>\n\t\t\t\t\t\t<\/div>\n\t\t\t\t<\/div>\n\t\t\t\t<div class=\"elementor-element elementor-element-3b5ad21 elementor-widget elementor-widget-heading\" data-id=\"3b5ad21\" data-element_type=\"widget\" data-e-type=\"widget\" data-widget_type=\"heading.default\">\n\t\t\t\t<div class=\"elementor-widget-container\">\n\t\t\t\t\t<h2 class=\"elementor-heading-title elementor-size-default\">Un int\u00e9r\u00eat croissant pour les cours de fran\u00e7ais en ligne<\/h2>\t\t\t\t<\/div>\n\t\t\t\t<\/div>\n\t\t\t\t<div class=\"elementor-element elementor-element-dcc0d3e elementor-widget elementor-widget-text-editor\" data-id=\"dcc0d3e\" data-element_type=\"widget\" data-e-type=\"widget\" data-widget_type=\"text-editor.default\">\n\t\t\t\t<div class=\"elementor-widget-container\">\n\t\t\t\t\t\t\t\t\t<p><span style=\"font-weight: 400;\">Les cours de fran\u00e7ais en ligne sont devenus un atout inestimable pour toute personne souhaitant ma\u00eetriser la langue fran\u00e7aise, que ce soit pour des raisons professionnelles, acad\u00e9miques ou personnelles. Cette m\u00e9thode d\u2019acquisition de la langue se caract\u00e9rise par sa flexibilit\u00e9 et son accessibilit\u00e9 in\u00e9gal\u00e9es, remodelant le paysage de l\u2019enseignement du fran\u00e7ais dans le monde entier.<\/span><\/p><p><span style=\"font-weight: 400;\">L\u2019un des principaux avantages de nos cours de fran\u00e7ais en ligne est leur adaptabilit\u00e9. Les apprenants peuvent adapter leur emploi du temps en fonction de leurs contraintes personnelles, qu\u2019il s\u2019agisse d\u2019\u00e9tudiants ayant un emploi du temps charg\u00e9, de professionnels cherchant \u00e0 progresser dans leur carri\u00e8re ou de passionn\u00e9s souhaitant explorer une nouvelle r\u00e9gion linguistique. Nos cours en ligne permettent aux \u00e9tudiants de se forger un parcours d\u2019apprentissage qui s\u2019adapte \u00e0 leur rythme de vie.<\/span><\/p><p><span style=\"font-weight: 400;\">De plus, la diversit\u00e9 des ressources p\u00e9dagogiques en ligne que nous mettons \u00e0 la disposition de nos \u00e9tudiants am\u00e9liore consid\u00e9rablement leur exp\u00e9rience d\u2019apprentissage. Les \u00e9tudiants ont acc\u00e8s \u00e0 un large \u00e9ventail de cours, de le\u00e7ons, de vid\u00e9os et d\u2019exercices interactifs, ce qui leur permet de progresser \u00e0 leur propre rythme et de s\u00e9lectionner les ressources qui correspondent \u00e0 leur style d\u2019apprentissage individuel. Ces cours en ligne enrichissent le parcours d\u2019apprentissage avec des exercices de compr\u00e9hension orale et \u00e9crite, ainsi que des activit\u00e9s interactives con\u00e7ues pour am\u00e9liorer la prononciation, la grammaire et le vocabulaire.<\/span><\/p><p><span style=\"font-weight: 400;\">La perspective de travailler avec des professeurs de langue maternelle fran\u00e7aise exp\u00e9riment\u00e9s est un autre avantage majeur de nos cours de fran\u00e7ais en ligne. Les \u00e9tudiants b\u00e9n\u00e9ficient de la richesse de l\u2019exp\u00e9rience et des conseils de nos professeurs de fran\u00e7ais qualifi\u00e9s, qui leur apportent un soutien personnalis\u00e9. Les cours de fran\u00e7ais en ligne avec des professeurs natifs sont dispens\u00e9s en temps r\u00e9el, en utilisant des outils de vid\u00e9oconf\u00e9rence de premier ordre pour garantir des sessions interactives et attrayantes.<\/span><\/p><p><span style=\"font-weight: 400;\">Nos cours de fran\u00e7ais en ligne s\u2019adressent aux apprenants de tous niveaux, des d\u00e9butants cherchant \u00e0 comprendre les bases de la langue fran\u00e7aise aux apprenants avanc\u00e9s cherchant \u00e0 affiner leurs comp\u00e9tences existantes. Quel que soit votre niveau, vous trouverez des cours en ligne adapt\u00e9s \u00e0 vos besoins sp\u00e9cifiques.<\/span><\/p><p><span style=\"font-weight: 400;\">Un autre avantage de nos cours de fran\u00e7ais en ligne est leur co\u00fbt. Ils co\u00fbtent moins cher que les cours d\u2019immersion traditionnels. En \u00e9liminant les d\u00e9penses li\u00e9es au voyage et \u00e0 l\u2019h\u00e9bergement, les cours en ligne r\u00e9duisent non seulement la charge financi\u00e8re mais \u00e9largissent \u00e9galement l\u2019\u00e9ventail des choix, permettant aux \u00e9tudiants de trouver des cours adapt\u00e9s \u00e0 leur budget.<\/span><\/p><p><span style=\"font-weight: 400;\">En bref, les cours de fran\u00e7ais en ligne ont red\u00e9fini le paysage de l\u2019enseignement du fran\u00e7ais, rendant l\u2019apprentissage de cette langue riche et complexe plus accessible et plus efficace que jamais. Gr\u00e2ce \u00e0 leur flexibilit\u00e9, \u00e0 la diversit\u00e9 des ressources, \u00e0 l\u2019acc\u00e8s \u00e0 des professeurs natifs, \u00e0 la personnalisation et \u00e0 la port\u00e9e mondiale, ces cours permettent \u00e0 des \u00e9tudiants de tous horizons de s\u2019embarquer dans un voyage d\u2019apprentissage linguistique transformateur.<\/span><\/p>\t\t\t\t\t\t\t\t<\/div>\n\t\t\t\t<\/div>\n\t\t\t\t\t<\/div>\n\t\t<\/div>\n\t\t\t\t\t<\/div>\n\t\t<\/section>\n\t\t\t\t<\/div>\n\t\t","protected":false},"excerpt":{"rendered":"<p>Nos cours de fran\u00e7ais en ligne Cours particuliers de fran\u00e7ais en ligne 6 ou 12 cours particuliers 1 professeur &#8211; 1 \u00e9tudiant Horaire flexible Cours sur mesure, personnalis\u00e9s \u00e0 partir de 57 \u20ac \/ cours En savoir plus sur nos cours particuliers de fran\u00e7ais Cours de fran\u00e7ais du soir 4 le\u00e7ons par semaine Programme de [&hellip;]<\/p>\n","protected":false},"author":1,"featured_media":0,"parent":21757,"menu_order":0,"comment_status":"closed","ping_status":"closed","template":"","meta":{"_acf_changed":false,"content-type":"","footnotes":""},"class_list":["post-24852","page","type-page","status-publish","hentry"],"acf":[],"_links":{"self":[{"href":"https:\/\/ifalpes.com\/fr\/wp-json\/wp\/v2\/pages\/24852","targetHints":{"allow":["GET"]}}],"collection":[{"href":"https:\/\/ifalpes.com\/fr\/wp-json\/wp\/v2\/pages"}],"about":[{"href":"https:\/\/ifalpes.com\/fr\/wp-json\/wp\/v2\/types\/page"}],"author":[{"embeddable":true,"href":"https:\/\/ifalpes.com\/fr\/wp-json\/wp\/v2\/users\/1"}],"replies":[{"embeddable":true,"href":"https:\/\/ifalpes.com\/fr\/wp-json\/wp\/v2\/comments?post=24852"}],"version-history":[{"count":11,"href":"https:\/\/ifalpes.com\/fr\/wp-json\/wp\/v2\/pages\/24852\/revisions"}],"predecessor-version":[{"id":28706,"href":"https:\/\/ifalpes.com\/fr\/wp-json\/wp\/v2\/pages\/24852\/revisions\/28706"}],"up":[{"embeddable":true,"href":"https:\/\/ifalpes.com\/fr\/wp-json\/wp\/v2\/pages\/21757"}],"wp:attachment":[{"href":"https:\/\/ifalpes.com\/fr\/wp-json\/wp\/v2\/media?parent=24852"}],"curies":[{"name":"wp","href":"https:\/\/api.w.org\/{rel}","templated":true}]}}