{"id":23546,"date":"2023-09-22T11:32:12","date_gmt":"2023-09-22T11:32:12","guid":{"rendered":"https:\/\/ifalpes.com\/formulaire-devis-2024\/"},"modified":"2025-10-30T12:01:47","modified_gmt":"2025-10-30T12:01:47","slug":"devis-2024","status":"publish","type":"page","link":"https:\/\/ifalpes.com\/fr\/devis-2024\/","title":{"rendered":"Formulaire de devis"},"content":{"rendered":"\t\t<div data-elementor-type=\"wp-page\" data-elementor-id=\"23546\" class=\"elementor elementor-23546 elementor-23541\" data-elementor-post-type=\"page\">\n\t\t\t\t\t\t<section class=\"elementor-section elementor-top-section elementor-element elementor-element-dbf83ea elementor-section-boxed elementor-section-height-default elementor-section-height-default\" data-id=\"dbf83ea\" data-element_type=\"section\" data-e-type=\"section\">\n\t\t\t\t\t\t<div class=\"elementor-container elementor-column-gap-default\">\n\t\t\t\t\t<div class=\"elementor-column elementor-col-100 elementor-top-column elementor-element elementor-element-d54f67d\" data-id=\"d54f67d\" data-element_type=\"column\" data-e-type=\"column\">\n\t\t\t<div class=\"elementor-widget-wrap elementor-element-populated\">\n\t\t\t\t\t\t<div class=\"elementor-element elementor-element-3611d2c elementor-widget elementor-widget-html\" data-id=\"3611d2c\" data-element_type=\"widget\" data-e-type=\"widget\" data-widget_type=\"html.default\">\n\t\t\t\t<div class=\"elementor-widget-container\">\n\t\t\t\t\t<noscript>Please enable JavaScript to continue with this form.<\/noscript>\n<fidelo-widget><\/fidelo-widget>\n<script src=\"https:\/\/proxy.fidelo.com\/app\/widget\/1.0\/klf\/js\/widget.js?c=K6BS6BSSKWBH6AVA&amp;l=fr\"><\/script>\n\t\t\t\t<\/div>\n\t\t\t\t<\/div>\n\t\t\t\t<div class=\"elementor-element elementor-element-7dc38d3 elementor-widget elementor-widget-text-editor\" data-id=\"7dc38d3\" data-element_type=\"widget\" data-e-type=\"widget\" data-widget_type=\"text-editor.default\">\n\t\t\t\t<div class=\"elementor-widget-container\">\n\t\t\t\t\t\t\t\t\t<p style=\"text-align: center;\"><em>* Cours le matin ou l\u2019apr\u00e8s-midi en fonction de votre niveau et de la charge de cours de l\u2019\u00e9cole.<\/em><\/p><p style=\"text-align: center;\"><span style=\"color: #000000; font-family: Roboto, sans-serif;\">* Attention : pendant les jours f\u00e9ri\u00e9s et conform\u00e9ment \u00e0 nos conditions g\u00e9n\u00e9rales de vente, l\u2019\u00e9cole sera ferm\u00e9e et aucun cours de rattrapage ne sera propos\u00e9. Les \u00e9coles seront ferm\u00e9es les jours f\u00e9ri\u00e9s suivants : <em>2025: 11\/11\/25 \u2013 et 2026 : 01 janvier | 06 avril | 01 mai | 08 mai | 25 mai | 14 juillet | 11 novembre<\/em><\/span><\/p><p style=\"caret-color: #000000; color: #000000; text-align: center;\"><em>*Attention ! Pour les d\u00e9butants absolus, niveau A0, il y aura des dates de d\u00e9but sp\u00e9cifiques. <\/em><\/p>\t\t\t\t\t\t\t\t<\/div>\n\t\t\t\t<\/div>\n\t\t\t\t\t<\/div>\n\t\t<\/div>\n\t\t\t\t\t<\/div>\n\t\t<\/section>\n\t\t\t\t<\/div>\n\t\t","protected":false},"excerpt":{"rendered":"<p>Please enable JavaScript to continue with this form. * Cours le matin ou l\u2019apr\u00e8s-midi en fonction de votre niveau et de la charge de cours de l\u2019\u00e9cole. * Attention : pendant les jours f\u00e9ri\u00e9s et conform\u00e9ment \u00e0 nos conditions g\u00e9n\u00e9rales de vente, l\u2019\u00e9cole sera ferm\u00e9e et aucun cours de rattrapage ne sera propos\u00e9. Les \u00e9coles [&hellip;]<\/p>\n","protected":false},"author":1,"featured_media":0,"parent":0,"menu_order":0,"comment_status":"closed","ping_status":"closed","template":"","meta":{"_acf_changed":false,"content-type":"","footnotes":""},"class_list":["post-23546","page","type-page","status-publish","hentry"],"acf":[],"_links":{"self":[{"href":"https:\/\/ifalpes.com\/fr\/wp-json\/wp\/v2\/pages\/23546","targetHints":{"allow":["GET"]}}],"collection":[{"href":"https:\/\/ifalpes.com\/fr\/wp-json\/wp\/v2\/pages"}],"about":[{"href":"https:\/\/ifalpes.com\/fr\/wp-json\/wp\/v2\/types\/page"}],"author":[{"embeddable":true,"href":"https:\/\/ifalpes.com\/fr\/wp-json\/wp\/v2\/users\/1"}],"replies":[{"embeddable":true,"href":"https:\/\/ifalpes.com\/fr\/wp-json\/wp\/v2\/comments?post=23546"}],"version-history":[{"count":19,"href":"https:\/\/ifalpes.com\/fr\/wp-json\/wp\/v2\/pages\/23546\/revisions"}],"predecessor-version":[{"id":28718,"href":"https:\/\/ifalpes.com\/fr\/wp-json\/wp\/v2\/pages\/23546\/revisions\/28718"}],"wp:attachment":[{"href":"https:\/\/ifalpes.com\/fr\/wp-json\/wp\/v2\/media?parent=23546"}],"curies":[{"name":"wp","href":"https:\/\/api.w.org\/{rel}","templated":true}]}}