{"id":23505,"date":"2023-09-22T08:04:09","date_gmt":"2023-09-22T08:04:09","guid":{"rendered":"https:\/\/ifalpes.com\/formulmaire-reservation-adultes-2024\/"},"modified":"2025-09-03T09:22:35","modified_gmt":"2025-09-03T09:22:35","slug":"formulmaire-reservation-adultes-2024","status":"publish","type":"page","link":"https:\/\/ifalpes.com\/fr\/formulmaire-reservation-adultes-2024\/","title":{"rendered":"Formulaire de r\u00e9servation pour adultes"},"content":{"rendered":"\t\t<div data-elementor-type=\"wp-page\" data-elementor-id=\"23505\" class=\"elementor elementor-23505 elementor-23496\" data-elementor-post-type=\"page\">\n\t\t\t\t\t\t<section class=\"elementor-section elementor-top-section elementor-element elementor-element-dbf83ea elementor-section-boxed elementor-section-height-default elementor-section-height-default\" data-id=\"dbf83ea\" data-element_type=\"section\" data-e-type=\"section\">\n\t\t\t\t\t\t<div class=\"elementor-container elementor-column-gap-default\">\n\t\t\t\t\t<div class=\"elementor-column elementor-col-100 elementor-top-column elementor-element elementor-element-d54f67d\" data-id=\"d54f67d\" data-element_type=\"column\" data-e-type=\"column\">\n\t\t\t<div class=\"elementor-widget-wrap elementor-element-populated\">\n\t\t\t\t\t\t<div class=\"elementor-element elementor-element-3611d2c elementor-widget elementor-widget-html\" data-id=\"3611d2c\" data-element_type=\"widget\" data-e-type=\"widget\" data-widget_type=\"html.default\">\n\t\t\t\t<div class=\"elementor-widget-container\">\n\t\t\t\t\t<fidelo-widget><\/fidelo-widget>\r\n<script src=\"https:\/\/proxy.fidelo.com\/app\/widget\/1.0\/klf\/js\/widget.js?c=FKVXL32W3WHNXHKF&l=fr\"><\/script>\t\t\t\t<\/div>\n\t\t\t\t<\/div>\n\t\t\t\t\t<\/div>\n\t\t<\/div>\n\t\t\t\t\t<\/div>\n\t\t<\/section>\n\t\t\t\t<section class=\"elementor-section elementor-top-section elementor-element elementor-element-d2445c0 elementor-section-boxed elementor-section-height-default elementor-section-height-default\" data-id=\"d2445c0\" data-element_type=\"section\" data-e-type=\"section\">\n\t\t\t\t\t\t<div class=\"elementor-container elementor-column-gap-default\">\n\t\t\t\t\t<div class=\"elementor-column elementor-col-100 elementor-top-column elementor-element elementor-element-4b6c5a2\" data-id=\"4b6c5a2\" data-element_type=\"column\" data-e-type=\"column\">\n\t\t\t<div class=\"elementor-widget-wrap elementor-element-populated\">\n\t\t\t\t\t\t<div class=\"elementor-element elementor-element-8f68903 elementor-widget-divider--view-line elementor-widget elementor-widget-divider\" data-id=\"8f68903\" data-element_type=\"widget\" data-e-type=\"widget\" data-widget_type=\"divider.default\">\n\t\t\t\t<div class=\"elementor-widget-container\">\n\t\t\t\t\t\t\t<div class=\"elementor-divider\">\n\t\t\t<span class=\"elementor-divider-separator\">\n\t\t\t\t\t\t<\/span>\n\t\t<\/div>\n\t\t\t\t\t\t<\/div>\n\t\t\t\t<\/div>\n\t\t\t\t<div class=\"elementor-element elementor-element-ca317a3 elementor-widget elementor-widget-text-editor\" data-id=\"ca317a3\" data-element_type=\"widget\" data-e-type=\"widget\" data-widget_type=\"text-editor.default\">\n\t\t\t\t<div class=\"elementor-widget-container\">\n\t\t\t\t\t\t\t\t\t<p style=\"text-align: center;\"><em>*Pour les r\u00e9servations de derni\u00e8re minute (moins de 4 jours avant le d\u00e9but du cours), veuillez nous contacter \u00e0 l&rsquo;avance \u00e0 l&rsquo;adresse <a style=\"font-family: -apple-system, BlinkMacSystemFont, 'Segoe UI', Roboto, 'Helvetica Neue', Arial, 'Noto Sans', sans-serif, 'Apple Color Emoji', 'Segoe UI Emoji', 'Segoe UI Symbol', 'Noto Color Emoji'; background-color: #ffffff; font-size: 1rem;\" href=\"mailto:info@ifalpes.com\" rel=\"noopener\">info@ifalpes.com<\/a> pour v\u00e9rifier la disponibilit\u00e9.<\/em><\/p>\r\n<p style=\"text-align: center;\"><em>*Toute inscription ne sera consid\u00e9r\u00e9e comme valide qu&rsquo;apr\u00e8s r\u00e9ception du paiement.<\/em><\/p>\r\n<p style=\"text-align: center;\"><em>* Cours le matin ou l&rsquo;apr\u00e8s-midi en fonction de votre niveau et de la charge d&rsquo;enseignement de l&rsquo;\u00e9cole.<\/em><\/p>\r\n<p style=\"text-align: center;\"><span style=\"color: #000000; font-family: Roboto, sans-serif;\">* Attention : les jours f\u00e9ri\u00e9s et conform\u00e9ment \u00e0 nos conditions g\u00e9n\u00e9rales de vente, l&rsquo;\u00e9cole sera ferm\u00e9e et aucun cours de rattrapage ne sera propos\u00e9.<\/span><\/p>\r\n<p style=\"caret-color: #000000; color: #000000; text-align: center;\"><em>*Attention ! Pour les d\u00e9butants absolus, niveau A0, il y aura des dates de d\u00e9but sp\u00e9cifiques.<\/em><\/p>\t\t\t\t\t\t\t\t<\/div>\n\t\t\t\t<\/div>\n\t\t\t\t\t<\/div>\n\t\t<\/div>\n\t\t\t\t\t<\/div>\n\t\t<\/section>\n\t\t\t\t<\/div>\n\t\t","protected":false},"excerpt":{"rendered":"<p>*Pour les r\u00e9servations de derni\u00e8re minute (moins de 4 jours avant le d\u00e9but du cours), veuillez nous contacter \u00e0 l&rsquo;avance \u00e0 l&rsquo;adresse info@ifalpes.com pour v\u00e9rifier la disponibilit\u00e9. *Toute inscription ne sera consid\u00e9r\u00e9e comme valide qu&rsquo;apr\u00e8s r\u00e9ception du paiement. * Cours le matin ou l&rsquo;apr\u00e8s-midi en fonction de votre niveau et de la charge d&rsquo;enseignement de [&hellip;]<\/p>\n","protected":false},"author":1,"featured_media":0,"parent":0,"menu_order":0,"comment_status":"closed","ping_status":"closed","template":"","meta":{"_acf_changed":false,"content-type":"","footnotes":""},"class_list":["post-23505","page","type-page","status-publish","hentry"],"acf":[],"_links":{"self":[{"href":"https:\/\/ifalpes.com\/fr\/wp-json\/wp\/v2\/pages\/23505","targetHints":{"allow":["GET"]}}],"collection":[{"href":"https:\/\/ifalpes.com\/fr\/wp-json\/wp\/v2\/pages"}],"about":[{"href":"https:\/\/ifalpes.com\/fr\/wp-json\/wp\/v2\/types\/page"}],"author":[{"embeddable":true,"href":"https:\/\/ifalpes.com\/fr\/wp-json\/wp\/v2\/users\/1"}],"replies":[{"embeddable":true,"href":"https:\/\/ifalpes.com\/fr\/wp-json\/wp\/v2\/comments?post=23505"}],"version-history":[{"count":9,"href":"https:\/\/ifalpes.com\/fr\/wp-json\/wp\/v2\/pages\/23505\/revisions"}],"predecessor-version":[{"id":28098,"href":"https:\/\/ifalpes.com\/fr\/wp-json\/wp\/v2\/pages\/23505\/revisions\/28098"}],"wp:attachment":[{"href":"https:\/\/ifalpes.com\/fr\/wp-json\/wp\/v2\/media?parent=23505"}],"curies":[{"name":"wp","href":"https:\/\/api.w.org\/{rel}","templated":true}]}}