{"id":23492,"date":"2023-09-22T07:56:39","date_gmt":"2023-09-22T07:56:39","guid":{"rendered":"https:\/\/ifalpes.com\/formulmaire-reservation-adultes-2023\/"},"modified":"2023-09-25T08:17:54","modified_gmt":"2023-09-25T08:17:54","slug":"formulmaire-reservation-adultes-2023","status":"publish","type":"page","link":"https:\/\/ifalpes.com\/fr\/formulmaire-reservation-adultes-2023\/","title":{"rendered":"Formulaire de r\u00e9servation pour adultes 2023"},"content":{"rendered":"\t\t<div data-elementor-type=\"wp-page\" data-elementor-id=\"23492\" class=\"elementor elementor-23492 elementor-23487\" data-elementor-post-type=\"page\">\n\t\t\t\t\t\t<section class=\"elementor-section elementor-top-section elementor-element elementor-element-dbf83ea elementor-section-boxed elementor-section-height-default elementor-section-height-default\" data-id=\"dbf83ea\" data-element_type=\"section\" data-e-type=\"section\">\n\t\t\t\t\t\t<div class=\"elementor-container elementor-column-gap-default\">\n\t\t\t\t\t<div class=\"elementor-column elementor-col-100 elementor-top-column elementor-element elementor-element-d54f67d\" data-id=\"d54f67d\" data-element_type=\"column\" data-e-type=\"column\">\n\t\t\t<div class=\"elementor-widget-wrap elementor-element-populated\">\n\t\t\t\t\t\t<div class=\"elementor-element elementor-element-14e5a7b elementor-widget elementor-widget-text-editor\" data-id=\"14e5a7b\" data-element_type=\"widget\" data-e-type=\"widget\" data-widget_type=\"text-editor.default\">\n\t\t\t\t<div class=\"elementor-widget-container\">\n\t\t\t\t\t\t\t\t\t<h2><strong>C\u2019EST LE MOMENT D\u2019AM\u00c9LIORER VOTRE FRAN\u00c7AIS !<\/strong><\/h2>\n<p>Venez profiter d\u2019un s\u00e9jour inoubliable \u00e0 Annecy.<\/p>\n<p>Remplissez le formulaire ci-dessous et cr\u00e9ez et achetez en ligne votre s\u00e9jour sur mesure en choisissant vos cours de fran\u00e7ais, votre h\u00e9bergement et vos options.<br \/>\nNos conseillers p\u00e9dagogiques vos contacteront afin de valider votre inscription et r\u00e9pondre \u00e0 toutes vos questions.<\/p>\n<p>Toute inscription ne sera consid\u00e9r\u00e9e comme valide qu\u2019une fois le paiement re\u00e7u.<\/p>\n\t\t\t\t\t\t\t\t<\/div>\n\t\t\t\t<\/div>\n\t\t\t\t<div class=\"elementor-element elementor-element-3611d2c elementor-widget elementor-widget-html\" data-id=\"3611d2c\" data-element_type=\"widget\" data-e-type=\"widget\" data-widget_type=\"html.default\">\n\t\t\t\t<div class=\"elementor-widget-container\">\n\t\t\t\t\t<noscript>Please enable JavaScript to continue with this form.<\/noscript>\r\n<fidelo-widget><\/fidelo-widget>\r\n<script src=\"https:\/\/proxy.fidelo.com\/app\/widget\/1.0\/lsf\/js\/widget.js?c=5SLJ4E2FQB547SKY&l=fr\"><\/script>\r\n\t\t\t\t<\/div>\n\t\t\t\t<\/div>\n\t\t\t\t\t<\/div>\n\t\t<\/div>\n\t\t\t\t\t<\/div>\n\t\t<\/section>\n\t\t\t\t<\/div>\n\t\t","protected":false},"excerpt":{"rendered":"<p>C\u2019EST LE MOMENT D\u2019AM\u00c9LIORER VOTRE FRAN\u00c7AIS ! Venez profiter d\u2019un s\u00e9jour inoubliable \u00e0 Annecy. Remplissez le formulaire ci-dessous et cr\u00e9ez et achetez en ligne votre s\u00e9jour sur mesure en choisissant vos cours de fran\u00e7ais, votre h\u00e9bergement et vos options. Nos conseillers p\u00e9dagogiques vos contacteront afin de valider votre inscription et r\u00e9pondre \u00e0 toutes vos questions. [&hellip;]<\/p>\n","protected":false},"author":1,"featured_media":0,"parent":0,"menu_order":0,"comment_status":"closed","ping_status":"closed","template":"","meta":{"_acf_changed":false,"content-type":"","footnotes":""},"class_list":["post-23492","page","type-page","status-publish","hentry"],"acf":[],"_links":{"self":[{"href":"https:\/\/ifalpes.com\/fr\/wp-json\/wp\/v2\/pages\/23492","targetHints":{"allow":["GET"]}}],"collection":[{"href":"https:\/\/ifalpes.com\/fr\/wp-json\/wp\/v2\/pages"}],"about":[{"href":"https:\/\/ifalpes.com\/fr\/wp-json\/wp\/v2\/types\/page"}],"author":[{"embeddable":true,"href":"https:\/\/ifalpes.com\/fr\/wp-json\/wp\/v2\/users\/1"}],"replies":[{"embeddable":true,"href":"https:\/\/ifalpes.com\/fr\/wp-json\/wp\/v2\/comments?post=23492"}],"version-history":[{"count":4,"href":"https:\/\/ifalpes.com\/fr\/wp-json\/wp\/v2\/pages\/23492\/revisions"}],"predecessor-version":[{"id":23571,"href":"https:\/\/ifalpes.com\/fr\/wp-json\/wp\/v2\/pages\/23492\/revisions\/23571"}],"wp:attachment":[{"href":"https:\/\/ifalpes.com\/fr\/wp-json\/wp\/v2\/media?parent=23492"}],"curies":[{"name":"wp","href":"https:\/\/api.w.org\/{rel}","templated":true}]}}