{"id":22127,"date":"2023-01-02T07:34:47","date_gmt":"2023-01-02T07:34:47","guid":{"rendered":"https:\/\/ifalpes.com\/cours-francais-finances-par-cpf\/"},"modified":"2024-04-02T07:07:00","modified_gmt":"2024-04-02T07:07:00","slug":"cours-francais-finances-par-cpf","status":"publish","type":"page","link":"https:\/\/ifalpes.com\/fr\/cours-francais-finances-par-cpf\/","title":{"rendered":"Cours de fran\u00e7ais financ\u00e9s par le CPF"},"content":{"rendered":"\n<h2 class=\"wp-block-heading\">Vous travaillez en France ? Si oui, votre cours avec IFALPES peut \u00eatre financ\u00e9 par le CPF.<\/h2>\n\n<p>Le Compte Personnel de Formation (CPF) peut \u00eatre utilis\u00e9 pour suivre une formation qualifiante ou certifiante. Votre fonds personnel de formation peut vous permettre de financer votre formation en fran\u00e7ais langue \u00e9trang\u00e8re.<\/p>\n\n<p>Comment proc\u00e9der ?<\/p>\n\n<ol class=\"wp-block-list\">\n<li>Contactez-nous par email (info@ifalpes.com) ou par t\u00e9l\u00e9phone (+33 6 75 87 35 19) pour nous faire part de votre demande d&rsquo;utilisation de votre compte CPF pour des cours de fran\u00e7ais.<\/li>\n\n\n\n<li>Notre coordinateur p\u00e9dagogique organisera un appel t\u00e9l\u00e9phonique pour \u00e9valuer votre niveau et parler de votre projet.<\/li>\n\n\n\n<li>Nous vous enverrons une proposition de cours adapt\u00e9e \u00e0 vos besoins.<\/li>\n\n\n\n<li>Si vous voulez confirmer, nous vous enverrons un lien pour le cours afin que vous puissiez vous inscrire directement sur le site de moncompteformation.<\/li>\n<\/ol>\n\n<h3 class=\"wp-block-heading\">Vous \u00eates int\u00e9ress\u00e9 ? Contactez nous :<\/h3>\n\n<script charset=\"utf-8\" type=\"text\/javascript\" src=\"\/\/js.hsforms.net\/forms\/embed\/v2.js\"><\/script>\r\n<script>\r\n  hbspt.forms.create({\r\n    region: \"na1\",\r\n    portalId: \"2851295\",\r\n    formId: \"72a5a60b-2823-4d9b-9400-28f8e7ccf15e\"\r\n  });\r\n<\/script>\r\n","protected":false},"excerpt":{"rendered":"<p>Vous travaillez en France ? Si oui, votre cours avec IFALPES peut \u00eatre financ\u00e9 par le CPF. Le Compte Personnel de Formation (CPF) peut \u00eatre utilis\u00e9 pour suivre une formation qualifiante ou certifiante. Votre fonds personnel de formation peut vous permettre de financer votre formation en fran\u00e7ais langue \u00e9trang\u00e8re. Comment proc\u00e9der ? Vous \u00eates int\u00e9ress\u00e9 [&hellip;]<\/p>\n","protected":false},"author":1,"featured_media":0,"parent":0,"menu_order":0,"comment_status":"closed","ping_status":"closed","template":"","meta":{"_acf_changed":false,"content-type":"","footnotes":""},"class_list":["post-22127","page","type-page","status-publish","hentry"],"acf":[],"_links":{"self":[{"href":"https:\/\/ifalpes.com\/fr\/wp-json\/wp\/v2\/pages\/22127","targetHints":{"allow":["GET"]}}],"collection":[{"href":"https:\/\/ifalpes.com\/fr\/wp-json\/wp\/v2\/pages"}],"about":[{"href":"https:\/\/ifalpes.com\/fr\/wp-json\/wp\/v2\/types\/page"}],"author":[{"embeddable":true,"href":"https:\/\/ifalpes.com\/fr\/wp-json\/wp\/v2\/users\/1"}],"replies":[{"embeddable":true,"href":"https:\/\/ifalpes.com\/fr\/wp-json\/wp\/v2\/comments?post=22127"}],"version-history":[{"count":2,"href":"https:\/\/ifalpes.com\/fr\/wp-json\/wp\/v2\/pages\/22127\/revisions"}],"predecessor-version":[{"id":25918,"href":"https:\/\/ifalpes.com\/fr\/wp-json\/wp\/v2\/pages\/22127\/revisions\/25918"}],"wp:attachment":[{"href":"https:\/\/ifalpes.com\/fr\/wp-json\/wp\/v2\/media?parent=22127"}],"curies":[{"name":"wp","href":"https:\/\/api.w.org\/{rel}","templated":true}]}}