{"id":21863,"date":"2022-06-30T08:36:26","date_gmt":"2022-06-30T08:36:26","guid":{"rendered":"https:\/\/ifalpes.com\/info\/voyage-a-ifalpes-annecy\/"},"modified":"2023-12-15T17:05:18","modified_gmt":"2023-12-15T17:05:18","slug":"voyage-a-ifalpes-annecy","status":"publish","type":"page","link":"https:\/\/ifalpes.com\/fr\/info\/voyage-a-ifalpes-annecy\/","title":{"rendered":"Venir \u00e0 IFALPES Annecy"},"content":{"rendered":"\t\t<div data-elementor-type=\"wp-page\" data-elementor-id=\"21863\" class=\"elementor elementor-21863 elementor-156\" data-elementor-post-type=\"page\">\n\t\t\t\t\t\t<section class=\"elementor-section elementor-top-section elementor-element elementor-element-81b7b7d elementor-section-boxed elementor-section-height-default elementor-section-height-default\" data-id=\"81b7b7d\" data-element_type=\"section\" data-e-type=\"section\">\n\t\t\t\t\t\t<div class=\"elementor-container elementor-column-gap-default\">\n\t\t\t\t\t<div class=\"elementor-column elementor-col-33 elementor-top-column elementor-element elementor-element-d060756\" data-id=\"d060756\" data-element_type=\"column\" data-e-type=\"column\" data-settings=\"{&quot;background_background&quot;:&quot;classic&quot;}\">\n\t\t\t<div class=\"elementor-widget-wrap\">\n\t\t\t\t\t\t\t<\/div>\n\t\t<\/div>\n\t\t\t\t<div class=\"elementor-column elementor-col-66 elementor-top-column elementor-element elementor-element-d403f70\" data-id=\"d403f70\" data-element_type=\"column\" data-e-type=\"column\">\n\t\t\t<div class=\"elementor-widget-wrap elementor-element-populated\">\n\t\t\t\t\t\t<div class=\"elementor-element elementor-element-291063b elementor-widget elementor-widget-heading\" data-id=\"291063b\" data-element_type=\"widget\" data-e-type=\"widget\" data-widget_type=\"heading.default\">\n\t\t\t\t<div class=\"elementor-widget-container\">\n\t\t\t\t\t<h2 class=\"elementor-heading-title elementor-size-default\">En Avion \u2013 2 A\u00e9roports Internationaux<\/h2>\t\t\t\t<\/div>\n\t\t\t\t<\/div>\n\t\t\t\t<div class=\"elementor-element elementor-element-7fa30fe elementor-widget elementor-widget-heading\" data-id=\"7fa30fe\" data-element_type=\"widget\" data-e-type=\"widget\" data-widget_type=\"heading.default\">\n\t\t\t\t<div class=\"elementor-widget-container\">\n\t\t\t\t\t<h3 class=\"elementor-heading-title elementor-size-default\">GENEVA\u00a0\u2013\u00a0GVA\u00a0(SWITZERLAND):<\/h3>\t\t\t\t<\/div>\n\t\t\t\t<\/div>\n\t\t\t\t<div class=\"elementor-element elementor-element-d2c91fb elementor-widget elementor-widget-text-editor\" data-id=\"d2c91fb\" data-element_type=\"widget\" data-e-type=\"widget\" data-widget_type=\"text-editor.default\">\n\t\t\t\t<div class=\"elementor-widget-container\">\n\t\t\t\t\t\t\t\t\t<p>L\u2019a\u00e9roport\u00a0 international de <a href=\"https:\/\/www.gva.ch\/fr\/\" target=\"_blank\" rel=\"noopener\">Gen\u00e8ve-Cointrin<\/a> se situe \u00e0 44km.<\/p>\n<p>De\/\u00e0 l\u2019a\u00e9roport de Gen\u00e8ve :<\/p>\n<ul>\n<li><strong>BUS<\/strong> : entre 1h30 et 2h de trajet\n<ul>\n<li><a href=\"https:\/\/www.flixbus.fr\/\" target=\"_blank\" rel=\"noopener\">FlixBus<\/a><\/li>\n<li><a href=\"https:\/\/www.blablacar.fr\/bus\" target=\"_blank\" rel=\"noopener\">Blablabus<\/a><\/li>\n<\/ul>\n<\/li>\n<li><strong>BLABLACAR<\/strong> : <a href=\"https:\/\/www.blablacar.fr\/\" target=\"_blank\" rel=\"noopener\">https:\/\/www.blablacar.fr\/<\/a><\/li>\n<li><strong>TAXI<\/strong> : r\u00e9server un taxi avec Ifalpes (140\u20ac) info@ifalpes.com<\/li>\n<\/ul>\n\t\t\t\t\t\t\t\t<\/div>\n\t\t\t\t<\/div>\n\t\t\t\t<div class=\"elementor-element elementor-element-b9bf665 elementor-widget elementor-widget-heading\" data-id=\"b9bf665\" data-element_type=\"widget\" data-e-type=\"widget\" data-widget_type=\"heading.default\">\n\t\t\t\t<div class=\"elementor-widget-container\">\n\t\t\t\t\t<h3 class=\"elementor-heading-title elementor-size-default\">LYON\u00a0\u2013\u00a0LYS (FRANCE)<\/h3>\t\t\t\t<\/div>\n\t\t\t\t<\/div>\n\t\t\t\t<div class=\"elementor-element elementor-element-94877f1 elementor-widget elementor-widget-text-editor\" data-id=\"94877f1\" data-element_type=\"widget\" data-e-type=\"widget\" data-widget_type=\"text-editor.default\">\n\t\t\t\t<div class=\"elementor-widget-container\">\n\t\t\t\t\t\t\t\t\t<p>L\u2019a\u00e9roport international <a href=\"https:\/\/www.lyonaeroports.com\/\" target=\"_blank\" rel=\"noopener\">Lyon Saint-Exup\u00e9ry.<\/a><\/p>\n<p>De\/\u00e0 l\u2019a\u00e9roport de Lyon :<\/p>\n<ul>\n<li><strong>BUS<\/strong> : 2h environ\n<ul>\n<li><a href=\"https:\/\/www.flixbus.fr\/\" target=\"_blank\" rel=\"noopener\">FlixBus<\/a><\/li>\n<li><a href=\"https:\/\/www.blablacar.fr\/bus\" target=\"_blank\" rel=\"noopener\">Blablabus<\/a><\/li>\n<\/ul>\n<\/li>\n<li><strong>TRAIN :<\/strong> <a href=\"https:\/\/www.sncf-connect.com\/\" target=\"_blank\" rel=\"noopener\">https:\/\/www.sncf-connect.com\/<\/a><\/li>\n<li><strong>BLABLACAR<\/strong> :<a href=\"https:\/\/www.blablacar.fr\/\" target=\"_blank\" rel=\"noopener\">https:\/\/www.blablacar.fr\/<\/a><\/li>\n<li><strong>TAXI<\/strong> : r\u00e9server un taxi avec Ifalpes (310\u20ac) info@ifalpes.com<\/li>\n<\/ul>\n\t\t\t\t\t\t\t\t<\/div>\n\t\t\t\t<\/div>\n\t\t\t\t\t<\/div>\n\t\t<\/div>\n\t\t\t\t\t<\/div>\n\t\t<\/section>\n\t\t\t\t<section class=\"elementor-section elementor-top-section elementor-element elementor-element-f980453 elementor-section-boxed elementor-section-height-default elementor-section-height-default\" data-id=\"f980453\" data-element_type=\"section\" data-e-type=\"section\">\n\t\t\t\t\t\t<div class=\"elementor-container elementor-column-gap-default\">\n\t\t\t\t\t<div class=\"elementor-column elementor-col-100 elementor-top-column elementor-element elementor-element-71e9e11\" data-id=\"71e9e11\" data-element_type=\"column\" data-e-type=\"column\">\n\t\t\t<div class=\"elementor-widget-wrap elementor-element-populated\">\n\t\t\t\t\t\t<div class=\"elementor-element elementor-element-be893b9 elementor-widget elementor-widget-heading\" data-id=\"be893b9\" data-element_type=\"widget\" data-e-type=\"widget\" data-widget_type=\"heading.default\">\n\t\t\t\t<div class=\"elementor-widget-container\">\n\t\t\t\t\t<h2 class=\"elementor-heading-title elementor-size-default\">En Bus<\/h2>\t\t\t\t<\/div>\n\t\t\t\t<\/div>\n\t\t\t\t<div class=\"elementor-element elementor-element-b4038d1 elementor-widget elementor-widget-text-editor\" data-id=\"b4038d1\" data-element_type=\"widget\" data-e-type=\"widget\" data-widget_type=\"text-editor.default\">\n\t\t\t\t<div class=\"elementor-widget-container\">\n\t\t\t\t\t\t\t\t\t<p>Annecy poss\u00e8de une gare routi\u00e8re qui vous permet de rejoindre de nombreuses villes de la r\u00e9gion (Gen\u00e8ve, Lyon, Grenoble) et de France. Diff\u00e9rentes compagnies proposent de nombreux trajets :<\/p>\n<ul>\n<li><a href=\"https:\/\/www.flixbus.fr\/\" target=\"_blank\" rel=\"noopener\">FlixBus<\/a><\/li>\n<li><a href=\"https:\/\/www.blablacar.fr\/bus\" target=\"_blank\" rel=\"noopener\">Blablabus<\/a><\/li>\n<\/ul>\n\t\t\t\t\t\t\t\t<\/div>\n\t\t\t\t<\/div>\n\t\t\t\t\t<\/div>\n\t\t<\/div>\n\t\t\t\t\t<\/div>\n\t\t<\/section>\n\t\t\t\t<section class=\"elementor-section elementor-top-section elementor-element elementor-element-412cd50 elementor-section-boxed elementor-section-height-default elementor-section-height-default\" data-id=\"412cd50\" data-element_type=\"section\" data-e-type=\"section\">\n\t\t\t\t\t\t<div class=\"elementor-container elementor-column-gap-default\">\n\t\t\t\t\t<div class=\"elementor-column elementor-col-100 elementor-top-column elementor-element elementor-element-74a37d7\" data-id=\"74a37d7\" data-element_type=\"column\" data-e-type=\"column\">\n\t\t\t<div class=\"elementor-widget-wrap elementor-element-populated\">\n\t\t\t\t\t\t<div class=\"elementor-element elementor-element-90b0934 elementor-widget elementor-widget-heading\" data-id=\"90b0934\" data-element_type=\"widget\" data-e-type=\"widget\" data-widget_type=\"heading.default\">\n\t\t\t\t<div class=\"elementor-widget-container\">\n\t\t\t\t\t<h2 class=\"elementor-heading-title elementor-size-default\">En Train<\/h2>\t\t\t\t<\/div>\n\t\t\t\t<\/div>\n\t\t\t\t<div class=\"elementor-element elementor-element-6f38611 elementor-widget elementor-widget-text-editor\" data-id=\"6f38611\" data-element_type=\"widget\" data-e-type=\"widget\" data-widget_type=\"text-editor.default\">\n\t\t\t\t<div class=\"elementor-widget-container\">\n\t\t\t\t\t\t\t\t\tAnnecy dispose d\u2019une gare TGV. Elle propose des liaisons directes entre Paris et Annecy tous les jours (dur\u00e9e \u2245 4 heures). Le prix des billets de train peut varier en fonction du jour ou de l\u2019heure \u00e0 laquelle vous souhaitez r\u00e9server. N\u2019h\u00e9sitez pas \u00e0 r\u00e9server \u00e0 l\u2019avance pour avoir les tarifs les plus int\u00e9ressants.\r\n\r\n<a href=\"https:\/\/www.sncf-connect.com\/\" target=\"_blank\" rel=\"noopener\">https:\/\/www.sncf-connect.com\/<\/a>\t\t\t\t\t\t\t\t<\/div>\n\t\t\t\t<\/div>\n\t\t\t\t\t<\/div>\n\t\t<\/div>\n\t\t\t\t\t<\/div>\n\t\t<\/section>\n\t\t\t\t<section class=\"elementor-section elementor-top-section elementor-element elementor-element-19dc3d9 elementor-section-boxed elementor-section-height-default elementor-section-height-default\" data-id=\"19dc3d9\" data-element_type=\"section\" data-e-type=\"section\">\n\t\t\t\t\t\t<div class=\"elementor-container elementor-column-gap-default\">\n\t\t\t\t\t<div class=\"elementor-column elementor-col-100 elementor-top-column elementor-element elementor-element-754eb8a\" data-id=\"754eb8a\" data-element_type=\"column\" data-e-type=\"column\">\n\t\t\t<div class=\"elementor-widget-wrap elementor-element-populated\">\n\t\t\t\t\t\t<div class=\"elementor-element elementor-element-28f6f88 elementor-widget elementor-widget-heading\" data-id=\"28f6f88\" data-element_type=\"widget\" data-e-type=\"widget\" data-widget_type=\"heading.default\">\n\t\t\t\t<div class=\"elementor-widget-container\">\n\t\t\t\t\t<h2 class=\"elementor-heading-title elementor-size-default\">En Voiture<\/h2>\t\t\t\t<\/div>\n\t\t\t\t<\/div>\n\t\t\t\t<div class=\"elementor-element elementor-element-10d1c29 elementor-widget elementor-widget-text-editor\" data-id=\"10d1c29\" data-element_type=\"widget\" data-e-type=\"widget\" data-widget_type=\"text-editor.default\">\n\t\t\t\t<div class=\"elementor-widget-container\">\n\t\t\t\t\t\t\t\t\t<p>Distance d&rsquo;Annecy :<\/p>\n<p>&#8211; Paris : 560 km (5h30) Frais d&rsquo;autoroute : 60\u20ac.<br \/>\n&#8211; Lyon : 145 km (1h 30 min) Frais de l&rsquo;autoroute : 15,20\u20ac.<br \/>\n&#8211; Gen\u00e8ve : 40 km (40 min) Frais de l&rsquo;autoroute : 8\u20ac.<\/p>\n\t\t\t\t\t\t\t\t<\/div>\n\t\t\t\t<\/div>\n\t\t\t\t\t<\/div>\n\t\t<\/div>\n\t\t\t\t\t<\/div>\n\t\t<\/section>\n\t\t\t\t<section class=\"elementor-section elementor-top-section elementor-element elementor-element-38fb23a elementor-section-boxed elementor-section-height-default elementor-section-height-default\" data-id=\"38fb23a\" data-element_type=\"section\" data-e-type=\"section\">\n\t\t\t\t\t\t<div class=\"elementor-container elementor-column-gap-default\">\n\t\t\t\t\t<div class=\"elementor-column elementor-col-100 elementor-top-column elementor-element elementor-element-c79536e\" data-id=\"c79536e\" data-element_type=\"column\" data-e-type=\"column\">\n\t\t\t<div class=\"elementor-widget-wrap elementor-element-populated\">\n\t\t\t\t\t\t<div class=\"elementor-element elementor-element-c8711c6 elementor-widget elementor-widget-heading\" data-id=\"c8711c6\" data-element_type=\"widget\" data-e-type=\"widget\" data-widget_type=\"heading.default\">\n\t\t\t\t<div class=\"elementor-widget-container\">\n\t\t\t\t\t<h2 class=\"elementor-heading-title elementor-size-default\">Navette<\/h2>\t\t\t\t<\/div>\n\t\t\t\t<\/div>\n\t\t\t\t<div class=\"elementor-element elementor-element-44f3529 elementor-widget elementor-widget-text-editor\" data-id=\"44f3529\" data-element_type=\"widget\" data-e-type=\"widget\" data-widget_type=\"text-editor.default\">\n\t\t\t\t<div class=\"elementor-widget-container\">\n\t\t\t\t\t\t\t\t\t<p>Si vous le souhaitez, IFALPES peut organiser des transferts en navette en fonction de votre destination d\u2019arriv\u00e9e ou de d\u00e9part. Pour la r\u00e9servation des navettes, veuillez nous contacter \u00e0 info@ifalpes.com.<\/p>\n<p>Notez que si vous arrivez \u00e0 Annecy et que vous avez r\u00e9serv\u00e9 votre h\u00e9bergement dans une famille d\u2019accueil, celle-ci viendra vous chercher \u00e0 la gare ferroviaire ou routi\u00e8re en fonction de votre heure d\u2019arriv\u00e9e. N\u2019oubliez pas de leur communiquer vos coordonn\u00e9es d\u2019arriv\u00e9e.<\/p>\n\t\t\t\t\t\t\t\t<\/div>\n\t\t\t\t<\/div>\n\t\t\t\t\t<\/div>\n\t\t<\/div>\n\t\t\t\t\t<\/div>\n\t\t<\/section>\n\t\t\t\t<\/div>\n\t\t","protected":false},"excerpt":{"rendered":"<p>En Avion \u2013 2 A\u00e9roports Internationaux GENEVA\u00a0\u2013\u00a0GVA\u00a0(SWITZERLAND): L\u2019a\u00e9roport\u00a0 international de Gen\u00e8ve-Cointrin se situe \u00e0 44km. De\/\u00e0 l\u2019a\u00e9roport de Gen\u00e8ve : BUS : entre 1h30 et 2h de trajet FlixBus Blablabus BLABLACAR : https:\/\/www.blablacar.fr\/ TAXI : r\u00e9server un taxi avec Ifalpes (140\u20ac) info@ifalpes.com LYON\u00a0\u2013\u00a0LYS (FRANCE) L\u2019a\u00e9roport international Lyon Saint-Exup\u00e9ry. De\/\u00e0 l\u2019a\u00e9roport de Lyon : BUS : [&hellip;]<\/p>\n","protected":false},"author":1,"featured_media":21234,"parent":21853,"menu_order":0,"comment_status":"closed","ping_status":"closed","template":"","meta":{"_acf_changed":false,"content-type":"","footnotes":""},"class_list":["post-21863","page","type-page","status-publish","has-post-thumbnail","hentry"],"acf":[],"_links":{"self":[{"href":"https:\/\/ifalpes.com\/fr\/wp-json\/wp\/v2\/pages\/21863","targetHints":{"allow":["GET"]}}],"collection":[{"href":"https:\/\/ifalpes.com\/fr\/wp-json\/wp\/v2\/pages"}],"about":[{"href":"https:\/\/ifalpes.com\/fr\/wp-json\/wp\/v2\/types\/page"}],"author":[{"embeddable":true,"href":"https:\/\/ifalpes.com\/fr\/wp-json\/wp\/v2\/users\/1"}],"replies":[{"embeddable":true,"href":"https:\/\/ifalpes.com\/fr\/wp-json\/wp\/v2\/comments?post=21863"}],"version-history":[{"count":4,"href":"https:\/\/ifalpes.com\/fr\/wp-json\/wp\/v2\/pages\/21863\/revisions"}],"predecessor-version":[{"id":25080,"href":"https:\/\/ifalpes.com\/fr\/wp-json\/wp\/v2\/pages\/21863\/revisions\/25080"}],"up":[{"embeddable":true,"href":"https:\/\/ifalpes.com\/fr\/wp-json\/wp\/v2\/pages\/21853"}],"wp:featuredmedia":[{"embeddable":true,"href":"https:\/\/ifalpes.com\/fr\/wp-json\/wp\/v2\/media\/21234"}],"wp:attachment":[{"href":"https:\/\/ifalpes.com\/fr\/wp-json\/wp\/v2\/media?parent=21863"}],"curies":[{"name":"wp","href":"https:\/\/api.w.org\/{rel}","templated":true}]}}