{"id":21855,"date":"2022-06-30T08:36:11","date_gmt":"2022-06-30T08:36:11","guid":{"rendered":"https:\/\/ifalpes.com\/info\/engagement-qualite\/"},"modified":"2024-09-04T13:50:14","modified_gmt":"2024-09-04T13:50:14","slug":"engagement-qualite","status":"publish","type":"page","link":"https:\/\/ifalpes.com\/fr\/info\/engagement-qualite\/","title":{"rendered":"Engagement qualit\u00e9"},"content":{"rendered":"\t\t<div data-elementor-type=\"wp-page\" data-elementor-id=\"21855\" class=\"elementor elementor-21855 elementor-154\" data-elementor-post-type=\"page\">\n\t\t\t\t\t\t<section class=\"elementor-section elementor-top-section elementor-element elementor-element-72b84ae elementor-section-boxed elementor-section-height-default elementor-section-height-default\" data-id=\"72b84ae\" data-element_type=\"section\" data-e-type=\"section\">\n\t\t\t\t\t\t<div class=\"elementor-container elementor-column-gap-default\">\n\t\t\t\t\t<div class=\"elementor-column elementor-col-50 elementor-top-column elementor-element elementor-element-3d239e9\" data-id=\"3d239e9\" data-element_type=\"column\" data-e-type=\"column\">\n\t\t\t<div class=\"elementor-widget-wrap elementor-element-populated\">\n\t\t\t\t\t\t<div class=\"elementor-element elementor-element-f5248aa elementor-widget elementor-widget-heading\" data-id=\"f5248aa\" data-element_type=\"widget\" data-e-type=\"widget\" data-widget_type=\"heading.default\">\n\t\t\t\t<div class=\"elementor-widget-container\">\n\t\t\t\t\t<h2 class=\"elementor-heading-title elementor-size-default\">Une garantie de qualit\u00e9<\/h2>\t\t\t\t<\/div>\n\t\t\t\t<\/div>\n\t\t\t\t<div class=\"elementor-element elementor-element-d576157 elementor-widget elementor-widget-text-editor\" data-id=\"d576157\" data-element_type=\"widget\" data-e-type=\"widget\" data-widget_type=\"text-editor.default\">\n\t\t\t\t<div class=\"elementor-widget-container\">\n\t\t\t\t\t\t\t\t\t<p>Notre ambition est d&rsquo;aider nos \u00e9tudiants \u00e0 progresser dans leur connaissance de la langue fran\u00e7aise, en leur offrant un enseignement de qualit\u00e9. Nous nous engageons \u00e9galement \u00e0 leur faire d\u00e9couvrir la culture fran\u00e7aise et le patrimoine r\u00e9gional, le tout dans une ambiance conviviale. Nous attachons une grande importance \u00e0 l&rsquo;innovation p\u00e9dagogique, c&rsquo;est pourquoi nos professeurs suivent r\u00e9guli\u00e8rement des formations pour garantir un niveau d&rsquo;excellence \u00e0 IFALPES.<\/p>\n<p>Toute notre \u00e9quipe s&rsquo;efforce de rendre le s\u00e9jour des \u00e9tudiants le plus agr\u00e9able et le plus facile possible gr\u00e2ce \u00e0 une organisation claire et des outils num\u00e9riques performants.<\/p>\n<p>Notre \u00e9quipe est disponible pour r\u00e9pondre aux besoins de nos \u00e9tudiants concernant leur vie \u00e0 l&rsquo;\u00e9cole et \u00e0 Annecy. La satisfaction et le bien-\u00eatre de nos \u00e9tudiants sont notre priorit\u00e9.<\/p>\n<p>L&rsquo;une des principales actions de notre plan d&rsquo;action est de recueillir les retours de nos \u00e9tudiants par le biais de questionnaires et de r\u00e9unions de satisfaction, de les synth\u00e9tiser et de les analyser, puis d&rsquo;\u00e9laborer un plan d&rsquo;am\u00e9lioration.<\/p>\n<p>Nous sommes \u00e0 l&rsquo;\u00e9coute de toutes les propositions et id\u00e9es.<\/p>\n<p>Pour atteindre cet objectif, un plan d&rsquo;action qualit\u00e9 a \u00e9t\u00e9 mis en place d\u00e8s janvier 2012.<\/p>\n\t\t\t\t\t\t\t\t<\/div>\n\t\t\t\t<\/div>\n\t\t\t\t\t<\/div>\n\t\t<\/div>\n\t\t\t\t<div class=\"elementor-column elementor-col-50 elementor-top-column elementor-element elementor-element-b46da56\" data-id=\"b46da56\" data-element_type=\"column\" data-e-type=\"column\">\n\t\t\t<div class=\"elementor-widget-wrap elementor-element-populated\">\n\t\t\t\t\t\t<div class=\"elementor-element elementor-element-bb6ea20 elementor-widget elementor-widget-image\" data-id=\"bb6ea20\" data-element_type=\"widget\" data-e-type=\"widget\" data-widget_type=\"image.default\">\n\t\t\t\t<div class=\"elementor-widget-container\">\n\t\t\t\t\t\t\t\t\t\t\t\t\t\t\t<img fetchpriority=\"high\" decoding=\"async\" width=\"800\" height=\"534\" src=\"https:\/\/ifalpes.com\/wp-content\/uploads\/2024\/09\/05_KLF_ANNECY_277_websize-1024x683.jpg\" class=\"attachment-large size-large wp-image-26427\" alt=\"\" srcset=\"https:\/\/ifalpes.com\/wp-content\/uploads\/2024\/09\/05_KLF_ANNECY_277_websize-1024x683.jpg 1024w, https:\/\/ifalpes.com\/wp-content\/uploads\/2024\/09\/05_KLF_ANNECY_277_websize-300x200.jpg 300w, https:\/\/ifalpes.com\/wp-content\/uploads\/2024\/09\/05_KLF_ANNECY_277_websize-768x512.jpg 768w, https:\/\/ifalpes.com\/wp-content\/uploads\/2024\/09\/05_KLF_ANNECY_277_websize-1536x1024.jpg 1536w, https:\/\/ifalpes.com\/wp-content\/uploads\/2024\/09\/05_KLF_ANNECY_277_websize.jpg 2048w\" sizes=\"(max-width: 800px) 100vw, 800px\" \/>\t\t\t\t\t\t\t\t\t\t\t\t\t\t\t<\/div>\n\t\t\t\t<\/div>\n\t\t\t\t<div class=\"elementor-element elementor-element-617234d elementor-widget elementor-widget-image\" data-id=\"617234d\" data-element_type=\"widget\" data-e-type=\"widget\" data-widget_type=\"image.default\">\n\t\t\t\t<div class=\"elementor-widget-container\">\n\t\t\t\t\t\t\t\t\t\t\t\t\t\t\t<img decoding=\"async\" width=\"800\" height=\"533\" src=\"https:\/\/ifalpes.com\/wp-content\/uploads\/2024\/09\/9P7A9414-1.jpg\" class=\"attachment-large size-large wp-image-26762\" alt=\"\" srcset=\"https:\/\/ifalpes.com\/wp-content\/uploads\/2024\/09\/9P7A9414-1.jpg 1022w, https:\/\/ifalpes.com\/wp-content\/uploads\/2024\/09\/9P7A9414-1-300x200.jpg 300w, https:\/\/ifalpes.com\/wp-content\/uploads\/2024\/09\/9P7A9414-1-768x512.jpg 768w\" sizes=\"(max-width: 800px) 100vw, 800px\" \/>\t\t\t\t\t\t\t\t\t\t\t\t\t\t\t<\/div>\n\t\t\t\t<\/div>\n\t\t\t\t\t<\/div>\n\t\t<\/div>\n\t\t\t\t\t<\/div>\n\t\t<\/section>\n\t\t\t\t<section class=\"elementor-section elementor-top-section elementor-element elementor-element-7252a4e elementor-section-boxed elementor-section-height-default elementor-section-height-default\" data-id=\"7252a4e\" data-element_type=\"section\" data-e-type=\"section\">\n\t\t\t\t\t\t<div class=\"elementor-container elementor-column-gap-default\">\n\t\t\t\t\t<div class=\"elementor-column elementor-col-33 elementor-top-column elementor-element elementor-element-fb55fc8\" data-id=\"fb55fc8\" data-element_type=\"column\" data-e-type=\"column\" data-settings=\"{&quot;background_background&quot;:&quot;classic&quot;}\">\n\t\t\t<div class=\"elementor-widget-wrap elementor-element-populated\">\n\t\t\t\t\t\t<div class=\"elementor-element elementor-element-9ea1ece elementor-widget elementor-widget-image\" data-id=\"9ea1ece\" data-element_type=\"widget\" data-e-type=\"widget\" data-widget_type=\"image.default\">\n\t\t\t\t<div class=\"elementor-widget-container\">\n\t\t\t\t\t\t\t\t\t\t\t\t\t\t\t<img decoding=\"async\" width=\"800\" height=\"484\" src=\"https:\/\/ifalpes.com\/wp-content\/uploads\/2023\/10\/Label_FLE_RF_qualiopi-2-1024x619.jpg\" class=\"attachment-large size-large wp-image-24126\" alt=\"\" srcset=\"https:\/\/ifalpes.com\/wp-content\/uploads\/2023\/10\/Label_FLE_RF_qualiopi-2-1024x619.jpg 1024w, https:\/\/ifalpes.com\/wp-content\/uploads\/2023\/10\/Label_FLE_RF_qualiopi-2-300x181.jpg 300w, https:\/\/ifalpes.com\/wp-content\/uploads\/2023\/10\/Label_FLE_RF_qualiopi-2-768x464.jpg 768w, https:\/\/ifalpes.com\/wp-content\/uploads\/2023\/10\/Label_FLE_RF_qualiopi-2.jpg 1200w\" sizes=\"(max-width: 800px) 100vw, 800px\" \/>\t\t\t\t\t\t\t\t\t\t\t\t\t\t\t<\/div>\n\t\t\t\t<\/div>\n\t\t\t\t\t<\/div>\n\t\t<\/div>\n\t\t\t\t<div class=\"elementor-column elementor-col-66 elementor-top-column elementor-element elementor-element-605867d\" data-id=\"605867d\" data-element_type=\"column\" data-e-type=\"column\">\n\t\t\t<div class=\"elementor-widget-wrap elementor-element-populated\">\n\t\t\t\t\t\t<div class=\"elementor-element elementor-element-57fa87e elementor-widget elementor-widget-text-editor\" data-id=\"57fa87e\" data-element_type=\"widget\" data-e-type=\"widget\" data-widget_type=\"text-editor.default\">\n\t\t\t\t<div class=\"elementor-widget-container\">\n\t\t\t\t\t\t\t\t\t<p class=\"p1\">Nous offrons une vaste s\u00e9lection de cours de fran\u00e7ais dispens\u00e9s selon une m\u00e9thodologie innovante. Notre approche p\u00e9dagogique est reconnue par France \u00c9ducation Internationale gr\u00e2ce au label Qualit\u00e9 FLE, une assurance pour nos \u00e9l\u00e8ves d\u2019une progression rapide et conforme \u00e0 leurs objectifs.<\/p>\n\t\t\t\t\t\t\t\t<\/div>\n\t\t\t\t<\/div>\n\t\t\t\t<div class=\"elementor-element elementor-element-6fe5a1b elementor-align-center elementor-widget elementor-widget-button\" data-id=\"6fe5a1b\" data-element_type=\"widget\" data-e-type=\"widget\" data-widget_type=\"button.default\">\n\t\t\t\t<div class=\"elementor-widget-container\">\n\t\t\t\t\t\t\t\t\t<div class=\"elementor-button-wrapper\">\n\t\t\t\t\t<a class=\"elementor-button elementor-button-link elementor-size-md\" href=\"http:\/\/ifalpes.com\/wp-content\/uploads\/2023\/10\/2663_001.pdf\" target=\"_blank\">\n\t\t\t\t\t\t<span class=\"elementor-button-content-wrapper\">\n\t\t\t\t\t\t<span class=\"elementor-button-icon\">\n\t\t\t\t<i aria-hidden=\"true\" class=\"fas fa-angle-right\"><\/i>\t\t\t<\/span>\n\t\t\t\t\t\t\t\t\t<span class=\"elementor-button-text\">Notre Certificat Qualiopi<\/span>\n\t\t\t\t\t<\/span>\n\t\t\t\t\t<\/a>\n\t\t\t\t<\/div>\n\t\t\t\t\t\t\t\t<\/div>\n\t\t\t\t<\/div>\n\t\t\t\t\t<\/div>\n\t\t<\/div>\n\t\t\t\t\t<\/div>\n\t\t<\/section>\n\t\t\t\t<\/div>\n\t\t","protected":false},"excerpt":{"rendered":"<p>Une garantie de qualit\u00e9 Notre ambition est d&rsquo;aider nos \u00e9tudiants \u00e0 progresser dans leur connaissance de la langue fran\u00e7aise, en leur offrant un enseignement de qualit\u00e9. Nous nous engageons \u00e9galement \u00e0 leur faire d\u00e9couvrir la culture fran\u00e7aise et le patrimoine r\u00e9gional, le tout dans une ambiance conviviale. Nous attachons une grande importance \u00e0 l&rsquo;innovation p\u00e9dagogique, [&hellip;]<\/p>\n","protected":false},"author":1,"featured_media":21507,"parent":21853,"menu_order":0,"comment_status":"closed","ping_status":"closed","template":"","meta":{"_acf_changed":false,"content-type":"","footnotes":""},"class_list":["post-21855","page","type-page","status-publish","has-post-thumbnail","hentry"],"acf":[],"_links":{"self":[{"href":"https:\/\/ifalpes.com\/fr\/wp-json\/wp\/v2\/pages\/21855","targetHints":{"allow":["GET"]}}],"collection":[{"href":"https:\/\/ifalpes.com\/fr\/wp-json\/wp\/v2\/pages"}],"about":[{"href":"https:\/\/ifalpes.com\/fr\/wp-json\/wp\/v2\/types\/page"}],"author":[{"embeddable":true,"href":"https:\/\/ifalpes.com\/fr\/wp-json\/wp\/v2\/users\/1"}],"replies":[{"embeddable":true,"href":"https:\/\/ifalpes.com\/fr\/wp-json\/wp\/v2\/comments?post=21855"}],"version-history":[{"count":3,"href":"https:\/\/ifalpes.com\/fr\/wp-json\/wp\/v2\/pages\/21855\/revisions"}],"predecessor-version":[{"id":26911,"href":"https:\/\/ifalpes.com\/fr\/wp-json\/wp\/v2\/pages\/21855\/revisions\/26911"}],"up":[{"embeddable":true,"href":"https:\/\/ifalpes.com\/fr\/wp-json\/wp\/v2\/pages\/21853"}],"wp:featuredmedia":[{"embeddable":true,"href":"https:\/\/ifalpes.com\/fr\/wp-json\/wp\/v2\/media\/21507"}],"wp:attachment":[{"href":"https:\/\/ifalpes.com\/fr\/wp-json\/wp\/v2\/media?parent=21855"}],"curies":[{"name":"wp","href":"https:\/\/api.w.org\/{rel}","templated":true}]}}