{"id":21853,"date":"2022-06-30T08:35:29","date_gmt":"2022-06-30T08:35:29","guid":{"rendered":"https:\/\/ifalpes.com\/info\/"},"modified":"2022-12-15T11:39:05","modified_gmt":"2022-12-15T11:39:05","slug":"info","status":"publish","type":"page","link":"https:\/\/ifalpes.com\/fr\/info\/","title":{"rendered":"Informations utiles"},"content":{"rendered":"\t\t<div data-elementor-type=\"wp-page\" data-elementor-id=\"21853\" class=\"elementor elementor-21853 elementor-150\" data-elementor-post-type=\"page\">\n\t\t\t\t\t\t<section class=\"elementor-section elementor-top-section elementor-element elementor-element-3acea75 elementor-section-boxed elementor-section-height-default elementor-section-height-default\" data-id=\"3acea75\" data-element_type=\"section\" data-e-type=\"section\">\n\t\t\t\t\t\t<div class=\"elementor-container elementor-column-gap-default\">\n\t\t\t\t\t<div class=\"elementor-column elementor-col-100 elementor-top-column elementor-element elementor-element-8e2473c\" data-id=\"8e2473c\" data-element_type=\"column\" data-e-type=\"column\">\n\t\t\t<div class=\"elementor-widget-wrap elementor-element-populated\">\n\t\t\t\t\t\t<div class=\"elementor-element elementor-element-cfff4af elementor-grid-3 elementor-grid-tablet-2 elementor-grid-mobile-1 elementor-posts--thumbnail-top elementor-card-shadow-yes elementor-posts__hover-gradient elementor-widget elementor-widget-posts\" data-id=\"cfff4af\" data-element_type=\"widget\" data-e-type=\"widget\" data-settings=\"{&quot;cards_columns&quot;:&quot;3&quot;,&quot;cards_columns_tablet&quot;:&quot;2&quot;,&quot;cards_columns_mobile&quot;:&quot;1&quot;,&quot;cards_row_gap&quot;:{&quot;unit&quot;:&quot;px&quot;,&quot;size&quot;:35,&quot;sizes&quot;:[]},&quot;cards_row_gap_tablet&quot;:{&quot;unit&quot;:&quot;px&quot;,&quot;size&quot;:&quot;&quot;,&quot;sizes&quot;:[]},&quot;cards_row_gap_mobile&quot;:{&quot;unit&quot;:&quot;px&quot;,&quot;size&quot;:&quot;&quot;,&quot;sizes&quot;:[]}}\" data-widget_type=\"posts.cards\">\n\t\t\t\t<div class=\"elementor-widget-container\">\n\t\t\t\t\t\t\t<div class=\"elementor-posts-container elementor-posts elementor-posts--skin-cards elementor-grid\" role=\"list\">\n\t\t\t\t<article class=\"elementor-post elementor-grid-item post-21851 page type-page status-publish has-post-thumbnail hentry\" role=\"listitem\">\n\t\t\t<div class=\"elementor-post__card\">\n\t\t\t\t<a class=\"elementor-post__thumbnail__link\" href=\"https:\/\/ifalpes.com\/fr\/info\/annecy\/\" tabindex=\"-1\"><div class=\"elementor-post__thumbnail\"><img fetchpriority=\"high\" decoding=\"async\" width=\"300\" height=\"200\" src=\"https:\/\/ifalpes.com\/wp-content\/uploads\/2022\/12\/D76A2022-300x200.jpg\" class=\"attachment-medium size-medium wp-image-21522\" alt=\"\" srcset=\"https:\/\/ifalpes.com\/wp-content\/uploads\/2022\/12\/D76A2022-300x200.jpg 300w, https:\/\/ifalpes.com\/wp-content\/uploads\/2022\/12\/D76A2022-1024x683.jpg 1024w, https:\/\/ifalpes.com\/wp-content\/uploads\/2022\/12\/D76A2022-768x512.jpg 768w, https:\/\/ifalpes.com\/wp-content\/uploads\/2022\/12\/D76A2022-1536x1025.jpg 1536w, https:\/\/ifalpes.com\/wp-content\/uploads\/2022\/12\/D76A2022.jpg 2048w\" sizes=\"(max-width: 300px) 100vw, 300px\" \/><\/div><\/a>\n\t\t\t\t<div class=\"elementor-post__text\">\n\t\t\t\t<h3 class=\"elementor-post__title\">\n\t\t\t<a href=\"https:\/\/ifalpes.com\/fr\/info\/annecy\/\">\n\t\t\t\tAnnecy\t\t\t<\/a>\n\t\t<\/h3>\n\t\t\t\t<div class=\"elementor-post__excerpt\">\n\t\t\t<p>https:\/\/youtu.be\/b0j68VUsrLo?si=o6wj0nVFgVXUFx4s Situ\u00e9e dans les Alpes, au bord d&rsquo;un lac entour\u00e9 de montagnes, Annecy est une ville charmante et active tout au long de l&rsquo;ann\u00e9e. Une ville historique Annecy est une ville historique, sa vieille ville et ses canaux (qui lui ont valu le surnom de Petite Venise des Alpes), et ses diff\u00e9rents monuments tels que le Palais d&rsquo;Isle, le ch\u00e2teau, la Basilique de la Visitation&#8230; attirent chaque ann\u00e9e des visiteurs du monde entier. Les montagnes Annecy est id\u00e9alement situ\u00e9e \u00e0 proximit\u00e9 des montagnes. En hiver, les stations de ski les plus proches (environ 1 heure de transport en commun) vous<\/p>\n\t\t<\/div>\n\t\t\n\t\t<a class=\"elementor-post__read-more\" href=\"https:\/\/ifalpes.com\/fr\/info\/annecy\/\" aria-label=\"En savoir plus sur Annecy\" tabindex=\"-1\">\n\t\t\tLire la suite\t\t<\/a>\n\n\t\t\t\t<\/div>\n\t\t\t\t\t<\/div>\n\t\t<\/article>\n\t\t\t\t<article class=\"elementor-post elementor-grid-item post-21855 page type-page status-publish has-post-thumbnail hentry\" role=\"listitem\">\n\t\t\t<div class=\"elementor-post__card\">\n\t\t\t\t<a class=\"elementor-post__thumbnail__link\" href=\"https:\/\/ifalpes.com\/fr\/info\/engagement-qualite\/\" tabindex=\"-1\"><div class=\"elementor-post__thumbnail\"><img decoding=\"async\" width=\"300\" height=\"200\" src=\"https:\/\/ifalpes.com\/wp-content\/uploads\/2022\/12\/9P7A9678-300x200.jpg\" class=\"attachment-medium size-medium wp-image-21507\" alt=\"\" srcset=\"https:\/\/ifalpes.com\/wp-content\/uploads\/2022\/12\/9P7A9678-300x200.jpg 300w, https:\/\/ifalpes.com\/wp-content\/uploads\/2022\/12\/9P7A9678-1024x683.jpg 1024w, https:\/\/ifalpes.com\/wp-content\/uploads\/2022\/12\/9P7A9678-768x512.jpg 768w, https:\/\/ifalpes.com\/wp-content\/uploads\/2022\/12\/9P7A9678-1536x1024.jpg 1536w, https:\/\/ifalpes.com\/wp-content\/uploads\/2022\/12\/9P7A9678.jpg 2048w\" sizes=\"(max-width: 300px) 100vw, 300px\" \/><\/div><\/a>\n\t\t\t\t<div class=\"elementor-post__text\">\n\t\t\t\t<h3 class=\"elementor-post__title\">\n\t\t\t<a href=\"https:\/\/ifalpes.com\/fr\/info\/engagement-qualite\/\">\n\t\t\t\tEngagement qualit\u00e9\t\t\t<\/a>\n\t\t<\/h3>\n\t\t\t\t<div class=\"elementor-post__excerpt\">\n\t\t\t<p>Une garantie de qualit\u00e9 Notre ambition est d&rsquo;aider nos \u00e9tudiants \u00e0 progresser dans leur connaissance de la langue fran\u00e7aise, en leur offrant un enseignement de qualit\u00e9. Nous nous engageons \u00e9galement \u00e0 leur faire d\u00e9couvrir la culture fran\u00e7aise et le patrimoine r\u00e9gional, le tout dans une ambiance conviviale. Nous attachons une grande importance \u00e0 l&rsquo;innovation p\u00e9dagogique, c&rsquo;est pourquoi nos professeurs suivent r\u00e9guli\u00e8rement des formations pour garantir un niveau d&rsquo;excellence \u00e0 IFALPES. Toute notre \u00e9quipe s&rsquo;efforce de rendre le s\u00e9jour des \u00e9tudiants le plus agr\u00e9able et le plus facile possible gr\u00e2ce \u00e0 une organisation claire et des outils num\u00e9riques performants. Notre \u00e9quipe<\/p>\n\t\t<\/div>\n\t\t\n\t\t<a class=\"elementor-post__read-more\" href=\"https:\/\/ifalpes.com\/fr\/info\/engagement-qualite\/\" aria-label=\"En savoir plus sur Engagement qualit\u00e9\" tabindex=\"-1\">\n\t\t\tLire la suite\t\t<\/a>\n\n\t\t\t\t<\/div>\n\t\t\t\t\t<\/div>\n\t\t<\/article>\n\t\t\t\t<article class=\"elementor-post elementor-grid-item post-21863 page type-page status-publish has-post-thumbnail hentry\" role=\"listitem\">\n\t\t\t<div class=\"elementor-post__card\">\n\t\t\t\t<a class=\"elementor-post__thumbnail__link\" href=\"https:\/\/ifalpes.com\/fr\/info\/voyage-a-ifalpes-annecy\/\" tabindex=\"-1\"><div class=\"elementor-post__thumbnail\"><img decoding=\"async\" width=\"300\" height=\"200\" src=\"https:\/\/ifalpes.com\/wp-content\/uploads\/2022\/11\/D76A0308-300x200.jpg\" class=\"attachment-medium size-medium wp-image-21234\" alt=\"\" srcset=\"https:\/\/ifalpes.com\/wp-content\/uploads\/2022\/11\/D76A0308-300x200.jpg 300w, https:\/\/ifalpes.com\/wp-content\/uploads\/2022\/11\/D76A0308-768x512.jpg 768w, https:\/\/ifalpes.com\/wp-content\/uploads\/2022\/11\/D76A0308.jpg 1000w\" sizes=\"(max-width: 300px) 100vw, 300px\" \/><\/div><\/a>\n\t\t\t\t<div class=\"elementor-post__text\">\n\t\t\t\t<h3 class=\"elementor-post__title\">\n\t\t\t<a href=\"https:\/\/ifalpes.com\/fr\/info\/voyage-a-ifalpes-annecy\/\">\n\t\t\t\tVenir \u00e0 IFALPES Annecy\t\t\t<\/a>\n\t\t<\/h3>\n\t\t\t\t<div class=\"elementor-post__excerpt\">\n\t\t\t<p>En Avion \u2013 2 A\u00e9roports Internationaux GENEVA\u00a0\u2013\u00a0GVA\u00a0(SWITZERLAND): L\u2019a\u00e9roport\u00a0 international de Gen\u00e8ve-Cointrin se situe \u00e0 44km. De\/\u00e0 l\u2019a\u00e9roport de Gen\u00e8ve : BUS : entre 1h30 et 2h de trajet FlixBus Blablabus BLABLACAR : https:\/\/www.blablacar.fr\/ TAXI : r\u00e9server un taxi avec Ifalpes (140\u20ac) info@ifalpes.com LYON\u00a0\u2013\u00a0LYS (FRANCE) L\u2019a\u00e9roport international Lyon Saint-Exup\u00e9ry. De\/\u00e0 l\u2019a\u00e9roport de Lyon : BUS : 2h environ FlixBus Blablabus TRAIN : https:\/\/www.sncf-connect.com\/ BLABLACAR :https:\/\/www.blablacar.fr\/ TAXI : r\u00e9server un taxi avec Ifalpes (310\u20ac) info@ifalpes.com En Bus Annecy poss\u00e8de une gare routi\u00e8re qui vous permet de rejoindre de nombreuses villes de la r\u00e9gion (Gen\u00e8ve, Lyon, Grenoble) et de France. Diff\u00e9rentes compagnies proposent<\/p>\n\t\t<\/div>\n\t\t\n\t\t<a class=\"elementor-post__read-more\" href=\"https:\/\/ifalpes.com\/fr\/info\/voyage-a-ifalpes-annecy\/\" aria-label=\"En savoir plus sur Venir \u00e0 IFALPES Annecy\" tabindex=\"-1\">\n\t\t\tLire la suite\t\t<\/a>\n\n\t\t\t\t<\/div>\n\t\t\t\t\t<\/div>\n\t\t<\/article>\n\t\t\t\t<\/div>\n\t\t\n\t\t\t\t\t\t<\/div>\n\t\t\t\t<\/div>\n\t\t\t\t\t<\/div>\n\t\t<\/div>\n\t\t\t\t\t<\/div>\n\t\t<\/section>\n\t\t\t\t<\/div>\n\t\t","protected":false},"excerpt":{"rendered":"","protected":false},"author":1,"featured_media":0,"parent":0,"menu_order":0,"comment_status":"closed","ping_status":"closed","template":"","meta":{"_acf_changed":false,"content-type":"","footnotes":""},"class_list":["post-21853","page","type-page","status-publish","hentry"],"acf":[],"_links":{"self":[{"href":"https:\/\/ifalpes.com\/fr\/wp-json\/wp\/v2\/pages\/21853","targetHints":{"allow":["GET"]}}],"collection":[{"href":"https:\/\/ifalpes.com\/fr\/wp-json\/wp\/v2\/pages"}],"about":[{"href":"https:\/\/ifalpes.com\/fr\/wp-json\/wp\/v2\/types\/page"}],"author":[{"embeddable":true,"href":"https:\/\/ifalpes.com\/fr\/wp-json\/wp\/v2\/users\/1"}],"replies":[{"embeddable":true,"href":"https:\/\/ifalpes.com\/fr\/wp-json\/wp\/v2\/comments?post=21853"}],"version-history":[{"count":1,"href":"https:\/\/ifalpes.com\/fr\/wp-json\/wp\/v2\/pages\/21853\/revisions"}],"predecessor-version":[{"id":21854,"href":"https:\/\/ifalpes.com\/fr\/wp-json\/wp\/v2\/pages\/21853\/revisions\/21854"}],"wp:attachment":[{"href":"https:\/\/ifalpes.com\/fr\/wp-json\/wp\/v2\/media?parent=21853"}],"curies":[{"name":"wp","href":"https:\/\/api.w.org\/{rel}","templated":true}]}}