{"id":21851,"date":"2022-06-30T08:35:50","date_gmt":"2022-06-30T08:35:50","guid":{"rendered":"https:\/\/ifalpes.com\/annecy\/"},"modified":"2025-10-30T13:37:03","modified_gmt":"2025-10-30T13:37:03","slug":"annecy","status":"publish","type":"page","link":"https:\/\/ifalpes.com\/fr\/info\/annecy\/","title":{"rendered":"Annecy"},"content":{"rendered":"\t\t<div data-elementor-type=\"wp-page\" data-elementor-id=\"21851\" class=\"elementor elementor-21851 elementor-152\" data-elementor-post-type=\"page\">\n\t\t\t\t\t\t<section class=\"elementor-section elementor-top-section elementor-element elementor-element-08f451d elementor-section-boxed elementor-section-height-default elementor-section-height-default\" data-id=\"08f451d\" data-element_type=\"section\" data-e-type=\"section\">\n\t\t\t\t\t\t<div class=\"elementor-container elementor-column-gap-default\">\n\t\t\t\t\t<div class=\"elementor-column elementor-col-100 elementor-top-column elementor-element elementor-element-1ff1a02\" data-id=\"1ff1a02\" data-element_type=\"column\" data-e-type=\"column\">\n\t\t\t<div class=\"elementor-widget-wrap elementor-element-populated\">\n\t\t\t\t\t\t<div class=\"elementor-element elementor-element-c5a6afe elementor-widget elementor-widget-video\" data-id=\"c5a6afe\" data-element_type=\"widget\" data-e-type=\"widget\" data-settings=\"{&quot;youtube_url&quot;:&quot;https:\\\/\\\/youtu.be\\\/b0j68VUsrLo?si=o6wj0nVFgVXUFx4s&quot;,&quot;autoplay&quot;:&quot;yes&quot;,&quot;play_on_mobile&quot;:&quot;yes&quot;,&quot;mute&quot;:&quot;yes&quot;,&quot;loop&quot;:&quot;yes&quot;,&quot;video_type&quot;:&quot;youtube&quot;}\" data-widget_type=\"video.default\">\n\t\t\t\t<div class=\"elementor-widget-container\">\n\t\t\t\t\t\t\t<div class=\"elementor-wrapper elementor-open-inline\">\n\t\t\t<div class=\"elementor-video\"><\/div>\t\t<\/div>\n\t\t\t\t\t\t<\/div>\n\t\t\t\t<\/div>\n\t\t\t\t<div class=\"elementor-element elementor-element-8e22bc5 elementor-widget elementor-widget-text-editor\" data-id=\"8e22bc5\" data-element_type=\"widget\" data-e-type=\"widget\" data-widget_type=\"text-editor.default\">\n\t\t\t\t<div class=\"elementor-widget-container\">\n\t\t\t\t\t\t\t\t\t<p>Situ\u00e9e dans les Alpes, au bord d&rsquo;un lac entour\u00e9 de montagnes, Annecy est une ville charmante et active tout au long de l&rsquo;ann\u00e9e.<\/p>\t\t\t\t\t\t\t\t<\/div>\n\t\t\t\t<\/div>\n\t\t\t\t\t<\/div>\n\t\t<\/div>\n\t\t\t\t\t<\/div>\n\t\t<\/section>\n\t\t\t\t<section class=\"elementor-section elementor-top-section elementor-element elementor-element-8950d93 elementor-section-boxed elementor-section-height-default elementor-section-height-default\" data-id=\"8950d93\" data-element_type=\"section\" data-e-type=\"section\">\n\t\t\t\t\t\t<div class=\"elementor-container elementor-column-gap-default\">\n\t\t\t\t\t<div class=\"elementor-column elementor-col-50 elementor-top-column elementor-element elementor-element-841494e\" data-id=\"841494e\" data-element_type=\"column\" data-e-type=\"column\">\n\t\t\t<div class=\"elementor-widget-wrap elementor-element-populated\">\n\t\t\t\t\t\t<div class=\"elementor-element elementor-element-b618319 elementor-widget elementor-widget-image\" data-id=\"b618319\" data-element_type=\"widget\" data-e-type=\"widget\" data-widget_type=\"image.default\">\n\t\t\t\t<div class=\"elementor-widget-container\">\n\t\t\t\t\t\t\t\t\t\t\t\t\t\t\t<img fetchpriority=\"high\" decoding=\"async\" width=\"800\" height=\"571\" src=\"https:\/\/ifalpes.com\/wp-content\/uploads\/2023\/05\/annecy2-1-1024x731.jpeg\" class=\"attachment-large size-large wp-image-22362\" alt=\"\" srcset=\"https:\/\/ifalpes.com\/wp-content\/uploads\/2023\/05\/annecy2-1-1024x731.jpeg 1024w, https:\/\/ifalpes.com\/wp-content\/uploads\/2023\/05\/annecy2-1-300x214.jpeg 300w, https:\/\/ifalpes.com\/wp-content\/uploads\/2023\/05\/annecy2-1-768x548.jpeg 768w, https:\/\/ifalpes.com\/wp-content\/uploads\/2023\/05\/annecy2-1.jpeg 1200w\" sizes=\"(max-width: 800px) 100vw, 800px\" \/>\t\t\t\t\t\t\t\t\t\t\t\t\t\t\t<\/div>\n\t\t\t\t<\/div>\n\t\t\t\t\t<\/div>\n\t\t<\/div>\n\t\t\t\t<div class=\"elementor-column elementor-col-50 elementor-top-column elementor-element elementor-element-c2fa2f5\" data-id=\"c2fa2f5\" data-element_type=\"column\" data-e-type=\"column\">\n\t\t\t<div class=\"elementor-widget-wrap elementor-element-populated\">\n\t\t\t\t\t\t<div class=\"elementor-element elementor-element-c036538 elementor-widget elementor-widget-heading\" data-id=\"c036538\" data-element_type=\"widget\" data-e-type=\"widget\" data-widget_type=\"heading.default\">\n\t\t\t\t<div class=\"elementor-widget-container\">\n\t\t\t\t\t<h2 class=\"elementor-heading-title elementor-size-default\">Une ville historique<\/h2>\t\t\t\t<\/div>\n\t\t\t\t<\/div>\n\t\t\t\t<div class=\"elementor-element elementor-element-cfb57da elementor-widget elementor-widget-text-editor\" data-id=\"cfb57da\" data-element_type=\"widget\" data-e-type=\"widget\" data-widget_type=\"text-editor.default\">\n\t\t\t\t<div class=\"elementor-widget-container\">\n\t\t\t\t\t\t\t\t\t<p>Annecy est une ville historique, sa vieille ville et ses canaux (qui lui ont valu le surnom de Petite Venise des Alpes), et ses diff\u00e9rents monuments tels que le Palais d&rsquo;Isle, le ch\u00e2teau, la Basilique de la Visitation&#8230; attirent chaque ann\u00e9e des visiteurs du monde entier.<\/p>\t\t\t\t\t\t\t\t<\/div>\n\t\t\t\t<\/div>\n\t\t\t\t\t<\/div>\n\t\t<\/div>\n\t\t\t\t\t<\/div>\n\t\t<\/section>\n\t\t\t\t<section class=\"elementor-section elementor-top-section elementor-element elementor-element-d36f695 elementor-section-boxed elementor-section-height-default elementor-section-height-default\" data-id=\"d36f695\" data-element_type=\"section\" data-e-type=\"section\">\n\t\t\t\t\t\t<div class=\"elementor-container elementor-column-gap-default\">\n\t\t\t\t\t<div class=\"elementor-column elementor-col-50 elementor-top-column elementor-element elementor-element-19f3f01\" data-id=\"19f3f01\" data-element_type=\"column\" data-e-type=\"column\">\n\t\t\t<div class=\"elementor-widget-wrap elementor-element-populated\">\n\t\t\t\t\t\t<div class=\"elementor-element elementor-element-00192b5 elementor-widget elementor-widget-heading\" data-id=\"00192b5\" data-element_type=\"widget\" data-e-type=\"widget\" data-widget_type=\"heading.default\">\n\t\t\t\t<div class=\"elementor-widget-container\">\n\t\t\t\t\t<h2 class=\"elementor-heading-title elementor-size-default\">Les montagnes<\/h2>\t\t\t\t<\/div>\n\t\t\t\t<\/div>\n\t\t\t\t<div class=\"elementor-element elementor-element-e68c46a elementor-widget elementor-widget-text-editor\" data-id=\"e68c46a\" data-element_type=\"widget\" data-e-type=\"widget\" data-widget_type=\"text-editor.default\">\n\t\t\t\t<div class=\"elementor-widget-container\">\n\t\t\t\t\t\t\t\t\t<p>Annecy est id\u00e9alement situ\u00e9e \u00e0 proximit\u00e9 des montagnes. En hiver, les stations de ski les plus proches (environ 1 heure de transport en commun) vous accueilleront pour skier, faire des raquettes ou simplement admirer la campagne enneig\u00e9e. En \u00e9t\u00e9, les amateurs de randonn\u00e9e seront combl\u00e9s, vous pourrez acc\u00e9der \u00e0 des itin\u00e9raires directement depuis Annecy dans la montagne du Semnoz et du Mont Veyrier.<\/p>\t\t\t\t\t\t\t\t<\/div>\n\t\t\t\t<\/div>\n\t\t\t\t\t<\/div>\n\t\t<\/div>\n\t\t\t\t<div class=\"elementor-column elementor-col-50 elementor-top-column elementor-element elementor-element-f732053\" data-id=\"f732053\" data-element_type=\"column\" data-e-type=\"column\">\n\t\t\t<div class=\"elementor-widget-wrap elementor-element-populated\">\n\t\t\t\t\t\t<div class=\"elementor-element elementor-element-0190cc4 elementor-widget elementor-widget-image\" data-id=\"0190cc4\" data-element_type=\"widget\" data-e-type=\"widget\" data-widget_type=\"image.default\">\n\t\t\t\t<div class=\"elementor-widget-container\">\n\t\t\t\t\t\t\t\t\t\t\t\t\t\t\t<img decoding=\"async\" width=\"800\" height=\"534\" src=\"https:\/\/ifalpes.com\/wp-content\/uploads\/2024\/02\/D76A1991.jpg\" class=\"attachment-large size-large wp-image-25714\" alt=\"\" srcset=\"https:\/\/ifalpes.com\/wp-content\/uploads\/2024\/02\/D76A1991.jpg 800w, https:\/\/ifalpes.com\/wp-content\/uploads\/2024\/02\/D76A1991-300x200.jpg 300w, https:\/\/ifalpes.com\/wp-content\/uploads\/2024\/02\/D76A1991-768x513.jpg 768w\" sizes=\"(max-width: 800px) 100vw, 800px\" \/>\t\t\t\t\t\t\t\t\t\t\t\t\t\t\t<\/div>\n\t\t\t\t<\/div>\n\t\t\t\t\t<\/div>\n\t\t<\/div>\n\t\t\t\t\t<\/div>\n\t\t<\/section>\n\t\t\t\t<section class=\"elementor-section elementor-top-section elementor-element elementor-element-8ba0980 elementor-section-boxed elementor-section-height-default elementor-section-height-default\" data-id=\"8ba0980\" data-element_type=\"section\" data-e-type=\"section\">\n\t\t\t\t\t\t<div class=\"elementor-container elementor-column-gap-default\">\n\t\t\t\t\t<div class=\"elementor-column elementor-col-50 elementor-top-column elementor-element elementor-element-5d49b13\" data-id=\"5d49b13\" data-element_type=\"column\" data-e-type=\"column\">\n\t\t\t<div class=\"elementor-widget-wrap elementor-element-populated\">\n\t\t\t\t\t\t<div class=\"elementor-element elementor-element-75d7bed elementor-widget elementor-widget-image\" data-id=\"75d7bed\" data-element_type=\"widget\" data-e-type=\"widget\" data-widget_type=\"image.default\">\n\t\t\t\t<div class=\"elementor-widget-container\">\n\t\t\t\t\t\t\t\t\t\t\t\t\t\t\t<img decoding=\"async\" width=\"800\" height=\"534\" src=\"https:\/\/ifalpes.com\/wp-content\/uploads\/2024\/09\/05_KLF_ANNECY_088_websize-1024x683.jpg\" class=\"attachment-large size-large wp-image-26603\" alt=\"\" srcset=\"https:\/\/ifalpes.com\/wp-content\/uploads\/2024\/09\/05_KLF_ANNECY_088_websize-1024x683.jpg 1024w, https:\/\/ifalpes.com\/wp-content\/uploads\/2024\/09\/05_KLF_ANNECY_088_websize-300x200.jpg 300w, https:\/\/ifalpes.com\/wp-content\/uploads\/2024\/09\/05_KLF_ANNECY_088_websize-768x512.jpg 768w, https:\/\/ifalpes.com\/wp-content\/uploads\/2024\/09\/05_KLF_ANNECY_088_websize-1536x1024.jpg 1536w, https:\/\/ifalpes.com\/wp-content\/uploads\/2024\/09\/05_KLF_ANNECY_088_websize.jpg 2048w\" sizes=\"(max-width: 800px) 100vw, 800px\" \/>\t\t\t\t\t\t\t\t\t\t\t\t\t\t\t<\/div>\n\t\t\t\t<\/div>\n\t\t\t\t\t<\/div>\n\t\t<\/div>\n\t\t\t\t<div class=\"elementor-column elementor-col-50 elementor-top-column elementor-element elementor-element-ad98a63\" data-id=\"ad98a63\" data-element_type=\"column\" data-e-type=\"column\">\n\t\t\t<div class=\"elementor-widget-wrap elementor-element-populated\">\n\t\t\t\t\t\t<div class=\"elementor-element elementor-element-8457e02 elementor-widget elementor-widget-heading\" data-id=\"8457e02\" data-element_type=\"widget\" data-e-type=\"widget\" data-widget_type=\"heading.default\">\n\t\t\t\t<div class=\"elementor-widget-container\">\n\t\t\t\t\t<h2 class=\"elementor-heading-title elementor-size-default\">Le lac<\/h2>\t\t\t\t<\/div>\n\t\t\t\t<\/div>\n\t\t\t\t<div class=\"elementor-element elementor-element-4421586 elementor-widget elementor-widget-text-editor\" data-id=\"4421586\" data-element_type=\"widget\" data-e-type=\"widget\" data-widget_type=\"text-editor.default\">\n\t\t\t\t<div class=\"elementor-widget-container\">\n\t\t\t\t\t\t\t\t\t<p>Impossible de parler d&rsquo;Annecy sans \u00e9voquer son lac. Vous pouvez facilement en faire le tour \u00e0 v\u00e9lo gr\u00e2ce \u00e0 la piste cyclable et vous arr\u00eater dans les diff\u00e9rentes plages et villages qui la bordent. En \u00e9t\u00e9, l&rsquo;eau atteint une temp\u00e9rature moyenne d&rsquo;environ 23\u00b0 C, ce qui est parfait pour se rafra\u00eechir apr\u00e8s les cours de fran\u00e7ais, par exemple. De nombreuses activit\u00e9s nautiques sont propos\u00e9es, que vous soyez sportif (kayak, paddle, wakeboard&#8230;) ou non (p\u00e9dalo, bateau sans permis, baignade&#8230;).<\/p>\t\t\t\t\t\t\t\t<\/div>\n\t\t\t\t<\/div>\n\t\t\t\t\t<\/div>\n\t\t<\/div>\n\t\t\t\t\t<\/div>\n\t\t<\/section>\n\t\t\t\t<section class=\"elementor-section elementor-top-section elementor-element elementor-element-ced9bcc elementor-section-boxed elementor-section-height-default elementor-section-height-default\" data-id=\"ced9bcc\" data-element_type=\"section\" data-e-type=\"section\">\n\t\t\t\t\t\t<div class=\"elementor-container elementor-column-gap-default\">\n\t\t\t\t\t<div class=\"elementor-column elementor-col-50 elementor-top-column elementor-element elementor-element-c66cb71\" data-id=\"c66cb71\" data-element_type=\"column\" data-e-type=\"column\">\n\t\t\t<div class=\"elementor-widget-wrap elementor-element-populated\">\n\t\t\t\t\t\t<div class=\"elementor-element elementor-element-54dbbe2 elementor-widget elementor-widget-heading\" data-id=\"54dbbe2\" data-element_type=\"widget\" data-e-type=\"widget\" data-widget_type=\"heading.default\">\n\t\t\t\t<div class=\"elementor-widget-container\">\n\t\t\t\t\t<h2 class=\"elementor-heading-title elementor-size-default\">Gastronomie<\/h2>\t\t\t\t<\/div>\n\t\t\t\t<\/div>\n\t\t\t\t<div class=\"elementor-element elementor-element-4e906fb elementor-widget elementor-widget-text-editor\" data-id=\"4e906fb\" data-element_type=\"widget\" data-e-type=\"widget\" data-widget_type=\"text-editor.default\">\n\t\t\t\t<div class=\"elementor-widget-container\">\n\t\t\t\t\t\t\t\t\t<p>Si vous aimez le fromage, Annecy est une destination id\u00e9ale pour vous ! En effet, la gastronomie locale utilise beaucoup de ces aliments dans sa cuisine. Parmi les plats les plus c\u00e9l\u00e8bres de la r\u00e9gion, vous trouverez la fameuse tartiflette, pr\u00e9par\u00e9e avec un fromage de la r\u00e9gion bien connue : <strong>le Reblochon<\/strong>. Bien entendu, vous trouverez \u00e9galement des plats traditionnels de montagne tels que la fondue et la raclette. Vous trouverez facilement ces plats (et d&rsquo;autres) dans les nombreux restaurants de la vieille ville.<\/p>\t\t\t\t\t\t\t\t<\/div>\n\t\t\t\t<\/div>\n\t\t\t\t\t<\/div>\n\t\t<\/div>\n\t\t\t\t<div class=\"elementor-column elementor-col-50 elementor-top-column elementor-element elementor-element-8517c1d\" data-id=\"8517c1d\" data-element_type=\"column\" data-e-type=\"column\">\n\t\t\t<div class=\"elementor-widget-wrap elementor-element-populated\">\n\t\t\t\t\t\t<div class=\"elementor-element elementor-element-d21858d elementor-widget elementor-widget-image\" data-id=\"d21858d\" data-element_type=\"widget\" data-e-type=\"widget\" data-widget_type=\"image.default\">\n\t\t\t\t<div class=\"elementor-widget-container\">\n\t\t\t\t\t\t\t\t\t\t\t\t\t\t\t<img loading=\"lazy\" decoding=\"async\" width=\"800\" height=\"534\" src=\"https:\/\/ifalpes.com\/wp-content\/uploads\/2024\/09\/05_KLF_ANNECY_394_websize-1024x683.jpg\" class=\"attachment-large size-large wp-image-26391\" alt=\"\" srcset=\"https:\/\/ifalpes.com\/wp-content\/uploads\/2024\/09\/05_KLF_ANNECY_394_websize-1024x683.jpg 1024w, https:\/\/ifalpes.com\/wp-content\/uploads\/2024\/09\/05_KLF_ANNECY_394_websize-300x200.jpg 300w, https:\/\/ifalpes.com\/wp-content\/uploads\/2024\/09\/05_KLF_ANNECY_394_websize-768x512.jpg 768w, https:\/\/ifalpes.com\/wp-content\/uploads\/2024\/09\/05_KLF_ANNECY_394_websize-1536x1024.jpg 1536w, https:\/\/ifalpes.com\/wp-content\/uploads\/2024\/09\/05_KLF_ANNECY_394_websize.jpg 2048w\" sizes=\"(max-width: 800px) 100vw, 800px\" \/>\t\t\t\t\t\t\t\t\t\t\t\t\t\t\t<\/div>\n\t\t\t\t<\/div>\n\t\t\t\t\t<\/div>\n\t\t<\/div>\n\t\t\t\t\t<\/div>\n\t\t<\/section>\n\t\t\t\t<section class=\"elementor-section elementor-top-section elementor-element elementor-element-03baae0 elementor-section-boxed elementor-section-height-default elementor-section-height-default\" data-id=\"03baae0\" data-element_type=\"section\" data-e-type=\"section\">\n\t\t\t\t\t\t<div class=\"elementor-container elementor-column-gap-default\">\n\t\t\t\t\t<div class=\"elementor-column elementor-col-50 elementor-top-column elementor-element elementor-element-9e2e7c0\" data-id=\"9e2e7c0\" data-element_type=\"column\" data-e-type=\"column\">\n\t\t\t<div class=\"elementor-widget-wrap elementor-element-populated\">\n\t\t\t\t\t\t<div class=\"elementor-element elementor-element-8cb07bd elementor-widget elementor-widget-image\" data-id=\"8cb07bd\" data-element_type=\"widget\" data-e-type=\"widget\" data-widget_type=\"image.default\">\n\t\t\t\t<div class=\"elementor-widget-container\">\n\t\t\t\t\t\t\t\t\t\t\t\t\t\t\t<img loading=\"lazy\" decoding=\"async\" width=\"800\" height=\"534\" src=\"https:\/\/ifalpes.com\/wp-content\/uploads\/2024\/09\/05_KLF_ANNECY_040_websize-1024x683.jpg\" class=\"attachment-large size-large wp-image-26619\" alt=\"\" srcset=\"https:\/\/ifalpes.com\/wp-content\/uploads\/2024\/09\/05_KLF_ANNECY_040_websize-1024x683.jpg 1024w, https:\/\/ifalpes.com\/wp-content\/uploads\/2024\/09\/05_KLF_ANNECY_040_websize-300x200.jpg 300w, https:\/\/ifalpes.com\/wp-content\/uploads\/2024\/09\/05_KLF_ANNECY_040_websize-768x512.jpg 768w, https:\/\/ifalpes.com\/wp-content\/uploads\/2024\/09\/05_KLF_ANNECY_040_websize-1536x1024.jpg 1536w, https:\/\/ifalpes.com\/wp-content\/uploads\/2024\/09\/05_KLF_ANNECY_040_websize.jpg 2048w\" sizes=\"(max-width: 800px) 100vw, 800px\" \/>\t\t\t\t\t\t\t\t\t\t\t\t\t\t\t<\/div>\n\t\t\t\t<\/div>\n\t\t\t\t\t<\/div>\n\t\t<\/div>\n\t\t\t\t<div class=\"elementor-column elementor-col-50 elementor-top-column elementor-element elementor-element-9929789\" data-id=\"9929789\" data-element_type=\"column\" data-e-type=\"column\">\n\t\t\t<div class=\"elementor-widget-wrap elementor-element-populated\">\n\t\t\t\t\t\t<div class=\"elementor-element elementor-element-6485981 elementor-widget elementor-widget-heading\" data-id=\"6485981\" data-element_type=\"widget\" data-e-type=\"widget\" data-widget_type=\"heading.default\">\n\t\t\t\t<div class=\"elementor-widget-container\">\n\t\t\t\t\t<h2 class=\"elementor-heading-title elementor-size-default\">Une ville culturelle<\/h2>\t\t\t\t<\/div>\n\t\t\t\t<\/div>\n\t\t\t\t<div class=\"elementor-element elementor-element-fa7bb2e elementor-widget elementor-widget-text-editor\" data-id=\"fa7bb2e\" data-element_type=\"widget\" data-e-type=\"widget\" data-widget_type=\"text-editor.default\">\n\t\t\t\t<div class=\"elementor-widget-container\">\n\t\t\t\t\t\t\t\t\t<p>Annecy dispose de nombreuses structures (th\u00e9\u00e2tres, salles de spectacles, cin\u00e9mas&#8230;) proposant des activit\u00e9s culturelles vari\u00e9es tout au long de l&rsquo;ann\u00e9e. La ville organise \u00e9galement divers \u00e9v\u00e9nements chaque ann\u00e9e, tels que le Carnaval v\u00e9nitien en mars, le Festival international du film d&rsquo;animation en juin, la F\u00eate du lac en ao\u00fbt, le Festival du film espagnol et italien en septembre&#8230;<\/p>\t\t\t\t\t\t\t\t<\/div>\n\t\t\t\t<\/div>\n\t\t\t\t\t<\/div>\n\t\t<\/div>\n\t\t\t\t\t<\/div>\n\t\t<\/section>\n\t\t\t\t<section class=\"elementor-section elementor-top-section elementor-element elementor-element-aa535fb elementor-section-boxed elementor-section-height-default elementor-section-height-default\" data-id=\"aa535fb\" data-element_type=\"section\" data-e-type=\"section\">\n\t\t\t\t\t\t<div class=\"elementor-container elementor-column-gap-default\">\n\t\t\t\t\t<div class=\"elementor-column elementor-col-100 elementor-top-column elementor-element elementor-element-f52ec95\" data-id=\"f52ec95\" data-element_type=\"column\" data-e-type=\"column\">\n\t\t\t<div class=\"elementor-widget-wrap elementor-element-populated\">\n\t\t\t\t\t\t<div class=\"elementor-element elementor-element-f08b078 elementor-arrows-position-inside elementor-pagination-position-outside elementor-widget elementor-widget-image-carousel\" data-id=\"f08b078\" data-element_type=\"widget\" data-e-type=\"widget\" data-settings=\"{&quot;slides_to_show&quot;:&quot;3&quot;,&quot;navigation&quot;:&quot;both&quot;,&quot;autoplay&quot;:&quot;yes&quot;,&quot;pause_on_hover&quot;:&quot;yes&quot;,&quot;pause_on_interaction&quot;:&quot;yes&quot;,&quot;autoplay_speed&quot;:5000,&quot;infinite&quot;:&quot;yes&quot;,&quot;speed&quot;:500}\" data-widget_type=\"image-carousel.default\">\n\t\t\t\t<div class=\"elementor-widget-container\">\n\t\t\t\t\t\t\t<div class=\"elementor-image-carousel-wrapper swiper\" role=\"region\" aria-roledescription=\"carousel\" aria-label=\"Image Carousel\" dir=\"ltr\">\n\t\t\t<div class=\"elementor-image-carousel swiper-wrapper\" aria-live=\"off\">\n\t\t\t\t\t\t\t\t<div class=\"swiper-slide\" role=\"group\" aria-roledescription=\"slide\" aria-label=\"1 sur 13\"><figure class=\"swiper-slide-inner\"><img decoding=\"async\" class=\"swiper-slide-image\" src=\"https:\/\/ifalpes.com\/wp-content\/uploads\/2024\/09\/05_KLF_ANNECY_407_websize-300x200.jpg\" alt=\"KLF 2024 Annecy\" \/><\/figure><\/div><div class=\"swiper-slide\" role=\"group\" aria-roledescription=\"slide\" aria-label=\"2 sur 13\"><figure class=\"swiper-slide-inner\"><img decoding=\"async\" class=\"swiper-slide-image\" src=\"https:\/\/ifalpes.com\/wp-content\/uploads\/2024\/09\/05_KLF_ANNECY_066_websize-300x200.jpg\" alt=\"KLF 2024 Annecy\" \/><\/figure><\/div><div class=\"swiper-slide\" role=\"group\" aria-roledescription=\"slide\" aria-label=\"3 sur 13\"><figure class=\"swiper-slide-inner\"><img decoding=\"async\" class=\"swiper-slide-image\" src=\"https:\/\/ifalpes.com\/wp-content\/uploads\/2024\/09\/05_KLF_ANNECY_022_websize-300x200.jpg\" alt=\"KLF 2024 Annecy\" \/><\/figure><\/div><div class=\"swiper-slide\" role=\"group\" aria-roledescription=\"slide\" aria-label=\"4 sur 13\"><figure class=\"swiper-slide-inner\"><img decoding=\"async\" class=\"swiper-slide-image\" src=\"https:\/\/ifalpes.com\/wp-content\/uploads\/2024\/09\/05_KLF_ANNECY_007_websize-300x200.jpg\" alt=\"KLF 2024 Annecy\" \/><\/figure><\/div><div class=\"swiper-slide\" role=\"group\" aria-roledescription=\"slide\" aria-label=\"5 sur 13\"><figure class=\"swiper-slide-inner\"><img decoding=\"async\" class=\"swiper-slide-image\" src=\"https:\/\/ifalpes.com\/wp-content\/uploads\/2024\/09\/05_KLF_ANNECY_062_websize-300x200.jpg\" alt=\"KLF 2024 Annecy\" \/><\/figure><\/div><div class=\"swiper-slide\" role=\"group\" aria-roledescription=\"slide\" aria-label=\"6 sur 13\"><figure class=\"swiper-slide-inner\"><img decoding=\"async\" class=\"swiper-slide-image\" src=\"https:\/\/ifalpes.com\/wp-content\/uploads\/2024\/09\/05_KLF_ANNECY_032_websize-300x200.jpg\" alt=\"KLF 2024 Annecy\" \/><\/figure><\/div><div class=\"swiper-slide\" role=\"group\" aria-roledescription=\"slide\" aria-label=\"7 sur 13\"><figure class=\"swiper-slide-inner\"><img decoding=\"async\" class=\"swiper-slide-image\" src=\"https:\/\/ifalpes.com\/wp-content\/uploads\/2024\/09\/05_KLF_ANNECY_074_websize-300x200.jpg\" alt=\"KLF 2024 Annecy\" \/><\/figure><\/div><div class=\"swiper-slide\" role=\"group\" aria-roledescription=\"slide\" aria-label=\"8 sur 13\"><figure class=\"swiper-slide-inner\"><img decoding=\"async\" class=\"swiper-slide-image\" src=\"https:\/\/ifalpes.com\/wp-content\/uploads\/2024\/09\/05_KLF_ANNECY_093_websize-300x200.jpg\" alt=\"KLF 2024 Annecy\" \/><\/figure><\/div><div class=\"swiper-slide\" role=\"group\" aria-roledescription=\"slide\" aria-label=\"9 sur 13\"><figure class=\"swiper-slide-inner\"><img decoding=\"async\" class=\"swiper-slide-image\" src=\"https:\/\/ifalpes.com\/wp-content\/uploads\/2024\/09\/05_KLF_ANNECY_086_websize-300x200.jpg\" alt=\"KLF 2024 Annecy\" \/><\/figure><\/div><div class=\"swiper-slide\" role=\"group\" aria-roledescription=\"slide\" aria-label=\"10 sur 13\"><figure class=\"swiper-slide-inner\"><img decoding=\"async\" class=\"swiper-slide-image\" src=\"https:\/\/ifalpes.com\/wp-content\/uploads\/2023\/07\/de-nuit-300x199.jpg\" alt=\"de nuit\" \/><\/figure><\/div><div class=\"swiper-slide\" role=\"group\" aria-roledescription=\"slide\" aria-label=\"11 sur 13\"><figure class=\"swiper-slide-inner\"><img decoding=\"async\" class=\"swiper-slide-image\" src=\"https:\/\/ifalpes.com\/wp-content\/uploads\/2023\/07\/PActivities-Lac-paddle-300x235.jpg\" alt=\"PActivities Lac paddle\" \/><\/figure><\/div><div class=\"swiper-slide\" role=\"group\" aria-roledescription=\"slide\" aria-label=\"12 sur 13\"><figure class=\"swiper-slide-inner\"><img decoding=\"async\" class=\"swiper-slide-image\" src=\"https:\/\/ifalpes.com\/wp-content\/uploads\/2023\/07\/Acyivities-off-piste-skier-300x178.jpg\" alt=\"Acyivities off piste skier\" \/><\/figure><\/div><div class=\"swiper-slide\" role=\"group\" aria-roledescription=\"slide\" aria-label=\"13 sur 13\"><figure class=\"swiper-slide-inner\"><img decoding=\"async\" class=\"swiper-slide-image\" src=\"https:\/\/ifalpes.com\/wp-content\/uploads\/2024\/09\/2-1466024-copie-300x200.jpg\" alt=\"Voile sur le lac d&#039;Annecy \u00e9t\u00e9 2010\" \/><\/figure><\/div>\t\t\t<\/div>\n\t\t\t\t\t\t\t\t\t\t\t\t<div class=\"elementor-swiper-button elementor-swiper-button-prev\" role=\"button\" tabindex=\"0\">\n\t\t\t\t\t\t<i aria-hidden=\"true\" class=\"eicon-chevron-left\"><\/i>\t\t\t\t\t<\/div>\n\t\t\t\t\t<div class=\"elementor-swiper-button elementor-swiper-button-next\" role=\"button\" tabindex=\"0\">\n\t\t\t\t\t\t<i aria-hidden=\"true\" class=\"eicon-chevron-right\"><\/i>\t\t\t\t\t<\/div>\n\t\t\t\t\n\t\t\t\t\t\t\t\t\t<div class=\"swiper-pagination\"><\/div>\n\t\t\t\t\t\t\t\t\t<\/div>\n\t\t\t\t\t\t<\/div>\n\t\t\t\t<\/div>\n\t\t\t\t\t<\/div>\n\t\t<\/div>\n\t\t\t\t\t<\/div>\n\t\t<\/section>\n\t\t\t\t<\/div>\n\t\t","protected":false},"excerpt":{"rendered":"<p>https:\/\/youtu.be\/b0j68VUsrLo?si=o6wj0nVFgVXUFx4s Situ\u00e9e dans les Alpes, au bord d&rsquo;un lac entour\u00e9 de montagnes, Annecy est une ville charmante et active tout au long de l&rsquo;ann\u00e9e. Une ville historique Annecy est une ville historique, sa vieille ville et ses canaux (qui lui ont valu le surnom de Petite Venise des Alpes), et ses diff\u00e9rents monuments tels que [&hellip;]<\/p>\n","protected":false},"author":1,"featured_media":21522,"parent":21853,"menu_order":0,"comment_status":"closed","ping_status":"closed","template":"","meta":{"_acf_changed":false,"content-type":"","footnotes":""},"class_list":["post-21851","page","type-page","status-publish","has-post-thumbnail","hentry"],"acf":[],"_links":{"self":[{"href":"https:\/\/ifalpes.com\/fr\/wp-json\/wp\/v2\/pages\/21851","targetHints":{"allow":["GET"]}}],"collection":[{"href":"https:\/\/ifalpes.com\/fr\/wp-json\/wp\/v2\/pages"}],"about":[{"href":"https:\/\/ifalpes.com\/fr\/wp-json\/wp\/v2\/types\/page"}],"author":[{"embeddable":true,"href":"https:\/\/ifalpes.com\/fr\/wp-json\/wp\/v2\/users\/1"}],"replies":[{"embeddable":true,"href":"https:\/\/ifalpes.com\/fr\/wp-json\/wp\/v2\/comments?post=21851"}],"version-history":[{"count":7,"href":"https:\/\/ifalpes.com\/fr\/wp-json\/wp\/v2\/pages\/21851\/revisions"}],"predecessor-version":[{"id":28723,"href":"https:\/\/ifalpes.com\/fr\/wp-json\/wp\/v2\/pages\/21851\/revisions\/28723"}],"up":[{"embeddable":true,"href":"https:\/\/ifalpes.com\/fr\/wp-json\/wp\/v2\/pages\/21853"}],"wp:featuredmedia":[{"embeddable":true,"href":"https:\/\/ifalpes.com\/fr\/wp-json\/wp\/v2\/media\/21522"}],"wp:attachment":[{"href":"https:\/\/ifalpes.com\/fr\/wp-json\/wp\/v2\/media?parent=21851"}],"curies":[{"name":"wp","href":"https:\/\/api.w.org\/{rel}","templated":true}]}}