{"id":21755,"date":"2022-06-30T08:31:03","date_gmt":"2022-06-30T08:31:03","guid":{"rendered":"https:\/\/ifalpes.com\/education\/outils\/"},"modified":"2024-10-16T08:15:15","modified_gmt":"2024-10-16T08:15:15","slug":"outils","status":"publish","type":"page","link":"https:\/\/ifalpes.com\/fr\/education\/outils\/","title":{"rendered":"Outils"},"content":{"rendered":"\t\t<div data-elementor-type=\"wp-page\" data-elementor-id=\"21755\" class=\"elementor elementor-21755 elementor-119\" data-elementor-post-type=\"page\">\n\t\t\t\t\t\t<section class=\"elementor-section elementor-top-section elementor-element elementor-element-8869133 elementor-section-boxed elementor-section-height-default elementor-section-height-default\" data-id=\"8869133\" data-element_type=\"section\" data-e-type=\"section\">\n\t\t\t\t\t\t<div class=\"elementor-container elementor-column-gap-default\">\n\t\t\t\t\t<div class=\"elementor-column elementor-col-100 elementor-top-column elementor-element elementor-element-9259240\" data-id=\"9259240\" data-element_type=\"column\" data-e-type=\"column\">\n\t\t\t<div class=\"elementor-widget-wrap elementor-element-populated\">\n\t\t\t\t\t\t<div class=\"elementor-element elementor-element-4676cb9 elementor-widget elementor-widget-heading\" data-id=\"4676cb9\" data-element_type=\"widget\" data-e-type=\"widget\" data-widget_type=\"heading.default\">\n\t\t\t\t<div class=\"elementor-widget-container\">\n\t\t\t\t\t<h2 class=\"elementor-heading-title elementor-size-default\">Outils p\u00e9dagogiques<\/h2>\t\t\t\t<\/div>\n\t\t\t\t<\/div>\n\t\t\t\t<div class=\"elementor-element elementor-element-24c3afe elementor-widget elementor-widget-text-editor\" data-id=\"24c3afe\" data-element_type=\"widget\" data-e-type=\"widget\" data-widget_type=\"text-editor.default\">\n\t\t\t\t<div class=\"elementor-widget-container\">\n\t\t\t\t\t\t\t\t\t<p>L&rsquo;\u00e9quipe p\u00e9dagogique d&rsquo;IFALPES d\u00e9veloppe son propre contenu de cours pour offrir des cours originaux, authentiques et actuels tout en respectant le Cadre Europ\u00e9en Commun de R\u00e9f\u00e9rence pour les langues.<\/p>\n<p>Pour en savoir plus<\/p>\n<p>Pour soutenir nos \u00e9tudiants dans leur apprentissage du fran\u00e7ais pendant et apr\u00e8s leur s\u00e9jour, IFALPES met \u00e0 leur disposition 2 aides exclusives :<\/p>\n\t\t\t\t\t\t\t\t<\/div>\n\t\t\t\t<\/div>\n\t\t\t\t\t<\/div>\n\t\t<\/div>\n\t\t\t\t\t<\/div>\n\t\t<\/section>\n\t\t\t\t<section class=\"elementor-section elementor-top-section elementor-element elementor-element-bcf13da elementor-section-boxed elementor-section-height-default elementor-section-height-default\" data-id=\"bcf13da\" data-element_type=\"section\" data-e-type=\"section\">\n\t\t\t\t\t\t<div class=\"elementor-container elementor-column-gap-default\">\n\t\t\t\t\t<div class=\"elementor-column elementor-col-50 elementor-top-column elementor-element elementor-element-fb6b58b\" data-id=\"fb6b58b\" data-element_type=\"column\" data-e-type=\"column\">\n\t\t\t<div class=\"elementor-widget-wrap elementor-element-populated\">\n\t\t\t\t\t\t<div class=\"elementor-element elementor-element-065f3b1 elementor-widget elementor-widget-image\" data-id=\"065f3b1\" data-element_type=\"widget\" data-e-type=\"widget\" data-widget_type=\"image.default\">\n\t\t\t\t<div class=\"elementor-widget-container\">\n\t\t\t\t\t\t\t\t\t\t\t\t\t\t\t<img fetchpriority=\"high\" decoding=\"async\" width=\"735\" height=\"1024\" src=\"https:\/\/ifalpes.com\/wp-content\/uploads\/2022\/12\/ROADBOOK_IFALPES_2122-735x1024.jpg\" class=\"attachment-large size-large wp-image-21444\" alt=\"\" srcset=\"https:\/\/ifalpes.com\/wp-content\/uploads\/2022\/12\/ROADBOOK_IFALPES_2122-735x1024.jpg 735w, https:\/\/ifalpes.com\/wp-content\/uploads\/2022\/12\/ROADBOOK_IFALPES_2122-215x300.jpg 215w, https:\/\/ifalpes.com\/wp-content\/uploads\/2022\/12\/ROADBOOK_IFALPES_2122-768x1069.jpg 768w, https:\/\/ifalpes.com\/wp-content\/uploads\/2022\/12\/ROADBOOK_IFALPES_2122-1103x1536.jpg 1103w, https:\/\/ifalpes.com\/wp-content\/uploads\/2022\/12\/ROADBOOK_IFALPES_2122-1471x2048.jpg 1471w, https:\/\/ifalpes.com\/wp-content\/uploads\/2022\/12\/ROADBOOK_IFALPES_2122-scaled.jpg 1839w\" sizes=\"(max-width: 735px) 100vw, 735px\" \/>\t\t\t\t\t\t\t\t\t\t\t\t\t\t\t<\/div>\n\t\t\t\t<\/div>\n\t\t\t\t<div class=\"elementor-element elementor-element-e8ecd44 elementor-widget elementor-widget-heading\" data-id=\"e8ecd44\" data-element_type=\"widget\" data-e-type=\"widget\" data-widget_type=\"heading.default\">\n\t\t\t\t<div class=\"elementor-widget-container\">\n\t\t\t\t\t<h3 class=\"elementor-heading-title elementor-size-default\">CARNET DE ROUTE IFALPES<\/h3>\t\t\t\t<\/div>\n\t\t\t\t<\/div>\n\t\t\t\t<div class=\"elementor-element elementor-element-7b455ef elementor-widget elementor-widget-text-editor\" data-id=\"7b455ef\" data-element_type=\"widget\" data-e-type=\"widget\" data-widget_type=\"text-editor.default\">\n\t\t\t\t<div class=\"elementor-widget-container\">\n\t\t\t\t\t\t\t\t\t<p>Il est distribu\u00e9 le premier jour de l&rsquo;arriv\u00e9e. Il offre une multitude d&rsquo;informations pratiques sur la vie \u00e0 Annecy et sur les lieux \u00e0 conna\u00eetre pour profiter pleinement de son s\u00e9jour (restaurants, culture, sports, nature&#8230;).<br \/>\nC&rsquo;est aussi un manuel de cours dans lequel les \u00e9l\u00e8ves trouveront des fiches de vocabulaire, des expressions utiles \u00e0 utiliser dans la vie de tous les jours (\u00e0 la gare, dans les magasins&#8230;), des fiches de synth\u00e8se grammaticale&#8230;..<\/p>\n<p>Le carnet de route a \u00e9t\u00e9 con\u00e7u comme un v\u00e9ritable guide offert \u00e0 nos \u00e9l\u00e8ves pour les aider \u00e0 se rep\u00e9rer et \u00e0 s&rsquo;int\u00e9grer plus facilement dans et hors de l&rsquo;\u00e9cole. Il est utilis\u00e9 r\u00e9guli\u00e8rement en classe et constitue un lien entre les classes et le monde ext\u00e9rieur.<\/p>\n\t\t\t\t\t\t\t\t<\/div>\n\t\t\t\t<\/div>\n\t\t\t\t\t<\/div>\n\t\t<\/div>\n\t\t\t\t<div class=\"elementor-column elementor-col-50 elementor-top-column elementor-element elementor-element-2e2b75b\" data-id=\"2e2b75b\" data-element_type=\"column\" data-e-type=\"column\">\n\t\t\t<div class=\"elementor-widget-wrap elementor-element-populated\">\n\t\t\t\t\t\t<div class=\"elementor-element elementor-element-7b5d374 elementor-widget elementor-widget-image\" data-id=\"7b5d374\" data-element_type=\"widget\" data-e-type=\"widget\" data-widget_type=\"image.default\">\n\t\t\t\t<div class=\"elementor-widget-container\">\n\t\t\t\t\t\t\t\t\t\t\t\t\t\t\t<img decoding=\"async\" width=\"800\" height=\"548\" src=\"https:\/\/ifalpes.com\/wp-content\/uploads\/2022\/12\/French-e-learning-plateform-LSF-1.png\" class=\"attachment-large size-large wp-image-21441\" alt=\"\" srcset=\"https:\/\/ifalpes.com\/wp-content\/uploads\/2022\/12\/French-e-learning-plateform-LSF-1.png 973w, https:\/\/ifalpes.com\/wp-content\/uploads\/2022\/12\/French-e-learning-plateform-LSF-1-300x205.png 300w, https:\/\/ifalpes.com\/wp-content\/uploads\/2022\/12\/French-e-learning-plateform-LSF-1-768x526.png 768w\" sizes=\"(max-width: 800px) 100vw, 800px\" \/>\t\t\t\t\t\t\t\t\t\t\t\t\t\t\t<\/div>\n\t\t\t\t<\/div>\n\t\t\t\t<div class=\"elementor-element elementor-element-dfbd811 elementor-widget elementor-widget-heading\" data-id=\"dfbd811\" data-element_type=\"widget\" data-e-type=\"widget\" data-widget_type=\"heading.default\">\n\t\t\t\t<div class=\"elementor-widget-container\">\n\t\t\t\t\t<h3 class=\"elementor-heading-title elementor-size-default\">E-LEARNING PLATFORM<br>FOR BEGINNERS<\/h3>\t\t\t\t<\/div>\n\t\t\t\t<\/div>\n\t\t\t\t<div class=\"elementor-element elementor-element-43dfd7c elementor-widget elementor-widget-text-editor\" data-id=\"43dfd7c\" data-element_type=\"widget\" data-e-type=\"widget\" data-widget_type=\"text-editor.default\">\n\t\t\t\t<div class=\"elementor-widget-container\">\n\t\t\t\t\t\t\t\t\t<p>Depuis plusieurs ann\u00e9es, notre groupe d&rsquo;\u00e9cole \u00e0 d\u00e9velopp\u00e9 une plateforme unique pour accompagner ses \u00e9l\u00e8ves dans leur apprentissage du Fran\u00e7ais. Cet outil est disponible sur ordinateurs, tablettes et smartphones.<\/p>\n<p>Vous trouverez sur cette plateforme des activit\u00e9s \u00e0 faire en auto-apprentissage pour optimiser votre s\u00e9jour (exercices autocorrectifs, fiches de grammaire et de vocabulaire, exercices de compr\u00e9hension orale et \u00e9crite&#8230;).<\/p>\n<p>Cette formation en auto-apprentissage pour les d\u00e9butants pour compl\u00e9ter vos cours de fran\u00e7ais comprend\u00a08 modules.<br \/>\nSoutien p\u00e9dagogique de votre professeur inclus.<br \/>\nTest de positionnement \u00e0 la fin du parcours.<\/p>\n<p>Vous pouvez \u00e9galement suivre des cours particuliers \u00e0 distance en visio avec vos professeurs.<\/p>\n\t\t\t\t\t\t\t\t<\/div>\n\t\t\t\t<\/div>\n\t\t\t\t\t<\/div>\n\t\t<\/div>\n\t\t\t\t\t<\/div>\n\t\t<\/section>\n\t\t\t\t<\/div>\n\t\t","protected":false},"excerpt":{"rendered":"<p>Outils p\u00e9dagogiques L&rsquo;\u00e9quipe p\u00e9dagogique d&rsquo;IFALPES d\u00e9veloppe son propre contenu de cours pour offrir des cours originaux, authentiques et actuels tout en respectant le Cadre Europ\u00e9en Commun de R\u00e9f\u00e9rence pour les langues. Pour en savoir plus Pour soutenir nos \u00e9tudiants dans leur apprentissage du fran\u00e7ais pendant et apr\u00e8s leur s\u00e9jour, IFALPES met \u00e0 leur disposition 2 [&hellip;]<\/p>\n","protected":false},"author":1,"featured_media":21501,"parent":21746,"menu_order":0,"comment_status":"closed","ping_status":"closed","template":"","meta":{"_acf_changed":false,"content-type":"","footnotes":""},"class_list":["post-21755","page","type-page","status-publish","has-post-thumbnail","hentry"],"acf":[],"_links":{"self":[{"href":"https:\/\/ifalpes.com\/fr\/wp-json\/wp\/v2\/pages\/21755","targetHints":{"allow":["GET"]}}],"collection":[{"href":"https:\/\/ifalpes.com\/fr\/wp-json\/wp\/v2\/pages"}],"about":[{"href":"https:\/\/ifalpes.com\/fr\/wp-json\/wp\/v2\/types\/page"}],"author":[{"embeddable":true,"href":"https:\/\/ifalpes.com\/fr\/wp-json\/wp\/v2\/users\/1"}],"replies":[{"embeddable":true,"href":"https:\/\/ifalpes.com\/fr\/wp-json\/wp\/v2\/comments?post=21755"}],"version-history":[{"count":3,"href":"https:\/\/ifalpes.com\/fr\/wp-json\/wp\/v2\/pages\/21755\/revisions"}],"predecessor-version":[{"id":27387,"href":"https:\/\/ifalpes.com\/fr\/wp-json\/wp\/v2\/pages\/21755\/revisions\/27387"}],"up":[{"embeddable":true,"href":"https:\/\/ifalpes.com\/fr\/wp-json\/wp\/v2\/pages\/21746"}],"wp:featuredmedia":[{"embeddable":true,"href":"https:\/\/ifalpes.com\/fr\/wp-json\/wp\/v2\/media\/21501"}],"wp:attachment":[{"href":"https:\/\/ifalpes.com\/fr\/wp-json\/wp\/v2\/media?parent=21755"}],"curies":[{"name":"wp","href":"https:\/\/api.w.org\/{rel}","templated":true}]}}