{"id":21750,"date":"2022-06-30T08:31:23","date_gmt":"2022-06-30T08:31:23","guid":{"rendered":"https:\/\/ifalpes.com\/education\/methodologie\/"},"modified":"2024-09-04T13:32:11","modified_gmt":"2024-09-04T13:32:11","slug":"methodologie","status":"publish","type":"page","link":"https:\/\/ifalpes.com\/fr\/education\/methodologie\/","title":{"rendered":"M\u00e9thodologie"},"content":{"rendered":"\t\t<div data-elementor-type=\"wp-page\" data-elementor-id=\"21750\" class=\"elementor elementor-21750 elementor-121\" data-elementor-post-type=\"page\">\n\t\t\t\t\t\t<section class=\"elementor-section elementor-top-section elementor-element elementor-element-bf98967 elementor-section-boxed elementor-section-height-default elementor-section-height-default\" data-id=\"bf98967\" data-element_type=\"section\" data-e-type=\"section\">\n\t\t\t\t\t\t<div class=\"elementor-container elementor-column-gap-default\">\n\t\t\t\t\t<div class=\"elementor-column elementor-col-100 elementor-top-column elementor-element elementor-element-255b102\" data-id=\"255b102\" data-element_type=\"column\" data-e-type=\"column\">\n\t\t\t<div class=\"elementor-widget-wrap elementor-element-populated\">\n\t\t\t\t\t\t<div class=\"elementor-element elementor-element-a978f00 elementor-widget elementor-widget-heading\" data-id=\"a978f00\" data-element_type=\"widget\" data-e-type=\"widget\" data-widget_type=\"heading.default\">\n\t\t\t\t<div class=\"elementor-widget-container\">\n\t\t\t\t\t<h2 class=\"elementor-heading-title elementor-size-default\">M\u00e9thodologie p\u00e9dagogique d'IFALPES<\/h2>\t\t\t\t<\/div>\n\t\t\t\t<\/div>\n\t\t\t\t<div class=\"elementor-element elementor-element-d6c556b elementor-widget elementor-widget-text-editor\" data-id=\"d6c556b\" data-element_type=\"widget\" data-e-type=\"widget\" data-widget_type=\"text-editor.default\">\n\t\t\t\t<div class=\"elementor-widget-container\">\n\t\t\t\t\t\t\t\t\tIFALPES a une grande exp\u00e9rience de l&rsquo;enseignement du fran\u00e7ais langue \u00e9trang\u00e8re et privil\u00e9gie une approche communicative afin que ses \u00e9tudiants apprennent \u00e0 communiquer efficacement dans des situations concr\u00e8tes de la vie quotidienne.\r\n\r\nIFALPES favorise l&rsquo;apprentissage du fran\u00e7ais par une approche communicative. Dans les classes, les enseignants travaillent la grammaire, le vocabulaire et la phon\u00e9tique tout en donnant aux \u00e9tudiants l&rsquo;occasion de communiquer en fran\u00e7ais, dans des situations de la vie quotidienne, \u00e0 l&rsquo;oral comme \u00e0 l&rsquo;\u00e9crit.\r\n\r\nIFALPES encourage \u00e9galement une approche active et participative. Dans la classe, l&rsquo;\u00e9l\u00e8ve joue un r\u00f4le actif et les \u00e9changes entre \u00e9l\u00e8ves doivent \u00eatre au c\u0153ur de l&rsquo;apprentissage. En tant que leader, le r\u00f4le de l&rsquo;enseignant est de motiver et d&rsquo;encourager les gens \u00e0 s&rsquo;exprimer.\r\n\r\nPar ailleurs, IFALPES recommande une approche par objectifs. Les enseignants doivent organiser leurs cours autour d&rsquo;objectifs linguistiques et communicatifs. Ils doivent mettre en place des proc\u00e9dures d&rsquo;\u00e9valuation pour s&rsquo;assurer que les objectifs sont atteints et doivent pr\u00e9voir, si n\u00e9cessaire, des activit\u00e9s de r\u00e9vision. Apr\u00e8s avoir \u00e9t\u00e9 test\u00e9, chaque \u00e9l\u00e8ve est \u00e9valu\u00e9 \u00e0 la fin de la semaine pour mesurer ses progr\u00e8s.\r\n\r\nDans les groupes IFALPES, de nombreuses nationalit\u00e9s coexistent. Cette diversit\u00e9 est une richesse que les enseignants mettent \u00e0 profit en travaillant sur les \u00e9changes entre les cultures.\r\n\r\nEnfin, IFALPES d\u00e9veloppe ses progressions, ses programmes et ses outils d&rsquo;\u00e9valuation \u00e0 partir des 6 niveaux du CECRL (A1 &#8211; A2 &#8211; B1 &#8211; B2 &#8211; C1 &#8211; C2).\t\t\t\t\t\t\t\t<\/div>\n\t\t\t\t<\/div>\n\t\t\t\t\t<\/div>\n\t\t<\/div>\n\t\t\t\t\t<\/div>\n\t\t<\/section>\n\t\t\t\t<section class=\"elementor-section elementor-top-section elementor-element elementor-element-ff1f24c elementor-section-boxed elementor-section-height-default elementor-section-height-default\" data-id=\"ff1f24c\" data-element_type=\"section\" data-e-type=\"section\">\n\t\t\t\t\t\t<div class=\"elementor-container elementor-column-gap-default\">\n\t\t\t\t\t<div class=\"elementor-column elementor-col-33 elementor-top-column elementor-element elementor-element-cc4b2ac\" data-id=\"cc4b2ac\" data-element_type=\"column\" data-e-type=\"column\">\n\t\t\t<div class=\"elementor-widget-wrap elementor-element-populated\">\n\t\t\t\t\t\t<div class=\"elementor-element elementor-element-56bdc2f elementor-widget elementor-widget-image\" data-id=\"56bdc2f\" data-element_type=\"widget\" data-e-type=\"widget\" data-widget_type=\"image.default\">\n\t\t\t\t<div class=\"elementor-widget-container\">\n\t\t\t\t\t\t\t\t\t\t\t\t\t\t\t<img fetchpriority=\"high\" decoding=\"async\" width=\"800\" height=\"534\" src=\"https:\/\/ifalpes.com\/wp-content\/uploads\/2024\/09\/05_KLF_ANNECY_216_websize-1024x683.jpg\" class=\"attachment-large size-large wp-image-26507\" alt=\"\" srcset=\"https:\/\/ifalpes.com\/wp-content\/uploads\/2024\/09\/05_KLF_ANNECY_216_websize-1024x683.jpg 1024w, https:\/\/ifalpes.com\/wp-content\/uploads\/2024\/09\/05_KLF_ANNECY_216_websize-300x200.jpg 300w, https:\/\/ifalpes.com\/wp-content\/uploads\/2024\/09\/05_KLF_ANNECY_216_websize-768x512.jpg 768w, https:\/\/ifalpes.com\/wp-content\/uploads\/2024\/09\/05_KLF_ANNECY_216_websize-1536x1024.jpg 1536w, https:\/\/ifalpes.com\/wp-content\/uploads\/2024\/09\/05_KLF_ANNECY_216_websize.jpg 2048w\" sizes=\"(max-width: 800px) 100vw, 800px\" \/>\t\t\t\t\t\t\t\t\t\t\t\t\t\t\t<\/div>\n\t\t\t\t<\/div>\n\t\t\t\t<div class=\"elementor-element elementor-element-5e9534a elementor-widget elementor-widget-image\" data-id=\"5e9534a\" data-element_type=\"widget\" data-e-type=\"widget\" data-widget_type=\"image.default\">\n\t\t\t\t<div class=\"elementor-widget-container\">\n\t\t\t\t\t\t\t\t\t\t\t\t\t\t\t<img decoding=\"async\" width=\"800\" height=\"534\" src=\"https:\/\/ifalpes.com\/wp-content\/uploads\/2024\/09\/05_KLF_ANNECY_237_websize-1024x683.jpg\" class=\"attachment-large size-large wp-image-26467\" alt=\"\" srcset=\"https:\/\/ifalpes.com\/wp-content\/uploads\/2024\/09\/05_KLF_ANNECY_237_websize-1024x683.jpg 1024w, https:\/\/ifalpes.com\/wp-content\/uploads\/2024\/09\/05_KLF_ANNECY_237_websize-300x200.jpg 300w, https:\/\/ifalpes.com\/wp-content\/uploads\/2024\/09\/05_KLF_ANNECY_237_websize-768x512.jpg 768w, https:\/\/ifalpes.com\/wp-content\/uploads\/2024\/09\/05_KLF_ANNECY_237_websize-1536x1024.jpg 1536w, https:\/\/ifalpes.com\/wp-content\/uploads\/2024\/09\/05_KLF_ANNECY_237_websize.jpg 2048w\" sizes=\"(max-width: 800px) 100vw, 800px\" \/>\t\t\t\t\t\t\t\t\t\t\t\t\t\t\t<\/div>\n\t\t\t\t<\/div>\n\t\t\t\t\t<\/div>\n\t\t<\/div>\n\t\t\t\t<div class=\"elementor-column elementor-col-33 elementor-top-column elementor-element elementor-element-0fc1a36\" data-id=\"0fc1a36\" data-element_type=\"column\" data-e-type=\"column\">\n\t\t\t<div class=\"elementor-widget-wrap elementor-element-populated\">\n\t\t\t\t\t\t<div class=\"elementor-element elementor-element-4159fd4 elementor-widget elementor-widget-image\" data-id=\"4159fd4\" data-element_type=\"widget\" data-e-type=\"widget\" data-widget_type=\"image.default\">\n\t\t\t\t<div class=\"elementor-widget-container\">\n\t\t\t\t\t\t\t\t\t\t\t\t\t\t\t<img decoding=\"async\" width=\"683\" height=\"1024\" src=\"https:\/\/ifalpes.com\/wp-content\/uploads\/2024\/09\/05_KLF_ANNECY_231_websize-683x1024.jpg\" class=\"attachment-large size-large wp-image-26475\" alt=\"\" srcset=\"https:\/\/ifalpes.com\/wp-content\/uploads\/2024\/09\/05_KLF_ANNECY_231_websize-683x1024.jpg 683w, https:\/\/ifalpes.com\/wp-content\/uploads\/2024\/09\/05_KLF_ANNECY_231_websize-200x300.jpg 200w, https:\/\/ifalpes.com\/wp-content\/uploads\/2024\/09\/05_KLF_ANNECY_231_websize-768x1152.jpg 768w, https:\/\/ifalpes.com\/wp-content\/uploads\/2024\/09\/05_KLF_ANNECY_231_websize-1024x1536.jpg 1024w, https:\/\/ifalpes.com\/wp-content\/uploads\/2024\/09\/05_KLF_ANNECY_231_websize.jpg 1365w\" sizes=\"(max-width: 683px) 100vw, 683px\" \/>\t\t\t\t\t\t\t\t\t\t\t\t\t\t\t<\/div>\n\t\t\t\t<\/div>\n\t\t\t\t\t<\/div>\n\t\t<\/div>\n\t\t\t\t<div class=\"elementor-column elementor-col-33 elementor-top-column elementor-element elementor-element-159dc53\" data-id=\"159dc53\" data-element_type=\"column\" data-e-type=\"column\">\n\t\t\t<div class=\"elementor-widget-wrap elementor-element-populated\">\n\t\t\t\t\t\t<div class=\"elementor-element elementor-element-084b4c4 elementor-widget elementor-widget-image\" data-id=\"084b4c4\" data-element_type=\"widget\" data-e-type=\"widget\" data-widget_type=\"image.default\">\n\t\t\t\t<div class=\"elementor-widget-container\">\n\t\t\t\t\t\t\t\t\t\t\t\t\t\t\t<img loading=\"lazy\" decoding=\"async\" width=\"800\" height=\"534\" src=\"https:\/\/ifalpes.com\/wp-content\/uploads\/2024\/09\/05_KLF_ANNECY_227_websize-1024x683.jpg\" class=\"attachment-large size-large wp-image-26483\" alt=\"\" srcset=\"https:\/\/ifalpes.com\/wp-content\/uploads\/2024\/09\/05_KLF_ANNECY_227_websize-1024x683.jpg 1024w, https:\/\/ifalpes.com\/wp-content\/uploads\/2024\/09\/05_KLF_ANNECY_227_websize-300x200.jpg 300w, https:\/\/ifalpes.com\/wp-content\/uploads\/2024\/09\/05_KLF_ANNECY_227_websize-768x512.jpg 768w, https:\/\/ifalpes.com\/wp-content\/uploads\/2024\/09\/05_KLF_ANNECY_227_websize-1536x1024.jpg 1536w, https:\/\/ifalpes.com\/wp-content\/uploads\/2024\/09\/05_KLF_ANNECY_227_websize.jpg 2048w\" sizes=\"(max-width: 800px) 100vw, 800px\" \/>\t\t\t\t\t\t\t\t\t\t\t\t\t\t\t<\/div>\n\t\t\t\t<\/div>\n\t\t\t\t<div class=\"elementor-element elementor-element-3f04ec8 elementor-widget elementor-widget-image\" data-id=\"3f04ec8\" data-element_type=\"widget\" data-e-type=\"widget\" data-widget_type=\"image.default\">\n\t\t\t\t<div class=\"elementor-widget-container\">\n\t\t\t\t\t\t\t\t\t\t\t\t\t\t\t<img loading=\"lazy\" decoding=\"async\" width=\"800\" height=\"534\" src=\"https:\/\/ifalpes.com\/wp-content\/uploads\/2024\/09\/05_KLF_ANNECY_190_websize-1024x683.jpg\" class=\"attachment-large size-large wp-image-26539\" alt=\"\" srcset=\"https:\/\/ifalpes.com\/wp-content\/uploads\/2024\/09\/05_KLF_ANNECY_190_websize-1024x683.jpg 1024w, https:\/\/ifalpes.com\/wp-content\/uploads\/2024\/09\/05_KLF_ANNECY_190_websize-300x200.jpg 300w, https:\/\/ifalpes.com\/wp-content\/uploads\/2024\/09\/05_KLF_ANNECY_190_websize-768x512.jpg 768w, https:\/\/ifalpes.com\/wp-content\/uploads\/2024\/09\/05_KLF_ANNECY_190_websize-1536x1024.jpg 1536w, https:\/\/ifalpes.com\/wp-content\/uploads\/2024\/09\/05_KLF_ANNECY_190_websize.jpg 2048w\" sizes=\"(max-width: 800px) 100vw, 800px\" \/>\t\t\t\t\t\t\t\t\t\t\t\t\t\t\t<\/div>\n\t\t\t\t<\/div>\n\t\t\t\t\t<\/div>\n\t\t<\/div>\n\t\t\t\t\t<\/div>\n\t\t<\/section>\n\t\t\t\t<section class=\"elementor-section elementor-top-section elementor-element elementor-element-8654efc elementor-section-boxed elementor-section-height-default elementor-section-height-default\" data-id=\"8654efc\" data-element_type=\"section\" data-e-type=\"section\">\n\t\t\t\t\t\t<div class=\"elementor-container elementor-column-gap-default\">\n\t\t\t\t\t<div class=\"elementor-column elementor-col-100 elementor-top-column elementor-element elementor-element-3c2fbbf\" data-id=\"3c2fbbf\" data-element_type=\"column\" data-e-type=\"column\">\n\t\t\t<div class=\"elementor-widget-wrap elementor-element-populated\">\n\t\t\t\t\t\t<div class=\"elementor-element elementor-element-5c379dc elementor-widget elementor-widget-heading\" data-id=\"5c379dc\" data-element_type=\"widget\" data-e-type=\"widget\" data-widget_type=\"heading.default\">\n\t\t\t\t<div class=\"elementor-widget-container\">\n\t\t\t\t\t<h2 class=\"elementor-heading-title elementor-size-default\">Quel programme pour les cours de fran\u00e7ais g\u00e9n\u00e9ral ?<\/h2>\t\t\t\t<\/div>\n\t\t\t\t<\/div>\n\t\t\t\t<div class=\"elementor-element elementor-element-eec7ab1 elementor-widget elementor-widget-text-editor\" data-id=\"eec7ab1\" data-element_type=\"widget\" data-e-type=\"widget\" data-widget_type=\"text-editor.default\">\n\t\t\t\t<div class=\"elementor-widget-container\">\n\t\t\t\t\t\t\t\t\t<p><span style=\"font-weight: 400;\">Il y a 7 programmes diff\u00e9rents pour chaque niveau :<\/span><\/p>\n<ul>\n<li style=\"font-weight: 400;\" aria-level=\"1\"><span style=\"font-weight: 400;\">A1.1 (A0) : programme de 2 semaines<\/span><\/li>\n<li style=\"font-weight: 400;\" aria-level=\"1\"><span style=\"font-weight: 400;\">A1, A2, B1, B2 : programme de 8 semaines<\/span><\/li>\n<li style=\"font-weight: 400;\" aria-level=\"1\"><span style=\"font-weight: 400;\">C1\/C2 : programme de 16 semaines<\/span><\/li>\n<\/ul>\n<p><span style=\"font-weight: 400;\">Chacun des 7 programmes propose un travail en communication, grammaire et vocabulaire<\/span><\/p>\n<p><span style=\"font-weight: 400;\">En \u00ab Communication \u00bb et \u00ab Grammaire \u00bb, des objectifs sont propos\u00e9s chaque semaine pour chaque niveau.<\/span><\/p>\n<p><span style=\"font-weight: 400;\">Le professeur adapte son enseignement en fonction des connaissances pr\u00e9alables individuelles et collectives des participants du groupe sur la semaine.\u00a0<\/span><\/p>\n<p><span style=\"font-weight: 400;\">Pour la rubrique \u00ab Vocabulaire \u00bb, 2 th\u00e8mes sont propos\u00e9s par semaine. Le professeur s\u00e9lectionne un th\u00e8me \u00e0 travailler de mani\u00e8re approfondie.\u00a0<\/span><\/p>\n<p><span style=\"font-weight: 400;\">Tout au long de la semaine, les \u00e9tudiants travaillent sur les quatre comp\u00e9tences\u00a0: production orale et \u00e9crite, compr\u00e9hension orale et \u00e9crite.\u00a0\u00a0<\/span><\/p>\n<p><span style=\"font-weight: 400;\">Les professeurs sont libres de pr\u00e9parer et proposer les moyens p\u00e9dagogiques qu\u2019ils souhaitent pour atteindre efficacement les objectifs du programme.\u00a0<\/span><\/p>\n<p><span style=\"font-weight: 400;\">Des \u00e9valuations en continue (exercices, tests en auto-\u00e9valuation, \u00e9changes avec le professeur et les \u00e9tudiants\u2026 permettent de faire le point sur les acquis et de proposer si besoin des activit\u00e9s de rem\u00e9diation.\u00a0<\/span><\/p>\n<p><span style=\"font-weight: 400;\">Nous proposons un enseignement dynamique participatif et convivial \u00e0 travers des activit\u00e9s de mises en situations concr\u00e8tes.<\/span><\/p>\n<p><span style=\"font-weight: 400;\">Exemple d\u2019activit\u00e9 en classe :<\/span><\/p>\n<ul>\n<li style=\"font-weight: 400;\" aria-level=\"1\"><span style=\"font-weight: 400;\">A1\u00a0: pour apprendre \u00e0 commander au restaurant, le professeur propose un jeu de r\u00f4le. Le professeur joue le r\u00f4le du serveur, l\u2019\u00e9tudiant celui du client.<\/span><\/li>\n<\/ul>\n<p>&nbsp;<\/p>\n<ul>\n<li style=\"font-weight: 400;\" aria-level=\"1\"><span style=\"font-weight: 400;\">A2\u00a0: \u00ab\u00a0le jeu des affirmation\u00a0\u00bb chaque \u00e9tudiant donne trois affirmations le concernant, deux vrais et une fausse. A l\u2019aide de questions, les autres \u00e9tudiants doivent trouver la fausse.\u00a0<\/span><\/li>\n<\/ul>\n<p>&nbsp;<\/p>\n<ul>\n<li style=\"font-weight: 400;\" aria-level=\"1\"><span style=\"font-weight: 400;\">B1\/B2\u00a0:\u00a0 pour travailler sur l\u2019opinion, le professeur propose une mise en situation concr\u00e8te\u00a0: dans une entreprise certains employ\u00e9s demandent la cr\u00e9ation d\u2019une salle fumeur alors que d\u2019autres sont oppos\u00e9s \u00e0 cette id\u00e9e. A l\u2019issu du d\u00e9bat, une solution collective doit \u00eatre trouv\u00e9e.\u00a0<\/span><\/li>\n<\/ul>\n\t\t\t\t\t\t\t\t<\/div>\n\t\t\t\t<\/div>\n\t\t\t\t\t<\/div>\n\t\t<\/div>\n\t\t\t\t\t<\/div>\n\t\t<\/section>\n\t\t\t\t<section class=\"elementor-section elementor-top-section elementor-element elementor-element-6935eea elementor-section-full_width elementor-section-height-default elementor-section-height-default\" data-id=\"6935eea\" data-element_type=\"section\" data-e-type=\"section\">\n\t\t\t\t\t\t<div class=\"elementor-container elementor-column-gap-default\">\n\t\t\t\t\t<div class=\"elementor-column elementor-col-33 elementor-top-column elementor-element elementor-element-596766e\" data-id=\"596766e\" data-element_type=\"column\" data-e-type=\"column\">\n\t\t\t<div class=\"elementor-widget-wrap\">\n\t\t\t\t\t\t\t<\/div>\n\t\t<\/div>\n\t\t\t\t<div class=\"elementor-column elementor-col-33 elementor-top-column elementor-element elementor-element-65e51cf\" data-id=\"65e51cf\" data-element_type=\"column\" data-e-type=\"column\">\n\t\t\t<div class=\"elementor-widget-wrap elementor-element-populated\">\n\t\t\t\t\t\t<div class=\"elementor-element elementor-element-aaf1a50 elementor-arrows-position-outside elementor-pagination-position-outside elementor-widget elementor-widget-image-carousel\" data-id=\"aaf1a50\" data-element_type=\"widget\" data-e-type=\"widget\" data-settings=\"{&quot;slides_to_show&quot;:&quot;1&quot;,&quot;navigation&quot;:&quot;both&quot;,&quot;autoplay&quot;:&quot;yes&quot;,&quot;pause_on_hover&quot;:&quot;yes&quot;,&quot;pause_on_interaction&quot;:&quot;yes&quot;,&quot;autoplay_speed&quot;:5000,&quot;infinite&quot;:&quot;yes&quot;,&quot;effect&quot;:&quot;slide&quot;,&quot;speed&quot;:500}\" data-widget_type=\"image-carousel.default\">\n\t\t\t\t<div class=\"elementor-widget-container\">\n\t\t\t\t\t\t\t<div class=\"elementor-image-carousel-wrapper swiper\" role=\"region\" aria-roledescription=\"carousel\" aria-label=\"Carrousel d\u2019images\" dir=\"ltr\">\n\t\t\t<div class=\"elementor-image-carousel swiper-wrapper\" aria-live=\"off\">\n\t\t\t\t\t\t\t\t<div class=\"swiper-slide\" role=\"group\" aria-roledescription=\"slide\" aria-label=\"1 sur 6\"><figure class=\"swiper-slide-inner\"><img decoding=\"async\" class=\"swiper-slide-image\" src=\"https:\/\/ifalpes.com\/wp-content\/uploads\/elementor\/thumbs\/Exemple-A1.1-qdsm04vq217vdppeu6gz032b1os9x20tbqxt37ju0a.jpg\" alt=\"Exemple A1.1\" \/><\/figure><\/div><div class=\"swiper-slide\" role=\"group\" aria-roledescription=\"slide\" aria-label=\"2 sur 6\"><figure class=\"swiper-slide-inner\"><img decoding=\"async\" class=\"swiper-slide-image\" src=\"https:\/\/ifalpes.com\/wp-content\/uploads\/elementor\/thumbs\/Exemple-A1-qdsm05tk8v95pbo1oovlkktrn2nn4r4jnvlakhifu2.jpg\" alt=\"Exemple A1\" \/><\/figure><\/div><div class=\"swiper-slide\" role=\"group\" aria-roledescription=\"slide\" aria-label=\"3 sur 6\"><figure class=\"swiper-slide-inner\"><img decoding=\"async\" class=\"swiper-slide-image\" src=\"https:\/\/ifalpes.com\/wp-content\/uploads\/elementor\/thumbs\/Exemple-A2-qdsm06refpag0xmoj7a852l88gj0cg8a008s1rh1nu.jpg\" alt=\"Exemple A2\" \/><\/figure><\/div><div class=\"swiper-slide\" role=\"group\" aria-roledescription=\"slide\" aria-label=\"4 sur 6\"><figure class=\"swiper-slide-inner\"><img decoding=\"async\" class=\"swiper-slide-image\" src=\"https:\/\/ifalpes.com\/wp-content\/uploads\/elementor\/thumbs\/Exemple-B1--qdsm07p8mjbqcjlbdpoupkcotuedk5c0c4w9j1fnhm.jpg\" alt=\"Exemple B1\" \/><\/figure><\/div><div class=\"swiper-slide\" role=\"group\" aria-roledescription=\"slide\" aria-label=\"5 sur 6\"><figure class=\"swiper-slide-inner\"><img decoding=\"async\" class=\"swiper-slide-image\" src=\"https:\/\/ifalpes.com\/wp-content\/uploads\/elementor\/thumbs\/Exemple-B2-qdsm08n2tdd0o5jy883ha245f89qrufqo9jr0be9be.jpg\" alt=\"Exemple B2\" \/><\/figure><\/div><div class=\"swiper-slide\" role=\"group\" aria-roledescription=\"slide\" aria-label=\"6 sur 6\"><figure class=\"swiper-slide-inner\"><img decoding=\"async\" class=\"swiper-slide-image\" src=\"https:\/\/ifalpes.com\/wp-content\/uploads\/elementor\/thumbs\/Exemple-C1-qdsm09kx07eazril2qi3ujvm0m53zjjh0e78hlcv56.jpg\" alt=\"Exemple C1\" \/><\/figure><\/div>\t\t\t<\/div>\n\t\t\t\t\t\t\t\t\t\t\t\t<div class=\"elementor-swiper-button elementor-swiper-button-prev\" role=\"button\" tabindex=\"0\">\n\t\t\t\t\t\t<i aria-hidden=\"true\" class=\"eicon-chevron-left\"><\/i>\t\t\t\t\t<\/div>\n\t\t\t\t\t<div class=\"elementor-swiper-button elementor-swiper-button-next\" role=\"button\" tabindex=\"0\">\n\t\t\t\t\t\t<i aria-hidden=\"true\" class=\"eicon-chevron-right\"><\/i>\t\t\t\t\t<\/div>\n\t\t\t\t\n\t\t\t\t\t\t\t\t\t<div class=\"swiper-pagination\"><\/div>\n\t\t\t\t\t\t\t\t\t<\/div>\n\t\t\t\t\t\t<\/div>\n\t\t\t\t<\/div>\n\t\t\t\t\t<\/div>\n\t\t<\/div>\n\t\t\t\t<div class=\"elementor-column elementor-col-33 elementor-top-column elementor-element elementor-element-3be2d4d\" data-id=\"3be2d4d\" data-element_type=\"column\" data-e-type=\"column\">\n\t\t\t<div class=\"elementor-widget-wrap\">\n\t\t\t\t\t\t\t<\/div>\n\t\t<\/div>\n\t\t\t\t\t<\/div>\n\t\t<\/section>\n\t\t\t\t<\/div>\n\t\t","protected":false},"excerpt":{"rendered":"<p>M\u00e9thodologie p\u00e9dagogique d&rsquo;IFALPES IFALPES a une grande exp\u00e9rience de l&rsquo;enseignement du fran\u00e7ais langue \u00e9trang\u00e8re et privil\u00e9gie une approche communicative afin que ses \u00e9tudiants apprennent \u00e0 communiquer efficacement dans des situations concr\u00e8tes de la vie quotidienne. IFALPES favorise l&rsquo;apprentissage du fran\u00e7ais par une approche communicative. Dans les classes, les enseignants travaillent la grammaire, le vocabulaire et [&hellip;]<\/p>\n","protected":false},"author":1,"featured_media":21486,"parent":21746,"menu_order":0,"comment_status":"closed","ping_status":"closed","template":"","meta":{"_acf_changed":false,"content-type":"","footnotes":""},"class_list":["post-21750","page","type-page","status-publish","has-post-thumbnail","hentry"],"acf":[],"_links":{"self":[{"href":"https:\/\/ifalpes.com\/fr\/wp-json\/wp\/v2\/pages\/21750","targetHints":{"allow":["GET"]}}],"collection":[{"href":"https:\/\/ifalpes.com\/fr\/wp-json\/wp\/v2\/pages"}],"about":[{"href":"https:\/\/ifalpes.com\/fr\/wp-json\/wp\/v2\/types\/page"}],"author":[{"embeddable":true,"href":"https:\/\/ifalpes.com\/fr\/wp-json\/wp\/v2\/users\/1"}],"replies":[{"embeddable":true,"href":"https:\/\/ifalpes.com\/fr\/wp-json\/wp\/v2\/comments?post=21750"}],"version-history":[{"count":13,"href":"https:\/\/ifalpes.com\/fr\/wp-json\/wp\/v2\/pages\/21750\/revisions"}],"predecessor-version":[{"id":26899,"href":"https:\/\/ifalpes.com\/fr\/wp-json\/wp\/v2\/pages\/21750\/revisions\/26899"}],"up":[{"embeddable":true,"href":"https:\/\/ifalpes.com\/fr\/wp-json\/wp\/v2\/pages\/21746"}],"wp:featuredmedia":[{"embeddable":true,"href":"https:\/\/ifalpes.com\/fr\/wp-json\/wp\/v2\/media\/21486"}],"wp:attachment":[{"href":"https:\/\/ifalpes.com\/fr\/wp-json\/wp\/v2\/media?parent=21750"}],"curies":[{"name":"wp","href":"https:\/\/api.w.org\/{rel}","templated":true}]}}