{"id":21748,"date":"2022-06-30T08:30:56","date_gmt":"2022-06-30T08:30:56","guid":{"rendered":"https:\/\/ifalpes.com\/education\/niveaux-de-langue\/"},"modified":"2024-10-16T14:33:24","modified_gmt":"2024-10-16T14:33:24","slug":"niveaux-de-langue","status":"publish","type":"page","link":"https:\/\/ifalpes.com\/fr\/education\/niveaux-de-langue\/","title":{"rendered":"Niveaux de langue"},"content":{"rendered":"\t\t<div data-elementor-type=\"wp-page\" data-elementor-id=\"21748\" class=\"elementor elementor-21748 elementor-117\" data-elementor-post-type=\"page\">\n\t\t\t\t\t\t<section class=\"elementor-section elementor-top-section elementor-element elementor-element-9b80a4f elementor-section-boxed elementor-section-height-default elementor-section-height-default\" data-id=\"9b80a4f\" data-element_type=\"section\" data-e-type=\"section\">\n\t\t\t\t\t\t<div class=\"elementor-container elementor-column-gap-default\">\n\t\t\t\t\t<div class=\"elementor-column elementor-col-100 elementor-top-column elementor-element elementor-element-990800e\" data-id=\"990800e\" data-element_type=\"column\" data-e-type=\"column\">\n\t\t\t<div class=\"elementor-widget-wrap elementor-element-populated\">\n\t\t\t\t\t\t<div class=\"elementor-element elementor-element-cb48ea4 elementor-widget elementor-widget-heading\" data-id=\"cb48ea4\" data-element_type=\"widget\" data-e-type=\"widget\" data-widget_type=\"heading.default\">\n\t\t\t\t<div class=\"elementor-widget-container\">\n\t\t\t\t\t<h2 class=\"elementor-heading-title elementor-size-default\">Les niveaux<\/h2>\t\t\t\t<\/div>\n\t\t\t\t<\/div>\n\t\t\t\t<div class=\"elementor-element elementor-element-a8a13df elementor-widget elementor-widget-text-editor\" data-id=\"a8a13df\" data-element_type=\"widget\" data-e-type=\"widget\" data-widget_type=\"text-editor.default\">\n\t\t\t\t<div class=\"elementor-widget-container\">\n\t\t\t\t\t\t\t\t\t<p>Les \u00e9tudiants sont plac\u00e9s dans des groupes qui correspondent \u00e0 leur niveau en fran\u00e7ais. Nous utilisons le Cadre Europ\u00e9en Commun de R\u00e9f\u00e9rence pour les langues. Ce cadre, de renomm\u00e9e mondiale, comporte 6 niveaux et liste pour chaque niveau les comp\u00e9tences et connaissances requises.<\/p>\n<p><strong>COMPR\u00c9HENSION :<\/strong> \u00e9couter et lire<\/p>\n<p><strong>PARLER :<\/strong> prendre part \u00e0 une communication, s&rsquo;exprimer oralement de fa\u00e7on continue.<\/p>\n<p><strong>\u00c9CRITURE :<\/strong> \u00e9crire<\/p>\n\t\t\t\t\t\t\t\t<\/div>\n\t\t\t\t<\/div>\n\t\t\t\t<div class=\"elementor-element elementor-element-c214761 elementor-widget elementor-widget-text-editor\" data-id=\"c214761\" data-element_type=\"widget\" data-e-type=\"widget\" data-widget_type=\"text-editor.default\">\n\t\t\t\t<div class=\"elementor-widget-container\">\n\t\t\t\t\t\t\t\t\t<p class=\"p1\">Le Cadre europ\u00e9en commun de r\u00e9f\u00e9rence pour les langues (CECRL) d\u00e9finit six niveaux de comp\u00e9tence linguistique :<\/p>\n<p class=\"p3\">\u2022<b>A1 (D\u00e9butant)<\/b> : Compr\u00e9hension et utilisation de phrases simples pour des besoins quotidiens.<\/p>\n<p class=\"p3\">\u2022<b>A2 (\u00c9l\u00e9mentaire)<\/b> : Capacit\u00e9 \u00e0 \u00e9changer des informations basiques sur des sujets familiers.<\/p>\n<p class=\"p3\">\u2022<b>B1 (Pr\u00e9-interm\u00e9diaire)<\/b> : Compr\u00e9hension et expression dans des situations famili\u00e8res ou professionnelles.<\/p>\n<p class=\"p3\">\u2022<b>B2 (Interm\u00e9diaire)<\/b> : Interaction fluide et argumentation sur des sujets complexes.<\/p>\n<p class=\"p3\">\u2022<b>C1 (Avanc\u00e9)<\/b> : Expression fluide, compr\u00e9hension de textes longs et exigeants.<\/p>\n<p class=\"p3\">\u2022<b>C2 (Ma\u00eetrise)<\/b> : Compr\u00e9hension et expression sans effort, m\u00eame sur des sujets tr\u00e8s techniques.<\/p>\n\t\t\t\t\t\t\t\t<\/div>\n\t\t\t\t<\/div>\n\t\t\t\t\t<\/div>\n\t\t<\/div>\n\t\t\t\t\t<\/div>\n\t\t<\/section>\n\t\t\t\t<section class=\"elementor-section elementor-top-section elementor-element elementor-element-3a44a4b elementor-section-boxed elementor-section-height-default elementor-section-height-default\" data-id=\"3a44a4b\" data-element_type=\"section\" data-e-type=\"section\">\n\t\t\t\t\t\t<div class=\"elementor-container elementor-column-gap-default\">\n\t\t\t\t\t<div class=\"elementor-column elementor-col-100 elementor-top-column elementor-element elementor-element-d516f68\" data-id=\"d516f68\" data-element_type=\"column\" data-e-type=\"column\">\n\t\t\t<div class=\"elementor-widget-wrap elementor-element-populated\">\n\t\t\t\t\t\t<div class=\"elementor-element elementor-element-270de10 elementor-widget elementor-widget-image\" data-id=\"270de10\" data-element_type=\"widget\" data-e-type=\"widget\" data-widget_type=\"image.default\">\n\t\t\t\t<div class=\"elementor-widget-container\">\n\t\t\t\t\t\t\t\t\t\t\t\t\t\t\t\t<a href=\"http:\/\/ifalpes.com\/wp-content\/uploads\/2024\/10\/SCAN.jpg\" data-elementor-open-lightbox=\"yes\" data-elementor-lightbox-title=\"SCAN\" data-e-action-hash=\"#elementor-action%3Aaction%3Dlightbox%26settings%3DeyJpZCI6MjczOTcsInVybCI6Imh0dHBzOlwvXC9pZmFscGVzLmNvbVwvd3AtY29udGVudFwvdXBsb2Fkc1wvMjAyNFwvMTBcL1NDQU4uanBnIn0%3D\">\n\t\t\t\t\t\t\t<img fetchpriority=\"high\" decoding=\"async\" width=\"800\" height=\"566\" src=\"https:\/\/ifalpes.com\/wp-content\/uploads\/2024\/10\/SCAN-1024x724.jpg\" class=\"attachment-large size-large wp-image-27397\" alt=\"\" srcset=\"https:\/\/ifalpes.com\/wp-content\/uploads\/2024\/10\/SCAN-1024x724.jpg 1024w, https:\/\/ifalpes.com\/wp-content\/uploads\/2024\/10\/SCAN-300x212.jpg 300w, https:\/\/ifalpes.com\/wp-content\/uploads\/2024\/10\/SCAN-768x543.jpg 768w, https:\/\/ifalpes.com\/wp-content\/uploads\/2024\/10\/SCAN.jpg 1191w\" sizes=\"(max-width: 800px) 100vw, 800px\" \/>\t\t\t\t\t\t\t\t<\/a>\n\t\t\t\t\t\t\t\t\t\t\t\t\t\t\t<\/div>\n\t\t\t\t<\/div>\n\t\t\t\t\t<\/div>\n\t\t<\/div>\n\t\t\t\t\t<\/div>\n\t\t<\/section>\n\t\t\t\t<\/div>\n\t\t","protected":false},"excerpt":{"rendered":"<p>Les niveaux Les \u00e9tudiants sont plac\u00e9s dans des groupes qui correspondent \u00e0 leur niveau en fran\u00e7ais. Nous utilisons le Cadre Europ\u00e9en Commun de R\u00e9f\u00e9rence pour les langues. Ce cadre, de renomm\u00e9e mondiale, comporte 6 niveaux et liste pour chaque niveau les comp\u00e9tences et connaissances requises. COMPR\u00c9HENSION : \u00e9couter et lire PARLER : prendre part \u00e0 [&hellip;]<\/p>\n","protected":false},"author":1,"featured_media":21483,"parent":21746,"menu_order":0,"comment_status":"closed","ping_status":"closed","template":"","meta":{"_acf_changed":false,"content-type":"","footnotes":""},"class_list":["post-21748","page","type-page","status-publish","has-post-thumbnail","hentry"],"acf":[],"_links":{"self":[{"href":"https:\/\/ifalpes.com\/fr\/wp-json\/wp\/v2\/pages\/21748","targetHints":{"allow":["GET"]}}],"collection":[{"href":"https:\/\/ifalpes.com\/fr\/wp-json\/wp\/v2\/pages"}],"about":[{"href":"https:\/\/ifalpes.com\/fr\/wp-json\/wp\/v2\/types\/page"}],"author":[{"embeddable":true,"href":"https:\/\/ifalpes.com\/fr\/wp-json\/wp\/v2\/users\/1"}],"replies":[{"embeddable":true,"href":"https:\/\/ifalpes.com\/fr\/wp-json\/wp\/v2\/comments?post=21748"}],"version-history":[{"count":6,"href":"https:\/\/ifalpes.com\/fr\/wp-json\/wp\/v2\/pages\/21748\/revisions"}],"predecessor-version":[{"id":27403,"href":"https:\/\/ifalpes.com\/fr\/wp-json\/wp\/v2\/pages\/21748\/revisions\/27403"}],"up":[{"embeddable":true,"href":"https:\/\/ifalpes.com\/fr\/wp-json\/wp\/v2\/pages\/21746"}],"wp:featuredmedia":[{"embeddable":true,"href":"https:\/\/ifalpes.com\/fr\/wp-json\/wp\/v2\/media\/21483"}],"wp:attachment":[{"href":"https:\/\/ifalpes.com\/fr\/wp-json\/wp\/v2\/media?parent=21748"}],"curies":[{"name":"wp","href":"https:\/\/api.w.org\/{rel}","templated":true}]}}