{"id":21746,"date":"2022-06-30T08:30:28","date_gmt":"2022-06-30T08:30:28","guid":{"rendered":"https:\/\/ifalpes.com\/education\/"},"modified":"2022-12-14T16:16:56","modified_gmt":"2022-12-14T16:16:56","slug":"education","status":"publish","type":"page","link":"https:\/\/ifalpes.com\/fr\/education\/","title":{"rendered":"\u00c9ducation"},"content":{"rendered":"\t\t<div data-elementor-type=\"wp-page\" data-elementor-id=\"21746\" class=\"elementor elementor-21746 elementor-115\" data-elementor-post-type=\"page\">\n\t\t\t\t\t\t<section class=\"elementor-section elementor-top-section elementor-element elementor-element-03bc99f elementor-section-boxed elementor-section-height-default elementor-section-height-default\" data-id=\"03bc99f\" data-element_type=\"section\" data-e-type=\"section\">\n\t\t\t\t\t\t<div class=\"elementor-container elementor-column-gap-default\">\n\t\t\t\t\t<div class=\"elementor-column elementor-col-100 elementor-top-column elementor-element elementor-element-0e9ad13\" data-id=\"0e9ad13\" data-element_type=\"column\" data-e-type=\"column\">\n\t\t\t<div class=\"elementor-widget-wrap elementor-element-populated\">\n\t\t\t\t\t\t<div class=\"elementor-element elementor-element-0788041 elementor-grid-3 elementor-grid-tablet-2 elementor-grid-mobile-1 elementor-posts--thumbnail-top elementor-posts--show-avatar elementor-card-shadow-yes elementor-posts__hover-gradient elementor-widget elementor-widget-posts\" data-id=\"0788041\" data-element_type=\"widget\" data-e-type=\"widget\" data-settings=\"{&quot;cards_columns&quot;:&quot;3&quot;,&quot;cards_columns_tablet&quot;:&quot;2&quot;,&quot;cards_columns_mobile&quot;:&quot;1&quot;,&quot;cards_row_gap&quot;:{&quot;unit&quot;:&quot;px&quot;,&quot;size&quot;:35,&quot;sizes&quot;:[]},&quot;cards_row_gap_tablet&quot;:{&quot;unit&quot;:&quot;px&quot;,&quot;size&quot;:&quot;&quot;,&quot;sizes&quot;:[]},&quot;cards_row_gap_mobile&quot;:{&quot;unit&quot;:&quot;px&quot;,&quot;size&quot;:&quot;&quot;,&quot;sizes&quot;:[]}}\" data-widget_type=\"posts.cards\">\n\t\t\t\t<div class=\"elementor-widget-container\">\n\t\t\t\t\t\t\t<div class=\"elementor-posts-container elementor-posts elementor-posts--skin-cards elementor-grid\" role=\"list\">\n\t\t\t\t<article class=\"elementor-post elementor-grid-item post-21748 page type-page status-publish has-post-thumbnail hentry\" role=\"listitem\">\n\t\t\t<div class=\"elementor-post__card\">\n\t\t\t\t<a class=\"elementor-post__thumbnail__link\" href=\"https:\/\/ifalpes.com\/fr\/education\/niveaux-de-langue\/\" tabindex=\"-1\" ><div class=\"elementor-post__thumbnail\"><img fetchpriority=\"high\" decoding=\"async\" width=\"300\" height=\"200\" src=\"https:\/\/ifalpes.com\/wp-content\/uploads\/2022\/12\/D76A0470-300x200.jpg\" class=\"attachment-medium size-medium wp-image-21483\" alt=\"\" srcset=\"https:\/\/ifalpes.com\/wp-content\/uploads\/2022\/12\/D76A0470-300x200.jpg 300w, https:\/\/ifalpes.com\/wp-content\/uploads\/2022\/12\/D76A0470-1024x683.jpg 1024w, https:\/\/ifalpes.com\/wp-content\/uploads\/2022\/12\/D76A0470-768x512.jpg 768w, https:\/\/ifalpes.com\/wp-content\/uploads\/2022\/12\/D76A0470-1536x1025.jpg 1536w, https:\/\/ifalpes.com\/wp-content\/uploads\/2022\/12\/D76A0470.jpg 2048w\" sizes=\"(max-width: 300px) 100vw, 300px\" \/><\/div><\/a>\n\t\t\t\t<div class=\"elementor-post__avatar\">\n\t\t\t<img alt='Digital KLF' src='https:\/\/secure.gravatar.com\/avatar\/dc5572e2f2b83267a9feed99fcd9d242702705cfd5604cc092ecb6d26fe0a7e8?s=128&#038;d=mm&#038;r=g' srcset='https:\/\/secure.gravatar.com\/avatar\/dc5572e2f2b83267a9feed99fcd9d242702705cfd5604cc092ecb6d26fe0a7e8?s=256&#038;d=mm&#038;r=g 2x' class='avatar avatar-128 photo' height='128' width='128' \/>\t\t<\/div>\n\t\t\t\t<div class=\"elementor-post__text\">\n\t\t\t\t<h3 class=\"elementor-post__title\">\n\t\t\t<a href=\"https:\/\/ifalpes.com\/fr\/education\/niveaux-de-langue\/\" >\n\t\t\t\tNiveaux de langue\t\t\t<\/a>\n\t\t<\/h3>\n\t\t\t\t<div class=\"elementor-post__excerpt\">\n\t\t\t<p>Les niveaux Les \u00e9tudiants sont plac\u00e9s dans des groupes qui correspondent \u00e0 leur niveau en fran\u00e7ais. Nous utilisons le Cadre Europ\u00e9en Commun de R\u00e9f\u00e9rence pour les langues. Ce cadre, de renomm\u00e9e mondiale, comporte 6 niveaux et liste pour chaque niveau les comp\u00e9tences et connaissances requises. COMPR\u00c9HENSION : \u00e9couter et lire PARLER : prendre part \u00e0 une communication, s&rsquo;exprimer oralement de fa\u00e7on continue. \u00c9CRITURE : \u00e9crire Le Cadre europ\u00e9en commun de r\u00e9f\u00e9rence pour les langues (CECRL) d\u00e9finit six niveaux de comp\u00e9tence linguistique : \u2022A1 (D\u00e9butant) : Compr\u00e9hension et utilisation de phrases simples pour des besoins quotidiens. \u2022A2 (\u00c9l\u00e9mentaire) : Capacit\u00e9 \u00e0<\/p>\n\t\t<\/div>\n\t\t\n\t\t<a class=\"elementor-post__read-more\" href=\"https:\/\/ifalpes.com\/fr\/education\/niveaux-de-langue\/\" aria-label=\"En savoir plus sur Niveaux de langue\" tabindex=\"-1\" >\n\t\t\tLire la suite \u00bb\t\t<\/a>\n\n\t\t\t\t<\/div>\n\t\t\t\t\t<\/div>\n\t\t<\/article>\n\t\t\t\t<article class=\"elementor-post elementor-grid-item post-21750 page type-page status-publish has-post-thumbnail hentry\" role=\"listitem\">\n\t\t\t<div class=\"elementor-post__card\">\n\t\t\t\t<a class=\"elementor-post__thumbnail__link\" href=\"https:\/\/ifalpes.com\/fr\/education\/methodologie\/\" tabindex=\"-1\" ><div class=\"elementor-post__thumbnail\"><img decoding=\"async\" width=\"300\" height=\"200\" src=\"https:\/\/ifalpes.com\/wp-content\/uploads\/2022\/12\/9P7A9380-300x200.jpg\" class=\"attachment-medium size-medium wp-image-21486\" alt=\"\" srcset=\"https:\/\/ifalpes.com\/wp-content\/uploads\/2022\/12\/9P7A9380-300x200.jpg 300w, https:\/\/ifalpes.com\/wp-content\/uploads\/2022\/12\/9P7A9380-1024x683.jpg 1024w, https:\/\/ifalpes.com\/wp-content\/uploads\/2022\/12\/9P7A9380-768x512.jpg 768w, https:\/\/ifalpes.com\/wp-content\/uploads\/2022\/12\/9P7A9380-1536x1024.jpg 1536w, https:\/\/ifalpes.com\/wp-content\/uploads\/2022\/12\/9P7A9380.jpg 2048w\" sizes=\"(max-width: 300px) 100vw, 300px\" \/><\/div><\/a>\n\t\t\t\t<div class=\"elementor-post__avatar\">\n\t\t\t<img alt='Digital KLF' src='https:\/\/secure.gravatar.com\/avatar\/dc5572e2f2b83267a9feed99fcd9d242702705cfd5604cc092ecb6d26fe0a7e8?s=128&#038;d=mm&#038;r=g' srcset='https:\/\/secure.gravatar.com\/avatar\/dc5572e2f2b83267a9feed99fcd9d242702705cfd5604cc092ecb6d26fe0a7e8?s=256&#038;d=mm&#038;r=g 2x' class='avatar avatar-128 photo' height='128' width='128' \/>\t\t<\/div>\n\t\t\t\t<div class=\"elementor-post__text\">\n\t\t\t\t<h3 class=\"elementor-post__title\">\n\t\t\t<a href=\"https:\/\/ifalpes.com\/fr\/education\/methodologie\/\" >\n\t\t\t\tM\u00e9thodologie\t\t\t<\/a>\n\t\t<\/h3>\n\t\t\t\t<div class=\"elementor-post__excerpt\">\n\t\t\t<p>M\u00e9thodologie p\u00e9dagogique d&rsquo;IFALPES IFALPES a une grande exp\u00e9rience de l&rsquo;enseignement du fran\u00e7ais langue \u00e9trang\u00e8re et privil\u00e9gie une approche communicative afin que ses \u00e9tudiants apprennent \u00e0 communiquer efficacement dans des situations concr\u00e8tes de la vie quotidienne. IFALPES favorise l&rsquo;apprentissage du fran\u00e7ais par une approche communicative. Dans les classes, les enseignants travaillent la grammaire, le vocabulaire et la phon\u00e9tique tout en donnant aux \u00e9tudiants l&rsquo;occasion de communiquer en fran\u00e7ais, dans des situations de la vie quotidienne, \u00e0 l&rsquo;oral comme \u00e0 l&rsquo;\u00e9crit. IFALPES encourage \u00e9galement une approche active et participative. Dans la classe, l&rsquo;\u00e9l\u00e8ve joue un r\u00f4le actif et les \u00e9changes entre \u00e9l\u00e8ves<\/p>\n\t\t<\/div>\n\t\t\n\t\t<a class=\"elementor-post__read-more\" href=\"https:\/\/ifalpes.com\/fr\/education\/methodologie\/\" aria-label=\"En savoir plus sur M\u00e9thodologie\" tabindex=\"-1\" >\n\t\t\tLire la suite \u00bb\t\t<\/a>\n\n\t\t\t\t<\/div>\n\t\t\t\t\t<\/div>\n\t\t<\/article>\n\t\t\t\t<article class=\"elementor-post elementor-grid-item post-21755 page type-page status-publish has-post-thumbnail hentry\" role=\"listitem\">\n\t\t\t<div class=\"elementor-post__card\">\n\t\t\t\t<a class=\"elementor-post__thumbnail__link\" href=\"https:\/\/ifalpes.com\/fr\/education\/outils\/\" tabindex=\"-1\" ><div class=\"elementor-post__thumbnail\"><img decoding=\"async\" width=\"300\" height=\"200\" src=\"https:\/\/ifalpes.com\/wp-content\/uploads\/2022\/12\/D76A1558-300x200.jpg\" class=\"attachment-medium size-medium wp-image-21501\" alt=\"\" srcset=\"https:\/\/ifalpes.com\/wp-content\/uploads\/2022\/12\/D76A1558-300x200.jpg 300w, https:\/\/ifalpes.com\/wp-content\/uploads\/2022\/12\/D76A1558-1024x683.jpg 1024w, https:\/\/ifalpes.com\/wp-content\/uploads\/2022\/12\/D76A1558-768x512.jpg 768w, https:\/\/ifalpes.com\/wp-content\/uploads\/2022\/12\/D76A1558-1536x1025.jpg 1536w, https:\/\/ifalpes.com\/wp-content\/uploads\/2022\/12\/D76A1558.jpg 2048w\" sizes=\"(max-width: 300px) 100vw, 300px\" \/><\/div><\/a>\n\t\t\t\t<div class=\"elementor-post__avatar\">\n\t\t\t<img alt='Digital KLF' src='https:\/\/secure.gravatar.com\/avatar\/dc5572e2f2b83267a9feed99fcd9d242702705cfd5604cc092ecb6d26fe0a7e8?s=128&#038;d=mm&#038;r=g' srcset='https:\/\/secure.gravatar.com\/avatar\/dc5572e2f2b83267a9feed99fcd9d242702705cfd5604cc092ecb6d26fe0a7e8?s=256&#038;d=mm&#038;r=g 2x' class='avatar avatar-128 photo' height='128' width='128' \/>\t\t<\/div>\n\t\t\t\t<div class=\"elementor-post__text\">\n\t\t\t\t<h3 class=\"elementor-post__title\">\n\t\t\t<a href=\"https:\/\/ifalpes.com\/fr\/education\/outils\/\" >\n\t\t\t\tOutils\t\t\t<\/a>\n\t\t<\/h3>\n\t\t\t\t<div class=\"elementor-post__excerpt\">\n\t\t\t<p>Outils p\u00e9dagogiques L&rsquo;\u00e9quipe p\u00e9dagogique d&rsquo;IFALPES d\u00e9veloppe son propre contenu de cours pour offrir des cours originaux, authentiques et actuels tout en respectant le Cadre Europ\u00e9en Commun de R\u00e9f\u00e9rence pour les langues. Pour en savoir plus Pour soutenir nos \u00e9tudiants dans leur apprentissage du fran\u00e7ais pendant et apr\u00e8s leur s\u00e9jour, IFALPES met \u00e0 leur disposition 2 aides exclusives : CARNET DE ROUTE IFALPES Il est distribu\u00e9 le premier jour de l&rsquo;arriv\u00e9e. Il offre une multitude d&rsquo;informations pratiques sur la vie \u00e0 Annecy et sur les lieux \u00e0 conna\u00eetre pour profiter pleinement de son s\u00e9jour (restaurants, culture, sports, nature&#8230;). C&rsquo;est aussi un<\/p>\n\t\t<\/div>\n\t\t\n\t\t<a class=\"elementor-post__read-more\" href=\"https:\/\/ifalpes.com\/fr\/education\/outils\/\" aria-label=\"En savoir plus sur Outils\" tabindex=\"-1\" >\n\t\t\tLire la suite \u00bb\t\t<\/a>\n\n\t\t\t\t<\/div>\n\t\t\t\t\t<\/div>\n\t\t<\/article>\n\t\t\t\t<\/div>\n\t\t\n\t\t\t\t\t\t<\/div>\n\t\t\t\t<\/div>\n\t\t\t\t\t<\/div>\n\t\t<\/div>\n\t\t\t\t\t<\/div>\n\t\t<\/section>\n\t\t\t\t<\/div>\n\t\t","protected":false},"excerpt":{"rendered":"","protected":false},"author":1,"featured_media":0,"parent":0,"menu_order":0,"comment_status":"closed","ping_status":"closed","template":"","meta":{"_acf_changed":false,"content-type":"","footnotes":""},"class_list":["post-21746","page","type-page","status-publish","hentry"],"acf":[],"_links":{"self":[{"href":"https:\/\/ifalpes.com\/fr\/wp-json\/wp\/v2\/pages\/21746","targetHints":{"allow":["GET"]}}],"collection":[{"href":"https:\/\/ifalpes.com\/fr\/wp-json\/wp\/v2\/pages"}],"about":[{"href":"https:\/\/ifalpes.com\/fr\/wp-json\/wp\/v2\/types\/page"}],"author":[{"embeddable":true,"href":"https:\/\/ifalpes.com\/fr\/wp-json\/wp\/v2\/users\/1"}],"replies":[{"embeddable":true,"href":"https:\/\/ifalpes.com\/fr\/wp-json\/wp\/v2\/comments?post=21746"}],"version-history":[{"count":1,"href":"https:\/\/ifalpes.com\/fr\/wp-json\/wp\/v2\/pages\/21746\/revisions"}],"predecessor-version":[{"id":21747,"href":"https:\/\/ifalpes.com\/fr\/wp-json\/wp\/v2\/pages\/21746\/revisions\/21747"}],"wp:attachment":[{"href":"https:\/\/ifalpes.com\/fr\/wp-json\/wp\/v2\/media?parent=21746"}],"curies":[{"name":"wp","href":"https:\/\/api.w.org\/{rel}","templated":true}]}}