{"id":21744,"date":"2022-06-30T08:28:34","date_gmt":"2022-06-30T08:28:34","guid":{"rendered":"https:\/\/ifalpes.com\/activites-annecy\/sports-et-loisirs\/"},"modified":"2025-04-24T08:10:40","modified_gmt":"2025-04-24T08:10:40","slug":"sports-et-loisirs","status":"publish","type":"page","link":"https:\/\/ifalpes.com\/fr\/activities-annecy\/sports-et-loisirs\/","title":{"rendered":"Sports et loisirs"},"content":{"rendered":"\t\t<div data-elementor-type=\"wp-page\" data-elementor-id=\"21744\" class=\"elementor elementor-21744 elementor-104\" data-elementor-post-type=\"page\">\n\t\t\t\t\t\t<section class=\"elementor-section elementor-top-section elementor-element elementor-element-2978c61 elementor-section-boxed elementor-section-height-default elementor-section-height-default\" data-id=\"2978c61\" data-element_type=\"section\" data-e-type=\"section\">\n\t\t\t\t\t\t<div class=\"elementor-container elementor-column-gap-default\">\n\t\t\t\t\t<div class=\"elementor-column elementor-col-33 elementor-top-column elementor-element elementor-element-1356bfe\" data-id=\"1356bfe\" data-element_type=\"column\" data-e-type=\"column\" data-settings=\"{&quot;background_background&quot;:&quot;classic&quot;}\">\n\t\t\t<div class=\"elementor-widget-wrap\">\n\t\t\t\t\t\t\t<\/div>\n\t\t<\/div>\n\t\t\t\t<div class=\"elementor-column elementor-col-66 elementor-top-column elementor-element elementor-element-ba9e570\" data-id=\"ba9e570\" data-element_type=\"column\" data-e-type=\"column\">\n\t\t\t<div class=\"elementor-widget-wrap elementor-element-populated\">\n\t\t\t\t\t\t<div class=\"elementor-element elementor-element-2ff0270 elementor-widget elementor-widget-heading\" data-id=\"2ff0270\" data-element_type=\"widget\" data-e-type=\"widget\" data-widget_type=\"heading.default\">\n\t\t\t\t<div class=\"elementor-widget-container\">\n\t\t\t\t\t<h2 class=\"elementor-heading-title elementor-size-default\">Activit\u00e9s \u00e0 Annecy avec IFALPES<\/h2>\t\t\t\t<\/div>\n\t\t\t\t<\/div>\n\t\t\t\t<div class=\"elementor-element elementor-element-e519bae elementor-widget elementor-widget-text-editor\" data-id=\"e519bae\" data-element_type=\"widget\" data-e-type=\"widget\" data-widget_type=\"text-editor.default\">\n\t\t\t\t<div class=\"elementor-widget-container\">\n\t\t\t\t\t\t\t\t\t<p>Dans un cadre naturel unique entre lac et montagne, Annecy offre de nombreuses possibilit\u00e9s d\u2019activit\u00e9s sportives et de loisirs tout au long de l\u2019ann\u00e9e. En hiver, le ski (alpin et de fond), les raquettes et la luge sont facilement accessibles par les transports en commun. <\/p><p>En \u00e9t\u00e9, un grand choix de sports nautiques (planche \u00e0 voile, wakeboard, canyoning, kayak, plong\u00e9e&#8230;), de montagne (randonn\u00e9e, escalade, via ferrata, VTT&#8230;) est propos\u00e9.), de montagne (randonn\u00e9e, escalade, via ferrata, VTT&#8230;) et le v\u00e9lo est possible. C &lsquo;est aussi une r\u00e9gion r\u00e9put\u00e9e pour le parapente, cette activit\u00e9 attire chaque ann\u00e9e des adeptes du monde entier. <\/p><p>Ifalpes proposent chaque mois diff\u00e9rentes activit\u00e9s sportives et de loisirs. En hiver, des excursions en ski et en raquettes et en \u00e9t\u00e9, des randonn\u00e9es sur les nombreux sentiers alpins disponibles. <\/p>\t\t\t\t\t\t\t\t<\/div>\n\t\t\t\t<\/div>\n\t\t\t\t\t<\/div>\n\t\t<\/div>\n\t\t\t\t\t<\/div>\n\t\t<\/section>\n\t\t\t\t<section class=\"elementor-section elementor-top-section elementor-element elementor-element-f89d916 elementor-section-boxed elementor-section-height-default elementor-section-height-default\" data-id=\"f89d916\" data-element_type=\"section\" data-e-type=\"section\">\n\t\t\t\t\t\t<div class=\"elementor-container elementor-column-gap-default\">\n\t\t\t\t\t<div class=\"elementor-column elementor-col-50 elementor-top-column elementor-element elementor-element-dcd98f1\" data-id=\"dcd98f1\" data-element_type=\"column\" data-e-type=\"column\">\n\t\t\t<div class=\"elementor-widget-wrap elementor-element-populated\">\n\t\t\t\t\t\t<div class=\"elementor-element elementor-element-a26e5f0 elementor-position-top elementor-widget elementor-widget-image-box\" data-id=\"a26e5f0\" data-element_type=\"widget\" data-e-type=\"widget\" data-widget_type=\"image-box.default\">\n\t\t\t\t<div class=\"elementor-widget-container\">\n\t\t\t\t\t<div class=\"elementor-image-box-wrapper\"><figure class=\"elementor-image-box-img\"><img fetchpriority=\"high\" decoding=\"async\" width=\"800\" height=\"625\" src=\"https:\/\/ifalpes.com\/wp-content\/uploads\/2022\/12\/Paddle-Annecy.jpeg\" class=\"attachment-full size-full wp-image-21590\" alt=\"\" srcset=\"https:\/\/ifalpes.com\/wp-content\/uploads\/2022\/12\/Paddle-Annecy.jpeg 800w, https:\/\/ifalpes.com\/wp-content\/uploads\/2022\/12\/Paddle-Annecy-300x234.jpeg 300w, https:\/\/ifalpes.com\/wp-content\/uploads\/2022\/12\/Paddle-Annecy-768x600.jpeg 768w\" sizes=\"(max-width: 800px) 100vw, 800px\" \/><\/figure><div class=\"elementor-image-box-content\"><h3 class=\"elementor-image-box-title\"> STAND UP PADDLE<\/h3><p class=\"elementor-image-box-description\">Le lac d'Annecy offre un cadre exceptionnel pour pratiquer le Stand up paddle. Vous vivrez un moment inoubliable sur un lac calme entour\u00e9 de magnifiques montagnes. En hiver, pour les plus courageux, vous pourrez participer \u00e0 la Glagla Race !<\/p><\/div><\/div>\t\t\t\t<\/div>\n\t\t\t\t<\/div>\n\t\t\t\t\t<\/div>\n\t\t<\/div>\n\t\t\t\t<div class=\"elementor-column elementor-col-50 elementor-top-column elementor-element elementor-element-1d91e4c\" data-id=\"1d91e4c\" data-element_type=\"column\" data-e-type=\"column\">\n\t\t\t<div class=\"elementor-widget-wrap elementor-element-populated\">\n\t\t\t\t\t\t<div class=\"elementor-element elementor-element-db5d0cc elementor-position-top elementor-widget elementor-widget-image-box\" data-id=\"db5d0cc\" data-element_type=\"widget\" data-e-type=\"widget\" data-widget_type=\"image-box.default\">\n\t\t\t\t<div class=\"elementor-widget-container\">\n\t\t\t\t\t<div class=\"elementor-image-box-wrapper\"><figure class=\"elementor-image-box-img\"><img decoding=\"async\" width=\"550\" height=\"413\" src=\"https:\/\/ifalpes.com\/wp-content\/uploads\/2022\/12\/Via-Ferrata-Annecy.jpg\" class=\"attachment-full size-full wp-image-21593\" alt=\"\" srcset=\"https:\/\/ifalpes.com\/wp-content\/uploads\/2022\/12\/Via-Ferrata-Annecy.jpg 550w, https:\/\/ifalpes.com\/wp-content\/uploads\/2022\/12\/Via-Ferrata-Annecy-300x225.jpg 300w\" sizes=\"(max-width: 550px) 100vw, 550px\" \/><\/figure><div class=\"elementor-image-box-content\"><h3 class=\"elementor-image-box-title\"> VIA FERRATA<\/h3><p class=\"elementor-image-box-description\">Si vous aimez les sensations fortes dans un cadre exceptionnel et tr\u00e8s s\u00e9curis\u00e9, venez essayer l'une des nombreuses via ferrata situ\u00e9es autour du lac d'Annecy. Cette activit\u00e9 est accessible \u00e0 tous.<\/p><\/div><\/div>\t\t\t\t<\/div>\n\t\t\t\t<\/div>\n\t\t\t\t\t<\/div>\n\t\t<\/div>\n\t\t\t\t\t<\/div>\n\t\t<\/section>\n\t\t\t\t<section class=\"elementor-section elementor-top-section elementor-element elementor-element-ce0a23d elementor-section-boxed elementor-section-height-default elementor-section-height-default\" data-id=\"ce0a23d\" data-element_type=\"section\" data-e-type=\"section\">\n\t\t\t\t\t\t<div class=\"elementor-container elementor-column-gap-default\">\n\t\t\t\t\t<div class=\"elementor-column elementor-col-33 elementor-top-column elementor-element elementor-element-5979bb4\" data-id=\"5979bb4\" data-element_type=\"column\" data-e-type=\"column\">\n\t\t\t<div class=\"elementor-widget-wrap elementor-element-populated\">\n\t\t\t\t\t\t<div class=\"elementor-element elementor-element-e1abf6c elementor-position-top elementor-widget elementor-widget-image-box\" data-id=\"e1abf6c\" data-element_type=\"widget\" data-e-type=\"widget\" data-widget_type=\"image-box.default\">\n\t\t\t\t<div class=\"elementor-widget-container\">\n\t\t\t\t\t<div class=\"elementor-image-box-wrapper\"><figure class=\"elementor-image-box-img\"><a href=\"https:\/\/ifalpes.com\/activities-annecy\/french-and-ski\/\" target=\"_blank\" tabindex=\"-1\"><img decoding=\"async\" width=\"2560\" height=\"1521\" src=\"https:\/\/ifalpes.com\/wp-content\/uploads\/2023\/07\/Acyivities-off-piste-skier-scaled.jpg\" class=\"attachment-full size-full wp-image-23053\" alt=\"\" srcset=\"https:\/\/ifalpes.com\/wp-content\/uploads\/2023\/07\/Acyivities-off-piste-skier-scaled.jpg 2560w, https:\/\/ifalpes.com\/wp-content\/uploads\/2023\/07\/Acyivities-off-piste-skier-300x178.jpg 300w, https:\/\/ifalpes.com\/wp-content\/uploads\/2023\/07\/Acyivities-off-piste-skier-1024x608.jpg 1024w, https:\/\/ifalpes.com\/wp-content\/uploads\/2023\/07\/Acyivities-off-piste-skier-768x456.jpg 768w, https:\/\/ifalpes.com\/wp-content\/uploads\/2023\/07\/Acyivities-off-piste-skier-1536x913.jpg 1536w, https:\/\/ifalpes.com\/wp-content\/uploads\/2023\/07\/Acyivities-off-piste-skier-2048x1217.jpg 2048w\" sizes=\"(max-width: 2560px) 100vw, 2560px\" \/><\/a><\/figure><div class=\"elementor-image-box-content\"><h3 class=\"elementor-image-box-title\"><a href=\"https:\/\/ifalpes.com\/activities-annecy\/french-and-ski\/\" target=\"_blank\">RANDONN\u00c9E \u00c0 SKI<\/a><\/h3><p class=\"elementor-image-box-description\">Annecy est parfaitement situ\u00e9 \u00e0 proximit\u00e9 de stations de ski populaires comme La Clusaz et Le Grand Bornand, Il est donc facile de profiter des Alpes pendant votre s\u00e9jour. Bien qu' IFALPES n'organise pas d'excursions de ski, notre \u00e9quipe se tient \u00e0 votre disposition pour vous conseiller les stations et de profiter au maximum de votre temps libre. <\/p><\/div><\/div>\t\t\t\t<\/div>\n\t\t\t\t<\/div>\n\t\t\t\t\t<\/div>\n\t\t<\/div>\n\t\t\t\t<div class=\"elementor-column elementor-col-33 elementor-top-column elementor-element elementor-element-51ef74c\" data-id=\"51ef74c\" data-element_type=\"column\" data-e-type=\"column\">\n\t\t\t<div class=\"elementor-widget-wrap elementor-element-populated\">\n\t\t\t\t\t\t<div class=\"elementor-element elementor-element-8ecb382 elementor-position-top elementor-widget elementor-widget-image-box\" data-id=\"8ecb382\" data-element_type=\"widget\" data-e-type=\"widget\" data-widget_type=\"image-box.default\">\n\t\t\t\t<div class=\"elementor-widget-container\">\n\t\t\t\t\t<div class=\"elementor-image-box-wrapper\"><figure class=\"elementor-image-box-img\"><a href=\"https:\/\/ifalpes.com\/activities-annecy\/hiking-nature\/\" target=\"_blank\" tabindex=\"-1\"><img loading=\"lazy\" decoding=\"async\" width=\"640\" height=\"480\" src=\"https:\/\/ifalpes.com\/wp-content\/uploads\/2022\/12\/Hiking-Annecy.jpg\" class=\"attachment-full size-full wp-image-21596\" alt=\"\" srcset=\"https:\/\/ifalpes.com\/wp-content\/uploads\/2022\/12\/Hiking-Annecy.jpg 640w, https:\/\/ifalpes.com\/wp-content\/uploads\/2022\/12\/Hiking-Annecy-300x225.jpg 300w\" sizes=\"(max-width: 640px) 100vw, 640px\" \/><\/a><\/figure><div class=\"elementor-image-box-content\"><h3 class=\"elementor-image-box-title\"><a href=\"https:\/\/ifalpes.com\/activities-annecy\/hiking-nature\/\" target=\"_blank\">EXCURSIONS DE RANDONNEE<\/a><\/h3><p class=\"elementor-image-box-description\">Annecy est ancr\u00e9e dans la nature entre lac et montagnes. C'est donc une toile de fond absolument fantastique pour la randonn\u00e9e. Vous trouverez des randonn\u00e9es pour tous les niveaux, des p\u00e2turages doux aux pentes les plus raides. Et apr\u00e8s une bonne randonn\u00e9e, une baignade dans le lac pour se rafra\u00eechir... La vie est belle \u00e0 Annecy !   <\/p><\/div><\/div>\t\t\t\t<\/div>\n\t\t\t\t<\/div>\n\t\t\t\t<div class=\"elementor-element elementor-element-205d5fa elementor-align-center elementor-widget elementor-widget-button\" data-id=\"205d5fa\" data-element_type=\"widget\" data-e-type=\"widget\" data-widget_type=\"button.default\">\n\t\t\t\t<div class=\"elementor-widget-container\">\n\t\t\t\t\t\t\t\t\t<div class=\"elementor-button-wrapper\">\n\t\t\t\t\t<a class=\"elementor-button elementor-button-link elementor-size-sm\" href=\"https:\/\/ifalpes.com\/activities-annecy\/hiking-nature\/\">\n\t\t\t\t\t\t<span class=\"elementor-button-content-wrapper\">\n\t\t\t\t\t\t\t\t\t<span class=\"elementor-button-text\">Plus d' informations<\/span>\n\t\t\t\t\t<\/span>\n\t\t\t\t\t<\/a>\n\t\t\t\t<\/div>\n\t\t\t\t\t\t\t\t<\/div>\n\t\t\t\t<\/div>\n\t\t\t\t\t<\/div>\n\t\t<\/div>\n\t\t\t\t<div class=\"elementor-column elementor-col-33 elementor-top-column elementor-element elementor-element-327ae1d\" data-id=\"327ae1d\" data-element_type=\"column\" data-e-type=\"column\">\n\t\t\t<div class=\"elementor-widget-wrap elementor-element-populated\">\n\t\t\t\t\t\t<div class=\"elementor-element elementor-element-cd4e52e elementor-position-top elementor-widget elementor-widget-image-box\" data-id=\"cd4e52e\" data-element_type=\"widget\" data-e-type=\"widget\" data-widget_type=\"image-box.default\">\n\t\t\t\t<div class=\"elementor-widget-container\">\n\t\t\t\t\t<div class=\"elementor-image-box-wrapper\"><figure class=\"elementor-image-box-img\"><img loading=\"lazy\" decoding=\"async\" width=\"768\" height=\"514\" src=\"https:\/\/ifalpes.com\/wp-content\/uploads\/2022\/12\/Rafting-Annecy.jpg\" class=\"attachment-full size-full wp-image-21599\" alt=\"\" srcset=\"https:\/\/ifalpes.com\/wp-content\/uploads\/2022\/12\/Rafting-Annecy.jpg 768w, https:\/\/ifalpes.com\/wp-content\/uploads\/2022\/12\/Rafting-Annecy-300x201.jpg 300w\" sizes=\"(max-width: 768px) 100vw, 768px\" \/><\/figure><div class=\"elementor-image-box-content\"><h3 class=\"elementor-image-box-title\">RAFTING<\/h3><p class=\"elementor-image-box-description\">Quand il y a des montagnes, il y a des rivi\u00e8res et quand il y a des rivi\u00e8res, il y a de belles opportunit\u00e9s de rafting ! Partez en groupe et passez un moment inoubliable m\u00ealant \u00e0 la fois sport et rires !<\/p><\/div><\/div>\t\t\t\t<\/div>\n\t\t\t\t<\/div>\n\t\t\t\t\t<\/div>\n\t\t<\/div>\n\t\t\t\t\t<\/div>\n\t\t<\/section>\n\t\t\t\t<\/div>\n\t\t","protected":false},"excerpt":{"rendered":"<p>Activit\u00e9s \u00e0 Annecy avec IFALPES Dans un cadre naturel unique entre lac et montagne, Annecy offre de nombreuses possibilit\u00e9s d\u2019activit\u00e9s sportives et de loisirs tout au long de l\u2019ann\u00e9e. En hiver, le ski (alpin et de fond), les raquettes et la luge sont facilement accessibles par les transports en commun. En \u00e9t\u00e9, un grand choix [&hellip;]<\/p>\n","protected":false},"author":1,"featured_media":21586,"parent":21735,"menu_order":0,"comment_status":"closed","ping_status":"closed","template":"","meta":{"_acf_changed":false,"content-type":"","footnotes":""},"class_list":["post-21744","page","type-page","status-publish","has-post-thumbnail","hentry"],"acf":[],"_links":{"self":[{"href":"https:\/\/ifalpes.com\/fr\/wp-json\/wp\/v2\/pages\/21744","targetHints":{"allow":["GET"]}}],"collection":[{"href":"https:\/\/ifalpes.com\/fr\/wp-json\/wp\/v2\/pages"}],"about":[{"href":"https:\/\/ifalpes.com\/fr\/wp-json\/wp\/v2\/types\/page"}],"author":[{"embeddable":true,"href":"https:\/\/ifalpes.com\/fr\/wp-json\/wp\/v2\/users\/1"}],"replies":[{"embeddable":true,"href":"https:\/\/ifalpes.com\/fr\/wp-json\/wp\/v2\/comments?post=21744"}],"version-history":[{"count":4,"href":"https:\/\/ifalpes.com\/fr\/wp-json\/wp\/v2\/pages\/21744\/revisions"}],"predecessor-version":[{"id":27942,"href":"https:\/\/ifalpes.com\/fr\/wp-json\/wp\/v2\/pages\/21744\/revisions\/27942"}],"up":[{"embeddable":true,"href":"https:\/\/ifalpes.com\/fr\/wp-json\/wp\/v2\/pages\/21735"}],"wp:featuredmedia":[{"embeddable":true,"href":"https:\/\/ifalpes.com\/fr\/wp-json\/wp\/v2\/media\/21586"}],"wp:attachment":[{"href":"https:\/\/ifalpes.com\/fr\/wp-json\/wp\/v2\/media?parent=21744"}],"curies":[{"name":"wp","href":"https:\/\/api.w.org\/{rel}","templated":true}]}}