{"id":21742,"date":"2022-06-30T08:28:17","date_gmt":"2022-06-30T08:28:17","guid":{"rendered":"https:\/\/ifalpes.com\/activites-annecy\/francais-et-ski\/"},"modified":"2025-04-24T07:24:07","modified_gmt":"2025-04-24T07:24:07","slug":"francais-et-ski","status":"publish","type":"page","link":"https:\/\/ifalpes.com\/fr\/activities-annecy\/francais-et-ski\/","title":{"rendered":"Sortie ski"},"content":{"rendered":"\t\t<div data-elementor-type=\"wp-page\" data-elementor-id=\"21742\" class=\"elementor elementor-21742 elementor-102\" data-elementor-post-type=\"page\">\n\t\t\t\t\t\t<section class=\"elementor-section elementor-top-section elementor-element elementor-element-e68871a elementor-section-boxed elementor-section-height-default elementor-section-height-default\" data-id=\"e68871a\" data-element_type=\"section\" data-e-type=\"section\">\n\t\t\t\t\t\t<div class=\"elementor-container elementor-column-gap-default\">\n\t\t\t\t\t<div class=\"elementor-column elementor-col-33 elementor-top-column elementor-element elementor-element-263c229\" data-id=\"263c229\" data-element_type=\"column\" data-e-type=\"column\" data-settings=\"{&quot;background_background&quot;:&quot;classic&quot;}\">\n\t\t\t<div class=\"elementor-widget-wrap\">\n\t\t\t\t\t\t\t<\/div>\n\t\t<\/div>\n\t\t\t\t<div class=\"elementor-column elementor-col-66 elementor-top-column elementor-element elementor-element-ceda641\" data-id=\"ceda641\" data-element_type=\"column\" data-e-type=\"column\">\n\t\t\t<div class=\"elementor-widget-wrap elementor-element-populated\">\n\t\t\t\t\t\t<div class=\"elementor-element elementor-element-778ec13 elementor-widget elementor-widget-heading\" data-id=\"778ec13\" data-element_type=\"widget\" data-e-type=\"widget\" data-widget_type=\"heading.default\">\n\t\t\t\t<div class=\"elementor-widget-container\">\n\t\t\t\t\t<h2 class=\"elementor-heading-title elementor-size-default\">Activit\u00e9s \u00e0 Annecy<\/h2>\t\t\t\t<\/div>\n\t\t\t\t<\/div>\n\t\t\t\t<div class=\"elementor-element elementor-element-97bda05 elementor-widget elementor-widget-text-editor\" data-id=\"97bda05\" data-element_type=\"widget\" data-e-type=\"widget\" data-widget_type=\"text-editor.default\">\n\t\t\t\t<div class=\"elementor-widget-container\">\n\t\t\t\t\t\t\t\t\t<p class=\"p1\">Annecy est le point de d\u00e9part id\u00e9al pour les amateurs de sports d&rsquo;hiver qui souhaitent combiner l&rsquo;apprentissage d&rsquo;une langue avec des aventures alpines. Plusieurs stations de ski populaires, dont <span class=\"s1\">La Clusaz<\/span>, <span class=\"s1\">Le Grand Bornand<\/span>, le <span class=\"s1\">Semnoz<\/span> et Manigod, sont facilement accessibles depuis la ville, \u00e0 environ une heure de route, et <span class=\"s1\">Manigod<\/span>&#8211; sont facilement accessibles depuis la ville, dans un d\u00e9lai d&rsquo; environ une heure. <\/p><p class=\"p1\">IFALPES propose des cours de fran\u00e7ais dans un environnement montagnard exceptionnel, vous permettant de profiter de s\u00e9jours de ski ind\u00e9pendants pendant votre temps libre. Que voussoyez amateur de ski alpin, de snowboard ou de raquettes, les Alpes fran\u00e7aises sont \u00e0 port\u00e9e de main. <\/p><p class=\"p1\"><span class=\"s1\"> IFALPES n&rsquo; organise pas de s\u00e9jours de ski<\/span>, notre \u00e9quipe se tient \u00e0 votre disposition pour recommandations sur la fa\u00e7on de se rendre dans les stations, y compris les options de transport, les forfaits de remont\u00e9es m\u00e9caniques et les services de location. <span style=\"font-family: -apple-system, BlinkMacSystemFont, 'Segoe UI', Roboto, 'Helvetica Neue', Arial, 'Noto Sans', sans-serif, 'Apple Color Emoji', 'Segoe UI Emoji', 'Segoe UI Symbol', 'Noto Color Emoji'; font-size: 1rem;\"> Profitez de la libert\u00e9 d &lsquo; organiser vos propres sorties de ski tout en b\u00e9n\u00e9ficiant de cours de fran\u00e7ais de haute qualit\u00e9 au c\u0153ur des Alpes !de qualit\u00e9 au c\u0153ur des Alpes!<\/span><\/p>\t\t\t\t\t\t\t\t<\/div>\n\t\t\t\t<\/div>\n\t\t\t\t\t<\/div>\n\t\t<\/div>\n\t\t\t\t\t<\/div>\n\t\t<\/section>\n\t\t\t\t<section class=\"elementor-section elementor-top-section elementor-element elementor-element-1c25f66 elementor-section-boxed elementor-section-height-default elementor-section-height-default\" data-id=\"1c25f66\" data-element_type=\"section\" data-e-type=\"section\">\n\t\t\t\t\t\t<div class=\"elementor-container elementor-column-gap-default\">\n\t\t\t\t\t<div class=\"elementor-column elementor-col-50 elementor-top-column elementor-element elementor-element-358c372\" data-id=\"358c372\" data-element_type=\"column\" data-e-type=\"column\">\n\t\t\t<div class=\"elementor-widget-wrap elementor-element-populated\">\n\t\t\t\t\t\t<div class=\"elementor-element elementor-element-654d669 elementor-position-top elementor-widget elementor-widget-image-box\" data-id=\"654d669\" data-element_type=\"widget\" data-e-type=\"widget\" data-widget_type=\"image-box.default\">\n\t\t\t\t<div class=\"elementor-widget-container\">\n\t\t\t\t\t<div class=\"elementor-image-box-wrapper\"><figure class=\"elementor-image-box-img\"><img fetchpriority=\"high\" decoding=\"async\" width=\"1000\" height=\"599\" src=\"https:\/\/ifalpes.com\/wp-content\/uploads\/2022\/12\/Ski-Chamonix.jpg\" class=\"attachment-full size-full wp-image-21571\" alt=\"\" srcset=\"https:\/\/ifalpes.com\/wp-content\/uploads\/2022\/12\/Ski-Chamonix.jpg 1000w, https:\/\/ifalpes.com\/wp-content\/uploads\/2022\/12\/Ski-Chamonix-300x180.jpg 300w, https:\/\/ifalpes.com\/wp-content\/uploads\/2022\/12\/Ski-Chamonix-768x460.jpg 768w\" sizes=\"(max-width: 1000px) 100vw, 1000px\" \/><\/figure><div class=\"elementor-image-box-content\"><h3 class=\"elementor-image-box-title\"> Chamonix Mont Blanc<\/h3><p class=\"elementor-image-box-description\">Connu dans le monde entier pour son site magnifique, le domaine skiable de Chamonix offre une exp\u00e9rience de ski absolument incroyable au pied du Mont Blanc. Le domaine skiable est tr\u00e8s vari\u00e9, permettant \u00e0 tous les niveaux de trouver la configuration id\u00e9ale.<\/p><\/div><\/div>\t\t\t\t<\/div>\n\t\t\t\t<\/div>\n\t\t\t\t\t<\/div>\n\t\t<\/div>\n\t\t\t\t<div class=\"elementor-column elementor-col-50 elementor-top-column elementor-element elementor-element-c4a6dd2\" data-id=\"c4a6dd2\" data-element_type=\"column\" data-e-type=\"column\">\n\t\t\t<div class=\"elementor-widget-wrap elementor-element-populated\">\n\t\t\t\t\t\t<div class=\"elementor-element elementor-element-85aa7a4 elementor-position-top elementor-widget elementor-widget-image-box\" data-id=\"85aa7a4\" data-element_type=\"widget\" data-e-type=\"widget\" data-widget_type=\"image-box.default\">\n\t\t\t\t<div class=\"elementor-widget-container\">\n\t\t\t\t\t<div class=\"elementor-image-box-wrapper\"><figure class=\"elementor-image-box-img\"><img decoding=\"async\" width=\"740\" height=\"496\" src=\"https:\/\/ifalpes.com\/wp-content\/uploads\/2022\/12\/Morzine-portes-du-soleil-2.jpg\" class=\"attachment-full size-full wp-image-21574\" alt=\"\" srcset=\"https:\/\/ifalpes.com\/wp-content\/uploads\/2022\/12\/Morzine-portes-du-soleil-2.jpg 740w, https:\/\/ifalpes.com\/wp-content\/uploads\/2022\/12\/Morzine-portes-du-soleil-2-300x201.jpg 300w\" sizes=\"(max-width: 740px) 100vw, 740px\" \/><\/figure><div class=\"elementor-image-box-content\"><h3 class=\"elementor-image-box-title\">Morzine \u2013 Avoriaz<\/h3><p class=\"elementor-image-box-description\">Cr\u00e9\u00e9 en 1960, le FIFA est devenu un \u00e9v\u00e9nement de renomm\u00e9e mondiale. Le festival a lieu chaque ann\u00e9e au d\u00e9but du mois de juin et propose une s\u00e9lection officielle de films de style dessin anim\u00e9, papiers d\u00e9coup\u00e9s, plasticine, stop motion et 3D.<\/p><\/div><\/div>\t\t\t\t<\/div>\n\t\t\t\t<\/div>\n\t\t\t\t\t<\/div>\n\t\t<\/div>\n\t\t\t\t\t<\/div>\n\t\t<\/section>\n\t\t\t\t<section class=\"elementor-section elementor-top-section elementor-element elementor-element-5977b9b elementor-section-boxed elementor-section-height-default elementor-section-height-default\" data-id=\"5977b9b\" data-element_type=\"section\" data-e-type=\"section\">\n\t\t\t\t\t\t<div class=\"elementor-container elementor-column-gap-default\">\n\t\t\t\t\t<div class=\"elementor-column elementor-col-50 elementor-top-column elementor-element elementor-element-6239647\" data-id=\"6239647\" data-element_type=\"column\" data-e-type=\"column\">\n\t\t\t<div class=\"elementor-widget-wrap elementor-element-populated\">\n\t\t\t\t\t\t<div class=\"elementor-element elementor-element-7f54408 elementor-position-top elementor-widget elementor-widget-image-box\" data-id=\"7f54408\" data-element_type=\"widget\" data-e-type=\"widget\" data-widget_type=\"image-box.default\">\n\t\t\t\t<div class=\"elementor-widget-container\">\n\t\t\t\t\t<div class=\"elementor-image-box-wrapper\"><figure class=\"elementor-image-box-img\"><img decoding=\"async\" width=\"1000\" height=\"585\" src=\"https:\/\/ifalpes.com\/wp-content\/uploads\/2022\/12\/aravis-Grand-Bornad-La-Clusaz-2.jpg\" class=\"attachment-full size-full wp-image-21577\" alt=\"\" srcset=\"https:\/\/ifalpes.com\/wp-content\/uploads\/2022\/12\/aravis-Grand-Bornad-La-Clusaz-2.jpg 1000w, https:\/\/ifalpes.com\/wp-content\/uploads\/2022\/12\/aravis-Grand-Bornad-La-Clusaz-2-300x176.jpg 300w, https:\/\/ifalpes.com\/wp-content\/uploads\/2022\/12\/aravis-Grand-Bornad-La-Clusaz-2-768x449.jpg 768w\" sizes=\"(max-width: 1000px) 100vw, 1000px\" \/><\/figure><div class=\"elementor-image-box-content\"><h3 class=\"elementor-image-box-title\">Grand Bornand \u2013 La Clusaz<\/h3><p class=\"elementor-image-box-description\">Ces deux stations situ\u00e9es dans le massif des Aravis sont \u00e0 45 minutes d'Annecy. Elles offrent toutes deux d'excellentes conditions de ski qui conviendront aussi bien aux d\u00e9butants qu'aux experts.<\/p><\/div><\/div>\t\t\t\t<\/div>\n\t\t\t\t<\/div>\n\t\t\t\t\t<\/div>\n\t\t<\/div>\n\t\t\t\t<div class=\"elementor-column elementor-col-50 elementor-top-column elementor-element elementor-element-4f2b8aa\" data-id=\"4f2b8aa\" data-element_type=\"column\" data-e-type=\"column\">\n\t\t\t<div class=\"elementor-widget-wrap elementor-element-populated\">\n\t\t\t\t\t\t<div class=\"elementor-element elementor-element-8d8f437 elementor-position-top elementor-widget elementor-widget-image-box\" data-id=\"8d8f437\" data-element_type=\"widget\" data-e-type=\"widget\" data-widget_type=\"image-box.default\">\n\t\t\t\t<div class=\"elementor-widget-container\">\n\t\t\t\t\t<div class=\"elementor-image-box-wrapper\"><figure class=\"elementor-image-box-img\"><img loading=\"lazy\" decoding=\"async\" width=\"800\" height=\"500\" src=\"https:\/\/ifalpes.com\/wp-content\/uploads\/2022\/12\/Le-semnoz.jpg\" class=\"attachment-full size-full wp-image-21580\" alt=\"\" srcset=\"https:\/\/ifalpes.com\/wp-content\/uploads\/2022\/12\/Le-semnoz.jpg 800w, https:\/\/ifalpes.com\/wp-content\/uploads\/2022\/12\/Le-semnoz-300x188.jpg 300w, https:\/\/ifalpes.com\/wp-content\/uploads\/2022\/12\/Le-semnoz-768x480.jpg 768w\" sizes=\"(max-width: 800px) 100vw, 800px\" \/><\/figure><div class=\"elementor-image-box-content\"><h3 class=\"elementor-image-box-title\"> Le Semnoz<\/h3><p class=\"elementor-image-box-description\">Situ\u00e9 \u00e0 20 minutes d'Annecy, le Semnoz est un cadre de moyenne montagne id\u00e9al pour d\u00e9buter la saison de ski ou pour les d\u00e9butants. Notre montagne \"locale\", c'est un cadre propice aux balades contemplatives comme aux efforts plus physiques tout au long de l'ann\u00e9e.<\/p><\/div><\/div>\t\t\t\t<\/div>\n\t\t\t\t<\/div>\n\t\t\t\t\t<\/div>\n\t\t<\/div>\n\t\t\t\t\t<\/div>\n\t\t<\/section>\n\t\t\t\t<\/div>\n\t\t","protected":false},"excerpt":{"rendered":"<p>Activit\u00e9s \u00e0 Annecy Annecy est le point de d\u00e9part id\u00e9al pour les amateurs de sports d&rsquo;hiver qui souhaitent combiner l&rsquo;apprentissage d&rsquo;une langue avec des aventures alpines. Plusieurs stations de ski populaires, dont La Clusaz, Le Grand Bornand, le Semnoz et Manigod, sont facilement accessibles depuis la ville, \u00e0 environ une heure de route, et Manigod- [&hellip;]<\/p>\n","protected":false},"author":1,"featured_media":21568,"parent":21735,"menu_order":0,"comment_status":"closed","ping_status":"closed","template":"","meta":{"_acf_changed":false,"content-type":"","footnotes":""},"class_list":["post-21742","page","type-page","status-publish","has-post-thumbnail","hentry"],"acf":[],"_links":{"self":[{"href":"https:\/\/ifalpes.com\/fr\/wp-json\/wp\/v2\/pages\/21742","targetHints":{"allow":["GET"]}}],"collection":[{"href":"https:\/\/ifalpes.com\/fr\/wp-json\/wp\/v2\/pages"}],"about":[{"href":"https:\/\/ifalpes.com\/fr\/wp-json\/wp\/v2\/types\/page"}],"author":[{"embeddable":true,"href":"https:\/\/ifalpes.com\/fr\/wp-json\/wp\/v2\/users\/1"}],"replies":[{"embeddable":true,"href":"https:\/\/ifalpes.com\/fr\/wp-json\/wp\/v2\/comments?post=21742"}],"version-history":[{"count":2,"href":"https:\/\/ifalpes.com\/fr\/wp-json\/wp\/v2\/pages\/21742\/revisions"}],"predecessor-version":[{"id":27933,"href":"https:\/\/ifalpes.com\/fr\/wp-json\/wp\/v2\/pages\/21742\/revisions\/27933"}],"up":[{"embeddable":true,"href":"https:\/\/ifalpes.com\/fr\/wp-json\/wp\/v2\/pages\/21735"}],"wp:featuredmedia":[{"embeddable":true,"href":"https:\/\/ifalpes.com\/fr\/wp-json\/wp\/v2\/media\/21568"}],"wp:attachment":[{"href":"https:\/\/ifalpes.com\/fr\/wp-json\/wp\/v2\/media?parent=21742"}],"curies":[{"name":"wp","href":"https:\/\/api.w.org\/{rel}","templated":true}]}}