{"id":21740,"date":"2022-06-30T08:27:34","date_gmt":"2022-06-30T08:27:34","guid":{"rendered":"https:\/\/ifalpes.com\/activites-annecy\/art-et-culture\/"},"modified":"2022-12-14T15:51:09","modified_gmt":"2022-12-14T15:51:09","slug":"art-et-culture","status":"publish","type":"page","link":"https:\/\/ifalpes.com\/fr\/activities-annecy\/art-et-culture\/","title":{"rendered":"Art et Culture"},"content":{"rendered":"\t\t<div data-elementor-type=\"wp-page\" data-elementor-id=\"21740\" class=\"elementor elementor-21740 elementor-100\" data-elementor-post-type=\"page\">\n\t\t\t\t\t\t<section class=\"elementor-section elementor-top-section elementor-element elementor-element-b5286bb elementor-section-boxed elementor-section-height-default elementor-section-height-default\" data-id=\"b5286bb\" data-element_type=\"section\" data-e-type=\"section\">\n\t\t\t\t\t\t<div class=\"elementor-container elementor-column-gap-default\">\n\t\t\t\t\t<div class=\"elementor-column elementor-col-33 elementor-top-column elementor-element elementor-element-41642b7\" data-id=\"41642b7\" data-element_type=\"column\" data-e-type=\"column\" data-settings=\"{&quot;background_background&quot;:&quot;classic&quot;}\">\n\t\t\t<div class=\"elementor-widget-wrap\">\n\t\t\t\t\t\t\t<\/div>\n\t\t<\/div>\n\t\t\t\t<div class=\"elementor-column elementor-col-66 elementor-top-column elementor-element elementor-element-3fe1159\" data-id=\"3fe1159\" data-element_type=\"column\" data-e-type=\"column\">\n\t\t\t<div class=\"elementor-widget-wrap elementor-element-populated\">\n\t\t\t\t\t\t<div class=\"elementor-element elementor-element-691b302 elementor-widget elementor-widget-heading\" data-id=\"691b302\" data-element_type=\"widget\" data-e-type=\"widget\" data-widget_type=\"heading.default\">\n\t\t\t\t<div class=\"elementor-widget-container\">\n\t\t\t\t\t<h2 class=\"elementor-heading-title elementor-size-default\">Activit\u00e9s \u00e0 Annecy avec IFALPES<\/h2>\t\t\t\t<\/div>\n\t\t\t\t<\/div>\n\t\t\t\t<div class=\"elementor-element elementor-element-a923c1f elementor-widget elementor-widget-text-editor\" data-id=\"a923c1f\" data-element_type=\"widget\" data-e-type=\"widget\" data-widget_type=\"text-editor.default\">\n\t\t\t\t<div class=\"elementor-widget-container\">\n\t\t\t\t\t\t\t\t\t<p>Forte de son histoire, Annecy est une ville au riche patrimoine artistique et culturel. On y trouve des mus\u00e9es et des galeries d&rsquo;art \u00e0 visiter. Tout au long de l&rsquo;ann\u00e9e, de nombreux \u00e9v\u00e9nements sont organis\u00e9s par la ville.<\/p>\n<p>Chaque mois, IFALPES propose diff\u00e9rentes sorties et activit\u00e9s culturelles dans la ville (visite de mus\u00e9es, expositions, d\u00e9gustation de produits r\u00e9gionaux&#8230;) mais aussi sur des sites c\u00e9l\u00e8bres de la r\u00e9gion (Chamonix, Gen\u00e8ve, Lyon&#8230;).<\/p>\n\t\t\t\t\t\t\t\t<\/div>\n\t\t\t\t<\/div>\n\t\t\t\t\t<\/div>\n\t\t<\/div>\n\t\t\t\t\t<\/div>\n\t\t<\/section>\n\t\t\t\t<section class=\"elementor-section elementor-top-section elementor-element elementor-element-aa46eed elementor-section-boxed elementor-section-height-default elementor-section-height-default\" data-id=\"aa46eed\" data-element_type=\"section\" data-e-type=\"section\">\n\t\t\t\t\t\t<div class=\"elementor-container elementor-column-gap-default\">\n\t\t\t\t\t<div class=\"elementor-column elementor-col-50 elementor-top-column elementor-element elementor-element-d7cdefa\" data-id=\"d7cdefa\" data-element_type=\"column\" data-e-type=\"column\">\n\t\t\t<div class=\"elementor-widget-wrap elementor-element-populated\">\n\t\t\t\t\t\t<div class=\"elementor-element elementor-element-129e46a elementor-position-top elementor-widget elementor-widget-image-box\" data-id=\"129e46a\" data-element_type=\"widget\" data-e-type=\"widget\" data-widget_type=\"image-box.default\">\n\t\t\t\t<div class=\"elementor-widget-container\">\n\t\t\t\t\t<div class=\"elementor-image-box-wrapper\"><figure class=\"elementor-image-box-img\"><img fetchpriority=\"high\" decoding=\"async\" width=\"1024\" height=\"683\" src=\"https:\/\/ifalpes.com\/wp-content\/uploads\/2022\/11\/fetedulac.jpeg\" class=\"attachment-full size-full wp-image-21315\" alt=\"\" srcset=\"https:\/\/ifalpes.com\/wp-content\/uploads\/2022\/11\/fetedulac.jpeg 1024w, https:\/\/ifalpes.com\/wp-content\/uploads\/2022\/11\/fetedulac-300x200.jpeg 300w, https:\/\/ifalpes.com\/wp-content\/uploads\/2022\/11\/fetedulac-768x512.jpeg 768w\" sizes=\"(max-width: 1024px) 100vw, 1024px\" \/><\/figure><div class=\"elementor-image-box-content\"><h3 class=\"elementor-image-box-title\">LA F\u00caTE DU LAC<\/h3><p class=\"elementor-image-box-description\">Chaque ann\u00e9e, d\u00e9but ao\u00fbt, le lac devient le th\u00e9\u00e2tre du plus grand spectacle pyrotechnique d'Europe... Pendant plus d'une heure et demie, vous assisterez \u00e0 un feu d'artifice ponctu\u00e9 de musique, de lumi\u00e8res et d'effets sp\u00e9ciaux aquatiques... Ce spectacle grandiose trouve son origine dans la f\u00eate v\u00e9nitienne donn\u00e9e en 1860 en l'honneur de l'arriv\u00e9e de Napol\u00e9on III. Un spectacle \u00e0 voir au moins une fois dans sa vie !<\/p><\/div><\/div>\t\t\t\t<\/div>\n\t\t\t\t<\/div>\n\t\t\t\t\t<\/div>\n\t\t<\/div>\n\t\t\t\t<div class=\"elementor-column elementor-col-50 elementor-top-column elementor-element elementor-element-ee3467b\" data-id=\"ee3467b\" data-element_type=\"column\" data-e-type=\"column\">\n\t\t\t<div class=\"elementor-widget-wrap elementor-element-populated\">\n\t\t\t\t\t\t<div class=\"elementor-element elementor-element-0701529 elementor-position-top elementor-widget elementor-widget-image-box\" data-id=\"0701529\" data-element_type=\"widget\" data-e-type=\"widget\" data-widget_type=\"image-box.default\">\n\t\t\t\t<div class=\"elementor-widget-container\">\n\t\t\t\t\t<div class=\"elementor-image-box-wrapper\"><figure class=\"elementor-image-box-img\"><img decoding=\"async\" width=\"980\" height=\"654\" src=\"https:\/\/ifalpes.com\/wp-content\/uploads\/2022\/11\/animation-annecy.jpeg\" class=\"attachment-full size-full wp-image-21312\" alt=\"\" srcset=\"https:\/\/ifalpes.com\/wp-content\/uploads\/2022\/11\/animation-annecy.jpeg 980w, https:\/\/ifalpes.com\/wp-content\/uploads\/2022\/11\/animation-annecy-300x200.jpeg 300w, https:\/\/ifalpes.com\/wp-content\/uploads\/2022\/11\/animation-annecy-768x513.jpeg 768w\" sizes=\"(max-width: 980px) 100vw, 980px\" \/><\/figure><div class=\"elementor-image-box-content\"><h3 class=\"elementor-image-box-title\">LE FESTIVAL INTERNATIONAL DU FILM D\u2019ANIMATION<\/h3><p class=\"elementor-image-box-description\">Cr\u00e9\u00e9 en 1960, le FIFA est devenu un \u00e9v\u00e9nement de renomm\u00e9e mondiale. Le festival a lieu chaque ann\u00e9e au d\u00e9but du mois de juin et propose une s\u00e9lection officielle de films de style dessin anim\u00e9, papiers d\u00e9coup\u00e9s, plasticine, stop motion et 3D.<\/p><\/div><\/div>\t\t\t\t<\/div>\n\t\t\t\t<\/div>\n\t\t\t\t\t<\/div>\n\t\t<\/div>\n\t\t\t\t\t<\/div>\n\t\t<\/section>\n\t\t\t\t<section class=\"elementor-section elementor-top-section elementor-element elementor-element-536c0e8 elementor-section-boxed elementor-section-height-default elementor-section-height-default\" data-id=\"536c0e8\" data-element_type=\"section\" data-e-type=\"section\">\n\t\t\t\t\t\t<div class=\"elementor-container elementor-column-gap-default\">\n\t\t\t\t\t<div class=\"elementor-column elementor-col-50 elementor-top-column elementor-element elementor-element-df945e1\" data-id=\"df945e1\" data-element_type=\"column\" data-e-type=\"column\">\n\t\t\t<div class=\"elementor-widget-wrap elementor-element-populated\">\n\t\t\t\t\t\t<div class=\"elementor-element elementor-element-fe5a37c elementor-position-top elementor-widget elementor-widget-image-box\" data-id=\"fe5a37c\" data-element_type=\"widget\" data-e-type=\"widget\" data-widget_type=\"image-box.default\">\n\t\t\t\t<div class=\"elementor-widget-container\">\n\t\t\t\t\t<div class=\"elementor-image-box-wrapper\"><figure class=\"elementor-image-box-img\"><img decoding=\"async\" width=\"860\" height=\"645\" src=\"https:\/\/ifalpes.com\/wp-content\/uploads\/2022\/11\/festival-paysage.jpeg\" class=\"attachment-full size-full wp-image-21309\" alt=\"\" srcset=\"https:\/\/ifalpes.com\/wp-content\/uploads\/2022\/11\/festival-paysage.jpeg 860w, https:\/\/ifalpes.com\/wp-content\/uploads\/2022\/11\/festival-paysage-300x225.jpeg 300w, https:\/\/ifalpes.com\/wp-content\/uploads\/2022\/11\/festival-paysage-768x576.jpeg 768w\" sizes=\"(max-width: 860px) 100vw, 860px\" \/><\/figure><div class=\"elementor-image-box-content\"><h3 class=\"elementor-image-box-title\">LE FESTIVAL DES PAYSAGES<\/h3><p class=\"elementor-image-box-description\">Vous serez s\u00e9duit par la vingtaine d'installations artistiques et de r\u00e9flexion, toutes situ\u00e9es dans des sites embl\u00e9matiques d'Annecy. <\/p><\/div><\/div>\t\t\t\t<\/div>\n\t\t\t\t<\/div>\n\t\t\t\t\t<\/div>\n\t\t<\/div>\n\t\t\t\t<div class=\"elementor-column elementor-col-50 elementor-top-column elementor-element elementor-element-eda2fda\" data-id=\"eda2fda\" data-element_type=\"column\" data-e-type=\"column\">\n\t\t\t<div class=\"elementor-widget-wrap elementor-element-populated\">\n\t\t\t\t\t\t<div class=\"elementor-element elementor-element-88c5937 elementor-position-top elementor-widget elementor-widget-image-box\" data-id=\"88c5937\" data-element_type=\"widget\" data-e-type=\"widget\" data-widget_type=\"image-box.default\">\n\t\t\t\t<div class=\"elementor-widget-container\">\n\t\t\t\t\t<div class=\"elementor-image-box-wrapper\"><figure class=\"elementor-image-box-img\"><img loading=\"lazy\" decoding=\"async\" width=\"1200\" height=\"500\" src=\"https:\/\/ifalpes.com\/wp-content\/uploads\/2022\/11\/haras-annecy.jpeg\" class=\"attachment-full size-full wp-image-21306\" alt=\"\" srcset=\"https:\/\/ifalpes.com\/wp-content\/uploads\/2022\/11\/haras-annecy.jpeg 1200w, https:\/\/ifalpes.com\/wp-content\/uploads\/2022\/11\/haras-annecy-300x125.jpeg 300w, https:\/\/ifalpes.com\/wp-content\/uploads\/2022\/11\/haras-annecy-1024x427.jpeg 1024w, https:\/\/ifalpes.com\/wp-content\/uploads\/2022\/11\/haras-annecy-768x320.jpeg 768w\" sizes=\"(max-width: 1200px) 100vw, 1200px\" \/><\/figure><div class=\"elementor-image-box-content\"><h3 class=\"elementor-image-box-title\">SAISON AU HARAS<\/h3><p class=\"elementor-image-box-description\">En mai, vous pourrez profiter d'un somptueux parc paysager dans un site patrimonial du XIXe si\u00e8cle. Concerts, th\u00e9\u00e2tre, cin\u00e9ma en plein air, expositions, le lieu s'anime pour le plus grand plaisir des participants.<\/p><\/div><\/div>\t\t\t\t<\/div>\n\t\t\t\t<\/div>\n\t\t\t\t\t<\/div>\n\t\t<\/div>\n\t\t\t\t\t<\/div>\n\t\t<\/section>\n\t\t\t\t<\/div>\n\t\t","protected":false},"excerpt":{"rendered":"<p>Activit\u00e9s \u00e0 Annecy avec IFALPES Forte de son histoire, Annecy est une ville au riche patrimoine artistique et culturel. On y trouve des mus\u00e9es et des galeries d&rsquo;art \u00e0 visiter. Tout au long de l&rsquo;ann\u00e9e, de nombreux \u00e9v\u00e9nements sont organis\u00e9s par la ville. Chaque mois, IFALPES propose diff\u00e9rentes sorties et activit\u00e9s culturelles dans la ville [&hellip;]<\/p>\n","protected":false},"author":1,"featured_media":21303,"parent":21735,"menu_order":0,"comment_status":"closed","ping_status":"closed","template":"","meta":{"_acf_changed":false,"content-type":"","footnotes":""},"class_list":["post-21740","page","type-page","status-publish","has-post-thumbnail","hentry"],"acf":[],"_links":{"self":[{"href":"https:\/\/ifalpes.com\/fr\/wp-json\/wp\/v2\/pages\/21740","targetHints":{"allow":["GET"]}}],"collection":[{"href":"https:\/\/ifalpes.com\/fr\/wp-json\/wp\/v2\/pages"}],"about":[{"href":"https:\/\/ifalpes.com\/fr\/wp-json\/wp\/v2\/types\/page"}],"author":[{"embeddable":true,"href":"https:\/\/ifalpes.com\/fr\/wp-json\/wp\/v2\/users\/1"}],"replies":[{"embeddable":true,"href":"https:\/\/ifalpes.com\/fr\/wp-json\/wp\/v2\/comments?post=21740"}],"version-history":[{"count":1,"href":"https:\/\/ifalpes.com\/fr\/wp-json\/wp\/v2\/pages\/21740\/revisions"}],"predecessor-version":[{"id":21741,"href":"https:\/\/ifalpes.com\/fr\/wp-json\/wp\/v2\/pages\/21740\/revisions\/21741"}],"up":[{"embeddable":true,"href":"https:\/\/ifalpes.com\/fr\/wp-json\/wp\/v2\/pages\/21735"}],"wp:featuredmedia":[{"embeddable":true,"href":"https:\/\/ifalpes.com\/fr\/wp-json\/wp\/v2\/media\/21303"}],"wp:attachment":[{"href":"https:\/\/ifalpes.com\/fr\/wp-json\/wp\/v2\/media?parent=21740"}],"curies":[{"name":"wp","href":"https:\/\/api.w.org\/{rel}","templated":true}]}}