{"id":21735,"date":"2022-06-30T08:22:24","date_gmt":"2022-06-30T08:22:24","guid":{"rendered":"https:\/\/ifalpes.com\/activites-annecy\/"},"modified":"2025-10-27T09:48:37","modified_gmt":"2025-10-27T09:48:37","slug":"activities-annecy","status":"publish","type":"page","link":"https:\/\/ifalpes.com\/fr\/activities-annecy\/","title":{"rendered":"Activit\u00e9s \u00e0 Annecy"},"content":{"rendered":"\t\t<div data-elementor-type=\"wp-page\" data-elementor-id=\"21735\" class=\"elementor elementor-21735 elementor-98\" data-elementor-post-type=\"page\">\n\t\t\t\t\t\t<section class=\"elementor-section elementor-top-section elementor-element elementor-element-95230ba elementor-section-boxed elementor-section-height-default elementor-section-height-default\" data-id=\"95230ba\" data-element_type=\"section\" data-e-type=\"section\">\n\t\t\t\t\t\t<div class=\"elementor-container elementor-column-gap-default\">\n\t\t\t\t\t<div class=\"elementor-column elementor-col-100 elementor-top-column elementor-element elementor-element-4ee32bb\" data-id=\"4ee32bb\" data-element_type=\"column\" data-e-type=\"column\">\n\t\t\t<div class=\"elementor-widget-wrap elementor-element-populated\">\n\t\t\t\t\t\t<div class=\"elementor-element elementor-element-5dee2bc elementor-widget elementor-widget-text-editor\" data-id=\"5dee2bc\" data-element_type=\"widget\" data-e-type=\"widget\" data-widget_type=\"text-editor.default\">\n\t\t\t\t<div class=\"elementor-widget-container\">\n\t\t\t\t\t\t\t\t\t<p class=\"p1\" style=\"text-align: center;\"><strong>IFALPES vous propose de nombreuses activit\u00e9s \u00e0 Annecy et dans ses environs. D\u00e9couvrez un large choix d&rsquo;excursions et d&rsquo;exp\u00e9riences \u00e0 vivre pendant votre s\u00e9jour linguistique tout en apprenant le fran\u00e7ais. <\/strong><\/p>\t\t\t\t\t\t\t\t<\/div>\n\t\t\t\t<\/div>\n\t\t\t\t\t<\/div>\n\t\t<\/div>\n\t\t\t\t\t<\/div>\n\t\t<\/section>\n\t\t\t\t<section class=\"elementor-section elementor-top-section elementor-element elementor-element-7b3a5d3 elementor-section-boxed elementor-section-height-default elementor-section-height-default\" data-id=\"7b3a5d3\" data-element_type=\"section\" data-e-type=\"section\">\n\t\t\t\t\t\t<div class=\"elementor-container elementor-column-gap-default\">\n\t\t\t\t\t<div class=\"elementor-column elementor-col-100 elementor-top-column elementor-element elementor-element-392e1b4\" data-id=\"392e1b4\" data-element_type=\"column\" data-e-type=\"column\">\n\t\t\t<div class=\"elementor-widget-wrap elementor-element-populated\">\n\t\t\t\t\t\t<div class=\"elementor-element elementor-element-a85743d elementor-grid-3 elementor-grid-tablet-2 elementor-grid-mobile-1 elementor-posts--thumbnail-top elementor-card-shadow-yes elementor-posts__hover-gradient elementor-widget elementor-widget-posts\" data-id=\"a85743d\" data-element_type=\"widget\" data-e-type=\"widget\" data-settings=\"{&quot;cards_columns&quot;:&quot;3&quot;,&quot;cards_columns_tablet&quot;:&quot;2&quot;,&quot;cards_columns_mobile&quot;:&quot;1&quot;,&quot;cards_row_gap&quot;:{&quot;unit&quot;:&quot;px&quot;,&quot;size&quot;:35,&quot;sizes&quot;:[]},&quot;cards_row_gap_tablet&quot;:{&quot;unit&quot;:&quot;px&quot;,&quot;size&quot;:&quot;&quot;,&quot;sizes&quot;:[]},&quot;cards_row_gap_mobile&quot;:{&quot;unit&quot;:&quot;px&quot;,&quot;size&quot;:&quot;&quot;,&quot;sizes&quot;:[]}}\" data-widget_type=\"posts.cards\">\n\t\t\t\t<div class=\"elementor-widget-container\">\n\t\t\t\t\t\t\t<div class=\"elementor-posts-container elementor-posts elementor-posts--skin-cards elementor-grid\" role=\"list\">\n\t\t\t\t<article class=\"elementor-post elementor-grid-item post-21740 page type-page status-publish has-post-thumbnail hentry\" role=\"listitem\">\n\t\t\t<div class=\"elementor-post__card\">\n\t\t\t\t<a class=\"elementor-post__thumbnail__link\" href=\"https:\/\/ifalpes.com\/fr\/activities-annecy\/art-et-culture\/\" tabindex=\"-1\" ><div class=\"elementor-post__thumbnail\"><img fetchpriority=\"high\" decoding=\"async\" width=\"300\" height=\"199\" src=\"https:\/\/ifalpes.com\/wp-content\/uploads\/2022\/11\/Art-Culture-3-300x199.jpg\" class=\"attachment-medium size-medium wp-image-21303\" alt=\"\" srcset=\"https:\/\/ifalpes.com\/wp-content\/uploads\/2022\/11\/Art-Culture-3-300x199.jpg 300w, https:\/\/ifalpes.com\/wp-content\/uploads\/2022\/11\/Art-Culture-3-1024x678.jpg 1024w, https:\/\/ifalpes.com\/wp-content\/uploads\/2022\/11\/Art-Culture-3-768x509.jpg 768w, https:\/\/ifalpes.com\/wp-content\/uploads\/2022\/11\/Art-Culture-3-1536x1018.jpg 1536w, https:\/\/ifalpes.com\/wp-content\/uploads\/2022\/11\/Art-Culture-3.jpg 1600w\" sizes=\"(max-width: 300px) 100vw, 300px\" \/><\/div><\/a>\n\t\t\t\t<div class=\"elementor-post__text\">\n\t\t\t\t<h3 class=\"elementor-post__title\">\n\t\t\t<a href=\"https:\/\/ifalpes.com\/fr\/activities-annecy\/art-et-culture\/\" >\n\t\t\t\tArt et Culture\t\t\t<\/a>\n\t\t<\/h3>\n\t\t\t\t<div class=\"elementor-post__excerpt\">\n\t\t\t<p>Activit\u00e9s \u00e0 Annecy avec IFALPES Forte de son histoire, Annecy est une ville au riche patrimoine artistique et culturel. On y trouve des mus\u00e9es et des galeries d&rsquo;art \u00e0 visiter. Tout au long de l&rsquo;ann\u00e9e, de nombreux \u00e9v\u00e9nements sont organis\u00e9s par la ville. Chaque mois, IFALPES propose diff\u00e9rentes sorties et activit\u00e9s culturelles dans la ville (visite de mus\u00e9es, expositions, d\u00e9gustation<\/p>\n\t\t<\/div>\n\t\t\n\t\t<a class=\"elementor-post__read-more\" href=\"https:\/\/ifalpes.com\/fr\/activities-annecy\/art-et-culture\/\" aria-label=\"En savoir plus sur Art et Culture\" tabindex=\"-1\" >\n\t\t\tLire la suite \u00bb\t\t<\/a>\n\n\t\t\t\t<\/div>\n\t\t\t\t\t<\/div>\n\t\t<\/article>\n\t\t\t\t<article class=\"elementor-post elementor-grid-item post-21742 page type-page status-publish has-post-thumbnail hentry\" role=\"listitem\">\n\t\t\t<div class=\"elementor-post__card\">\n\t\t\t\t<a class=\"elementor-post__thumbnail__link\" href=\"https:\/\/ifalpes.com\/fr\/activities-annecy\/francais-et-ski\/\" tabindex=\"-1\" ><div class=\"elementor-post__thumbnail\"><img decoding=\"async\" width=\"300\" height=\"225\" src=\"https:\/\/ifalpes.com\/wp-content\/uploads\/2022\/12\/Ski-Ifalpes-300x225.jpg\" class=\"attachment-medium size-medium wp-image-21568\" alt=\"\" srcset=\"https:\/\/ifalpes.com\/wp-content\/uploads\/2022\/12\/Ski-Ifalpes-300x225.jpg 300w, https:\/\/ifalpes.com\/wp-content\/uploads\/2022\/12\/Ski-Ifalpes.jpg 604w\" sizes=\"(max-width: 300px) 100vw, 300px\" \/><\/div><\/a>\n\t\t\t\t<div class=\"elementor-post__text\">\n\t\t\t\t<h3 class=\"elementor-post__title\">\n\t\t\t<a href=\"https:\/\/ifalpes.com\/fr\/activities-annecy\/francais-et-ski\/\" >\n\t\t\t\tSortie ski\t\t\t<\/a>\n\t\t<\/h3>\n\t\t\t\t<div class=\"elementor-post__excerpt\">\n\t\t\t<p>Activit\u00e9s \u00e0 Annecy Annecy est le point de d\u00e9part id\u00e9al pour les amateurs de sports d&rsquo;hiver qui souhaitent combiner l&rsquo;apprentissage d&rsquo;une langue avec des aventures alpines. Plusieurs stations de ski populaires, dont La Clusaz, Le Grand Bornand, le Semnoz et Manigod, sont facilement accessibles depuis la ville, \u00e0 environ une heure de route, et Manigod- sont facilement accessibles depuis la<\/p>\n\t\t<\/div>\n\t\t\n\t\t<a class=\"elementor-post__read-more\" href=\"https:\/\/ifalpes.com\/fr\/activities-annecy\/francais-et-ski\/\" aria-label=\"En savoir plus sur Sortie ski\" tabindex=\"-1\" >\n\t\t\tLire la suite \u00bb\t\t<\/a>\n\n\t\t\t\t<\/div>\n\t\t\t\t\t<\/div>\n\t\t<\/article>\n\t\t\t\t<article class=\"elementor-post elementor-grid-item post-21744 page type-page status-publish has-post-thumbnail hentry\" role=\"listitem\">\n\t\t\t<div class=\"elementor-post__card\">\n\t\t\t\t<a class=\"elementor-post__thumbnail__link\" href=\"https:\/\/ifalpes.com\/fr\/activities-annecy\/sports-et-loisirs\/\" tabindex=\"-1\" ><div class=\"elementor-post__thumbnail\"><img decoding=\"async\" width=\"300\" height=\"200\" src=\"https:\/\/ifalpes.com\/wp-content\/uploads\/2022\/12\/Sport-Leisure-1-300x200.jpg\" class=\"attachment-medium size-medium wp-image-21586\" alt=\"\" srcset=\"https:\/\/ifalpes.com\/wp-content\/uploads\/2022\/12\/Sport-Leisure-1-300x200.jpg 300w, https:\/\/ifalpes.com\/wp-content\/uploads\/2022\/12\/Sport-Leisure-1-1024x682.jpg 1024w, https:\/\/ifalpes.com\/wp-content\/uploads\/2022\/12\/Sport-Leisure-1-768x511.jpg 768w, https:\/\/ifalpes.com\/wp-content\/uploads\/2022\/12\/Sport-Leisure-1.jpg 1500w\" sizes=\"(max-width: 300px) 100vw, 300px\" \/><\/div><\/a>\n\t\t\t\t<div class=\"elementor-post__text\">\n\t\t\t\t<h3 class=\"elementor-post__title\">\n\t\t\t<a href=\"https:\/\/ifalpes.com\/fr\/activities-annecy\/sports-et-loisirs\/\" >\n\t\t\t\tSports et loisirs\t\t\t<\/a>\n\t\t<\/h3>\n\t\t\t\t<div class=\"elementor-post__excerpt\">\n\t\t\t<p>Activit\u00e9s \u00e0 Annecy avec IFALPES Dans un cadre naturel unique entre lac et montagne, Annecy offre de nombreuses possibilit\u00e9s d\u2019activit\u00e9s sportives et de loisirs tout au long de l\u2019ann\u00e9e. En hiver, le ski (alpin et de fond), les raquettes et la luge sont facilement accessibles par les transports en commun. En \u00e9t\u00e9, un grand choix de sports nautiques (planche \u00e0<\/p>\n\t\t<\/div>\n\t\t\n\t\t<a class=\"elementor-post__read-more\" href=\"https:\/\/ifalpes.com\/fr\/activities-annecy\/sports-et-loisirs\/\" aria-label=\"En savoir plus sur Sports et loisirs\" tabindex=\"-1\" >\n\t\t\tLire la suite \u00bb\t\t<\/a>\n\n\t\t\t\t<\/div>\n\t\t\t\t\t<\/div>\n\t\t<\/article>\n\t\t\t\t<\/div>\n\t\t\n\t\t\t\t\t\t<\/div>\n\t\t\t\t<\/div>\n\t\t\t\t\t<\/div>\n\t\t<\/div>\n\t\t\t\t\t<\/div>\n\t\t<\/section>\n\t\t\t\t<section class=\"elementor-section elementor-top-section elementor-element elementor-element-7c4c93e elementor-section-boxed elementor-section-height-default elementor-section-height-default\" data-id=\"7c4c93e\" data-element_type=\"section\" data-e-type=\"section\">\n\t\t\t\t\t\t<div class=\"elementor-container elementor-column-gap-default\">\n\t\t\t\t\t<div class=\"elementor-column elementor-col-100 elementor-top-column elementor-element elementor-element-f0ef83a\" data-id=\"f0ef83a\" data-element_type=\"column\" data-e-type=\"column\">\n\t\t\t<div class=\"elementor-widget-wrap elementor-element-populated\">\n\t\t\t\t\t\t<div class=\"elementor-element elementor-element-54bd73b elementor-widget elementor-widget-heading\" data-id=\"54bd73b\" data-element_type=\"widget\" data-e-type=\"widget\" data-widget_type=\"heading.default\">\n\t\t\t\t<div class=\"elementor-widget-container\">\n\t\t\t\t\t<h2 class=\"elementor-heading-title elementor-size-default\">Activit\u00e9s<\/h2>\t\t\t\t<\/div>\n\t\t\t\t<\/div>\n\t\t\t\t<div class=\"elementor-element elementor-element-63ccc78 elementor-widget-divider--view-line elementor-widget elementor-widget-divider\" data-id=\"63ccc78\" data-element_type=\"widget\" data-e-type=\"widget\" data-widget_type=\"divider.default\">\n\t\t\t\t<div class=\"elementor-widget-container\">\n\t\t\t\t\t\t\t<div class=\"elementor-divider\">\n\t\t\t<span class=\"elementor-divider-separator\">\n\t\t\t\t\t\t<\/span>\n\t\t<\/div>\n\t\t\t\t\t\t<\/div>\n\t\t\t\t<\/div>\n\t\t\t\t<div class=\"elementor-element elementor-element-7ec9109 elementor-widget elementor-widget-text-editor\" data-id=\"7ec9109\" data-element_type=\"widget\" data-e-type=\"widget\" data-widget_type=\"text-editor.default\">\n\t\t\t\t<div class=\"elementor-widget-container\">\n\t\t\t\t\t\t\t\t\t<p class=\"p1\">Vous \u00e9tudiez actuellement \u00e0 IFALPES Annecy ?<\/p><p class=\"p1\">Chaque semaine, participez \u00e0 diverses activit\u00e9s en plein air, culturelles et culinaires con\u00e7ues pour vous aider \u00e0 d\u00e9couvrir Annecy et ses environs, \u00e0 pratiquer votre fran\u00e7ais dans des situations r\u00e9elles et \u00e0 rencontrer d&rsquo;autres \u00e9tudiants internationaux.<\/p><p class=\"p3\"><span class=\"s1\"> <\/span><\/p><p class=\"p3\"><span class=\"s1\">\ud83d\udcf2 <\/span><b>Comment participer ?<\/b><b><\/b><\/p><p class=\"p1\">Toutes nos activit\u00e9s sont disponibles directement sur votre application mobile KLF :<\/p><ul><li><p class=\"p1\">Consultez le calendrier complet des activit\u00e9s \u00e0 venir<\/p><\/li><li><p class=\"p1\">Acc\u00e9dez \u00e0 toutes les informations (horaires, lieu de rendez-vous, prix, disponibilit\u00e9s)<\/p><\/li><li><p class=\"p1\">Inscrivez-vous instantan\u00e9ment et payez en ligne en toute s\u00e9curit\u00e9<\/p><\/li><\/ul><p class=\"p3\"><span class=\"s1\"> <\/span><\/p><p class=\"p3\"><span class=\"s1\">\ud83d\uddc2\ufe0f <\/span><b>Cat\u00e9gories d&rsquo;activit\u00e9s<\/b><b><\/b><\/p><p class=\"p1\"><a style=\"background-color: #ffffff; font-family: -apple-system, BlinkMacSystemFont, 'Segoe UI', Roboto, 'Helvetica Neue', Arial, 'Noto Sans', sans-serif, 'Apple Color Emoji', 'Segoe UI Emoji', 'Segoe UI Symbol', 'Noto Color Emoji'; font-size: 1rem;\" href=\"https:\/\/ifalpes.com\/activities-annecy\/sports-and-leisures\/\" target=\"_blank\" rel=\"noopener\">Sports et nature :<\/a> randonn\u00e9es en montagne, v\u00e9lo, paddleboard, ski, raquette&#8230;<\/p><p class=\"p1\"><a href=\"https:\/\/ifalpes.com\/activities-annecy\/art-and-culture\/\" target=\"_blank\" rel=\"noopener\">Art et culture :<\/a> visites guid\u00e9es de la ville, visites de mus\u00e9es, soir\u00e9es cin\u00e9ma, ateliers cr\u00e9atifs\u2026<\/p><p class=\"p1\"><span class=\"s3\"><b>Patrimoine et gastronomie :<\/b><\/span> march\u00e9s locaux, d\u00e9gustations de fromages et de chocolats, cours de cuisine fran\u00e7aise\u2026<\/p><p class=\"p1\"> <\/p><p class=\"p1\">\ud83d\udc49 T\u00e9l\u00e9chargez d\u00e8s maintenant l&rsquo;application KLF pour d\u00e9couvrir les activit\u00e9s de la semaine et planifier vos prochaines aventures \u00e0 Annecy !<\/p>\t\t\t\t\t\t\t\t<\/div>\n\t\t\t\t<\/div>\n\t\t\t\t<section class=\"elementor-section elementor-inner-section elementor-element elementor-element-a240817 elementor-section-boxed elementor-section-height-default elementor-section-height-default\" data-id=\"a240817\" data-element_type=\"section\" data-e-type=\"section\">\n\t\t\t\t\t\t<div class=\"elementor-container elementor-column-gap-default\">\n\t\t\t\t\t<div class=\"elementor-column elementor-col-50 elementor-inner-column elementor-element elementor-element-c0c8e83\" data-id=\"c0c8e83\" data-element_type=\"column\" data-e-type=\"column\">\n\t\t\t<div class=\"elementor-widget-wrap elementor-element-populated\">\n\t\t\t\t\t\t<div class=\"elementor-element elementor-element-199b46f elementor-widget__width-auto elementor-mobile-align-justify elementor-widget-mobile__width-inherit elementor-align-center elementor-widget elementor-widget-button\" data-id=\"199b46f\" data-element_type=\"widget\" data-e-type=\"widget\" data-settings=\"{&quot;_animation&quot;:&quot;none&quot;}\" data-widget_type=\"button.default\">\n\t\t\t\t<div class=\"elementor-widget-container\">\n\t\t\t\t\t\t\t\t\t<div class=\"elementor-button-wrapper\">\n\t\t\t\t\t<a class=\"elementor-button elementor-button-link elementor-size-sm elementor-animation-bob\" href=\"https:\/\/apps.apple.com\/fr\/app\/%C3%A9coles-klf\/id947878822\" target=\"_blank\" rel=\"noopener\">\n\t\t\t\t\t\t<span class=\"elementor-button-content-wrapper\">\n\t\t\t\t\t\t<span class=\"elementor-button-icon\">\n\t\t\t\t\t\t\t<\/span>\n\t\t\t\t\t\t\t\t\t<span class=\"elementor-button-text\">T\u00e9l\u00e9chargez l'application sur l'Apple Store<\/span>\n\t\t\t\t\t<\/span>\n\t\t\t\t\t<\/a>\n\t\t\t\t<\/div>\n\t\t\t\t\t\t\t\t<\/div>\n\t\t\t\t<\/div>\n\t\t\t\t\t<\/div>\n\t\t<\/div>\n\t\t\t\t<div class=\"elementor-column elementor-col-50 elementor-inner-column elementor-element elementor-element-1c4d7b8\" data-id=\"1c4d7b8\" data-element_type=\"column\" data-e-type=\"column\">\n\t\t\t<div class=\"elementor-widget-wrap elementor-element-populated\">\n\t\t\t\t\t\t<div class=\"elementor-element elementor-element-e01213c elementor-widget__width-auto elementor-mobile-align-justify elementor-widget-mobile__width-inherit elementor-align-center elementor-widget elementor-widget-button\" data-id=\"e01213c\" data-element_type=\"widget\" data-e-type=\"widget\" data-settings=\"{&quot;_animation&quot;:&quot;none&quot;}\" data-widget_type=\"button.default\">\n\t\t\t\t<div class=\"elementor-widget-container\">\n\t\t\t\t\t\t\t\t\t<div class=\"elementor-button-wrapper\">\n\t\t\t\t\t<a class=\"elementor-button elementor-button-link elementor-size-sm elementor-animation-bob\" href=\"https:\/\/play.google.com\/store\/search?q=%C3%A9coles%20KLF&#038;c=apps&#038;hl=fr\" target=\"_blank\" rel=\"noopener\">\n\t\t\t\t\t\t<span class=\"elementor-button-content-wrapper\">\n\t\t\t\t\t\t<span class=\"elementor-button-icon\">\n\t\t\t\t\t\t\t<\/span>\n\t\t\t\t\t\t\t\t\t<span class=\"elementor-button-text\">T\u00e9l\u00e9chargez l'application sur Google Play<\/span>\n\t\t\t\t\t<\/span>\n\t\t\t\t\t<\/a>\n\t\t\t\t<\/div>\n\t\t\t\t\t\t\t\t<\/div>\n\t\t\t\t<\/div>\n\t\t\t\t\t<\/div>\n\t\t<\/div>\n\t\t\t\t\t<\/div>\n\t\t<\/section>\n\t\t\t\t\t<\/div>\n\t\t<\/div>\n\t\t\t\t\t<\/div>\n\t\t<\/section>\n\t\t\t\t<\/div>\n\t\t","protected":false},"excerpt":{"rendered":"<p>IFALPES vous propose de nombreuses activit\u00e9s \u00e0 Annecy et dans ses environs. D\u00e9couvrez un large choix d&rsquo;excursions et d&rsquo;exp\u00e9riences \u00e0 vivre pendant votre s\u00e9jour linguistique tout en apprenant le fran\u00e7ais. Activit\u00e9s Vous \u00e9tudiez actuellement \u00e0 IFALPES Annecy ? Chaque semaine, participez \u00e0 diverses activit\u00e9s en plein air, culturelles et culinaires con\u00e7ues pour vous aider \u00e0 [&hellip;]<\/p>\n","protected":false},"author":1,"featured_media":0,"parent":0,"menu_order":0,"comment_status":"closed","ping_status":"closed","template":"","meta":{"_acf_changed":false,"content-type":"","footnotes":""},"class_list":["post-21735","page","type-page","status-publish","hentry"],"acf":[],"_links":{"self":[{"href":"https:\/\/ifalpes.com\/fr\/wp-json\/wp\/v2\/pages\/21735","targetHints":{"allow":["GET"]}}],"collection":[{"href":"https:\/\/ifalpes.com\/fr\/wp-json\/wp\/v2\/pages"}],"about":[{"href":"https:\/\/ifalpes.com\/fr\/wp-json\/wp\/v2\/types\/page"}],"author":[{"embeddable":true,"href":"https:\/\/ifalpes.com\/fr\/wp-json\/wp\/v2\/users\/1"}],"replies":[{"embeddable":true,"href":"https:\/\/ifalpes.com\/fr\/wp-json\/wp\/v2\/comments?post=21735"}],"version-history":[{"count":2,"href":"https:\/\/ifalpes.com\/fr\/wp-json\/wp\/v2\/pages\/21735\/revisions"}],"predecessor-version":[{"id":28534,"href":"https:\/\/ifalpes.com\/fr\/wp-json\/wp\/v2\/pages\/21735\/revisions\/28534"}],"wp:attachment":[{"href":"https:\/\/ifalpes.com\/fr\/wp-json\/wp\/v2\/media?parent=21735"}],"curies":[{"name":"wp","href":"https:\/\/api.w.org\/{rel}","templated":true}]}}