{"id":21733,"date":"2022-06-30T08:30:04","date_gmt":"2022-06-30T08:30:04","guid":{"rendered":"https:\/\/ifalpes.com\/hebergement-annecy\/residence-etudiante\/"},"modified":"2022-12-14T15:45:19","modified_gmt":"2022-12-14T15:45:19","slug":"residence-etudiante","status":"publish","type":"page","link":"https:\/\/ifalpes.com\/fr\/hebergement-annecy\/residence-etudiante\/","title":{"rendered":"R\u00e9sidence \u00e9tudiante"},"content":{"rendered":"\t\t<div data-elementor-type=\"wp-page\" data-elementor-id=\"21733\" class=\"elementor elementor-21733 elementor-113\" data-elementor-post-type=\"page\">\n\t\t\t\t\t\t<section class=\"elementor-section elementor-top-section elementor-element elementor-element-52f1ea6 elementor-section-boxed elementor-section-height-default elementor-section-height-default\" data-id=\"52f1ea6\" data-element_type=\"section\" data-e-type=\"section\">\n\t\t\t\t\t\t<div class=\"elementor-container elementor-column-gap-default\">\n\t\t\t\t\t<div class=\"elementor-column elementor-col-33 elementor-top-column elementor-element elementor-element-ac8c7cc\" data-id=\"ac8c7cc\" data-element_type=\"column\" data-e-type=\"column\" data-settings=\"{&quot;background_background&quot;:&quot;classic&quot;}\">\n\t\t\t<div class=\"elementor-widget-wrap\">\n\t\t\t\t\t\t\t<\/div>\n\t\t<\/div>\n\t\t\t\t<div class=\"elementor-column elementor-col-66 elementor-top-column elementor-element elementor-element-b76a089\" data-id=\"b76a089\" data-element_type=\"column\" data-e-type=\"column\">\n\t\t\t<div class=\"elementor-widget-wrap elementor-element-populated\">\n\t\t\t\t\t\t<div class=\"elementor-element elementor-element-00e9543 elementor-widget elementor-widget-heading\" data-id=\"00e9543\" data-element_type=\"widget\" data-e-type=\"widget\" data-widget_type=\"heading.default\">\n\t\t\t\t<div class=\"elementor-widget-container\">\n\t\t\t\t\t<h2 class=\"elementor-heading-title elementor-size-default\">Logements pour \u00e9tudiants<\/h2>\t\t\t\t<\/div>\n\t\t\t\t<\/div>\n\t\t\t\t<div class=\"elementor-element elementor-element-bfff381 elementor-widget elementor-widget-text-editor\" data-id=\"bfff381\" data-element_type=\"widget\" data-e-type=\"widget\" data-widget_type=\"text-editor.default\">\n\t\t\t\t<div class=\"elementor-widget-container\">\n\t\t\t\t\t\t\t\t\t<p>R\u00e9servation possible toute l&rsquo;ann\u00e9e en fonction de la disponibilit\u00e9 de l&rsquo;\u00e9tablissement.<\/p>\n<p>Situ\u00e9 \u00e0 20 minutes en bus ou en v\u00e9lo d&rsquo;IFALPES.<\/p>\n<p>Confort de base, pi\u00e8ce avec \u00e9vier, bureau et rangement. Douche et toilettes sont partag\u00e9es avec 4 r\u00e9sidents. Cuisine \u00e0 chaque \u00e9tage.<\/p>\n<p>Les installations g\u00e9n\u00e9rales comprennent une salle commune avec un espace d&rsquo;\u00e9tude, un hall clair et spacieux, une caf\u00e9t\u00e9ria, un espace TV et un espace ping-pong et une buanderie avec des machines \u00e0 laver et \u00e0 s\u00e9cher.<\/p>\n\t\t\t\t\t\t\t\t<\/div>\n\t\t\t\t<\/div>\n\t\t\t\t\t<\/div>\n\t\t<\/div>\n\t\t\t\t\t<\/div>\n\t\t<\/section>\n\t\t\t\t<section class=\"elementor-section elementor-top-section elementor-element elementor-element-99e5069 elementor-section-boxed elementor-section-height-default elementor-section-height-default\" data-id=\"99e5069\" data-element_type=\"section\" data-e-type=\"section\">\n\t\t\t\t\t\t<div class=\"elementor-container elementor-column-gap-default\">\n\t\t\t\t\t<div class=\"elementor-column elementor-col-66 elementor-top-column elementor-element elementor-element-be089a1\" data-id=\"be089a1\" data-element_type=\"column\" data-e-type=\"column\">\n\t\t\t<div class=\"elementor-widget-wrap elementor-element-populated\">\n\t\t\t\t\t\t<div class=\"elementor-element elementor-element-8956843 elementor-widget elementor-widget-heading\" data-id=\"8956843\" data-element_type=\"widget\" data-e-type=\"widget\" data-widget_type=\"heading.default\">\n\t\t\t\t<div class=\"elementor-widget-container\">\n\t\t\t\t\t<h2 class=\"elementor-heading-title elementor-size-default\">R\u00e9sidence universitaire<\/h2>\t\t\t\t<\/div>\n\t\t\t\t<\/div>\n\t\t\t\t<div class=\"elementor-element elementor-element-9aaa2f5 elementor-widget elementor-widget-text-editor\" data-id=\"9aaa2f5\" data-element_type=\"widget\" data-e-type=\"widget\" data-widget_type=\"text-editor.default\">\n\t\t\t\t<div class=\"elementor-widget-container\">\n\t\t\t\t\t\t\t\t\t<p>Disponible uniquement en \u00e9t\u00e9, situ\u00e9 \u00e0 deux pas du lac, \u00e0 20 minutes en bus ou 10 minutes en v\u00e9lo d&rsquo;IFALPES.<\/p>\n<p>Possibilit\u00e9 d&rsquo;avoir une chambre avec vue sur le lac, sous r\u00e9serve de disponibilit\u00e9.<\/p>\n<p>Confort standard, chambre avec douche et toilettes individuelles. Cuisine \u00e0 chaque \u00e9tage.<\/p>\n\t\t\t\t\t\t\t\t<\/div>\n\t\t\t\t<\/div>\n\t\t\t\t\t<\/div>\n\t\t<\/div>\n\t\t\t\t<div class=\"elementor-column elementor-col-33 elementor-top-column elementor-element elementor-element-2fddba2\" data-id=\"2fddba2\" data-element_type=\"column\" data-e-type=\"column\" data-settings=\"{&quot;background_background&quot;:&quot;classic&quot;}\">\n\t\t\t<div class=\"elementor-widget-wrap\">\n\t\t\t\t\t\t\t<\/div>\n\t\t<\/div>\n\t\t\t\t\t<\/div>\n\t\t<\/section>\n\t\t\t\t<\/div>\n\t\t","protected":false},"excerpt":{"rendered":"<p>Logements pour \u00e9tudiants R\u00e9servation possible toute l&rsquo;ann\u00e9e en fonction de la disponibilit\u00e9 de l&rsquo;\u00e9tablissement. Situ\u00e9 \u00e0 20 minutes en bus ou en v\u00e9lo d&rsquo;IFALPES. Confort de base, pi\u00e8ce avec \u00e9vier, bureau et rangement. Douche et toilettes sont partag\u00e9es avec 4 r\u00e9sidents. Cuisine \u00e0 chaque \u00e9tage. Les installations g\u00e9n\u00e9rales comprennent une salle commune avec un espace [&hellip;]<\/p>\n","protected":false},"author":1,"featured_media":21249,"parent":21727,"menu_order":0,"comment_status":"closed","ping_status":"closed","template":"","meta":{"_acf_changed":false,"content-type":"","footnotes":""},"class_list":["post-21733","page","type-page","status-publish","has-post-thumbnail","hentry"],"acf":[],"_links":{"self":[{"href":"https:\/\/ifalpes.com\/fr\/wp-json\/wp\/v2\/pages\/21733","targetHints":{"allow":["GET"]}}],"collection":[{"href":"https:\/\/ifalpes.com\/fr\/wp-json\/wp\/v2\/pages"}],"about":[{"href":"https:\/\/ifalpes.com\/fr\/wp-json\/wp\/v2\/types\/page"}],"author":[{"embeddable":true,"href":"https:\/\/ifalpes.com\/fr\/wp-json\/wp\/v2\/users\/1"}],"replies":[{"embeddable":true,"href":"https:\/\/ifalpes.com\/fr\/wp-json\/wp\/v2\/comments?post=21733"}],"version-history":[{"count":1,"href":"https:\/\/ifalpes.com\/fr\/wp-json\/wp\/v2\/pages\/21733\/revisions"}],"predecessor-version":[{"id":21734,"href":"https:\/\/ifalpes.com\/fr\/wp-json\/wp\/v2\/pages\/21733\/revisions\/21734"}],"up":[{"embeddable":true,"href":"https:\/\/ifalpes.com\/fr\/wp-json\/wp\/v2\/pages\/21727"}],"wp:featuredmedia":[{"embeddable":true,"href":"https:\/\/ifalpes.com\/fr\/wp-json\/wp\/v2\/media\/21249"}],"wp:attachment":[{"href":"https:\/\/ifalpes.com\/fr\/wp-json\/wp\/v2\/media?parent=21733"}],"curies":[{"name":"wp","href":"https:\/\/api.w.org\/{rel}","templated":true}]}}