{"id":21731,"date":"2022-06-30T08:29:51","date_gmt":"2022-06-30T08:29:51","guid":{"rendered":"https:\/\/ifalpes.com\/hebergement-annecy\/famille-d-accueil-francaise\/"},"modified":"2025-07-17T10:49:15","modified_gmt":"2025-07-17T10:49:15","slug":"famille-d-accueil","status":"publish","type":"page","link":"https:\/\/ifalpes.com\/fr\/hebergement-annecy\/famille-d-accueil\/","title":{"rendered":"Famille d\u2019accueil"},"content":{"rendered":"\t\t<div data-elementor-type=\"wp-page\" data-elementor-id=\"21731\" class=\"elementor elementor-21731 elementor-111\" data-elementor-post-type=\"page\">\n\t\t\t\t\t\t<section class=\"elementor-section elementor-top-section elementor-element elementor-element-c6db52d elementor-section-boxed elementor-section-height-default elementor-section-height-default\" data-id=\"c6db52d\" data-element_type=\"section\" data-e-type=\"section\">\n\t\t\t\t\t\t<div class=\"elementor-container elementor-column-gap-default\">\n\t\t\t\t\t<div class=\"elementor-column elementor-col-33 elementor-top-column elementor-element elementor-element-d305d8e\" data-id=\"d305d8e\" data-element_type=\"column\" data-e-type=\"column\" data-settings=\"{&quot;background_background&quot;:&quot;classic&quot;}\">\n\t\t\t<div class=\"elementor-widget-wrap\">\n\t\t\t\t\t\t\t<\/div>\n\t\t<\/div>\n\t\t\t\t<div class=\"elementor-column elementor-col-66 elementor-top-column elementor-element elementor-element-c850f5b\" data-id=\"c850f5b\" data-element_type=\"column\" data-e-type=\"column\">\n\t\t\t<div class=\"elementor-widget-wrap elementor-element-populated\">\n\t\t\t\t\t\t<div class=\"elementor-element elementor-element-3a9b184 elementor-widget elementor-widget-heading\" data-id=\"3a9b184\" data-element_type=\"widget\" data-e-type=\"widget\" data-widget_type=\"heading.default\">\n\t\t\t\t<div class=\"elementor-widget-container\">\n\t\t\t\t\t<h2 class=\"elementor-heading-title elementor-size-default\">H\u00e9bergement en famille d'accueil<\/h2>\t\t\t\t<\/div>\n\t\t\t\t<\/div>\n\t\t\t\t<div class=\"elementor-element elementor-element-abc5deb elementor-widget elementor-widget-text-editor\" data-id=\"abc5deb\" data-element_type=\"widget\" data-e-type=\"widget\" data-widget_type=\"text-editor.default\">\n\t\t\t\t<div class=\"elementor-widget-container\">\n\t\t\t\t\t\t\t\t\t<ul><li>Voulez-vous participer \u00e0 la vie d\u2019une famille fran\u00e7aise pendant votre s\u00e9jour ?<\/li><li>Voulez-vous go\u00fbter \u00e0 la vraie cuisine familiale fran\u00e7aise ?<\/li><li>Vous voulez pratiquer le fran\u00e7ais en dehors de vos cours ?<\/li><\/ul><p>Le s\u00e9jour en famille d\u2019accueil est id\u00e9al si vous souhaitez d\u00e9couvrir la culture fran\u00e7aise et approfondir votre connaissance de la langue.<\/p><p>IFALPES travaille avec un r\u00e9seau de familles d\u2019accueil situ\u00e9es \u00e0 Annecy et dans les communes environnantes. Les familles sont rigoureusement s\u00e9lectionn\u00e9es et rencontr\u00e9es par notre service logement. Elles signent une Charte d\u2019accueil et de confiance. Vous ferez encore plus de progr\u00e8s en fran\u00e7ais si vous partagez la vie d\u2019une famille fran\u00e7aise qui sera ravie de partager avec vous.   <\/p><p>Toutes nos familles disposent du Wifi \u00e0 domicile.<\/p><p>Tous les s\u00e9jours comprennent une arriv\u00e9e le dimanche avant le cours et un d\u00e9part le samedi de la derni\u00e8re semaine du cours. Si vous souhaitez arriver ou rester une nuit suppl\u00e9mentaire, nous vous demandons d\u2019en informer le service h\u00e9bergement le plus t\u00f4t possible afin qu\u2019il puisse \u00e9tudier votre demande en fonction des disponibilit\u00e9s de la famille. <\/p>\t\t\t\t\t\t\t\t<\/div>\n\t\t\t\t<\/div>\n\t\t\t\t\t<\/div>\n\t\t<\/div>\n\t\t\t\t\t<\/div>\n\t\t<\/section>\n\t\t\t\t<section class=\"elementor-section elementor-top-section elementor-element elementor-element-884c636 elementor-section-boxed elementor-section-height-default elementor-section-height-default\" data-id=\"884c636\" data-element_type=\"section\" data-e-type=\"section\">\n\t\t\t\t\t\t<div class=\"elementor-container elementor-column-gap-default\">\n\t\t\t\t\t<div class=\"elementor-column elementor-col-66 elementor-top-column elementor-element elementor-element-2679d09\" data-id=\"2679d09\" data-element_type=\"column\" data-e-type=\"column\">\n\t\t\t<div class=\"elementor-widget-wrap elementor-element-populated\">\n\t\t\t\t\t\t<div class=\"elementor-element elementor-element-24a8c54 elementor-widget elementor-widget-text-editor\" data-id=\"24a8c54\" data-element_type=\"widget\" data-e-type=\"widget\" data-widget_type=\"text-editor.default\">\n\t\t\t\t<div class=\"elementor-widget-container\">\n\t\t\t\t\t\t\t\t\t<p>En savoir plus sur nos diff\u00e9rentes formules en famille d\u2019accueil et consulter nos tarifs.<\/p>\t\t\t\t\t\t\t\t<\/div>\n\t\t\t\t<\/div>\n\t\t\t\t<div class=\"elementor-element elementor-element-87174f2 elementor-align-center elementor-widget elementor-widget-button\" data-id=\"87174f2\" data-element_type=\"widget\" data-e-type=\"widget\" data-widget_type=\"button.default\">\n\t\t\t\t<div class=\"elementor-widget-container\">\n\t\t\t\t\t\t\t\t\t<div class=\"elementor-button-wrapper\">\n\t\t\t\t\t<a class=\"elementor-button elementor-button-link elementor-size-md\" href=\"https:\/\/ifalpes.com\/fr\/prix-et-documentation\/\" target=\"_blank\">\n\t\t\t\t\t\t<span class=\"elementor-button-content-wrapper\">\n\t\t\t\t\t\t<span class=\"elementor-button-icon\">\n\t\t\t\t<i aria-hidden=\"true\" class=\"fas fa-angle-right\"><\/i>\t\t\t<\/span>\n\t\t\t\t\t\t\t\t\t<span class=\"elementor-button-text\">T\u00e9l\u00e9charger notre brochure tarifaire<\/span>\n\t\t\t\t\t<\/span>\n\t\t\t\t\t<\/a>\n\t\t\t\t<\/div>\n\t\t\t\t\t\t\t\t<\/div>\n\t\t\t\t<\/div>\n\t\t\t\t\t<\/div>\n\t\t<\/div>\n\t\t\t\t<div class=\"elementor-column elementor-col-33 elementor-top-column elementor-element elementor-element-e1da8df\" data-id=\"e1da8df\" data-element_type=\"column\" data-e-type=\"column\" data-settings=\"{&quot;background_background&quot;:&quot;classic&quot;}\">\n\t\t\t<div class=\"elementor-widget-wrap\">\n\t\t\t\t\t\t\t<\/div>\n\t\t<\/div>\n\t\t\t\t\t<\/div>\n\t\t<\/section>\n\t\t\t\t<section class=\"elementor-section elementor-top-section elementor-element elementor-element-992ffd7 elementor-section-boxed elementor-section-height-default elementor-section-height-default\" data-id=\"992ffd7\" data-element_type=\"section\" data-e-type=\"section\">\n\t\t\t\t\t\t<div class=\"elementor-container elementor-column-gap-default\">\n\t\t\t\t\t<div class=\"elementor-column elementor-col-100 elementor-top-column elementor-element elementor-element-92f0a78\" data-id=\"92f0a78\" data-element_type=\"column\" data-e-type=\"column\">\n\t\t\t<div class=\"elementor-widget-wrap elementor-element-populated\">\n\t\t\t\t\t\t<div class=\"elementor-element elementor-element-0b338ab elementor-widget-divider--view-line elementor-widget elementor-widget-divider\" data-id=\"0b338ab\" data-element_type=\"widget\" data-e-type=\"widget\" data-widget_type=\"divider.default\">\n\t\t\t\t<div class=\"elementor-widget-container\">\n\t\t\t\t\t\t\t<div class=\"elementor-divider\">\n\t\t\t<span class=\"elementor-divider-separator\">\n\t\t\t\t\t\t<\/span>\n\t\t<\/div>\n\t\t\t\t\t\t<\/div>\n\t\t\t\t<\/div>\n\t\t\t\t\t<\/div>\n\t\t<\/div>\n\t\t\t\t\t<\/div>\n\t\t<\/section>\n\t\t\t\t<section class=\"elementor-section elementor-top-section elementor-element elementor-element-76fdd43 elementor-section-boxed elementor-section-height-default elementor-section-height-default\" data-id=\"76fdd43\" data-element_type=\"section\" data-e-type=\"section\">\n\t\t\t\t\t\t<div class=\"elementor-container elementor-column-gap-default\">\n\t\t\t\t\t<div class=\"elementor-column elementor-col-100 elementor-top-column elementor-element elementor-element-51aed57\" data-id=\"51aed57\" data-element_type=\"column\" data-e-type=\"column\">\n\t\t\t<div class=\"elementor-widget-wrap elementor-element-populated\">\n\t\t\t\t\t\t<div class=\"elementor-element elementor-element-60e74f5 elementor-widget elementor-widget-heading\" data-id=\"60e74f5\" data-element_type=\"widget\" data-e-type=\"widget\" data-widget_type=\"heading.default\">\n\t\t\t\t<div class=\"elementor-widget-container\">\n\t\t\t\t\t<h2 class=\"elementor-heading-title elementor-size-default\">H\u00e9bergement chez l'habitant : mode d'emploi<\/h2>\t\t\t\t<\/div>\n\t\t\t\t<\/div>\n\t\t\t\t<div class=\"elementor-element elementor-element-eab647b elementor-widget elementor-widget-text-editor\" data-id=\"eab647b\" data-element_type=\"widget\" data-e-type=\"widget\" data-widget_type=\"text-editor.default\">\n\t\t\t\t<div class=\"elementor-widget-container\">\n\t\t\t\t\t\t\t\t\t<p>Si vous s\u00e9journez pour la premi\u00e8re fois dans une famille d\u2019accueil, la vie dans une famille locale peut vous surprendre sur certains points : le rythme de vie, le mode de vie\u2026 Voici quelques conseils pour pr\u00e9parer votre s\u00e9jour en famille.<\/p><p><strong>Arriv\u00e9e : <\/strong>N\u2019oubliez pas d\u2019informer votre famille d\u2019accueil de votre date et heure d\u2019arriv\u00e9e.<\/p><p><strong>Loyer :<\/strong> Veuillez payer votre loyer \u00e0 votre arriv\u00e9e \u00e0 IFALPES.<\/p><p>NB : Si vous souhaitez changer de logement avant la fin de votre s\u00e9jour, veuillez en informer le service logement et votre famille un mois \u00e0 l\u2019avance. Tout changement sera factur\u00e9. <\/p><p><strong>Repas : <\/strong>N\u2019h\u00e9sitez pas \u00e0 informer votre famille si vous avez un r\u00e9gime alimentaire sp\u00e9cifique ou des allergies. Vos h\u00f4tes feront de leur mieux pour varier vos menus. Si vous pr\u00e9voyez de manger \u00e0 l\u2019ext\u00e9rieur pour votre repas du soir un jour, n\u2019oubliez pas d\u2019en informer votre famille au moins un jour \u00e0 l\u2019avance. Tout repas suppl\u00e9mentaire devra \u00eatre pay\u00e9 s\u00e9par\u00e9ment.   <\/p><p><strong>Cuisine<\/strong> : veuillez noter que quelle que soit la formule que vous avez r\u00e9serv\u00e9e (demi-pension, petit-d\u00e9jeuner ou chambre seule), il n&rsquo;est pas possible d&rsquo;utiliser la cuisine de la famille d&rsquo;accueil pour pr\u00e9parer ses repas. Certaines familles d&rsquo;accueil acceptent que les \u00e9tudiants utilisent la cuisine pour pr\u00e9parer des plats froids (salade, sandwichs&#8230;), mais cela d\u00e9pend de la famille et ne peut \u00eatre garanti avant l&rsquo;arriv\u00e9e. <\/p><p><strong>Nettoyage :<\/strong> Votre famille vous indiquera o\u00f9 trouver les articles n\u00e9cessaires au nettoyage de votre chambre. N\u2019oubliez pas qu\u2019un coup de main pour d\u00e9barrasser la table ou faire la vaisselle est toujours tr\u00e8s appr\u00e9ci\u00e9. <\/p><p><strong>Linge : <\/strong>Votre famille vous sugg\u00e9rera de laver votre linge au moins une fois par semaine. Si cela ne suffit pas, vous pouvez vous rendre dans une laverie automatique du centre ville. <\/p><p>N\u2019h\u00e9sitez pas \u00e0 demander \u00e0 votre famille d\u2019accueil toute autre information que vous jugez utile, elle sera heureuse de vous aider !<\/p><p><br><br><b style=\"font-family: -apple-system, BlinkMacSystemFont, 'Segoe UI', Roboto, 'Helvetica Neue', Arial, 'Noto Sans', sans-serif, 'Apple Color Emoji', 'Segoe UI Emoji', 'Segoe UI Symbol', 'Noto Color Emoji'; font-size: 1rem;\">*Les s\u00e9jours en famille d\u2019accueil s\u2019\u00e9tendent du dimanche au samedi (6 nuits par semaine). <\/b> <\/p><p><b style=\"font-family: -apple-system, BlinkMacSystemFont, 'Segoe UI', Roboto, 'Helvetica Neue', Arial, 'Noto Sans', sans-serif, 'Apple Color Emoji', 'Segoe UI Emoji', 'Segoe UI Symbol', 'Noto Color Emoji'; font-size: 1rem;\">Une nuit suppl\u00e9mentaire peut \u00eatre ajout\u00e9e si besoin, sous r\u00e9serve de disponibilit\u00e9.<\/b><\/p>\t\t\t\t\t\t\t\t<\/div>\n\t\t\t\t<\/div>\n\t\t\t\t\t<\/div>\n\t\t<\/div>\n\t\t\t\t\t<\/div>\n\t\t<\/section>\n\t\t\t\t<section class=\"elementor-section elementor-top-section elementor-element elementor-element-2afc761 elementor-section-boxed elementor-section-height-default elementor-section-height-default\" data-id=\"2afc761\" data-element_type=\"section\" data-e-type=\"section\">\n\t\t\t\t\t\t<div class=\"elementor-container elementor-column-gap-default\">\n\t\t\t\t\t<div class=\"elementor-column elementor-col-100 elementor-top-column elementor-element elementor-element-0f7a91a\" data-id=\"0f7a91a\" data-element_type=\"column\" data-e-type=\"column\">\n\t\t\t<div class=\"elementor-widget-wrap elementor-element-populated\">\n\t\t\t\t\t\t<div class=\"elementor-element elementor-element-5ab2fef elementor-widget-divider--view-line elementor-widget elementor-widget-divider\" data-id=\"5ab2fef\" data-element_type=\"widget\" data-e-type=\"widget\" data-widget_type=\"divider.default\">\n\t\t\t\t<div class=\"elementor-widget-container\">\n\t\t\t\t\t\t\t<div class=\"elementor-divider\">\n\t\t\t<span class=\"elementor-divider-separator\">\n\t\t\t\t\t\t<\/span>\n\t\t<\/div>\n\t\t\t\t\t\t<\/div>\n\t\t\t\t<\/div>\n\t\t\t\t\t<\/div>\n\t\t<\/div>\n\t\t\t\t\t<\/div>\n\t\t<\/section>\n\t\t\t\t<section class=\"elementor-section elementor-top-section elementor-element elementor-element-46d7616 elementor-section-boxed elementor-section-height-default elementor-section-height-default\" data-id=\"46d7616\" data-element_type=\"section\" data-e-type=\"section\">\n\t\t\t\t\t\t<div class=\"elementor-container elementor-column-gap-default\">\n\t\t\t\t\t<div class=\"elementor-column elementor-col-100 elementor-top-column elementor-element elementor-element-c7c9715\" data-id=\"c7c9715\" data-element_type=\"column\" data-e-type=\"column\">\n\t\t\t<div class=\"elementor-widget-wrap elementor-element-populated\">\n\t\t\t\t\t\t<div class=\"elementor-element elementor-element-61316bc elementor-widget elementor-widget-heading\" data-id=\"61316bc\" data-element_type=\"widget\" data-e-type=\"widget\" data-widget_type=\"heading.default\">\n\t\t\t\t<div class=\"elementor-widget-container\">\n\t\t\t\t\t<h2 class=\"elementor-heading-title elementor-size-default\">Vous souhaitez devenir famille d'accueil et vivre une experience d'\u00e9change unique ?<\/h2>\t\t\t\t<\/div>\n\t\t\t\t<\/div>\n\t\t\t\t<div class=\"elementor-element elementor-element-880d745 elementor-widget elementor-widget-text-editor\" data-id=\"880d745\" data-element_type=\"widget\" data-e-type=\"widget\" data-widget_type=\"text-editor.default\">\n\t\t\t\t<div class=\"elementor-widget-container\">\n\t\t\t\t\t\t\t\t\t<p>Cliquez ci-dessous, envoyez nous vos coordonn\u00e9es et notre \u00e9quipe h\u00e9bergement vous recontacte au plus vite. <\/p>\t\t\t\t\t\t\t\t<\/div>\n\t\t\t\t<\/div>\n\t\t\t\t<div class=\"elementor-element elementor-element-251347f elementor-align-center elementor-widget elementor-widget-button\" data-id=\"251347f\" data-element_type=\"widget\" data-e-type=\"widget\" data-widget_type=\"button.default\">\n\t\t\t\t<div class=\"elementor-widget-container\">\n\t\t\t\t\t\t\t\t\t<div class=\"elementor-button-wrapper\">\n\t\t\t\t\t<a class=\"elementor-button elementor-button-link elementor-size-md\" href=\"https:\/\/ifalpes.com\/fr\/devenez-famille-hote-etudiants-internationaux-annecy\/\" target=\"_blank\">\n\t\t\t\t\t\t<span class=\"elementor-button-content-wrapper\">\n\t\t\t\t\t\t<span class=\"elementor-button-icon\">\n\t\t\t\t<i aria-hidden=\"true\" class=\"fas fa-angle-right\"><\/i>\t\t\t<\/span>\n\t\t\t\t\t\t\t\t\t<span class=\"elementor-button-text\">Devenir famille d'accueil pour nos \u00e9tudiants.<\/span>\n\t\t\t\t\t<\/span>\n\t\t\t\t\t<\/a>\n\t\t\t\t<\/div>\n\t\t\t\t\t\t\t\t<\/div>\n\t\t\t\t<\/div>\n\t\t\t\t\t<\/div>\n\t\t<\/div>\n\t\t\t\t\t<\/div>\n\t\t<\/section>\n\t\t\t\t<\/div>\n\t\t","protected":false},"excerpt":{"rendered":"<p>H\u00e9bergement en famille d&rsquo;accueil Voulez-vous participer \u00e0 la vie d\u2019une famille fran\u00e7aise pendant votre s\u00e9jour ? Voulez-vous go\u00fbter \u00e0 la vraie cuisine familiale fran\u00e7aise ? Vous voulez pratiquer le fran\u00e7ais en dehors de vos cours ? Le s\u00e9jour en famille d\u2019accueil est id\u00e9al si vous souhaitez d\u00e9couvrir la culture fran\u00e7aise et approfondir votre connaissance de [&hellip;]<\/p>\n","protected":false},"author":1,"featured_media":21255,"parent":21727,"menu_order":0,"comment_status":"closed","ping_status":"closed","template":"","meta":{"_acf_changed":false,"content-type":"","footnotes":""},"class_list":["post-21731","page","type-page","status-publish","has-post-thumbnail","hentry"],"acf":[],"_links":{"self":[{"href":"https:\/\/ifalpes.com\/fr\/wp-json\/wp\/v2\/pages\/21731","targetHints":{"allow":["GET"]}}],"collection":[{"href":"https:\/\/ifalpes.com\/fr\/wp-json\/wp\/v2\/pages"}],"about":[{"href":"https:\/\/ifalpes.com\/fr\/wp-json\/wp\/v2\/types\/page"}],"author":[{"embeddable":true,"href":"https:\/\/ifalpes.com\/fr\/wp-json\/wp\/v2\/users\/1"}],"replies":[{"embeddable":true,"href":"https:\/\/ifalpes.com\/fr\/wp-json\/wp\/v2\/comments?post=21731"}],"version-history":[{"count":9,"href":"https:\/\/ifalpes.com\/fr\/wp-json\/wp\/v2\/pages\/21731\/revisions"}],"predecessor-version":[{"id":27987,"href":"https:\/\/ifalpes.com\/fr\/wp-json\/wp\/v2\/pages\/21731\/revisions\/27987"}],"up":[{"embeddable":true,"href":"https:\/\/ifalpes.com\/fr\/wp-json\/wp\/v2\/pages\/21727"}],"wp:featuredmedia":[{"embeddable":true,"href":"https:\/\/ifalpes.com\/fr\/wp-json\/wp\/v2\/media\/21255"}],"wp:attachment":[{"href":"https:\/\/ifalpes.com\/fr\/wp-json\/wp\/v2\/media?parent=21731"}],"curies":[{"name":"wp","href":"https:\/\/api.w.org\/{rel}","templated":true}]}}