{"id":21729,"date":"2022-06-30T08:29:36","date_gmt":"2022-06-30T08:29:36","guid":{"rendered":"https:\/\/ifalpes.com\/hebergement-annecy\/apart-hotel-appartement-prive\/"},"modified":"2022-12-14T15:30:48","modified_gmt":"2022-12-14T15:30:48","slug":"apart-hotel-appartement-prive","status":"publish","type":"page","link":"https:\/\/ifalpes.com\/fr\/hebergement-annecy\/apart-hotel-appartement-prive\/","title":{"rendered":"Apart-H\u00f4tel, H\u00f4tel et Appartement Priv\u00e9"},"content":{"rendered":"\t\t<div data-elementor-type=\"wp-page\" data-elementor-id=\"21729\" class=\"elementor elementor-21729 elementor-108\" data-elementor-post-type=\"page\">\n\t\t\t\t\t\t<section class=\"elementor-section elementor-top-section elementor-element elementor-element-8770c21 elementor-section-boxed elementor-section-height-default elementor-section-height-default\" data-id=\"8770c21\" data-element_type=\"section\" data-e-type=\"section\">\n\t\t\t\t\t\t<div class=\"elementor-container elementor-column-gap-default\">\n\t\t\t\t\t<div class=\"elementor-column elementor-col-33 elementor-top-column elementor-element elementor-element-f5456d6\" data-id=\"f5456d6\" data-element_type=\"column\" data-e-type=\"column\" data-settings=\"{&quot;background_background&quot;:&quot;classic&quot;}\">\n\t\t\t<div class=\"elementor-widget-wrap\">\n\t\t\t\t\t\t\t<\/div>\n\t\t<\/div>\n\t\t\t\t<div class=\"elementor-column elementor-col-66 elementor-top-column elementor-element elementor-element-5a2fec5\" data-id=\"5a2fec5\" data-element_type=\"column\" data-e-type=\"column\">\n\t\t\t<div class=\"elementor-widget-wrap elementor-element-populated\">\n\t\t\t\t\t\t<div class=\"elementor-element elementor-element-0099f55 elementor-widget elementor-widget-heading\" data-id=\"0099f55\" data-element_type=\"widget\" data-e-type=\"widget\" data-widget_type=\"heading.default\">\n\t\t\t\t<div class=\"elementor-widget-container\">\n\t\t\t\t\t<h2 class=\"elementor-heading-title elementor-size-default\">Apart' h\u00f4tels + studios individuels<\/h2>\t\t\t\t<\/div>\n\t\t\t\t<\/div>\n\t\t\t\t<div class=\"elementor-element elementor-element-5b58860 elementor-widget elementor-widget-text-editor\" data-id=\"5b58860\" data-element_type=\"widget\" data-e-type=\"widget\" data-widget_type=\"text-editor.default\">\n\t\t\t\t<div class=\"elementor-widget-container\">\n\t\t\t\t\t\t\t\t\t<p>Vous souhaitez b\u00e9n\u00e9ficier d&rsquo;un maximum d&rsquo;ind\u00e9pendance et de confort pendant votre s\u00e9jour ? Le service logement vous propose un service de r\u00e9servation d&rsquo;appartements, de studios, ou de chambres dans des h\u00f4tels que nous connaissons et avec lesquels nous travaillons r\u00e9guli\u00e8rement.<\/p>\n<p>Nous proposons \u00e9galement des studios individuels situ\u00e9s \u00e0 Annecy et ses environs, n&rsquo;h\u00e9sitez pas \u00e0 contacter le service logement pour plus d&rsquo;informations.<\/p>\n\t\t\t\t\t\t\t\t<\/div>\n\t\t\t\t<\/div>\n\t\t\t\t\t<\/div>\n\t\t<\/div>\n\t\t\t\t\t<\/div>\n\t\t<\/section>\n\t\t\t\t<\/div>\n\t\t","protected":false},"excerpt":{"rendered":"<p>Apart&rsquo; h\u00f4tels + studios individuels Vous souhaitez b\u00e9n\u00e9ficier d&rsquo;un maximum d&rsquo;ind\u00e9pendance et de confort pendant votre s\u00e9jour ? Le service logement vous propose un service de r\u00e9servation d&rsquo;appartements, de studios, ou de chambres dans des h\u00f4tels que nous connaissons et avec lesquels nous travaillons r\u00e9guli\u00e8rement. Nous proposons \u00e9galement des studios individuels situ\u00e9s \u00e0 Annecy et [&hellip;]<\/p>\n","protected":false},"author":1,"featured_media":21297,"parent":21727,"menu_order":0,"comment_status":"closed","ping_status":"closed","template":"","meta":{"_acf_changed":false,"content-type":"","footnotes":""},"class_list":["post-21729","page","type-page","status-publish","has-post-thumbnail","hentry"],"acf":[],"_links":{"self":[{"href":"https:\/\/ifalpes.com\/fr\/wp-json\/wp\/v2\/pages\/21729","targetHints":{"allow":["GET"]}}],"collection":[{"href":"https:\/\/ifalpes.com\/fr\/wp-json\/wp\/v2\/pages"}],"about":[{"href":"https:\/\/ifalpes.com\/fr\/wp-json\/wp\/v2\/types\/page"}],"author":[{"embeddable":true,"href":"https:\/\/ifalpes.com\/fr\/wp-json\/wp\/v2\/users\/1"}],"replies":[{"embeddable":true,"href":"https:\/\/ifalpes.com\/fr\/wp-json\/wp\/v2\/comments?post=21729"}],"version-history":[{"count":1,"href":"https:\/\/ifalpes.com\/fr\/wp-json\/wp\/v2\/pages\/21729\/revisions"}],"predecessor-version":[{"id":21730,"href":"https:\/\/ifalpes.com\/fr\/wp-json\/wp\/v2\/pages\/21729\/revisions\/21730"}],"up":[{"embeddable":true,"href":"https:\/\/ifalpes.com\/fr\/wp-json\/wp\/v2\/pages\/21727"}],"wp:featuredmedia":[{"embeddable":true,"href":"https:\/\/ifalpes.com\/fr\/wp-json\/wp\/v2\/media\/21297"}],"wp:attachment":[{"href":"https:\/\/ifalpes.com\/fr\/wp-json\/wp\/v2\/media?parent=21729"}],"curies":[{"name":"wp","href":"https:\/\/api.w.org\/{rel}","templated":true}]}}