{"id":21727,"date":"2022-06-30T08:29:03","date_gmt":"2022-06-30T08:29:03","guid":{"rendered":"https:\/\/ifalpes.com\/hebergement-annecy\/"},"modified":"2022-12-14T15:27:35","modified_gmt":"2022-12-14T15:27:35","slug":"hebergement-annecy","status":"publish","type":"page","link":"https:\/\/ifalpes.com\/fr\/hebergement-annecy\/","title":{"rendered":"H\u00e9bergement Annecy"},"content":{"rendered":"\t\t<div data-elementor-type=\"wp-page\" data-elementor-id=\"21727\" class=\"elementor elementor-21727 elementor-106\" data-elementor-post-type=\"page\">\n\t\t\t\t\t\t<section class=\"elementor-section elementor-top-section elementor-element elementor-element-a34ba41 elementor-section-boxed elementor-section-height-default elementor-section-height-default\" data-id=\"a34ba41\" data-element_type=\"section\" data-e-type=\"section\">\n\t\t\t\t\t\t<div class=\"elementor-container elementor-column-gap-default\">\n\t\t\t\t\t<div class=\"elementor-column elementor-col-100 elementor-top-column elementor-element elementor-element-1aaf13e\" data-id=\"1aaf13e\" data-element_type=\"column\" data-e-type=\"column\">\n\t\t\t<div class=\"elementor-widget-wrap elementor-element-populated\">\n\t\t\t\t\t\t<div class=\"elementor-element elementor-element-7d6ffd8 elementor-grid-3 elementor-grid-tablet-2 elementor-grid-mobile-1 elementor-posts--thumbnail-top elementor-card-shadow-yes elementor-posts__hover-gradient elementor-widget elementor-widget-posts\" data-id=\"7d6ffd8\" data-element_type=\"widget\" data-e-type=\"widget\" data-settings=\"{&quot;cards_columns&quot;:&quot;3&quot;,&quot;cards_columns_tablet&quot;:&quot;2&quot;,&quot;cards_columns_mobile&quot;:&quot;1&quot;,&quot;cards_row_gap&quot;:{&quot;unit&quot;:&quot;px&quot;,&quot;size&quot;:35,&quot;sizes&quot;:[]},&quot;cards_row_gap_tablet&quot;:{&quot;unit&quot;:&quot;px&quot;,&quot;size&quot;:&quot;&quot;,&quot;sizes&quot;:[]},&quot;cards_row_gap_mobile&quot;:{&quot;unit&quot;:&quot;px&quot;,&quot;size&quot;:&quot;&quot;,&quot;sizes&quot;:[]}}\" data-widget_type=\"posts.cards\">\n\t\t\t\t<div class=\"elementor-widget-container\">\n\t\t\t\t\t\t\t<div class=\"elementor-posts-container elementor-posts elementor-posts--skin-cards elementor-grid\" role=\"list\">\n\t\t\t\t<article class=\"elementor-post elementor-grid-item post-21729 page type-page status-publish has-post-thumbnail hentry\" role=\"listitem\">\n\t\t\t<div class=\"elementor-post__card\">\n\t\t\t\t<a class=\"elementor-post__thumbnail__link\" href=\"https:\/\/ifalpes.com\/fr\/hebergement-annecy\/apart-hotel-appartement-prive\/\" tabindex=\"-1\" ><div class=\"elementor-post__thumbnail\"><img fetchpriority=\"high\" decoding=\"async\" width=\"300\" height=\"200\" src=\"https:\/\/ifalpes.com\/wp-content\/uploads\/2022\/11\/181136MES_6949-300x200.jpg\" class=\"attachment-medium size-medium wp-image-21297\" alt=\"\" srcset=\"https:\/\/ifalpes.com\/wp-content\/uploads\/2022\/11\/181136MES_6949-300x200.jpg 300w, https:\/\/ifalpes.com\/wp-content\/uploads\/2022\/11\/181136MES_6949-768x513.jpg 768w, https:\/\/ifalpes.com\/wp-content\/uploads\/2022\/11\/181136MES_6949.jpg 1000w\" sizes=\"(max-width: 300px) 100vw, 300px\" \/><\/div><\/a>\n\t\t\t\t<div class=\"elementor-post__text\">\n\t\t\t\t<h3 class=\"elementor-post__title\">\n\t\t\t<a href=\"https:\/\/ifalpes.com\/fr\/hebergement-annecy\/apart-hotel-appartement-prive\/\" >\n\t\t\t\tApart-H\u00f4tel, H\u00f4tel et Appartement Priv\u00e9\t\t\t<\/a>\n\t\t<\/h3>\n\t\t\t\t<div class=\"elementor-post__excerpt\">\n\t\t\t<p>Apart&rsquo; h\u00f4tels + studios individuels Vous souhaitez b\u00e9n\u00e9ficier d&rsquo;un maximum d&rsquo;ind\u00e9pendance et de confort pendant votre s\u00e9jour ? Le service logement vous propose un service de r\u00e9servation d&rsquo;appartements, de studios, ou de chambres dans des h\u00f4tels que nous connaissons et avec lesquels nous travaillons r\u00e9guli\u00e8rement. Nous proposons \u00e9galement des studios individuels situ\u00e9s \u00e0 Annecy et ses environs, n&rsquo;h\u00e9sitez pas \u00e0<\/p>\n\t\t<\/div>\n\t\t\n\t\t<a class=\"elementor-post__read-more\" href=\"https:\/\/ifalpes.com\/fr\/hebergement-annecy\/apart-hotel-appartement-prive\/\" aria-label=\"En savoir plus sur Apart-H\u00f4tel, H\u00f4tel et Appartement Priv\u00e9\" tabindex=\"-1\" >\n\t\t\tLire la suite \u00bb\t\t<\/a>\n\n\t\t\t\t<\/div>\n\t\t\t\t\t<\/div>\n\t\t<\/article>\n\t\t\t\t<article class=\"elementor-post elementor-grid-item post-21731 page type-page status-publish has-post-thumbnail hentry\" role=\"listitem\">\n\t\t\t<div class=\"elementor-post__card\">\n\t\t\t\t<a class=\"elementor-post__thumbnail__link\" href=\"https:\/\/ifalpes.com\/fr\/hebergement-annecy\/famille-d-accueil\/\" tabindex=\"-1\" ><div class=\"elementor-post__thumbnail\"><img decoding=\"async\" width=\"300\" height=\"200\" src=\"https:\/\/ifalpes.com\/wp-content\/uploads\/2022\/11\/D76A0762-300x200.jpg\" class=\"attachment-medium size-medium wp-image-21255\" alt=\"\" srcset=\"https:\/\/ifalpes.com\/wp-content\/uploads\/2022\/11\/D76A0762-300x200.jpg 300w, https:\/\/ifalpes.com\/wp-content\/uploads\/2022\/11\/D76A0762-768x512.jpg 768w, https:\/\/ifalpes.com\/wp-content\/uploads\/2022\/11\/D76A0762.jpg 1000w\" sizes=\"(max-width: 300px) 100vw, 300px\" \/><\/div><\/a>\n\t\t\t\t<div class=\"elementor-post__text\">\n\t\t\t\t<h3 class=\"elementor-post__title\">\n\t\t\t<a href=\"https:\/\/ifalpes.com\/fr\/hebergement-annecy\/famille-d-accueil\/\" >\n\t\t\t\tFamille d\u2019accueil\t\t\t<\/a>\n\t\t<\/h3>\n\t\t\t\t<div class=\"elementor-post__excerpt\">\n\t\t\t<p>H\u00e9bergement en famille d&rsquo;accueil Voulez-vous participer \u00e0 la vie d\u2019une famille fran\u00e7aise pendant votre s\u00e9jour ? Voulez-vous go\u00fbter \u00e0 la vraie cuisine familiale fran\u00e7aise ? Vous voulez pratiquer le fran\u00e7ais en dehors de vos cours ? Le s\u00e9jour en famille d\u2019accueil est id\u00e9al si vous souhaitez d\u00e9couvrir la culture fran\u00e7aise et approfondir votre connaissance de la langue. IFALPES travaille avec<\/p>\n\t\t<\/div>\n\t\t\n\t\t<a class=\"elementor-post__read-more\" href=\"https:\/\/ifalpes.com\/fr\/hebergement-annecy\/famille-d-accueil\/\" aria-label=\"En savoir plus sur Famille d\u2019accueil\" tabindex=\"-1\" >\n\t\t\tLire la suite \u00bb\t\t<\/a>\n\n\t\t\t\t<\/div>\n\t\t\t\t\t<\/div>\n\t\t<\/article>\n\t\t\t\t<article class=\"elementor-post elementor-grid-item post-21733 page type-page status-publish has-post-thumbnail hentry\" role=\"listitem\">\n\t\t\t<div class=\"elementor-post__card\">\n\t\t\t\t<a class=\"elementor-post__thumbnail__link\" href=\"https:\/\/ifalpes.com\/fr\/hebergement-annecy\/residence-etudiante\/\" tabindex=\"-1\" ><div class=\"elementor-post__thumbnail\"><img decoding=\"async\" width=\"300\" height=\"200\" src=\"https:\/\/ifalpes.com\/wp-content\/uploads\/2022\/11\/D76A1082-300x200.jpg\" class=\"attachment-medium size-medium wp-image-21249\" alt=\"\" srcset=\"https:\/\/ifalpes.com\/wp-content\/uploads\/2022\/11\/D76A1082-300x200.jpg 300w, https:\/\/ifalpes.com\/wp-content\/uploads\/2022\/11\/D76A1082-768x512.jpg 768w, https:\/\/ifalpes.com\/wp-content\/uploads\/2022\/11\/D76A1082.jpg 1000w\" sizes=\"(max-width: 300px) 100vw, 300px\" \/><\/div><\/a>\n\t\t\t\t<div class=\"elementor-post__text\">\n\t\t\t\t<h3 class=\"elementor-post__title\">\n\t\t\t<a href=\"https:\/\/ifalpes.com\/fr\/hebergement-annecy\/residence-etudiante\/\" >\n\t\t\t\tR\u00e9sidence \u00e9tudiante\t\t\t<\/a>\n\t\t<\/h3>\n\t\t\t\t<div class=\"elementor-post__excerpt\">\n\t\t\t<p>Logements pour \u00e9tudiants R\u00e9servation possible toute l&rsquo;ann\u00e9e en fonction de la disponibilit\u00e9 de l&rsquo;\u00e9tablissement. Situ\u00e9 \u00e0 20 minutes en bus ou en v\u00e9lo d&rsquo;IFALPES. Confort de base, pi\u00e8ce avec \u00e9vier, bureau et rangement. Douche et toilettes sont partag\u00e9es avec 4 r\u00e9sidents. Cuisine \u00e0 chaque \u00e9tage. Les installations g\u00e9n\u00e9rales comprennent une salle commune avec un espace d&rsquo;\u00e9tude, un hall clair et<\/p>\n\t\t<\/div>\n\t\t\n\t\t<a class=\"elementor-post__read-more\" href=\"https:\/\/ifalpes.com\/fr\/hebergement-annecy\/residence-etudiante\/\" aria-label=\"En savoir plus sur R\u00e9sidence \u00e9tudiante\" tabindex=\"-1\" >\n\t\t\tLire la suite \u00bb\t\t<\/a>\n\n\t\t\t\t<\/div>\n\t\t\t\t\t<\/div>\n\t\t<\/article>\n\t\t\t\t<\/div>\n\t\t\n\t\t\t\t\t\t<\/div>\n\t\t\t\t<\/div>\n\t\t\t\t\t<\/div>\n\t\t<\/div>\n\t\t\t\t\t<\/div>\n\t\t<\/section>\n\t\t\t\t<\/div>\n\t\t","protected":false},"excerpt":{"rendered":"","protected":false},"author":1,"featured_media":0,"parent":0,"menu_order":0,"comment_status":"closed","ping_status":"closed","template":"","meta":{"_acf_changed":false,"content-type":"","footnotes":""},"class_list":["post-21727","page","type-page","status-publish","hentry"],"acf":[],"_links":{"self":[{"href":"https:\/\/ifalpes.com\/fr\/wp-json\/wp\/v2\/pages\/21727","targetHints":{"allow":["GET"]}}],"collection":[{"href":"https:\/\/ifalpes.com\/fr\/wp-json\/wp\/v2\/pages"}],"about":[{"href":"https:\/\/ifalpes.com\/fr\/wp-json\/wp\/v2\/types\/page"}],"author":[{"embeddable":true,"href":"https:\/\/ifalpes.com\/fr\/wp-json\/wp\/v2\/users\/1"}],"replies":[{"embeddable":true,"href":"https:\/\/ifalpes.com\/fr\/wp-json\/wp\/v2\/comments?post=21727"}],"version-history":[{"count":1,"href":"https:\/\/ifalpes.com\/fr\/wp-json\/wp\/v2\/pages\/21727\/revisions"}],"predecessor-version":[{"id":21728,"href":"https:\/\/ifalpes.com\/fr\/wp-json\/wp\/v2\/pages\/21727\/revisions\/21728"}],"wp:attachment":[{"href":"https:\/\/ifalpes.com\/fr\/wp-json\/wp\/v2\/media?parent=21727"}],"curies":[{"name":"wp","href":"https:\/\/api.w.org\/{rel}","templated":true}]}}