{"id":21725,"date":"2022-06-30T08:34:14","date_gmt":"2022-06-30T08:34:14","guid":{"rendered":"https:\/\/ifalpes.com\/a-propos-ifalpes\/pourquoi-choisir-ifalpes\/"},"modified":"2024-09-04T14:27:20","modified_gmt":"2024-09-04T14:27:20","slug":"pourquoi-choisir-ifalpes","status":"publish","type":"page","link":"https:\/\/ifalpes.com\/fr\/a-propos-ifalpes\/pourquoi-choisir-ifalpes\/","title":{"rendered":"Pourquoi choisir IFALPES ?"},"content":{"rendered":"\t\t<div data-elementor-type=\"wp-page\" data-elementor-id=\"21725\" class=\"elementor elementor-21725 elementor-139\" data-elementor-post-type=\"page\">\n\t\t\t\t\t\t<section class=\"elementor-section elementor-top-section elementor-element elementor-element-c427334 elementor-section-boxed elementor-section-height-default elementor-section-height-default\" data-id=\"c427334\" data-element_type=\"section\" data-e-type=\"section\">\n\t\t\t\t\t\t<div class=\"elementor-container elementor-column-gap-default\">\n\t\t\t\t\t<div class=\"elementor-column elementor-col-33 elementor-top-column elementor-element elementor-element-adde51e\" data-id=\"adde51e\" data-element_type=\"column\" data-e-type=\"column\" data-settings=\"{&quot;background_background&quot;:&quot;classic&quot;}\">\n\t\t\t<div class=\"elementor-widget-wrap\">\n\t\t\t\t\t\t\t<\/div>\n\t\t<\/div>\n\t\t\t\t<div class=\"elementor-column elementor-col-66 elementor-top-column elementor-element elementor-element-97c63df\" data-id=\"97c63df\" data-element_type=\"column\" data-e-type=\"column\">\n\t\t\t<div class=\"elementor-widget-wrap elementor-element-populated\">\n\t\t\t\t\t\t<div class=\"elementor-element elementor-element-00cbac5 elementor-widget elementor-widget-heading\" data-id=\"00cbac5\" data-element_type=\"widget\" data-e-type=\"widget\" data-widget_type=\"heading.default\">\n\t\t\t\t<div class=\"elementor-widget-container\">\n\t\t\t\t\t<h2 class=\"elementor-heading-title elementor-size-default\">Une atmosph\u00e8re conviviale pour un s\u00e9jour inoubliable<\/h2>\t\t\t\t<\/div>\n\t\t\t\t<\/div>\n\t\t\t\t<div class=\"elementor-element elementor-element-2ac4271 elementor-widget elementor-widget-text-editor\" data-id=\"2ac4271\" data-element_type=\"widget\" data-e-type=\"widget\" data-widget_type=\"text-editor.default\">\n\t\t\t\t<div class=\"elementor-widget-container\">\n\t\t\t\t\t\t\t\t\t<p>Nous sommes une \u00e9cole \u00e0 taille humaine. Nos \u00e9tudiants appr\u00e9cient la convivialit\u00e9 et l&rsquo;ambiance qui r\u00e8gnent \u00e0 IFALPES, aussi bien en cours que pendant les pauses et les activit\u00e9s.<\/p>\n<p>L&rsquo;\u00e9cole est un espace d&rsquo;\u00e9changes et d&rsquo;ouverture avec des \u00e9tudiants du monde entier qui ont l&rsquo;occasion de se conna\u00eetre et d&rsquo;\u00e9changer quotidiennement en fran\u00e7ais. Ce m\u00e9lange de cultures et de nationalit\u00e9s fait d&rsquo;IFALPES un lieu unique pour pratiquer et progresser rapidement en fran\u00e7ais.<\/p>\n<p>L&rsquo;\u00e9quipe administrative et p\u00e9dagogique est toujours disponible pour r\u00e9pondre aux nombreuses questions et demandes de nos \u00e9tudiants, faciliter leurs activit\u00e9s quotidiennes, trouver des solutions&#8230; Nous attachons une grande importance \u00e0 cette relation, afin que tous les \u00e9tudiants d&rsquo;IFALPES se sentent chez eux.<\/p>\n\t\t\t\t\t\t\t\t<\/div>\n\t\t\t\t<\/div>\n\t\t\t\t\t<\/div>\n\t\t<\/div>\n\t\t\t\t\t<\/div>\n\t\t<\/section>\n\t\t\t\t<section class=\"elementor-section elementor-top-section elementor-element elementor-element-3b77639 elementor-section-boxed elementor-section-height-default elementor-section-height-default\" data-id=\"3b77639\" data-element_type=\"section\" data-e-type=\"section\">\n\t\t\t\t\t\t<div class=\"elementor-container elementor-column-gap-default\">\n\t\t\t\t\t<div class=\"elementor-column elementor-col-66 elementor-top-column elementor-element elementor-element-233c48b\" data-id=\"233c48b\" data-element_type=\"column\" data-e-type=\"column\">\n\t\t\t<div class=\"elementor-widget-wrap elementor-element-populated\">\n\t\t\t\t\t\t<div class=\"elementor-element elementor-element-031d36c elementor-widget elementor-widget-heading\" data-id=\"031d36c\" data-element_type=\"widget\" data-e-type=\"widget\" data-widget_type=\"heading.default\">\n\t\t\t\t<div class=\"elementor-widget-container\">\n\t\t\t\t\t<h2 class=\"elementor-heading-title elementor-size-default\">Un s\u00e9jour linguistique de grande qualit\u00e9 !<\/h2>\t\t\t\t<\/div>\n\t\t\t\t<\/div>\n\t\t\t\t<div class=\"elementor-element elementor-element-dc0849f elementor-widget elementor-widget-text-editor\" data-id=\"dc0849f\" data-element_type=\"widget\" data-e-type=\"widget\" data-widget_type=\"text-editor.default\">\n\t\t\t\t<div class=\"elementor-widget-container\">\n\t\t\t\t\t\t\t\t\t<p>Les professeurs d&rsquo;IFALPES, tous de langue maternelle fran\u00e7aise, ont une grande exp\u00e9rience de l&rsquo;enseignement du fran\u00e7ais aux \u00e9trangers. Ils sont tous dipl\u00f4m\u00e9s en fran\u00e7ais langue \u00e9trang\u00e8re (FLE) et sont passionn\u00e9s par leur m\u00e9tier.<\/p>\n<p>Afin que nos \u00e9tudiants b\u00e9n\u00e9ficient d&rsquo;un temps de parole maximum, nos classes comptent en moyenne 10 \u00e9tudiants par groupe (maximum 15). Ce nombre limit\u00e9 d&rsquo;\u00e9l\u00e8ves par classe, permet \u00e0 nos professeurs de mettre en place une p\u00e9dagogie active et, pour chaque \u00e9l\u00e8ve, de participer le plus possible au sein du groupe.<\/p>\n<p>A IFALPES, nous apportons \u00e9galement beaucoup de soin \u00e0 la s\u00e9lection de nos familles d&rsquo;accueil car nous savons que l&rsquo;h\u00e9bergement est la cl\u00e9 d&rsquo;un s\u00e9jour r\u00e9ussi. Notre proc\u00e9dure de s\u00e9lection des familles est tr\u00e8s stricte afin que chaque \u00e9tudiant vive une exp\u00e9rience d&rsquo;immersion unique, qui contribuera \u00e0 faire de son s\u00e9jour un moment inoubliable.<\/p>\n<p>Depuis de nombreuses ann\u00e9es, IFALPES a obtenu diff\u00e9rents labels de qualit\u00e9 : Equals, label de qualit\u00e9 FLE&#8230; Cette d\u00e9marche d&rsquo;accr\u00e9ditation nous permet d&rsquo;\u00e9valuer nos pratiques au quotidien, de nous remettre r\u00e9guli\u00e8rement en question afin de progresser dans notre travail et d&rsquo;offrir \u00e0 nos \u00e9l\u00e8ves un gage de fiabilit\u00e9 et de qualit\u00e9.<\/p>\n\t\t\t\t\t\t\t\t<\/div>\n\t\t\t\t<\/div>\n\t\t\t\t\t<\/div>\n\t\t<\/div>\n\t\t\t\t<div class=\"elementor-column elementor-col-33 elementor-top-column elementor-element elementor-element-40815a4\" data-id=\"40815a4\" data-element_type=\"column\" data-e-type=\"column\" data-settings=\"{&quot;background_background&quot;:&quot;classic&quot;}\">\n\t\t\t<div class=\"elementor-widget-wrap\">\n\t\t\t\t\t\t\t<\/div>\n\t\t<\/div>\n\t\t\t\t\t<\/div>\n\t\t<\/section>\n\t\t\t\t<section class=\"elementor-section elementor-top-section elementor-element elementor-element-2f08d4b elementor-section-boxed elementor-section-height-default elementor-section-height-default\" data-id=\"2f08d4b\" data-element_type=\"section\" data-e-type=\"section\">\n\t\t\t\t\t\t<div class=\"elementor-container elementor-column-gap-default\">\n\t\t\t\t\t<div class=\"elementor-column elementor-col-33 elementor-top-column elementor-element elementor-element-b53b726\" data-id=\"b53b726\" data-element_type=\"column\" data-e-type=\"column\" data-settings=\"{&quot;background_background&quot;:&quot;classic&quot;}\">\n\t\t\t<div class=\"elementor-widget-wrap\">\n\t\t\t\t\t\t\t<\/div>\n\t\t<\/div>\n\t\t\t\t<div class=\"elementor-column elementor-col-66 elementor-top-column elementor-element elementor-element-8bd5be2\" data-id=\"8bd5be2\" data-element_type=\"column\" data-e-type=\"column\">\n\t\t\t<div class=\"elementor-widget-wrap elementor-element-populated\">\n\t\t\t\t\t\t<div class=\"elementor-element elementor-element-28531a2 elementor-widget elementor-widget-heading\" data-id=\"28531a2\" data-element_type=\"widget\" data-e-type=\"widget\" data-widget_type=\"heading.default\">\n\t\t\t\t<div class=\"elementor-widget-container\">\n\t\t\t\t\t<h2 class=\"elementor-heading-title elementor-size-default\">A fun learning experience!<\/h2>\t\t\t\t<\/div>\n\t\t\t\t<\/div>\n\t\t\t\t<div class=\"elementor-element elementor-element-6509bb8 elementor-widget elementor-widget-text-editor\" data-id=\"6509bb8\" data-element_type=\"widget\" data-e-type=\"widget\" data-widget_type=\"text-editor.default\">\n\t\t\t\t<div class=\"elementor-widget-container\">\n\t\t\t\t\t\t\t\t\t<p>Pour qu&rsquo;un s\u00e9jour soit efficace, nous pensons qu&rsquo;il est important que chacun prenne du plaisir : le plaisir d&rsquo;apprendre en classe, gr\u00e2ce \u00e0 l&rsquo;engagement de nos professeurs, le plaisir d&rsquo;\u00e9changer avec les autres, le plaisir de partager des moments uniques.<\/p>\n<p>Pour cr\u00e9er ces moments privil\u00e9gi\u00e9s, en dehors des cours, nous proposons et organisons une multitude de choses \u00e0 faire et \u00e0 voir \u00e0 Annecy, en semaine et le week-end. Nos activit\u00e9s culturelles et sociales ou nos excursions permettent \u00e0 nos \u00e9tudiants de d\u00e9couvrir les sites incontournables de la r\u00e9gion et ainsi de mieux comprendre la culture et l&rsquo;art de vivre fran\u00e7ais.<\/p>\n\t\t\t\t\t\t\t\t<\/div>\n\t\t\t\t<\/div>\n\t\t\t\t\t<\/div>\n\t\t<\/div>\n\t\t\t\t\t<\/div>\n\t\t<\/section>\n\t\t\t\t<\/div>\n\t\t","protected":false},"excerpt":{"rendered":"<p>Une atmosph\u00e8re conviviale pour un s\u00e9jour inoubliable Nous sommes une \u00e9cole \u00e0 taille humaine. Nos \u00e9tudiants appr\u00e9cient la convivialit\u00e9 et l&rsquo;ambiance qui r\u00e8gnent \u00e0 IFALPES, aussi bien en cours que pendant les pauses et les activit\u00e9s. L&rsquo;\u00e9cole est un espace d&rsquo;\u00e9changes et d&rsquo;ouverture avec des \u00e9tudiants du monde entier qui ont l&rsquo;occasion de se conna\u00eetre [&hellip;]<\/p>\n","protected":false},"author":1,"featured_media":21510,"parent":21618,"menu_order":0,"comment_status":"closed","ping_status":"closed","template":"","meta":{"_acf_changed":false,"content-type":"","footnotes":""},"class_list":["post-21725","page","type-page","status-publish","has-post-thumbnail","hentry"],"acf":[],"_links":{"self":[{"href":"https:\/\/ifalpes.com\/fr\/wp-json\/wp\/v2\/pages\/21725","targetHints":{"allow":["GET"]}}],"collection":[{"href":"https:\/\/ifalpes.com\/fr\/wp-json\/wp\/v2\/pages"}],"about":[{"href":"https:\/\/ifalpes.com\/fr\/wp-json\/wp\/v2\/types\/page"}],"author":[{"embeddable":true,"href":"https:\/\/ifalpes.com\/fr\/wp-json\/wp\/v2\/users\/1"}],"replies":[{"embeddable":true,"href":"https:\/\/ifalpes.com\/fr\/wp-json\/wp\/v2\/comments?post=21725"}],"version-history":[{"count":2,"href":"https:\/\/ifalpes.com\/fr\/wp-json\/wp\/v2\/pages\/21725\/revisions"}],"predecessor-version":[{"id":26929,"href":"https:\/\/ifalpes.com\/fr\/wp-json\/wp\/v2\/pages\/21725\/revisions\/26929"}],"up":[{"embeddable":true,"href":"https:\/\/ifalpes.com\/fr\/wp-json\/wp\/v2\/pages\/21618"}],"wp:featuredmedia":[{"embeddable":true,"href":"https:\/\/ifalpes.com\/fr\/wp-json\/wp\/v2\/media\/21510"}],"wp:attachment":[{"href":"https:\/\/ifalpes.com\/fr\/wp-json\/wp\/v2\/media?parent=21725"}],"curies":[{"name":"wp","href":"https:\/\/api.w.org\/{rel}","templated":true}]}}