{"id":21618,"date":"2022-06-30T08:33:12","date_gmt":"2022-06-30T08:33:12","guid":{"rendered":"https:\/\/ifalpes.com\/a-propos-ifalpes\/"},"modified":"2022-12-15T09:47:35","modified_gmt":"2022-12-15T09:47:35","slug":"a-propos-ifalpes","status":"publish","type":"page","link":"https:\/\/ifalpes.com\/fr\/a-propos-ifalpes\/","title":{"rendered":"\u00c0 propos d&rsquo;IFALPES"},"content":{"rendered":"\t\t<div data-elementor-type=\"wp-page\" data-elementor-id=\"21618\" class=\"elementor elementor-21618 elementor-129\" data-elementor-post-type=\"page\">\n\t\t\t\t\t\t<section class=\"elementor-section elementor-top-section elementor-element elementor-element-8b15fc8 elementor-section-boxed elementor-section-height-default elementor-section-height-default\" data-id=\"8b15fc8\" data-element_type=\"section\" data-e-type=\"section\">\n\t\t\t\t\t\t<div class=\"elementor-container elementor-column-gap-default\">\n\t\t\t\t\t<div class=\"elementor-column elementor-col-100 elementor-top-column elementor-element elementor-element-1554550\" data-id=\"1554550\" data-element_type=\"column\" data-e-type=\"column\">\n\t\t\t<div class=\"elementor-widget-wrap elementor-element-populated\">\n\t\t\t\t\t\t<div class=\"elementor-element elementor-element-e11c64b elementor-grid-3 elementor-grid-tablet-2 elementor-grid-mobile-1 elementor-posts--thumbnail-top elementor-card-shadow-yes elementor-posts__hover-gradient elementor-widget elementor-widget-posts\" data-id=\"e11c64b\" data-element_type=\"widget\" data-e-type=\"widget\" data-settings=\"{&quot;cards_columns&quot;:&quot;3&quot;,&quot;cards_columns_tablet&quot;:&quot;2&quot;,&quot;cards_columns_mobile&quot;:&quot;1&quot;,&quot;cards_row_gap&quot;:{&quot;unit&quot;:&quot;px&quot;,&quot;size&quot;:35,&quot;sizes&quot;:[]},&quot;cards_row_gap_tablet&quot;:{&quot;unit&quot;:&quot;px&quot;,&quot;size&quot;:&quot;&quot;,&quot;sizes&quot;:[]},&quot;cards_row_gap_mobile&quot;:{&quot;unit&quot;:&quot;px&quot;,&quot;size&quot;:&quot;&quot;,&quot;sizes&quot;:[]}}\" data-widget_type=\"posts.cards\">\n\t\t\t\t<div class=\"elementor-widget-container\">\n\t\t\t\t\t\t\t<div class=\"elementor-posts-container elementor-posts elementor-posts--skin-cards elementor-grid\" role=\"list\">\n\t\t\t\t<article class=\"elementor-post elementor-grid-item post-21614 page type-page status-publish has-post-thumbnail hentry\" role=\"listitem\">\n\t\t\t<div class=\"elementor-post__card\">\n\t\t\t\t<a class=\"elementor-post__thumbnail__link\" href=\"https:\/\/ifalpes.com\/fr\/a-propos-ifalpes\/school\/\" tabindex=\"-1\" ><div class=\"elementor-post__thumbnail\"><img fetchpriority=\"high\" decoding=\"async\" width=\"300\" height=\"200\" src=\"https:\/\/ifalpes.com\/wp-content\/uploads\/2022\/11\/D76A1983-300x200.jpg\" class=\"attachment-medium size-medium wp-image-21219\" alt=\"\" srcset=\"https:\/\/ifalpes.com\/wp-content\/uploads\/2022\/11\/D76A1983-300x200.jpg 300w, https:\/\/ifalpes.com\/wp-content\/uploads\/2022\/11\/D76A1983-768x512.jpg 768w, https:\/\/ifalpes.com\/wp-content\/uploads\/2022\/11\/D76A1983.jpg 1000w\" sizes=\"(max-width: 300px) 100vw, 300px\" \/><\/div><\/a>\n\t\t\t\t<div class=\"elementor-post__text\">\n\t\t\t\t<h3 class=\"elementor-post__title\">\n\t\t\t<a href=\"https:\/\/ifalpes.com\/fr\/a-propos-ifalpes\/school\/\" >\n\t\t\t\tPr\u00e9sentation de l&rsquo;\u00e9cole\t\t\t<\/a>\n\t\t<\/h3>\n\t\t\t\t<div class=\"elementor-post__excerpt\">\n\t\t\t<p>IFALPES, \u00e9cole de fran\u00e7ais langue \u00e9trang\u00e8re IFALPES, \u00e9cole de fran\u00e7ais langue \u00e9trang\u00e8re IFALPES est un \u00e9tablissement d\u2019enseignement sup\u00e9rieur priv\u00e9. Nous sommes sp\u00e9cialis\u00e9s depuis plus de 30 ans dans l\u2019enseignement du Fran\u00e7ais Langue Etrang\u00e8re (FLE) et accueillons plus de 600 \u00e9tudiants des 5 continents tout au long de l\u2019ann\u00e9e. Nous organisons des s\u00e9jours linguistiques pour adultes ou juniors, pour groupes ou individuels, o\u00f9 des \u00e9tudiants de tous \u00e2ges et de toutes nationalit\u00e9s se retrouvent dans une atmosph\u00e8re conviviale et accueillante. La qualit\u00e9 de nos cours est assur\u00e9e par notre \u00e9quipe de professeurs tr\u00e8s exp\u00e9riment\u00e9s et passionn\u00e9s par leur m\u00e9tier. Nos \u00e9tudiants<\/p>\n\t\t<\/div>\n\t\t\n\t\t<a class=\"elementor-post__read-more\" href=\"https:\/\/ifalpes.com\/fr\/a-propos-ifalpes\/school\/\" aria-label=\"En savoir plus sur Pr\u00e9sentation de l&rsquo;\u00e9cole\" tabindex=\"-1\" >\n\t\t\tLire la suite\t\t<\/a>\n\n\t\t\t\t<\/div>\n\t\t\t\t\t<\/div>\n\t\t<\/article>\n\t\t\t\t<article class=\"elementor-post elementor-grid-item post-21702 page type-page status-publish has-post-thumbnail hentry\" role=\"listitem\">\n\t\t\t<div class=\"elementor-post__card\">\n\t\t\t\t<a class=\"elementor-post__thumbnail__link\" href=\"https:\/\/ifalpes.com\/fr\/a-propos-ifalpes\/contactez-nous\/\" tabindex=\"-1\" ><div class=\"elementor-post__thumbnail\"><img decoding=\"async\" width=\"300\" height=\"200\" src=\"https:\/\/ifalpes.com\/wp-content\/uploads\/2022\/12\/9P7A9724-300x200.jpg\" class=\"attachment-medium size-medium wp-image-21528\" alt=\"contact ifalpes\" srcset=\"https:\/\/ifalpes.com\/wp-content\/uploads\/2022\/12\/9P7A9724-300x200.jpg 300w, https:\/\/ifalpes.com\/wp-content\/uploads\/2022\/12\/9P7A9724-1024x683.jpg 1024w, https:\/\/ifalpes.com\/wp-content\/uploads\/2022\/12\/9P7A9724-768x512.jpg 768w, https:\/\/ifalpes.com\/wp-content\/uploads\/2022\/12\/9P7A9724-1536x1024.jpg 1536w, https:\/\/ifalpes.com\/wp-content\/uploads\/2022\/12\/9P7A9724.jpg 2048w\" sizes=\"(max-width: 300px) 100vw, 300px\" \/><\/div><\/a>\n\t\t\t\t<div class=\"elementor-post__text\">\n\t\t\t\t<h3 class=\"elementor-post__title\">\n\t\t\t<a href=\"https:\/\/ifalpes.com\/fr\/a-propos-ifalpes\/contactez-nous\/\" >\n\t\t\t\tContactez nous\t\t\t<\/a>\n\t\t<\/h3>\n\t\t\t\t<div class=\"elementor-post__excerpt\">\n\t\t\t<p>Nos coordonn\u00e9es Addresse: 14 Avenue du Rh\u00f4ne 74000 Annecy &#8211; FRANCE T\u00e9l\u00e9phone: +33 450 453 837 +33 7 43 22 83 75 (urgence) &nbsp; Mail: info@ifalpes.com Si vous souhaitez obtenir un devis , veuillez indiquer le cours, le type d &lsquo;h\u00e9bergement et la dur\u00e9e qui vous int\u00e9ressent, et nous vous r\u00e9pondrons dans les plus brefs d\u00e9lais. Formulaire de contact<\/p>\n\t\t<\/div>\n\t\t\n\t\t<a class=\"elementor-post__read-more\" href=\"https:\/\/ifalpes.com\/fr\/a-propos-ifalpes\/contactez-nous\/\" aria-label=\"En savoir plus sur Contactez nous\" tabindex=\"-1\" >\n\t\t\tLire la suite\t\t<\/a>\n\n\t\t\t\t<\/div>\n\t\t\t\t\t<\/div>\n\t\t<\/article>\n\t\t\t\t<article class=\"elementor-post elementor-grid-item post-21721 page type-page status-publish has-post-thumbnail hentry\" role=\"listitem\">\n\t\t\t<div class=\"elementor-post__card\">\n\t\t\t\t<a class=\"elementor-post__thumbnail__link\" href=\"https:\/\/ifalpes.com\/fr\/a-propos-ifalpes\/equipe\/\" tabindex=\"-1\" ><div class=\"elementor-post__thumbnail\"><img decoding=\"async\" width=\"300\" height=\"200\" src=\"https:\/\/ifalpes.com\/wp-content\/uploads\/2022\/11\/D76A1741-300x200.jpg\" class=\"attachment-medium size-medium wp-image-21225\" alt=\"\" srcset=\"https:\/\/ifalpes.com\/wp-content\/uploads\/2022\/11\/D76A1741-300x200.jpg 300w, https:\/\/ifalpes.com\/wp-content\/uploads\/2022\/11\/D76A1741-768x512.jpg 768w, https:\/\/ifalpes.com\/wp-content\/uploads\/2022\/11\/D76A1741.jpg 1000w\" sizes=\"(max-width: 300px) 100vw, 300px\" \/><\/div><\/a>\n\t\t\t\t<div class=\"elementor-post__text\">\n\t\t\t\t<h3 class=\"elementor-post__title\">\n\t\t\t<a href=\"https:\/\/ifalpes.com\/fr\/a-propos-ifalpes\/equipe\/\" >\n\t\t\t\tL&rsquo;\u00e9quipe\t\t\t<\/a>\n\t\t<\/h3>\n\t\t\t\t<div class=\"elementor-post__excerpt\">\n\t\t\t<p>\u00c9quipe administrative Emmanuel Directeur du CentreDirecteur p\u00e9dagogique St\u00e9phanie Responsable commerciale et partenariats Lucien Responsable accueil\/activit\u00e9sResponsable qualit\u00e9 Soline R\u00e9f\u00e9rente examens Responsable h\u00e9bergement \u00c9quipe p\u00e9dagogique Pascaline Professeure Stephania Professeure L\u00e9andre Professeur C\u00e9cile Professeure<\/p>\n\t\t<\/div>\n\t\t\n\t\t<a class=\"elementor-post__read-more\" href=\"https:\/\/ifalpes.com\/fr\/a-propos-ifalpes\/equipe\/\" aria-label=\"En savoir plus sur L&rsquo;\u00e9quipe\" tabindex=\"-1\" >\n\t\t\tLire la suite\t\t<\/a>\n\n\t\t\t\t<\/div>\n\t\t\t\t\t<\/div>\n\t\t<\/article>\n\t\t\t\t<article class=\"elementor-post elementor-grid-item post-21725 page type-page status-publish has-post-thumbnail hentry\" role=\"listitem\">\n\t\t\t<div class=\"elementor-post__card\">\n\t\t\t\t<a class=\"elementor-post__thumbnail__link\" href=\"https:\/\/ifalpes.com\/fr\/a-propos-ifalpes\/pourquoi-choisir-ifalpes\/\" tabindex=\"-1\" ><div class=\"elementor-post__thumbnail\"><img loading=\"lazy\" decoding=\"async\" width=\"300\" height=\"200\" src=\"https:\/\/ifalpes.com\/wp-content\/uploads\/2022\/12\/D76A1658-300x200.jpg\" class=\"attachment-medium size-medium wp-image-21510\" alt=\"\" srcset=\"https:\/\/ifalpes.com\/wp-content\/uploads\/2022\/12\/D76A1658-300x200.jpg 300w, https:\/\/ifalpes.com\/wp-content\/uploads\/2022\/12\/D76A1658-1024x683.jpg 1024w, https:\/\/ifalpes.com\/wp-content\/uploads\/2022\/12\/D76A1658-768x512.jpg 768w, https:\/\/ifalpes.com\/wp-content\/uploads\/2022\/12\/D76A1658-1536x1025.jpg 1536w, https:\/\/ifalpes.com\/wp-content\/uploads\/2022\/12\/D76A1658.jpg 2048w\" sizes=\"(max-width: 300px) 100vw, 300px\" \/><\/div><\/a>\n\t\t\t\t<div class=\"elementor-post__text\">\n\t\t\t\t<h3 class=\"elementor-post__title\">\n\t\t\t<a href=\"https:\/\/ifalpes.com\/fr\/a-propos-ifalpes\/pourquoi-choisir-ifalpes\/\" >\n\t\t\t\tPourquoi choisir IFALPES ?\t\t\t<\/a>\n\t\t<\/h3>\n\t\t\t\t<div class=\"elementor-post__excerpt\">\n\t\t\t<p>Une atmosph\u00e8re conviviale pour un s\u00e9jour inoubliable Nous sommes une \u00e9cole \u00e0 taille humaine. Nos \u00e9tudiants appr\u00e9cient la convivialit\u00e9 et l&rsquo;ambiance qui r\u00e8gnent \u00e0 IFALPES, aussi bien en cours que pendant les pauses et les activit\u00e9s. L&rsquo;\u00e9cole est un espace d&rsquo;\u00e9changes et d&rsquo;ouverture avec des \u00e9tudiants du monde entier qui ont l&rsquo;occasion de se conna\u00eetre et d&rsquo;\u00e9changer quotidiennement en fran\u00e7ais. Ce m\u00e9lange de cultures et de nationalit\u00e9s fait d&rsquo;IFALPES un lieu unique pour pratiquer et progresser rapidement en fran\u00e7ais. L&rsquo;\u00e9quipe administrative et p\u00e9dagogique est toujours disponible pour r\u00e9pondre aux nombreuses questions et demandes de nos \u00e9tudiants, faciliter leurs activit\u00e9s quotidiennes,<\/p>\n\t\t<\/div>\n\t\t\n\t\t<a class=\"elementor-post__read-more\" href=\"https:\/\/ifalpes.com\/fr\/a-propos-ifalpes\/pourquoi-choisir-ifalpes\/\" aria-label=\"En savoir plus sur Pourquoi choisir IFALPES ?\" tabindex=\"-1\" >\n\t\t\tLire la suite\t\t<\/a>\n\n\t\t\t\t<\/div>\n\t\t\t\t\t<\/div>\n\t\t<\/article>\n\t\t\t\t<\/div>\n\t\t\n\t\t\t\t\t\t<\/div>\n\t\t\t\t<\/div>\n\t\t\t\t\t<\/div>\n\t\t<\/div>\n\t\t\t\t\t<\/div>\n\t\t<\/section>\n\t\t\t\t<\/div>\n\t\t","protected":false},"excerpt":{"rendered":"","protected":false},"author":1,"featured_media":0,"parent":0,"menu_order":0,"comment_status":"closed","ping_status":"closed","template":"","meta":{"_acf_changed":false,"content-type":"","footnotes":""},"class_list":["post-21618","page","type-page","status-publish","hentry"],"acf":[],"_links":{"self":[{"href":"https:\/\/ifalpes.com\/fr\/wp-json\/wp\/v2\/pages\/21618","targetHints":{"allow":["GET"]}}],"collection":[{"href":"https:\/\/ifalpes.com\/fr\/wp-json\/wp\/v2\/pages"}],"about":[{"href":"https:\/\/ifalpes.com\/fr\/wp-json\/wp\/v2\/types\/page"}],"author":[{"embeddable":true,"href":"https:\/\/ifalpes.com\/fr\/wp-json\/wp\/v2\/users\/1"}],"replies":[{"embeddable":true,"href":"https:\/\/ifalpes.com\/fr\/wp-json\/wp\/v2\/comments?post=21618"}],"version-history":[{"count":1,"href":"https:\/\/ifalpes.com\/fr\/wp-json\/wp\/v2\/pages\/21618\/revisions"}],"predecessor-version":[{"id":21619,"href":"https:\/\/ifalpes.com\/fr\/wp-json\/wp\/v2\/pages\/21618\/revisions\/21619"}],"wp:attachment":[{"href":"https:\/\/ifalpes.com\/fr\/wp-json\/wp\/v2\/media?parent=21618"}],"curies":[{"name":"wp","href":"https:\/\/api.w.org\/{rel}","templated":true}]}}