{"id":21614,"date":"2022-06-30T08:33:41","date_gmt":"2022-06-30T08:33:41","guid":{"rendered":"https:\/\/ifalpes.com\/ecole\/"},"modified":"2025-10-27T09:10:30","modified_gmt":"2025-10-27T09:10:30","slug":"school","status":"publish","type":"page","link":"https:\/\/ifalpes.com\/fr\/a-propos-ifalpes\/school\/","title":{"rendered":"Pr\u00e9sentation de l&rsquo;\u00e9cole"},"content":{"rendered":"\t\t<div data-elementor-type=\"wp-page\" data-elementor-id=\"21614\" class=\"elementor elementor-21614 elementor-135\" data-elementor-post-type=\"page\">\n\t\t\t\t\t\t<section class=\"elementor-section elementor-top-section elementor-element elementor-element-5737c62 elementor-section-boxed elementor-section-height-default elementor-section-height-default\" data-id=\"5737c62\" data-element_type=\"section\" data-e-type=\"section\">\n\t\t\t\t\t\t<div class=\"elementor-container elementor-column-gap-default\">\n\t\t\t\t\t<div class=\"elementor-column elementor-col-50 elementor-top-column elementor-element elementor-element-3712d9b\" data-id=\"3712d9b\" data-element_type=\"column\" data-e-type=\"column\">\n\t\t\t<div class=\"elementor-widget-wrap elementor-element-populated\">\n\t\t\t\t\t\t<div class=\"elementor-element elementor-element-ca8cbea elementor-widget elementor-widget-heading\" data-id=\"ca8cbea\" data-element_type=\"widget\" data-e-type=\"widget\" data-widget_type=\"heading.default\">\n\t\t\t\t<div class=\"elementor-widget-container\">\n\t\t\t\t\t<h2 class=\"elementor-heading-title elementor-size-default\">IFALPES, \u00e9cole de fran\u00e7ais langue \u00e9trang\u00e8re<\/h2>\t\t\t\t<\/div>\n\t\t\t\t<\/div>\n\t\t\t\t<div class=\"elementor-element elementor-element-8d25699 elementor-widget elementor-widget-text-editor\" data-id=\"8d25699\" data-element_type=\"widget\" data-e-type=\"widget\" data-widget_type=\"text-editor.default\">\n\t\t\t\t<div class=\"elementor-widget-container\">\n\t\t\t\t\t\t\t\t\t<p>IFALPES, \u00e9cole de fran\u00e7ais langue \u00e9trang\u00e8re IFALPES est un \u00e9tablissement d\u2019enseignement sup\u00e9rieur priv\u00e9. Nous sommes sp\u00e9cialis\u00e9s depuis plus de 30 ans dans l\u2019enseignement du Fran\u00e7ais Langue Etrang\u00e8re (FLE) et accueillons plus de 600 \u00e9tudiants des 5 continents tout au long de l\u2019ann\u00e9e.<\/p><p>Nous organisons des s\u00e9jours linguistiques pour adultes ou juniors, pour groupes ou individuels, o\u00f9 des \u00e9tudiants de tous \u00e2ges et de toutes nationalit\u00e9s se retrouvent dans une atmosph\u00e8re conviviale et accueillante.<\/p><p>La qualit\u00e9 de nos cours est assur\u00e9e par notre \u00e9quipe de professeurs tr\u00e8s exp\u00e9riment\u00e9s et passionn\u00e9s par leur m\u00e9tier. Nos \u00e9tudiants sont principalement h\u00e9berg\u00e9s dans des familles d\u2019accueil et nous apportons un soin particulier \u00e0 la s\u00e9lection et \u00e0 l\u2019\u00e9valuation de ces familles. De plus, parce que nous pensons que la meilleure fa\u00e7on d\u2019apprendre une langue est de s\u2019immerger dans sa culture et ses traditions, nous proposons un programme tr\u00e8s riche d\u2019activit\u00e9s culturelles et de d\u00e9tente.<\/p>\t\t\t\t\t\t\t\t<\/div>\n\t\t\t\t<\/div>\n\t\t\t\t\t<\/div>\n\t\t<\/div>\n\t\t\t\t<div class=\"elementor-column elementor-col-50 elementor-top-column elementor-element elementor-element-1016dc6\" data-id=\"1016dc6\" data-element_type=\"column\" data-e-type=\"column\">\n\t\t\t<div class=\"elementor-widget-wrap elementor-element-populated\">\n\t\t\t\t\t\t<div class=\"elementor-element elementor-element-849f76c elementor-widget elementor-widget-video\" data-id=\"849f76c\" data-element_type=\"widget\" data-e-type=\"widget\" data-settings=\"{&quot;youtube_url&quot;:&quot;https:\\\/\\\/youtu.be\\\/lXDLsHXBVA4?si=pYri-6a_qtRX-IUK&quot;,&quot;autoplay&quot;:&quot;yes&quot;,&quot;mute&quot;:&quot;yes&quot;,&quot;loop&quot;:&quot;yes&quot;,&quot;video_type&quot;:&quot;youtube&quot;}\" data-widget_type=\"video.default\">\n\t\t\t\t<div class=\"elementor-widget-container\">\n\t\t\t\t\t\t\t<div class=\"elementor-wrapper elementor-open-inline\">\n\t\t\t<div class=\"elementor-video\"><\/div>\t\t<\/div>\n\t\t\t\t\t\t<\/div>\n\t\t\t\t<\/div>\n\t\t\t\t\t<\/div>\n\t\t<\/div>\n\t\t\t\t\t<\/div>\n\t\t<\/section>\n\t\t\t\t<section class=\"elementor-section elementor-top-section elementor-element elementor-element-2bb53e0 elementor-section-boxed elementor-section-height-default elementor-section-height-default\" data-id=\"2bb53e0\" data-element_type=\"section\" data-e-type=\"section\">\n\t\t\t\t\t\t<div class=\"elementor-container elementor-column-gap-default\">\n\t\t\t\t\t<div class=\"elementor-column elementor-col-100 elementor-top-column elementor-element elementor-element-8127c66\" data-id=\"8127c66\" data-element_type=\"column\" data-e-type=\"column\">\n\t\t\t<div class=\"elementor-widget-wrap elementor-element-populated\">\n\t\t\t\t\t\t<div class=\"elementor-element elementor-element-e736980 elementor-arrows-position-inside elementor-pagination-position-outside elementor-widget elementor-widget-image-carousel\" data-id=\"e736980\" data-element_type=\"widget\" data-e-type=\"widget\" data-settings=\"{&quot;navigation&quot;:&quot;both&quot;,&quot;autoplay&quot;:&quot;yes&quot;,&quot;pause_on_hover&quot;:&quot;yes&quot;,&quot;pause_on_interaction&quot;:&quot;yes&quot;,&quot;autoplay_speed&quot;:5000,&quot;infinite&quot;:&quot;yes&quot;,&quot;speed&quot;:500}\" data-widget_type=\"image-carousel.default\">\n\t\t\t\t<div class=\"elementor-widget-container\">\n\t\t\t\t\t\t\t<div class=\"elementor-image-carousel-wrapper swiper\" role=\"region\" aria-roledescription=\"carousel\" aria-label=\"Image Carousel\" dir=\"ltr\">\n\t\t\t<div class=\"elementor-image-carousel swiper-wrapper\" aria-live=\"off\">\n\t\t\t\t\t\t\t\t<div class=\"swiper-slide\" role=\"group\" aria-roledescription=\"slide\" aria-label=\"1 sur 9\"><figure class=\"swiper-slide-inner\"><img decoding=\"async\" class=\"swiper-slide-image\" src=\"https:\/\/ifalpes.com\/wp-content\/uploads\/2024\/09\/Le-campus3-min-300x200.jpg\" alt=\"Le campus(3)-min\" \/><\/figure><\/div><div class=\"swiper-slide\" role=\"group\" aria-roledescription=\"slide\" aria-label=\"2 sur 9\"><figure class=\"swiper-slide-inner\"><img decoding=\"async\" class=\"swiper-slide-image\" src=\"https:\/\/ifalpes.com\/wp-content\/uploads\/2024\/09\/Ifalpes_Annecy_2018_Like_That_HD-67-min-300x200.jpg\" alt=\"Ifalpes_Annecy_2018_Like_That_HD-67-min\" \/><\/figure><\/div><div class=\"swiper-slide\" role=\"group\" aria-roledescription=\"slide\" aria-label=\"3 sur 9\"><figure class=\"swiper-slide-inner\"><img decoding=\"async\" class=\"swiper-slide-image\" src=\"https:\/\/ifalpes.com\/wp-content\/uploads\/2024\/09\/9P7A9404-min-300x200.jpg\" alt=\"9P7A9404-min\" \/><\/figure><\/div><div class=\"swiper-slide\" role=\"group\" aria-roledescription=\"slide\" aria-label=\"4 sur 9\"><figure class=\"swiper-slide-inner\"><img decoding=\"async\" class=\"swiper-slide-image\" src=\"https:\/\/ifalpes.com\/wp-content\/uploads\/2024\/09\/05_KLF_ANNECY_158_websize-300x200.jpg\" alt=\"KLF 2024 Annecy\" \/><\/figure><\/div><div class=\"swiper-slide\" role=\"group\" aria-roledescription=\"slide\" aria-label=\"5 sur 9\"><figure class=\"swiper-slide-inner\"><img decoding=\"async\" class=\"swiper-slide-image\" src=\"https:\/\/ifalpes.com\/wp-content\/uploads\/2024\/09\/05_KLF_ANNECY_227_websize-300x200.jpg\" alt=\"KLF 2024 Annecy\" \/><\/figure><\/div><div class=\"swiper-slide\" role=\"group\" aria-roledescription=\"slide\" aria-label=\"6 sur 9\"><figure class=\"swiper-slide-inner\"><img decoding=\"async\" class=\"swiper-slide-image\" src=\"https:\/\/ifalpes.com\/wp-content\/uploads\/2024\/09\/05_KLF_ANNECY_256_websize-300x200.jpg\" alt=\"KLF 2024 Annecy\" \/><\/figure><\/div><div class=\"swiper-slide\" role=\"group\" aria-roledescription=\"slide\" aria-label=\"7 sur 9\"><figure class=\"swiper-slide-inner\"><img decoding=\"async\" class=\"swiper-slide-image\" src=\"https:\/\/ifalpes.com\/wp-content\/uploads\/2024\/09\/05_KLF_ANNECY_267_websize-300x200.jpg\" alt=\"KLF 2024 Annecy\" \/><\/figure><\/div><div class=\"swiper-slide\" role=\"group\" aria-roledescription=\"slide\" aria-label=\"8 sur 9\"><figure class=\"swiper-slide-inner\"><img decoding=\"async\" class=\"swiper-slide-image\" src=\"https:\/\/ifalpes.com\/wp-content\/uploads\/2024\/09\/05_KLF_ANNECY_122_websize-300x200.jpg\" alt=\"KLF 2024 Annecy\" \/><\/figure><\/div><div class=\"swiper-slide\" role=\"group\" aria-roledescription=\"slide\" aria-label=\"9 sur 9\"><figure class=\"swiper-slide-inner\"><img decoding=\"async\" class=\"swiper-slide-image\" src=\"https:\/\/ifalpes.com\/wp-content\/uploads\/2024\/09\/05_KLF_ANNECY_115_websize-300x200.jpg\" alt=\"KLF 2024 Annecy\" \/><\/figure><\/div>\t\t\t<\/div>\n\t\t\t\t\t\t\t\t\t\t\t\t<div class=\"elementor-swiper-button elementor-swiper-button-prev\" role=\"button\" tabindex=\"0\">\n\t\t\t\t\t\t<i aria-hidden=\"true\" class=\"eicon-chevron-left\"><\/i>\t\t\t\t\t<\/div>\n\t\t\t\t\t<div class=\"elementor-swiper-button elementor-swiper-button-next\" role=\"button\" tabindex=\"0\">\n\t\t\t\t\t\t<i aria-hidden=\"true\" class=\"eicon-chevron-right\"><\/i>\t\t\t\t\t<\/div>\n\t\t\t\t\n\t\t\t\t\t\t\t\t\t<div class=\"swiper-pagination\"><\/div>\n\t\t\t\t\t\t\t\t\t<\/div>\n\t\t\t\t\t\t<\/div>\n\t\t\t\t<\/div>\n\t\t\t\t\t<\/div>\n\t\t<\/div>\n\t\t\t\t\t<\/div>\n\t\t<\/section>\n\t\t\t\t<section class=\"elementor-section elementor-top-section elementor-element elementor-element-44f27c0 elementor-section-boxed elementor-section-height-default elementor-section-height-default\" data-id=\"44f27c0\" data-element_type=\"section\" data-e-type=\"section\">\n\t\t\t\t\t\t<div class=\"elementor-container elementor-column-gap-default\">\n\t\t\t\t\t<div class=\"elementor-column elementor-col-100 elementor-top-column elementor-element elementor-element-a0b58ac\" data-id=\"a0b58ac\" data-element_type=\"column\" data-e-type=\"column\">\n\t\t\t<div class=\"elementor-widget-wrap elementor-element-populated\">\n\t\t\t\t\t\t<div class=\"elementor-element elementor-element-cab25a6 elementor-widget elementor-widget-heading\" data-id=\"cab25a6\" data-element_type=\"widget\" data-e-type=\"widget\" data-widget_type=\"heading.default\">\n\t\t\t\t<div class=\"elementor-widget-container\">\n\t\t\t\t\t<h3 class=\"elementor-heading-title elementor-size-default\">Ecole de Fran\u00e7ais \u00e0 Annecy<\/h3>\t\t\t\t<\/div>\n\t\t\t\t<\/div>\n\t\t\t\t<div class=\"elementor-element elementor-element-e4be0f4 elementor-widget elementor-widget-text-editor\" data-id=\"e4be0f4\" data-element_type=\"widget\" data-e-type=\"widget\" data-widget_type=\"text-editor.default\">\n\t\t\t\t<div class=\"elementor-widget-container\">\n\t\t\t\t\t\t\t\t\t<p>IFALPES est situ\u00e9e \u00e0 8 minutes \u00e0 pied de la gare et du centre historique d\u2019Annecy. Notre \u00e9cole offre toutes les facilit\u00e9s pour apprendre le fran\u00e7ais dans les meilleures conditions.<\/p><p>Notre centre pour adultes a \u00e9t\u00e9 enti\u00e8rement r\u00e9nov\u00e9 en 2018. Son atmosph\u00e8re chaleureuse et ses installations modernes offrent \u00e0 nos \u00e9l\u00e8ves la possibilit\u00e9 d\u2019apprendre le fran\u00e7ais dans des conditions optimales.<\/p><p>Le centre dispose de :<\/p><p> <\/p><ul><li>4 salles de classe enti\u00e8rement \u00e9quip\u00e9es et lumineuses<\/li><li>d\u2019un acc\u00e8s Internet haut d\u00e9bit avec WIFI gratuit dans tout le b\u00e2timent<\/li><li>un espace de d\u00e9tente avec un distributeur de boissons chaudes \u2013 caf\u00e9, th\u00e9, chocolat et de snacks<\/li><li>un jardin attenant<\/li><li>un espace caf\u00e9t\u00e9ria \u00e9quip\u00e9 de r\u00e9frig\u00e9rateurs et de micro-ondes pour les pauses d\u00e9jeuner<\/li><li>une salle de documentation<\/li><li>des informations touristiques : guides, brochures, journaux, programmes culturels.<\/li><\/ul>\t\t\t\t\t\t\t\t<\/div>\n\t\t\t\t<\/div>\n\t\t\t\t\t<\/div>\n\t\t<\/div>\n\t\t\t\t\t<\/div>\n\t\t<\/section>\n\t\t\t\t<section class=\"elementor-section elementor-top-section elementor-element elementor-element-4a29798 elementor-section-boxed elementor-section-height-default elementor-section-height-default\" data-id=\"4a29798\" data-element_type=\"section\" data-e-type=\"section\">\n\t\t\t\t\t\t<div class=\"elementor-container elementor-column-gap-default\">\n\t\t\t\t\t<div class=\"elementor-column elementor-col-66 elementor-top-column elementor-element elementor-element-d3529a5\" data-id=\"d3529a5\" data-element_type=\"column\" data-e-type=\"column\">\n\t\t\t<div class=\"elementor-widget-wrap elementor-element-populated\">\n\t\t\t\t\t\t<div class=\"elementor-element elementor-element-24468e8 elementor-widget elementor-widget-heading\" data-id=\"24468e8\" data-element_type=\"widget\" data-e-type=\"widget\" data-widget_type=\"heading.default\">\n\t\t\t\t<div class=\"elementor-widget-container\">\n\t\t\t\t\t<h2 class=\"elementor-heading-title elementor-size-default\">Accessibilit\u00e9<\/h2>\t\t\t\t<\/div>\n\t\t\t\t<\/div>\n\t\t\t\t<div class=\"elementor-element elementor-element-9e9ad2d elementor-widget elementor-widget-text-editor\" data-id=\"9e9ad2d\" data-element_type=\"widget\" data-e-type=\"widget\" data-widget_type=\"text-editor.default\">\n\t\t\t\t<div class=\"elementor-widget-container\">\n\t\t\t\t\t\t\t\t\t<p>IFALPES est situ\u00e9 au rez-de-chauss\u00e9e d\u2019un immeuble. Toutes nos salles de classe sont accessibles aux fauteuils roulants ainsi que les espaces communs. Les locaux disposent \u00e9galement de toilettes pour les personnes handicap\u00e9es.<\/p>\t\t\t\t\t\t\t\t<\/div>\n\t\t\t\t<\/div>\n\t\t\t\t\t<\/div>\n\t\t<\/div>\n\t\t\t\t<div class=\"elementor-column elementor-col-33 elementor-top-column elementor-element elementor-element-b3a73d7\" data-id=\"b3a73d7\" data-element_type=\"column\" data-e-type=\"column\" data-settings=\"{&quot;background_background&quot;:&quot;classic&quot;}\">\n\t\t\t<div class=\"elementor-widget-wrap\">\n\t\t\t\t\t\t\t<\/div>\n\t\t<\/div>\n\t\t\t\t\t<\/div>\n\t\t<\/section>\n\t\t\t\t<\/div>\n\t\t","protected":false},"excerpt":{"rendered":"<p>IFALPES, \u00e9cole de fran\u00e7ais langue \u00e9trang\u00e8re IFALPES, \u00e9cole de fran\u00e7ais langue \u00e9trang\u00e8re IFALPES est un \u00e9tablissement d\u2019enseignement sup\u00e9rieur priv\u00e9. Nous sommes sp\u00e9cialis\u00e9s depuis plus de 30 ans dans l\u2019enseignement du Fran\u00e7ais Langue Etrang\u00e8re (FLE) et accueillons plus de 600 \u00e9tudiants des 5 continents tout au long de l\u2019ann\u00e9e. Nous organisons des s\u00e9jours linguistiques pour adultes [&hellip;]<\/p>\n","protected":false},"author":1,"featured_media":21219,"parent":21618,"menu_order":0,"comment_status":"closed","ping_status":"closed","template":"","meta":{"_acf_changed":false,"content-type":"","footnotes":""},"class_list":["post-21614","page","type-page","status-publish","has-post-thumbnail","hentry"],"acf":[],"_links":{"self":[{"href":"https:\/\/ifalpes.com\/fr\/wp-json\/wp\/v2\/pages\/21614","targetHints":{"allow":["GET"]}}],"collection":[{"href":"https:\/\/ifalpes.com\/fr\/wp-json\/wp\/v2\/pages"}],"about":[{"href":"https:\/\/ifalpes.com\/fr\/wp-json\/wp\/v2\/types\/page"}],"author":[{"embeddable":true,"href":"https:\/\/ifalpes.com\/fr\/wp-json\/wp\/v2\/users\/1"}],"replies":[{"embeddable":true,"href":"https:\/\/ifalpes.com\/fr\/wp-json\/wp\/v2\/comments?post=21614"}],"version-history":[{"count":8,"href":"https:\/\/ifalpes.com\/fr\/wp-json\/wp\/v2\/pages\/21614\/revisions"}],"predecessor-version":[{"id":28519,"href":"https:\/\/ifalpes.com\/fr\/wp-json\/wp\/v2\/pages\/21614\/revisions\/28519"}],"up":[{"embeddable":true,"href":"https:\/\/ifalpes.com\/fr\/wp-json\/wp\/v2\/pages\/21618"}],"wp:featuredmedia":[{"embeddable":true,"href":"https:\/\/ifalpes.com\/fr\/wp-json\/wp\/v2\/media\/21219"}],"wp:attachment":[{"href":"https:\/\/ifalpes.com\/fr\/wp-json\/wp\/v2\/media?parent=21614"}],"curies":[{"name":"wp","href":"https:\/\/api.w.org\/{rel}","templated":true}]}}