{"id":21457,"date":"2022-12-13T17:36:11","date_gmt":"2022-12-13T17:36:11","guid":{"rendered":"https:\/\/ifalpes.com\/adultes-demande-reservation\/"},"modified":"2025-09-03T09:31:55","modified_gmt":"2025-09-03T09:31:55","slug":"adultes-demande-reservation","status":"publish","type":"page","link":"https:\/\/ifalpes.com\/fr\/adultes-demande-reservation\/","title":{"rendered":"Demande de r\u00e9servation"},"content":{"rendered":"\t\t<div data-elementor-type=\"wp-page\" data-elementor-id=\"21457\" class=\"elementor elementor-21457 elementor-21450\" data-elementor-post-type=\"page\">\n\t\t\t\t\t\t<section class=\"elementor-section elementor-top-section elementor-element elementor-element-e2946ac elementor-section-boxed elementor-section-height-default elementor-section-height-default\" data-id=\"e2946ac\" data-element_type=\"section\" data-e-type=\"section\">\n\t\t\t\t\t\t<div class=\"elementor-container elementor-column-gap-default\">\n\t\t\t\t\t<div class=\"elementor-column elementor-col-100 elementor-top-column elementor-element elementor-element-5757409\" data-id=\"5757409\" data-element_type=\"column\" data-e-type=\"column\">\n\t\t\t<div class=\"elementor-widget-wrap elementor-element-populated\">\n\t\t\t\t\t\t<div class=\"elementor-element elementor-element-0c1313f elementor-widget elementor-widget-text-editor\" data-id=\"0c1313f\" data-element_type=\"widget\" data-e-type=\"widget\" data-widget_type=\"text-editor.default\">\n\t\t\t\t<div class=\"elementor-widget-container\">\n\t\t\t\t\t\t\t\t\t<h2>R\u00e9servez votre s\u00e9jour \u00e0 IFAlpes Annecy en 3 minutes !<\/h2><p>Venez profiter d\u2019un s\u00e9jour inoubliable \u00e0 Annecy.<\/p><p><span style=\"font-family: -apple-system, BlinkMacSystemFont, 'Segoe UI', Roboto, 'Helvetica Neue', Arial, 'Noto Sans', sans-serif, 'Apple Color Emoji', 'Segoe UI Emoji', 'Segoe UI Symbol', 'Noto Color Emoji'; font-size: 1rem;\">Fill out our registration form and book our courses. C <\/span>Remplissez notre formulaire d\u2019inscription et r\u00e9servez nos cours. Cr\u00e9ez et achetez en ligne votre s\u00e9jour sur mesure en choisissant vos cours de fran\u00e7ais, votre h\u00e9bergement et vos options.<\/p><p>Nos conseillers p\u00e9dagogiques vos contacteront afin de valider votre inscription et r\u00e9pondre \u00e0 toutes vos questions.<\/p>\t\t\t\t\t\t\t\t<\/div>\n\t\t\t\t<\/div>\n\t\t\t\t<div class=\"elementor-element elementor-element-ce13286 elementor-widget-divider--view-line elementor-widget elementor-widget-divider\" data-id=\"ce13286\" data-element_type=\"widget\" data-e-type=\"widget\" data-widget_type=\"divider.default\">\n\t\t\t\t<div class=\"elementor-widget-container\">\n\t\t\t\t\t\t\t<div class=\"elementor-divider\">\n\t\t\t<span class=\"elementor-divider-separator\">\n\t\t\t\t\t\t<\/span>\n\t\t<\/div>\n\t\t\t\t\t\t<\/div>\n\t\t\t\t<\/div>\n\t\t\t\t<div class=\"elementor-element elementor-element-3c7f7ee elementor-align-center elementor-widget elementor-widget-button\" data-id=\"3c7f7ee\" data-element_type=\"widget\" data-e-type=\"widget\" data-widget_type=\"button.default\">\n\t\t\t\t<div class=\"elementor-widget-container\">\n\t\t\t\t\t\t\t\t\t<div class=\"elementor-button-wrapper\">\n\t\t\t\t\t<a class=\"elementor-button elementor-button-link elementor-size-lg\" href=\"https:\/\/ifalpes.com\/fr\/formulmaire-reservation-adultes-2024\/\" target=\"_blank\">\n\t\t\t\t\t\t<span class=\"elementor-button-content-wrapper\">\n\t\t\t\t\t\t\t\t\t<span class=\"elementor-button-text\">R\u00e9servation cours pour adultes et seniors<\/span>\n\t\t\t\t\t<\/span>\n\t\t\t\t\t<\/a>\n\t\t\t\t<\/div>\n\t\t\t\t\t\t\t\t<\/div>\n\t\t\t\t<\/div>\n\t\t\t\t<div class=\"elementor-element elementor-element-23daaff elementor-widget-divider--view-line elementor-widget elementor-widget-divider\" data-id=\"23daaff\" data-element_type=\"widget\" data-e-type=\"widget\" data-widget_type=\"divider.default\">\n\t\t\t\t<div class=\"elementor-widget-container\">\n\t\t\t\t\t\t\t<div class=\"elementor-divider\">\n\t\t\t<span class=\"elementor-divider-separator\">\n\t\t\t\t\t\t<\/span>\n\t\t<\/div>\n\t\t\t\t\t\t<\/div>\n\t\t\t\t<\/div>\n\t\t\t\t<div class=\"elementor-element elementor-element-e88acd3 elementor-align-center elementor-widget elementor-widget-button\" data-id=\"e88acd3\" data-element_type=\"widget\" data-e-type=\"widget\" data-widget_type=\"button.default\">\n\t\t\t\t<div class=\"elementor-widget-container\">\n\t\t\t\t\t\t\t\t\t<div class=\"elementor-button-wrapper\">\n\t\t\t\t\t<a class=\"elementor-button elementor-button-link elementor-size-lg\" href=\"https:\/\/ifalpes.com\/fr\/reservation-cours-francais-soir-en-ligne\/\" target=\"_blank\">\n\t\t\t\t\t\t<span class=\"elementor-button-content-wrapper\">\n\t\t\t\t\t\t\t\t\t<span class=\"elementor-button-text\">R\u00e9servation pour les cours en ligne<\/span>\n\t\t\t\t\t<\/span>\n\t\t\t\t\t<\/a>\n\t\t\t\t<\/div>\n\t\t\t\t\t\t\t\t<\/div>\n\t\t\t\t<\/div>\n\t\t\t\t<div class=\"elementor-element elementor-element-ee3f6f5 elementor-widget-divider--view-line elementor-widget elementor-widget-divider\" data-id=\"ee3f6f5\" data-element_type=\"widget\" data-e-type=\"widget\" data-widget_type=\"divider.default\">\n\t\t\t\t<div class=\"elementor-widget-container\">\n\t\t\t\t\t\t\t<div class=\"elementor-divider\">\n\t\t\t<span class=\"elementor-divider-separator\">\n\t\t\t\t\t\t<\/span>\n\t\t<\/div>\n\t\t\t\t\t\t<\/div>\n\t\t\t\t<\/div>\n\t\t\t\t<div class=\"elementor-element elementor-element-49d3db0 elementor-align-center elementor-widget elementor-widget-button\" data-id=\"49d3db0\" data-element_type=\"widget\" data-e-type=\"widget\" data-widget_type=\"button.default\">\n\t\t\t\t<div class=\"elementor-widget-container\">\n\t\t\t\t\t\t\t\t\t<div class=\"elementor-button-wrapper\">\n\t\t\t\t\t<a class=\"elementor-button elementor-button-link elementor-size-lg\" href=\"https:\/\/klf.fr\/french-junior-camp-in-annecy\/booking\/\" target=\"_blank\" rel=\"noopener\">\n\t\t\t\t\t\t<span class=\"elementor-button-content-wrapper\">\n\t\t\t\t\t\t\t\t\t<span class=\"elementor-button-text\">Inscription aux cours pour les jeunes<\/span>\n\t\t\t\t\t<\/span>\n\t\t\t\t\t<\/a>\n\t\t\t\t<\/div>\n\t\t\t\t\t\t\t\t<\/div>\n\t\t\t\t<\/div>\n\t\t\t\t<div class=\"elementor-element elementor-element-59f1dbc elementor-widget elementor-widget-text-editor\" data-id=\"59f1dbc\" data-element_type=\"widget\" data-e-type=\"widget\" data-widget_type=\"text-editor.default\">\n\t\t\t\t<div class=\"elementor-widget-container\">\n\t\t\t\t\t\t\t\t\t<p style=\"text-align: center;\"><em>*Pour les r\u00e9servations de derni\u00e8re minute (moins de 4 jours avant le d\u00e9but du cours), veuillez nous contacter au pr\u00e9alable \u00e0 l&rsquo;adresse <a style=\"font-family: -apple-system, BlinkMacSystemFont, 'Segoe UI', Roboto, 'Helvetica Neue', Arial, 'Noto Sans', sans-serif, 'Apple Color Emoji', 'Segoe UI Emoji', 'Segoe UI Symbol', 'Noto Color Emoji'; background-color: #ffffff; font-size: 1rem;\" href=\"mailto:info@ifalpes.com\" target=\"_blank\" rel=\"noopener\">info@ifalpes.com<\/a>, afin de v\u00e9rifier la disponibilit\u00e9.<\/em><\/p><p style=\"text-align: center;\"><em>*Toute inscription ne sera consid\u00e9r\u00e9e comme valide qu\u2019apr\u00e8s r\u00e9ception du paiement.<\/em><\/p><p style=\"text-align: center;\"><em>* Cours le matin ou l\u2019apr\u00e8s-midi en fonction de votre niveau et de la charge de cours de l\u2019\u00e9cole.<\/em><\/p><p style=\"text-align: center;\"><em><span style=\"color: #000000; font-family: Roboto, sans-serif;\">* Attention : pendant les jours f\u00e9ri\u00e9s et conform\u00e9ment \u00e0 nos conditions g\u00e9n\u00e9rales de vente, l\u2019\u00e9cole sera ferm\u00e9e et aucun cours de rattrapage ne sera propos\u00e9. Les \u00e9coles seront ferm\u00e9es les jours f\u00e9ri\u00e9s suivants : 2025: 11\/11\/25 \u2013 et 2026 : 01 janvier | 06 avril | 01 mai | 08 mai | 25 mai | 14 juillet | 11 novembre <\/span><\/em><\/p><p style=\"caret-color: #000000; color: #000000; text-align: center;\"><em>*Attention ! Pour les d\u00e9butants absolus, niveau A0, il y aura des dates de d\u00e9but sp\u00e9cifiques. <\/em><\/p>\t\t\t\t\t\t\t\t<\/div>\n\t\t\t\t<\/div>\n\t\t\t\t\t<\/div>\n\t\t<\/div>\n\t\t\t\t\t<\/div>\n\t\t<\/section>\n\t\t\t\t<\/div>\n\t\t","protected":false},"excerpt":{"rendered":"<p>R\u00e9servez votre s\u00e9jour \u00e0 IFAlpes Annecy en 3 minutes ! Venez profiter d\u2019un s\u00e9jour inoubliable \u00e0 Annecy. Fill out our registration form and book our courses. C Remplissez notre formulaire d\u2019inscription et r\u00e9servez nos cours. Cr\u00e9ez et achetez en ligne votre s\u00e9jour sur mesure en choisissant vos cours de fran\u00e7ais, votre h\u00e9bergement et vos options. [&hellip;]<\/p>\n","protected":false},"author":1,"featured_media":0,"parent":0,"menu_order":0,"comment_status":"closed","ping_status":"closed","template":"","meta":{"_acf_changed":false,"content-type":"","footnotes":""},"class_list":["post-21457","page","type-page","status-publish","hentry"],"acf":[],"_links":{"self":[{"href":"https:\/\/ifalpes.com\/fr\/wp-json\/wp\/v2\/pages\/21457","targetHints":{"allow":["GET"]}}],"collection":[{"href":"https:\/\/ifalpes.com\/fr\/wp-json\/wp\/v2\/pages"}],"about":[{"href":"https:\/\/ifalpes.com\/fr\/wp-json\/wp\/v2\/types\/page"}],"author":[{"embeddable":true,"href":"https:\/\/ifalpes.com\/fr\/wp-json\/wp\/v2\/users\/1"}],"replies":[{"embeddable":true,"href":"https:\/\/ifalpes.com\/fr\/wp-json\/wp\/v2\/comments?post=21457"}],"version-history":[{"count":17,"href":"https:\/\/ifalpes.com\/fr\/wp-json\/wp\/v2\/pages\/21457\/revisions"}],"predecessor-version":[{"id":28107,"href":"https:\/\/ifalpes.com\/fr\/wp-json\/wp\/v2\/pages\/21457\/revisions\/28107"}],"wp:attachment":[{"href":"https:\/\/ifalpes.com\/fr\/wp-json\/wp\/v2\/media?parent=21457"}],"curies":[{"name":"wp","href":"https:\/\/api.w.org\/{rel}","templated":true}]}}