{"id":25172,"date":"2023-12-21T15:20:44","date_gmt":"2023-12-21T15:20:44","guid":{"rendered":"https:\/\/ifalpes.com\/reserva-cursos-frances-au-pair-en-linea\/"},"modified":"2024-05-29T11:23:10","modified_gmt":"2024-05-29T11:23:10","slug":"reserva-cursos-frances-au-pair-en-linea","status":"publish","type":"page","link":"https:\/\/ifalpes.com\/es\/reserva-cursos-frances-au-pair-en-linea\/","title":{"rendered":"RESERVA DE CURSOS DE FRANC\u00c9S AU PAIR EN L\u00cdNEA"},"content":{"rendered":"\t\t<div data-elementor-type=\"wp-page\" data-elementor-id=\"25172\" class=\"elementor elementor-25172\" data-elementor-post-type=\"page\">\n\t\t\t\t\t\t<section class=\"elementor-section elementor-top-section elementor-element elementor-element-49d2b88 elementor-section-boxed elementor-section-height-default elementor-section-height-default\" data-id=\"49d2b88\" data-element_type=\"section\" data-e-type=\"section\">\n\t\t\t\t\t\t<div class=\"elementor-container elementor-column-gap-default\">\n\t\t\t\t\t<div class=\"elementor-column elementor-col-100 elementor-top-column elementor-element elementor-element-9032a9d\" data-id=\"9032a9d\" data-element_type=\"column\" data-e-type=\"column\">\n\t\t\t<div class=\"elementor-widget-wrap elementor-element-populated\">\n\t\t\t\t\t\t<section class=\"elementor-section elementor-inner-section elementor-element elementor-element-9f3d928 elementor-section-boxed elementor-section-height-default elementor-section-height-default\" data-id=\"9f3d928\" data-element_type=\"section\" data-e-type=\"section\">\n\t\t\t\t\t\t<div class=\"elementor-container elementor-column-gap-default\">\n\t\t\t\t\t<div class=\"elementor-column elementor-col-50 elementor-inner-column elementor-element elementor-element-f69243f\" data-id=\"f69243f\" data-element_type=\"column\" data-e-type=\"column\">\n\t\t\t<div class=\"elementor-widget-wrap elementor-element-populated\">\n\t\t\t\t\t\t<div class=\"elementor-element elementor-element-059058d elementor-widget elementor-widget-text-editor\" data-id=\"059058d\" data-element_type=\"widget\" data-e-type=\"widget\" data-widget_type=\"text-editor.default\">\n\t\t\t\t<div class=\"elementor-widget-container\">\n\t\t\t\t\t\t\t\t\t<p>El curso de franc\u00e9s au pair online es impartido por nuestra escuela de franc\u00e9s<\/p>\n<p>Newdeal Institut de Fran\u00e7ais Bordeaux (Grupo KLF)<\/p>\n\t\t\t\t\t\t\t\t<\/div>\n\t\t\t\t<\/div>\n\t\t\t\t\t<\/div>\n\t\t<\/div>\n\t\t\t\t<div class=\"elementor-column elementor-col-50 elementor-inner-column elementor-element elementor-element-6c4c813\" data-id=\"6c4c813\" data-element_type=\"column\" data-e-type=\"column\">\n\t\t\t<div class=\"elementor-widget-wrap elementor-element-populated\">\n\t\t\t\t\t\t<div class=\"elementor-element elementor-element-ef86a70 elementor-widget elementor-widget-image\" data-id=\"ef86a70\" data-element_type=\"widget\" data-e-type=\"widget\" data-widget_type=\"image.default\">\n\t\t\t\t<div class=\"elementor-widget-container\">\n\t\t\t\t\t\t\t\t\t\t\t\t\t\t\t\t<a href=\"https:\/\/francais.newdealinstitut.com\/es\/\" target=\"_blank\" rel=\"noopener\">\n\t\t\t\t\t\t\t<img fetchpriority=\"high\" decoding=\"async\" width=\"1008\" height=\"621\" src=\"https:\/\/ifalpes.com\/wp-content\/uploads\/2023\/10\/logos-ndi-fle-copie.png\" class=\"attachment-full size-full wp-image-24100\" alt=\"\" srcset=\"https:\/\/ifalpes.com\/wp-content\/uploads\/2023\/10\/logos-ndi-fle-copie.png 1008w, https:\/\/ifalpes.com\/wp-content\/uploads\/2023\/10\/logos-ndi-fle-copie-300x185.png 300w, https:\/\/ifalpes.com\/wp-content\/uploads\/2023\/10\/logos-ndi-fle-copie-768x473.png 768w\" sizes=\"(max-width: 1008px) 100vw, 1008px\" \/>\t\t\t\t\t\t\t\t<\/a>\n\t\t\t\t\t\t\t\t\t\t\t\t\t\t\t<\/div>\n\t\t\t\t<\/div>\n\t\t\t\t\t<\/div>\n\t\t<\/div>\n\t\t\t\t\t<\/div>\n\t\t<\/section>\n\t\t\t\t<div class=\"elementor-element elementor-element-5f4261b elementor-widget elementor-widget-html\" data-id=\"5f4261b\" data-element_type=\"widget\" data-e-type=\"widget\" data-widget_type=\"html.default\">\n\t\t\t\t<div class=\"elementor-widget-container\">\n\t\t\t\t\t<noscript>Please enable JavaScript to continue with this form.<\/noscript>\r\n<fidelo-widget><\/fidelo-widget>\r\n<script src=\"https:\/\/proxy.fidelo.com\/app\/widget\/1.0\/klf\/js\/widget.js?c=ZYDV327BFN3E37WM&amp;l=en\"><\/script>\r\n\t\t\t\t<\/div>\n\t\t\t\t<\/div>\n\t\t\t\t\t<\/div>\n\t\t<\/div>\n\t\t\t\t\t<\/div>\n\t\t<\/section>\n\t\t\t\t<\/div>\n\t\t","protected":false},"excerpt":{"rendered":"<p>El curso de franc\u00e9s au pair online es impartido por nuestra escuela de franc\u00e9s Newdeal Institut de Fran\u00e7ais Bordeaux (Grupo KLF) Please enable JavaScript to continue with this form.<\/p>\n","protected":false},"author":1,"featured_media":0,"parent":0,"menu_order":0,"comment_status":"closed","ping_status":"closed","template":"","meta":{"_acf_changed":false,"content-type":"","footnotes":""},"class_list":["post-25172","page","type-page","status-publish","hentry"],"acf":[],"_links":{"self":[{"href":"https:\/\/ifalpes.com\/es\/wp-json\/wp\/v2\/pages\/25172","targetHints":{"allow":["GET"]}}],"collection":[{"href":"https:\/\/ifalpes.com\/es\/wp-json\/wp\/v2\/pages"}],"about":[{"href":"https:\/\/ifalpes.com\/es\/wp-json\/wp\/v2\/types\/page"}],"author":[{"embeddable":true,"href":"https:\/\/ifalpes.com\/es\/wp-json\/wp\/v2\/users\/1"}],"replies":[{"embeddable":true,"href":"https:\/\/ifalpes.com\/es\/wp-json\/wp\/v2\/comments?post=25172"}],"version-history":[{"count":2,"href":"https:\/\/ifalpes.com\/es\/wp-json\/wp\/v2\/pages\/25172\/revisions"}],"predecessor-version":[{"id":25174,"href":"https:\/\/ifalpes.com\/es\/wp-json\/wp\/v2\/pages\/25172\/revisions\/25174"}],"wp:attachment":[{"href":"https:\/\/ifalpes.com\/es\/wp-json\/wp\/v2\/media?parent=25172"}],"curies":[{"name":"wp","href":"https:\/\/api.w.org\/{rel}","templated":true}]}}