{"id":25163,"date":"2023-12-21T15:13:30","date_gmt":"2023-12-21T15:13:30","guid":{"rendered":"https:\/\/ifalpes.com\/reserva-clases-frances-nocturnas-en-linea\/"},"modified":"2023-12-21T15:18:42","modified_gmt":"2023-12-21T15:18:42","slug":"reserva-clases-frances-nocturnas-en-linea","status":"publish","type":"page","link":"https:\/\/ifalpes.com\/es\/reserva-clases-frances-nocturnas-en-linea\/","title":{"rendered":"RESERVA DE CLASES NOCTURNAS DE FRANC\u00c9S EN L\u00cdNEA"},"content":{"rendered":"\t\t<div data-elementor-type=\"wp-page\" data-elementor-id=\"25163\" class=\"elementor elementor-25163 elementor-25156\" data-elementor-post-type=\"page\">\n\t\t\t\t\t\t<section class=\"elementor-section elementor-top-section elementor-element elementor-element-49d2b88 elementor-section-boxed elementor-section-height-default elementor-section-height-default\" data-id=\"49d2b88\" data-element_type=\"section\" data-e-type=\"section\">\n\t\t\t\t\t\t<div class=\"elementor-container elementor-column-gap-default\">\n\t\t\t\t\t<div class=\"elementor-column elementor-col-100 elementor-top-column elementor-element elementor-element-9032a9d\" data-id=\"9032a9d\" data-element_type=\"column\" data-e-type=\"column\">\n\t\t\t<div class=\"elementor-widget-wrap elementor-element-populated\">\n\t\t\t\t\t\t<section class=\"elementor-section elementor-inner-section elementor-element elementor-element-9f3d928 elementor-section-boxed elementor-section-height-default elementor-section-height-default\" data-id=\"9f3d928\" data-element_type=\"section\" data-e-type=\"section\">\n\t\t\t\t\t\t<div class=\"elementor-container elementor-column-gap-default\">\n\t\t\t\t\t<div class=\"elementor-column elementor-col-50 elementor-inner-column elementor-element elementor-element-f69243f\" data-id=\"f69243f\" data-element_type=\"column\" data-e-type=\"column\">\n\t\t\t<div class=\"elementor-widget-wrap elementor-element-populated\">\n\t\t\t\t\t\t<div class=\"elementor-element elementor-element-059058d elementor-widget elementor-widget-text-editor\" data-id=\"059058d\" data-element_type=\"widget\" data-e-type=\"widget\" data-widget_type=\"text-editor.default\">\n\t\t\t\t<div class=\"elementor-widget-container\">\n\t\t\t\t\t\t\t\t\tEl curso de franc\u00e9s nocturno en l\u00ednea es impartido por nuestra escuela de franc\u00e9s\r\n\r\nLyon Bleu International (Grupo KLF)\t\t\t\t\t\t\t\t<\/div>\n\t\t\t\t<\/div>\n\t\t\t\t\t<\/div>\n\t\t<\/div>\n\t\t\t\t<div class=\"elementor-column elementor-col-50 elementor-inner-column elementor-element elementor-element-6c4c813\" data-id=\"6c4c813\" data-element_type=\"column\" data-e-type=\"column\">\n\t\t\t<div class=\"elementor-widget-wrap elementor-element-populated\">\n\t\t\t\t\t\t<div class=\"elementor-element elementor-element-ef86a70 elementor-widget elementor-widget-image\" data-id=\"ef86a70\" data-element_type=\"widget\" data-e-type=\"widget\" data-widget_type=\"image.default\">\n\t\t\t\t<div class=\"elementor-widget-container\">\n\t\t\t\t\t\t\t\t\t\t\t\t\t\t\t\t<a href=\"https:\/\/www.lyon-bleu.fr\/es\/\" target=\"_blank\" rel=\"noopener\">\n\t\t\t\t\t\t\t<img fetchpriority=\"high\" decoding=\"async\" width=\"566\" height=\"708\" src=\"https:\/\/ifalpes.com\/wp-content\/uploads\/2023\/12\/logo-lyon-bleu-transparent-gros.png\" class=\"attachment-full size-full wp-image-25140\" alt=\"\" srcset=\"https:\/\/ifalpes.com\/wp-content\/uploads\/2023\/12\/logo-lyon-bleu-transparent-gros.png 566w, https:\/\/ifalpes.com\/wp-content\/uploads\/2023\/12\/logo-lyon-bleu-transparent-gros-240x300.png 240w\" sizes=\"(max-width: 566px) 100vw, 566px\" \/>\t\t\t\t\t\t\t\t<\/a>\n\t\t\t\t\t\t\t\t\t\t\t\t\t\t\t<\/div>\n\t\t\t\t<\/div>\n\t\t\t\t\t<\/div>\n\t\t<\/div>\n\t\t\t\t\t<\/div>\n\t\t<\/section>\n\t\t\t\t<div class=\"elementor-element elementor-element-5f4261b elementor-widget elementor-widget-html\" data-id=\"5f4261b\" data-element_type=\"widget\" data-e-type=\"widget\" data-widget_type=\"html.default\">\n\t\t\t\t<div class=\"elementor-widget-container\">\n\t\t\t\t\t<noscript>Please enable JavaScript to continue with this form.<\/noscript>\r\n<fidelo-widget><\/fidelo-widget>\r\n<script src=\"https:\/\/proxy.fidelo.com\/app\/widget\/1.0\/klf\/js\/widget.js?c=CPW842XV9PD99D3U&amp;l=en\"><\/script>\r\n\t\t\t\t<\/div>\n\t\t\t\t<\/div>\n\t\t\t\t\t<\/div>\n\t\t<\/div>\n\t\t\t\t\t<\/div>\n\t\t<\/section>\n\t\t\t\t<\/div>\n\t\t","protected":false},"excerpt":{"rendered":"<p>El curso de franc\u00e9s nocturno en l\u00ednea es impartido por nuestra escuela de franc\u00e9s Lyon Bleu International (Grupo KLF) Please enable JavaScript to continue with this form.<\/p>\n","protected":false},"author":1,"featured_media":0,"parent":0,"menu_order":0,"comment_status":"closed","ping_status":"closed","template":"","meta":{"_acf_changed":false,"content-type":"","footnotes":""},"class_list":["post-25163","page","type-page","status-publish","hentry"],"acf":[],"_links":{"self":[{"href":"https:\/\/ifalpes.com\/es\/wp-json\/wp\/v2\/pages\/25163","targetHints":{"allow":["GET"]}}],"collection":[{"href":"https:\/\/ifalpes.com\/es\/wp-json\/wp\/v2\/pages"}],"about":[{"href":"https:\/\/ifalpes.com\/es\/wp-json\/wp\/v2\/types\/page"}],"author":[{"embeddable":true,"href":"https:\/\/ifalpes.com\/es\/wp-json\/wp\/v2\/users\/1"}],"replies":[{"embeddable":true,"href":"https:\/\/ifalpes.com\/es\/wp-json\/wp\/v2\/comments?post=25163"}],"version-history":[{"count":1,"href":"https:\/\/ifalpes.com\/es\/wp-json\/wp\/v2\/pages\/25163\/revisions"}],"predecessor-version":[{"id":25164,"href":"https:\/\/ifalpes.com\/es\/wp-json\/wp\/v2\/pages\/25163\/revisions\/25164"}],"wp:attachment":[{"href":"https:\/\/ifalpes.com\/es\/wp-json\/wp\/v2\/media?parent=25163"}],"curies":[{"name":"wp","href":"https:\/\/api.w.org\/{rel}","templated":true}]}}