{"id":24911,"date":"2023-10-26T15:12:08","date_gmt":"2023-10-26T15:12:08","guid":{"rendered":"https:\/\/ifalpes.com\/cursos-de-frances\/examenes-de-frances\/"},"modified":"2023-12-02T16:34:00","modified_gmt":"2023-12-02T16:34:00","slug":"examenes-de-frances","status":"publish","type":"page","link":"https:\/\/ifalpes.com\/es\/cursos-de-frances\/examenes-de-frances\/","title":{"rendered":"Ex\u00e1menes de franc\u00e9s"},"content":{"rendered":"\t\t<div data-elementor-type=\"wp-page\" data-elementor-id=\"24911\" class=\"elementor elementor-24911 elementor-24352\" data-elementor-post-type=\"page\">\n\t\t\t\t\t\t<section class=\"elementor-section elementor-top-section elementor-element elementor-element-4a872a8 elementor-section-boxed elementor-section-height-default elementor-section-height-default\" data-id=\"4a872a8\" data-element_type=\"section\" data-e-type=\"section\">\n\t\t\t\t\t\t<div class=\"elementor-container elementor-column-gap-default\">\n\t\t\t\t\t<div class=\"elementor-column elementor-col-100 elementor-top-column elementor-element elementor-element-2c0122f6\" data-id=\"2c0122f6\" data-element_type=\"column\" data-e-type=\"column\">\n\t\t\t<div class=\"elementor-widget-wrap elementor-element-populated\">\n\t\t\t\t\t\t<section class=\"elementor-section elementor-inner-section elementor-element elementor-element-9ad4856 elementor-section-boxed elementor-section-height-default elementor-section-height-default\" data-id=\"9ad4856\" data-element_type=\"section\" data-e-type=\"section\">\n\t\t\t\t\t\t<div class=\"elementor-container elementor-column-gap-default\">\n\t\t\t\t\t<div class=\"elementor-column elementor-col-50 elementor-inner-column elementor-element elementor-element-dc744d2\" data-id=\"dc744d2\" data-element_type=\"column\" data-e-type=\"column\">\n\t\t\t<div class=\"elementor-widget-wrap elementor-element-populated\">\n\t\t\t\t\t\t<div class=\"elementor-element elementor-element-3bdf7138 elementor-widget elementor-widget-text-editor\" data-id=\"3bdf7138\" data-element_type=\"widget\" data-e-type=\"widget\" data-widget_type=\"text-editor.default\">\n\t\t\t\t<div class=\"elementor-widget-container\">\n\t\t\t\t\t\t\t\t\t<p><strong>Examens de fran\u00e7ais pour 2024<\/strong> :<\/p>\n<ul>\n<li>Ex\u00e1menes de franc\u00e9s<\/li>\n<li>TCF<\/li>\n<li>DELF-DALF<\/li>\n<\/ul>\n\t\t\t\t\t\t\t\t<\/div>\n\t\t\t\t<\/div>\n\t\t\t\t\t<\/div>\n\t\t<\/div>\n\t\t\t\t<div class=\"elementor-column elementor-col-50 elementor-inner-column elementor-element elementor-element-675e025\" data-id=\"675e025\" data-element_type=\"column\" data-e-type=\"column\">\n\t\t\t<div class=\"elementor-widget-wrap elementor-element-populated\">\n\t\t\t\t\t\t<div class=\"elementor-element elementor-element-47baf5ea elementor-widget elementor-widget-text-editor\" data-id=\"47baf5ea\" data-element_type=\"widget\" data-e-type=\"widget\" data-widget_type=\"text-editor.default\">\n\t\t\t\t<div class=\"elementor-widget-container\">\n\t\t\t\t\t\t\t\t\t<p>(<a href=\"https:\/\/ifalpes.com\/fr\/prix-et-documentation-2\/\">Para m\u00e1s detalles sobre nuestras ofertas y precios para 2023, haga clic aqu\u00ed<\/a>)<\/p>\n\t\t\t\t\t\t\t\t<\/div>\n\t\t\t\t<\/div>\n\t\t\t\t\t<\/div>\n\t\t<\/div>\n\t\t\t\t\t<\/div>\n\t\t<\/section>\n\t\t\t\t\t<\/div>\n\t\t<\/div>\n\t\t\t\t\t<\/div>\n\t\t<\/section>\n\t\t\t\t<section class=\"elementor-section elementor-top-section elementor-element elementor-element-bd3412a elementor-section-boxed elementor-section-height-default elementor-section-height-default\" data-id=\"bd3412a\" data-element_type=\"section\" data-e-type=\"section\">\n\t\t\t\t\t\t<div class=\"elementor-container elementor-column-gap-default\">\n\t\t\t\t\t<div class=\"elementor-column elementor-col-100 elementor-top-column elementor-element elementor-element-2a3d4383\" data-id=\"2a3d4383\" data-element_type=\"column\" data-e-type=\"column\">\n\t\t\t<div class=\"elementor-widget-wrap elementor-element-populated\">\n\t\t\t\t\t\t<div class=\"elementor-element elementor-element-72975af5 elementor-widget-divider--view-line elementor-widget elementor-widget-divider\" data-id=\"72975af5\" data-element_type=\"widget\" data-e-type=\"widget\" data-widget_type=\"divider.default\">\n\t\t\t\t<div class=\"elementor-widget-container\">\n\t\t\t\t\t\t\t<div class=\"elementor-divider\">\n\t\t\t<span class=\"elementor-divider-separator\">\n\t\t\t\t\t\t<\/span>\n\t\t<\/div>\n\t\t\t\t\t\t<\/div>\n\t\t\t\t<\/div>\n\t\t\t\t<div class=\"elementor-element elementor-element-29cdee8b elementor-widget elementor-widget-heading\" data-id=\"29cdee8b\" data-element_type=\"widget\" data-e-type=\"widget\" data-widget_type=\"heading.default\">\n\t\t\t\t<div class=\"elementor-widget-container\">\n\t\t\t\t\t<span class=\"elementor-heading-title elementor-size-default\">Certificaci\u00f3n de su nivel de franc\u00e9s<\/span>\t\t\t\t<\/div>\n\t\t\t\t<\/div>\n\t\t\t\t<div class=\"elementor-element elementor-element-3f7db9d2 elementor-widget elementor-widget-heading\" data-id=\"3f7db9d2\" data-element_type=\"widget\" data-e-type=\"widget\" data-widget_type=\"heading.default\">\n\t\t\t\t<div class=\"elementor-widget-container\">\n\t\t\t\t\t<h2 class=\"elementor-heading-title elementor-size-default\">Ex\u00e1menes de franc\u00e9s<\/h2>\t\t\t\t<\/div>\n\t\t\t\t<\/div>\n\t\t\t\t<div class=\"elementor-element elementor-element-27b142d6 elementor-widget elementor-widget-heading\" data-id=\"27b142d6\" data-element_type=\"widget\" data-e-type=\"widget\" data-widget_type=\"heading.default\">\n\t\t\t\t<div class=\"elementor-widget-container\">\n\t\t\t\t\t<span class=\"elementor-heading-title elementor-size-default\">Nuestra escuela de franc\u00e9s es centro examinador oficial del TCF (Test de connaissance du fran\u00e7ais). <br> Tambi\u00e9n puede presentarse al examen para obtener los diplomas DELF o DALF.<\/span>\t\t\t\t<\/div>\n\t\t\t\t<\/div>\n\t\t\t\t<section class=\"elementor-section elementor-inner-section elementor-element elementor-element-47419f6f elementor-section-boxed elementor-section-height-default elementor-section-height-default\" data-id=\"47419f6f\" data-element_type=\"section\" data-e-type=\"section\">\n\t\t\t\t\t\t<div class=\"elementor-container elementor-column-gap-default\">\n\t\t\t\t\t<div class=\"elementor-column elementor-col-50 elementor-inner-column elementor-element elementor-element-6063cd97\" data-id=\"6063cd97\" data-element_type=\"column\" data-e-type=\"column\" data-settings=\"{&quot;background_background&quot;:&quot;classic&quot;}\">\n\t\t\t<div class=\"elementor-widget-wrap elementor-element-populated\">\n\t\t\t\t\t\t<div class=\"elementor-element elementor-element-1fef97ec elementor-widget elementor-widget-image\" data-id=\"1fef97ec\" data-element_type=\"widget\" data-e-type=\"widget\" data-widget_type=\"image.default\">\n\t\t\t\t<div class=\"elementor-widget-container\">\n\t\t\t\t\t\t\t\t\t\t\t\t\t\t\t\t<a href=\"https:\/\/ifalpes.com\/es\/cursos-de-frances\/examenes-de-frances\/tcf\/\">\n\t\t\t\t\t\t\t<img decoding=\"async\" width=\"300\" height=\"67\" src=\"https:\/\/ifalpes.com\/wp-content\/uploads\/2023\/05\/fei_tcf_rvb-300x67.png\" class=\"attachment-medium size-medium wp-image-22516\" alt=\"Examen TCF Annecy\" srcset=\"https:\/\/ifalpes.com\/wp-content\/uploads\/2023\/05\/fei_tcf_rvb-300x67.png 300w, https:\/\/ifalpes.com\/wp-content\/uploads\/2023\/05\/fei_tcf_rvb-1024x228.png 1024w, https:\/\/ifalpes.com\/wp-content\/uploads\/2023\/05\/fei_tcf_rvb-768x171.png 768w, https:\/\/ifalpes.com\/wp-content\/uploads\/2023\/05\/fei_tcf_rvb-1536x343.png 1536w, https:\/\/ifalpes.com\/wp-content\/uploads\/2023\/05\/fei_tcf_rvb.png 1784w\" sizes=\"(max-width: 300px) 100vw, 300px\" \/>\t\t\t\t\t\t\t\t<\/a>\n\t\t\t\t\t\t\t\t\t\t\t\t\t\t\t<\/div>\n\t\t\t\t<\/div>\n\t\t\t\t<section class=\"elementor-section elementor-inner-section elementor-element elementor-element-34e837cc elementor-section-boxed elementor-section-height-default elementor-section-height-default\" data-id=\"34e837cc\" data-element_type=\"section\" data-e-type=\"section\">\n\t\t\t\t\t\t<div class=\"elementor-container elementor-column-gap-default\">\n\t\t\t\t\t<div class=\"elementor-column elementor-col-100 elementor-inner-column elementor-element elementor-element-1af4b615\" data-id=\"1af4b615\" data-element_type=\"column\" data-e-type=\"column\">\n\t\t\t<div class=\"elementor-widget-wrap elementor-element-populated\">\n\t\t\t\t\t\t<div class=\"elementor-element elementor-element-6add2e52 elementor-widget elementor-widget-heading\" data-id=\"6add2e52\" data-element_type=\"widget\" data-e-type=\"widget\" data-widget_type=\"heading.default\">\n\t\t\t\t<div class=\"elementor-widget-container\">\n\t\t\t\t\t<h3 class=\"elementor-heading-title elementor-size-default\">TCF<br>(Test de connaissance du fran\u00e7ais)<\/h3>\t\t\t\t<\/div>\n\t\t\t\t<\/div>\n\t\t\t\t<div class=\"elementor-element elementor-element-2f573002 elementor-align-center elementor-icon-list--layout-traditional elementor-list-item-link-full_width elementor-widget elementor-widget-icon-list\" data-id=\"2f573002\" data-element_type=\"widget\" data-e-type=\"widget\" data-widget_type=\"icon-list.default\">\n\t\t\t\t<div class=\"elementor-widget-container\">\n\t\t\t\t\t\t\t<ul class=\"elementor-icon-list-items\">\n\t\t\t\t\t\t\t<li class=\"elementor-icon-list-item\">\n\t\t\t\t\t\t\t\t\t\t<span class=\"elementor-icon-list-text\">Acceder a una escuela o universidad francesa o franc\u00f3fona<\/span>\n\t\t\t\t\t\t\t\t\t<\/li>\n\t\t\t\t\t\t<\/ul>\n\t\t\t\t\t\t<\/div>\n\t\t\t\t<\/div>\n\t\t\t\t<div class=\"elementor-element elementor-element-7e54e960 elementor-widget elementor-widget-heading\" data-id=\"7e54e960\" data-element_type=\"widget\" data-e-type=\"widget\" data-widget_type=\"heading.default\">\n\t\t\t\t<div class=\"elementor-widget-container\">\n\t\t\t\t\t<p class=\"elementor-heading-title elementor-size-default\">250\u20ac<\/p>\t\t\t\t<\/div>\n\t\t\t\t<\/div>\n\t\t\t\t<div class=\"elementor-element elementor-element-4657279e elementor-align-center elementor-widget elementor-widget-button\" data-id=\"4657279e\" data-element_type=\"widget\" data-e-type=\"widget\" data-widget_type=\"button.default\">\n\t\t\t\t<div class=\"elementor-widget-container\">\n\t\t\t\t\t\t\t\t\t<div class=\"elementor-button-wrapper\">\n\t\t\t\t\t<a class=\"elementor-button elementor-button-link elementor-size-sm\" href=\"https:\/\/ifalpes.com\/es\/cursos-de-frances\/examenes-de-frances\/tcf\/\">\n\t\t\t\t\t\t<span class=\"elementor-button-content-wrapper\">\n\t\t\t\t\t\t\t\t\t<span class=\"elementor-button-text\">Informaci\u00f3n sobre el examen TCF<\/span>\n\t\t\t\t\t<\/span>\n\t\t\t\t\t<\/a>\n\t\t\t\t<\/div>\n\t\t\t\t\t\t\t\t<\/div>\n\t\t\t\t<\/div>\n\t\t\t\t\t<\/div>\n\t\t<\/div>\n\t\t\t\t\t<\/div>\n\t\t<\/section>\n\t\t\t\t\t<\/div>\n\t\t<\/div>\n\t\t\t\t<div class=\"elementor-column elementor-col-50 elementor-inner-column elementor-element elementor-element-1ab27feb\" data-id=\"1ab27feb\" data-element_type=\"column\" data-e-type=\"column\" data-settings=\"{&quot;background_background&quot;:&quot;classic&quot;}\">\n\t\t\t<div class=\"elementor-widget-wrap elementor-element-populated\">\n\t\t\t\t\t\t<div class=\"elementor-element elementor-element-562228bd elementor-widget elementor-widget-image\" data-id=\"562228bd\" data-element_type=\"widget\" data-e-type=\"widget\" data-widget_type=\"image.default\">\n\t\t\t\t<div class=\"elementor-widget-container\">\n\t\t\t\t\t\t\t\t\t\t\t\t\t\t\t\t<a href=\"https:\/\/ifalpes.com\/es\/cursos-de-frances\/examenes-de-frances\/delf-dalf\/\">\n\t\t\t\t\t\t\t<img decoding=\"async\" width=\"300\" height=\"93\" src=\"https:\/\/ifalpes.com\/wp-content\/uploads\/2023\/10\/logo-delf-dalf_0-300x93.png\" class=\"attachment-medium size-medium wp-image-24330\" alt=\"DELF-DALF Exam\" srcset=\"https:\/\/ifalpes.com\/wp-content\/uploads\/2023\/10\/logo-delf-dalf_0-300x93.png 300w, https:\/\/ifalpes.com\/wp-content\/uploads\/2023\/10\/logo-delf-dalf_0.png 450w\" sizes=\"(max-width: 300px) 100vw, 300px\" \/>\t\t\t\t\t\t\t\t<\/a>\n\t\t\t\t\t\t\t\t\t\t\t\t\t\t\t<\/div>\n\t\t\t\t<\/div>\n\t\t\t\t<section class=\"elementor-section elementor-inner-section elementor-element elementor-element-554c9166 elementor-section-boxed elementor-section-height-default elementor-section-height-default\" data-id=\"554c9166\" data-element_type=\"section\" data-e-type=\"section\">\n\t\t\t\t\t\t<div class=\"elementor-container elementor-column-gap-default\">\n\t\t\t\t\t<div class=\"elementor-column elementor-col-100 elementor-inner-column elementor-element elementor-element-144b8c45\" data-id=\"144b8c45\" data-element_type=\"column\" data-e-type=\"column\">\n\t\t\t<div class=\"elementor-widget-wrap elementor-element-populated\">\n\t\t\t\t\t\t<div class=\"elementor-element elementor-element-dbc839a elementor-widget elementor-widget-heading\" data-id=\"dbc839a\" data-element_type=\"widget\" data-e-type=\"widget\" data-widget_type=\"heading.default\">\n\t\t\t\t<div class=\"elementor-widget-container\">\n\t\t\t\t\t<h3 class=\"elementor-heading-title elementor-size-default\">DELF-DALF<br>Dipl\u00f4me avanc\u00e9 de langue fran\u00e7aise<\/h3>\t\t\t\t<\/div>\n\t\t\t\t<\/div>\n\t\t\t\t<div class=\"elementor-element elementor-element-76e170f0 elementor-align-center elementor-icon-list--layout-traditional elementor-list-item-link-full_width elementor-widget elementor-widget-icon-list\" data-id=\"76e170f0\" data-element_type=\"widget\" data-e-type=\"widget\" data-widget_type=\"icon-list.default\">\n\t\t\t\t<div class=\"elementor-widget-container\">\n\t\t\t\t\t\t\t<ul class=\"elementor-icon-list-items\">\n\t\t\t\t\t\t\t<li class=\"elementor-icon-list-item\">\n\t\t\t\t\t\t\t\t\t\t<span class=\"elementor-icon-list-text\">Refuerce sus competencias profesionales gracias al franc\u00e9s.<\/span>\n\t\t\t\t\t\t\t\t\t<\/li>\n\t\t\t\t\t\t<\/ul>\n\t\t\t\t\t\t<\/div>\n\t\t\t\t<\/div>\n\t\t\t\t<div class=\"elementor-element elementor-element-73d44a73 elementor-widget elementor-widget-heading\" data-id=\"73d44a73\" data-element_type=\"widget\" data-e-type=\"widget\" data-widget_type=\"heading.default\">\n\t\t\t\t<div class=\"elementor-widget-container\">\n\t\t\t\t\t<p class=\"elementor-heading-title elementor-size-default\">Precios: a petici\u00f3n<\/p>\t\t\t\t<\/div>\n\t\t\t\t<\/div>\n\t\t\t\t<div class=\"elementor-element elementor-element-4468ab4b elementor-align-center elementor-widget elementor-widget-button\" data-id=\"4468ab4b\" data-element_type=\"widget\" data-e-type=\"widget\" data-widget_type=\"button.default\">\n\t\t\t\t<div class=\"elementor-widget-container\">\n\t\t\t\t\t\t\t\t\t<div class=\"elementor-button-wrapper\">\n\t\t\t\t\t<a class=\"elementor-button elementor-button-link elementor-size-sm\" href=\"https:\/\/ifalpes.com\/es\/cursos-de-frances\/examenes-de-frances\/delf-dalf\/\">\n\t\t\t\t\t\t<span class=\"elementor-button-content-wrapper\">\n\t\t\t\t\t\t\t\t\t<span class=\"elementor-button-text\">Informaci\u00f3n sobre el examen DELF\/DALF<\/span>\n\t\t\t\t\t<\/span>\n\t\t\t\t\t<\/a>\n\t\t\t\t<\/div>\n\t\t\t\t\t\t\t\t<\/div>\n\t\t\t\t<\/div>\n\t\t\t\t\t<\/div>\n\t\t<\/div>\n\t\t\t\t\t<\/div>\n\t\t<\/section>\n\t\t\t\t\t<\/div>\n\t\t<\/div>\n\t\t\t\t\t<\/div>\n\t\t<\/section>\n\t\t\t\t\t<\/div>\n\t\t<\/div>\n\t\t\t\t\t<\/div>\n\t\t<\/section>\n\t\t\t\t<section class=\"elementor-section elementor-top-section elementor-element elementor-element-775bc0a elementor-section-boxed elementor-section-height-default elementor-section-height-default\" data-id=\"775bc0a\" data-element_type=\"section\" data-e-type=\"section\">\n\t\t\t\t\t\t<div class=\"elementor-container elementor-column-gap-default\">\n\t\t\t\t\t<div class=\"elementor-column elementor-col-100 elementor-top-column elementor-element elementor-element-a9c3e99\" data-id=\"a9c3e99\" data-element_type=\"column\" data-e-type=\"column\">\n\t\t\t<div class=\"elementor-widget-wrap elementor-element-populated\">\n\t\t\t\t\t\t<div class=\"elementor-element elementor-element-63117bf elementor-widget-divider--view-line elementor-widget elementor-widget-divider\" data-id=\"63117bf\" data-element_type=\"widget\" data-e-type=\"widget\" data-widget_type=\"divider.default\">\n\t\t\t\t<div class=\"elementor-widget-container\">\n\t\t\t\t\t\t\t<div class=\"elementor-divider\">\n\t\t\t<span class=\"elementor-divider-separator\">\n\t\t\t\t\t\t<\/span>\n\t\t<\/div>\n\t\t\t\t\t\t<\/div>\n\t\t\t\t<\/div>\n\t\t\t\t<div class=\"elementor-element elementor-element-2db4a8e elementor-widget elementor-widget-heading\" data-id=\"2db4a8e\" data-element_type=\"widget\" data-e-type=\"widget\" data-widget_type=\"heading.default\">\n\t\t\t\t<div class=\"elementor-widget-container\">\n\t\t\t\t\t<h2 class=\"elementor-heading-title elementor-size-default\">Los ex\u00e1menes de franc\u00e9s se han vuelto indispensables. Estas son las razones.<\/h2>\t\t\t\t<\/div>\n\t\t\t\t<\/div>\n\t\t\t\t<div class=\"elementor-element elementor-element-d52a48e elementor-widget elementor-widget-text-editor\" data-id=\"d52a48e\" data-element_type=\"widget\" data-e-type=\"widget\" data-widget_type=\"text-editor.default\">\n\t\t\t\t<div class=\"elementor-widget-container\">\n\t\t\t\t\t\t\t\t\t<p>Los ex\u00e1menes de franc\u00e9s han adquirido una importancia considerable en el mundo actual, donde la comunicaci\u00f3n intercultural se ha convertido en una habilidad vital. El dominio de la lengua francesa es una ventaja de gran valor para las personas, ya sea para mejorar sus conocimientos culturales, avanzar en su carrera profesional o ampliar sus horizontes personales.<\/p>\n<p>Uno de los ex\u00e1menes de franc\u00e9s m\u00e1s prestigiosos y reconocidos internacionalmente es el \u00abTest de connaissance du fran\u00e7ais (TCF)\u00bb. Este examen completo eval\u00faa las capacidades de comprensi\u00f3n auditiva, lectura, escritura y expresi\u00f3n oral de los candidatos. Sirve de referencia para numerosos centros de ense\u00f1anza, empresas y organismos p\u00fablicos, ya que proporciona una medida precisa de los conocimientos en franc\u00e9s de una persona.<\/p>\n<p>El \u00abDipl\u00f4me d&#8217;\u00c9tudes en Langue Fran\u00e7aise (DELF)\u00bb y el \u00abDipl\u00f4me Approfondi de Langue Fran\u00e7aise (DALF)\u00bb son tambi\u00e9n diplomas de conocimiento del franc\u00e9s que desempe\u00f1an un papel importante en el mundo de la educaci\u00f3n y del empleo. La importancia de estos diplomas es m\u00faltiple y va mucho m\u00e1s all\u00e1 de la simple validaci\u00f3n de las competencias ling\u00fc\u00edsticas.<\/p>\n<p>En primer lugar, los diplomas DELF y DALF est\u00e1n reconocidos internacionalmente, lo que significa que quien los obtiene demuestra un dominio del franc\u00e9s respetado en todo el mundo. Estos diplomas son expedidos por el Ministerio de Educaci\u00f3n franc\u00e9s y gestionados por France \u00c9ducation International (FEI), lo que garantiza su credibilidad y su valor.<\/p>\n<p>M\u00e1s all\u00e1 del examen en s\u00ed, el proceso de preparaci\u00f3n a un examen de franc\u00e9s puede ser una experiencia enriquecedora. No s\u00f3lo permite adquirir competencias ling\u00fc\u00edsticas, sino que tambi\u00e9n profundiza los conocimientos sobre la cultura y la civilizaci\u00f3n francesas. Se anima a los candidatos a mejorar su vocabulario, gram\u00e1tica, pronunciaci\u00f3n y conciencia cultural en su b\u00fasqueda de la excelencia en estas evaluaciones.<\/p>\n<p>Aprobar un examen de franc\u00e9s tiene muchas ventajas. A nivel profesional, el dominio del franc\u00e9s abre puertas en diversos sectores, como los negocios, la diplomacia, el turismo, la traducci\u00f3n, la ense\u00f1anza y muchos otros. Adem\u00e1s, en un mundo cada vez m\u00e1s interconectado, la lengua francesa se est\u00e1 convirtiendo en una ventaja inestimable para la comunicaci\u00f3n internacional.<\/p>\n<p>Aprobar el examen de franc\u00e9s tambi\u00e9n puede abrir un amplio abanico de oportunidades acad\u00e9micas, dando acceso a programas de ense\u00f1anza superior en Francia y en otros pa\u00edses franc\u00f3fonos. Tambi\u00e9n facilita una exploraci\u00f3n m\u00e1s profunda de la literatura, la filosof\u00eda, la historia y la cultura francesas.<\/p>\n<p>En esencia, los ex\u00e1menes de franc\u00e9s son la puerta de entrada a un mundo de oportunidades, tanto en el \u00e1mbito personal como en el profesional. Permiten dominar la lengua francesa, famosa por su riqueza y diversidad. El dominio de la lengua francesa permite sumergirse en su cultura y creatividad. Sea cual sea el motivo del inter\u00e9s por el franc\u00e9s, aprobar un examen de franc\u00e9s es un logro del que uno puede sentirse orgulloso.<\/p>\n\t\t\t\t\t\t\t\t<\/div>\n\t\t\t\t<\/div>\n\t\t\t\t\t<\/div>\n\t\t<\/div>\n\t\t\t\t\t<\/div>\n\t\t<\/section>\n\t\t\t\t<\/div>\n\t\t","protected":false},"excerpt":{"rendered":"<p>Examens de fran\u00e7ais pour 2024 : Ex\u00e1menes de franc\u00e9s TCF DELF-DALF (Para m\u00e1s detalles sobre nuestras ofertas y precios para 2023, haga clic aqu\u00ed) Certificaci\u00f3n de su nivel de franc\u00e9s Ex\u00e1menes de franc\u00e9s Nuestra escuela de franc\u00e9s es centro examinador oficial del TCF (Test de connaissance du fran\u00e7ais). Tambi\u00e9n puede presentarse al examen para obtener [&hellip;]<\/p>\n","protected":false},"author":1,"featured_media":0,"parent":21975,"menu_order":0,"comment_status":"closed","ping_status":"closed","template":"","meta":{"_acf_changed":false,"content-type":"","footnotes":""},"class_list":["post-24911","page","type-page","status-publish","hentry"],"acf":[],"_links":{"self":[{"href":"https:\/\/ifalpes.com\/es\/wp-json\/wp\/v2\/pages\/24911","targetHints":{"allow":["GET"]}}],"collection":[{"href":"https:\/\/ifalpes.com\/es\/wp-json\/wp\/v2\/pages"}],"about":[{"href":"https:\/\/ifalpes.com\/es\/wp-json\/wp\/v2\/types\/page"}],"author":[{"embeddable":true,"href":"https:\/\/ifalpes.com\/es\/wp-json\/wp\/v2\/users\/1"}],"replies":[{"embeddable":true,"href":"https:\/\/ifalpes.com\/es\/wp-json\/wp\/v2\/comments?post=24911"}],"version-history":[{"count":3,"href":"https:\/\/ifalpes.com\/es\/wp-json\/wp\/v2\/pages\/24911\/revisions"}],"predecessor-version":[{"id":24964,"href":"https:\/\/ifalpes.com\/es\/wp-json\/wp\/v2\/pages\/24911\/revisions\/24964"}],"up":[{"embeddable":true,"href":"https:\/\/ifalpes.com\/es\/wp-json\/wp\/v2\/pages\/21975"}],"wp:attachment":[{"href":"https:\/\/ifalpes.com\/es\/wp-json\/wp\/v2\/media?parent=24911"}],"curies":[{"name":"wp","href":"https:\/\/api.w.org\/{rel}","templated":true}]}}