{"id":24907,"date":"2023-10-26T14:59:17","date_gmt":"2023-10-26T14:59:17","guid":{"rendered":"https:\/\/ifalpes.com\/cursos-de-frances\/en-linea\/"},"modified":"2025-10-29T17:21:30","modified_gmt":"2025-10-29T17:21:30","slug":"online-courses","status":"publish","type":"page","link":"https:\/\/ifalpes.com\/es\/cursos-de-frances\/online-courses\/","title":{"rendered":"Cursos de franc\u00e9s en l\u00ednea"},"content":{"rendered":"\t\t<div data-elementor-type=\"wp-page\" data-elementor-id=\"24907\" class=\"elementor elementor-24907 elementor-24343\" data-elementor-post-type=\"page\">\n\t\t\t\t\t\t<section class=\"elementor-section elementor-top-section elementor-element elementor-element-749c186 elementor-section-boxed elementor-section-height-default elementor-section-height-default\" data-id=\"749c186\" data-element_type=\"section\" data-e-type=\"section\">\n\t\t\t\t\t\t<div class=\"elementor-container elementor-column-gap-default\">\n\t\t\t\t\t<div class=\"elementor-column elementor-col-100 elementor-top-column elementor-element elementor-element-86d10f1\" data-id=\"86d10f1\" data-element_type=\"column\" data-e-type=\"column\">\n\t\t\t<div class=\"elementor-widget-wrap elementor-element-populated\">\n\t\t\t\t\t\t<div class=\"elementor-element elementor-element-4c962f7 elementor-widget-divider--view-line elementor-widget elementor-widget-divider\" data-id=\"4c962f7\" data-element_type=\"widget\" data-e-type=\"widget\" data-widget_type=\"divider.default\">\n\t\t\t\t<div class=\"elementor-widget-container\">\n\t\t\t\t\t\t\t<div class=\"elementor-divider\">\n\t\t\t<span class=\"elementor-divider-separator\">\n\t\t\t\t\t\t<\/span>\n\t\t<\/div>\n\t\t\t\t\t\t<\/div>\n\t\t\t\t<\/div>\n\t\t\t\t<div class=\"elementor-element elementor-element-c5a5681 elementor-widget elementor-widget-heading\" data-id=\"c5a5681\" data-element_type=\"widget\" data-e-type=\"widget\" data-widget_type=\"heading.default\">\n\t\t\t\t<div class=\"elementor-widget-container\">\n\t\t\t\t\t<h2 class=\"elementor-heading-title elementor-size-default\">Nuestros cursos de franc\u00e9s en l\u00ednea<\/h2>\t\t\t\t<\/div>\n\t\t\t\t<\/div>\n\t\t\t\t<section class=\"elementor-section elementor-inner-section elementor-element elementor-element-9f89702 elementor-section-boxed elementor-section-height-default elementor-section-height-default\" data-id=\"9f89702\" data-element_type=\"section\" data-e-type=\"section\">\n\t\t\t\t\t\t<div class=\"elementor-container elementor-column-gap-default\">\n\t\t\t\t\t<div class=\"elementor-column elementor-col-33 elementor-inner-column elementor-element elementor-element-e556457\" data-id=\"e556457\" data-element_type=\"column\" data-e-type=\"column\" data-settings=\"{&quot;background_background&quot;:&quot;classic&quot;}\">\n\t\t\t<div class=\"elementor-widget-wrap elementor-element-populated\">\n\t\t\t\t\t\t<div class=\"elementor-element elementor-element-4883026 elementor-widget elementor-widget-image\" data-id=\"4883026\" data-element_type=\"widget\" data-e-type=\"widget\" data-widget_type=\"image.default\">\n\t\t\t\t<div class=\"elementor-widget-container\">\n\t\t\t\t\t\t\t\t\t\t\t\t\t\t\t\t<a href=\"https:\/\/ifalpes.com\/es\/cursos-de-frances\/cursos-para-adultos\/clases-particulares-de-frances\/\">\n\t\t\t\t\t\t\t<img fetchpriority=\"high\" decoding=\"async\" width=\"800\" height=\"534\" src=\"https:\/\/ifalpes.com\/wp-content\/uploads\/2025\/10\/online-courses.jpeg\" class=\"attachment-large size-large wp-image-28694\" alt=\"\" srcset=\"https:\/\/ifalpes.com\/wp-content\/uploads\/2025\/10\/online-courses.jpeg 1024w, https:\/\/ifalpes.com\/wp-content\/uploads\/2025\/10\/online-courses-300x200.jpeg 300w, https:\/\/ifalpes.com\/wp-content\/uploads\/2025\/10\/online-courses-768x512.jpeg 768w\" sizes=\"(max-width: 800px) 100vw, 800px\" \/>\t\t\t\t\t\t\t\t<\/a>\n\t\t\t\t\t\t\t\t\t\t\t\t\t\t\t<\/div>\n\t\t\t\t<\/div>\n\t\t\t\t<section class=\"elementor-section elementor-inner-section elementor-element elementor-element-285ef30 elementor-section-boxed elementor-section-height-default elementor-section-height-default\" data-id=\"285ef30\" data-element_type=\"section\" data-e-type=\"section\">\n\t\t\t\t\t\t<div class=\"elementor-container elementor-column-gap-default\">\n\t\t\t\t\t<div class=\"elementor-column elementor-col-100 elementor-inner-column elementor-element elementor-element-fad0b53\" data-id=\"fad0b53\" data-element_type=\"column\" data-e-type=\"column\">\n\t\t\t<div class=\"elementor-widget-wrap elementor-element-populated\">\n\t\t\t\t\t\t<div class=\"elementor-element elementor-element-9c143e9 elementor-widget elementor-widget-heading\" data-id=\"9c143e9\" data-element_type=\"widget\" data-e-type=\"widget\" data-widget_type=\"heading.default\">\n\t\t\t\t<div class=\"elementor-widget-container\">\n\t\t\t\t\t<h4 class=\"elementor-heading-title elementor-size-default\">Cursos privados de franc\u00e9s online\n<\/h4>\t\t\t\t<\/div>\n\t\t\t\t<\/div>\n\t\t\t\t<div class=\"elementor-element elementor-element-85b621c elementor-align-center elementor-icon-list--layout-traditional elementor-list-item-link-full_width elementor-widget elementor-widget-icon-list\" data-id=\"85b621c\" data-element_type=\"widget\" data-e-type=\"widget\" data-widget_type=\"icon-list.default\">\n\t\t\t\t<div class=\"elementor-widget-container\">\n\t\t\t\t\t\t\t<ul class=\"elementor-icon-list-items\">\n\t\t\t\t\t\t\t<li class=\"elementor-icon-list-item\">\n\t\t\t\t\t\t\t\t\t\t<span class=\"elementor-icon-list-text\">6 o 12 clases particulares<\/span>\n\t\t\t\t\t\t\t\t\t<\/li>\n\t\t\t\t\t\t\t\t<li class=\"elementor-icon-list-item\">\n\t\t\t\t\t\t\t\t\t\t<span class=\"elementor-icon-list-text\"><\/span>\n\t\t\t\t\t\t\t\t\t<\/li>\n\t\t\t\t\t\t\t\t<li class=\"elementor-icon-list-item\">\n\t\t\t\t\t\t\t\t\t\t<span class=\"elementor-icon-list-text\">1 profesor - 1 alumno<\/span>\n\t\t\t\t\t\t\t\t\t<\/li>\n\t\t\t\t\t\t\t\t<li class=\"elementor-icon-list-item\">\n\t\t\t\t\t\t\t\t\t\t<span class=\"elementor-icon-list-text\"><\/span>\n\t\t\t\t\t\t\t\t\t<\/li>\n\t\t\t\t\t\t\t\t<li class=\"elementor-icon-list-item\">\n\t\t\t\t\t\t\t\t\t\t<span class=\"elementor-icon-list-text\">Horario flexible<\/span>\n\t\t\t\t\t\t\t\t\t<\/li>\n\t\t\t\t\t\t\t\t<li class=\"elementor-icon-list-item\">\n\t\t\t\t\t\t\t\t\t\t<span class=\"elementor-icon-list-text\"><\/span>\n\t\t\t\t\t\t\t\t\t<\/li>\n\t\t\t\t\t\t\t\t<li class=\"elementor-icon-list-item\">\n\t\t\t\t\t\t\t\t\t\t<span class=\"elementor-icon-list-text\">Clases personalizadas<\/span>\n\t\t\t\t\t\t\t\t\t<\/li>\n\t\t\t\t\t\t<\/ul>\n\t\t\t\t\t\t<\/div>\n\t\t\t\t<\/div>\n\t\t\t\t<div class=\"elementor-element elementor-element-de3b758 elementor-widget-divider--view-line elementor-widget elementor-widget-divider\" data-id=\"de3b758\" data-element_type=\"widget\" data-e-type=\"widget\" data-widget_type=\"divider.default\">\n\t\t\t\t<div class=\"elementor-widget-container\">\n\t\t\t\t\t\t\t<div class=\"elementor-divider\">\n\t\t\t<span class=\"elementor-divider-separator\">\n\t\t\t\t\t\t<\/span>\n\t\t<\/div>\n\t\t\t\t\t\t<\/div>\n\t\t\t\t<\/div>\n\t\t\t\t<div class=\"elementor-element elementor-element-44b9c63 elementor-align-center elementor-icon-list--layout-traditional elementor-list-item-link-full_width elementor-widget elementor-widget-icon-list\" data-id=\"44b9c63\" data-element_type=\"widget\" data-e-type=\"widget\" data-widget_type=\"icon-list.default\">\n\t\t\t\t<div class=\"elementor-widget-container\">\n\t\t\t\t\t\t\t<ul class=\"elementor-icon-list-items\">\n\t\t\t\t\t\t\t<li class=\"elementor-icon-list-item\">\n\t\t\t\t\t\t\t\t\t\t<span class=\"elementor-icon-list-text\">desde 57 \u20ac \/ clase<\/span>\n\t\t\t\t\t\t\t\t\t<\/li>\n\t\t\t\t\t\t<\/ul>\n\t\t\t\t\t\t<\/div>\n\t\t\t\t<\/div>\n\t\t\t\t<div class=\"elementor-element elementor-element-79b2e7c elementor-align-center elementor-widget elementor-widget-button\" data-id=\"79b2e7c\" data-element_type=\"widget\" data-e-type=\"widget\" data-widget_type=\"button.default\">\n\t\t\t\t<div class=\"elementor-widget-container\">\n\t\t\t\t\t\t\t\t\t<div class=\"elementor-button-wrapper\">\n\t\t\t\t\t<a class=\"elementor-button elementor-button-link elementor-size-sm\" href=\"https:\/\/ifalpes.com\/es\/cursos-de-frances\/cursos-para-adultos\/clases-particulares-de-frances\/\">\n\t\t\t\t\t\t<span class=\"elementor-button-content-wrapper\">\n\t\t\t\t\t\t\t\t\t<span class=\"elementor-button-text\">M\u00e1s informaci\u00f3n sobre nuestras clases particulares de franc\u00e9s<\/span>\n\t\t\t\t\t<\/span>\n\t\t\t\t\t<\/a>\n\t\t\t\t<\/div>\n\t\t\t\t\t\t\t\t<\/div>\n\t\t\t\t<\/div>\n\t\t\t\t\t<\/div>\n\t\t<\/div>\n\t\t\t\t\t<\/div>\n\t\t<\/section>\n\t\t\t\t\t<\/div>\n\t\t<\/div>\n\t\t\t\t<div class=\"elementor-column elementor-col-33 elementor-inner-column elementor-element elementor-element-df2b9dc\" data-id=\"df2b9dc\" data-element_type=\"column\" data-e-type=\"column\">\n\t\t\t<div class=\"elementor-widget-wrap\">\n\t\t\t\t\t\t\t<\/div>\n\t\t<\/div>\n\t\t\t\t<div class=\"elementor-column elementor-col-33 elementor-inner-column elementor-element elementor-element-29efff1 elementor-invisible\" data-id=\"29efff1\" data-element_type=\"column\" data-e-type=\"column\" data-settings=\"{&quot;background_background&quot;:&quot;classic&quot;,&quot;animation&quot;:&quot;fadeInUp&quot;}\">\n\t\t\t<div class=\"elementor-widget-wrap elementor-element-populated\">\n\t\t\t\t\t\t<div class=\"elementor-element elementor-element-e52a3e2 elementor-widget elementor-widget-image\" data-id=\"e52a3e2\" data-element_type=\"widget\" data-e-type=\"widget\" data-widget_type=\"image.default\">\n\t\t\t\t<div class=\"elementor-widget-container\">\n\t\t\t\t\t\t\t\t\t\t\t\t\t\t\t\t<a href=\"https:\/\/ifalpes.com\/french-courses\/online-courses\/evening-french-lessons\/\">\n\t\t\t\t\t\t\t<img decoding=\"async\" width=\"800\" height=\"534\" src=\"https:\/\/ifalpes.com\/wp-content\/uploads\/2025\/10\/accueil-client-1.jpg\" class=\"attachment-large size-large wp-image-28698\" alt=\"\" srcset=\"https:\/\/ifalpes.com\/wp-content\/uploads\/2025\/10\/accueil-client-1.jpg 850w, https:\/\/ifalpes.com\/wp-content\/uploads\/2025\/10\/accueil-client-1-300x200.jpg 300w, https:\/\/ifalpes.com\/wp-content\/uploads\/2025\/10\/accueil-client-1-768x512.jpg 768w\" sizes=\"(max-width: 800px) 100vw, 800px\" \/>\t\t\t\t\t\t\t\t<\/a>\n\t\t\t\t\t\t\t\t\t\t\t\t\t\t\t<\/div>\n\t\t\t\t<\/div>\n\t\t\t\t<section class=\"elementor-section elementor-inner-section elementor-element elementor-element-33bd09f elementor-section-boxed elementor-section-height-default elementor-section-height-default\" data-id=\"33bd09f\" data-element_type=\"section\" data-e-type=\"section\">\n\t\t\t\t\t\t<div class=\"elementor-container elementor-column-gap-default\">\n\t\t\t\t\t<div class=\"elementor-column elementor-col-100 elementor-inner-column elementor-element elementor-element-4f62933\" data-id=\"4f62933\" data-element_type=\"column\" data-e-type=\"column\">\n\t\t\t<div class=\"elementor-widget-wrap elementor-element-populated\">\n\t\t\t\t\t\t<div class=\"elementor-element elementor-element-ad81fba elementor-widget elementor-widget-heading\" data-id=\"ad81fba\" data-element_type=\"widget\" data-e-type=\"widget\" data-widget_type=\"heading.default\">\n\t\t\t\t<div class=\"elementor-widget-container\">\n\t\t\t\t\t<h4 class=\"elementor-heading-title elementor-size-default\">Cursos de franc\u00e9s nocturnos <\/h4>\t\t\t\t<\/div>\n\t\t\t\t<\/div>\n\t\t\t\t<div class=\"elementor-element elementor-element-9577c4e elementor-align-center elementor-icon-list--layout-traditional elementor-list-item-link-full_width elementor-widget elementor-widget-icon-list\" data-id=\"9577c4e\" data-element_type=\"widget\" data-e-type=\"widget\" data-widget_type=\"icon-list.default\">\n\t\t\t\t<div class=\"elementor-widget-container\">\n\t\t\t\t\t\t\t<ul class=\"elementor-icon-list-items\">\n\t\t\t\t\t\t\t<li class=\"elementor-icon-list-item\">\n\t\t\t\t\t\t\t\t\t\t<span class=\"elementor-icon-list-text\">4 lecciones por semana<\/span>\n\t\t\t\t\t\t\t\t\t<\/li>\n\t\t\t\t\t\t\t\t<li class=\"elementor-icon-list-item\">\n\t\t\t\t\t\t\t\t\t\t<span class=\"elementor-icon-list-text\"><\/span>\n\t\t\t\t\t\t\t\t\t<\/li>\n\t\t\t\t\t\t\t\t<li class=\"elementor-icon-list-item\">\n\t\t\t\t\t\t\t\t\t\t<span class=\"elementor-icon-list-text\">Programa de 4\/8\/12 semanas<\/span>\n\t\t\t\t\t\t\t\t\t<\/li>\n\t\t\t\t\t\t\t\t<li class=\"elementor-icon-list-item\">\n\t\t\t\t\t\t\t\t\t\t<span class=\"elementor-icon-list-text\"><\/span>\n\t\t\t\t\t\t\t\t\t<\/li>\n\t\t\t\t\t\t\t\t<li class=\"elementor-icon-list-item\">\n\t\t\t\t\t\t\t\t\t\t<span class=\"elementor-icon-list-text\">Curso en l\u00ednea<\/span>\n\t\t\t\t\t\t\t\t\t<\/li>\n\t\t\t\t\t\t<\/ul>\n\t\t\t\t\t\t<\/div>\n\t\t\t\t<\/div>\n\t\t\t\t<div class=\"elementor-element elementor-element-9f58dd4 elementor-widget-divider--view-line elementor-widget elementor-widget-divider\" data-id=\"9f58dd4\" data-element_type=\"widget\" data-e-type=\"widget\" data-widget_type=\"divider.default\">\n\t\t\t\t<div class=\"elementor-widget-container\">\n\t\t\t\t\t\t\t<div class=\"elementor-divider\">\n\t\t\t<span class=\"elementor-divider-separator\">\n\t\t\t\t\t\t<\/span>\n\t\t<\/div>\n\t\t\t\t\t\t<\/div>\n\t\t\t\t<\/div>\n\t\t\t\t<div class=\"elementor-element elementor-element-2f40804 elementor-align-center elementor-icon-list--layout-traditional elementor-list-item-link-full_width elementor-widget elementor-widget-icon-list\" data-id=\"2f40804\" data-element_type=\"widget\" data-e-type=\"widget\" data-widget_type=\"icon-list.default\">\n\t\t\t\t<div class=\"elementor-widget-container\">\n\t\t\t\t\t\t\t<ul class=\"elementor-icon-list-items\">\n\t\t\t\t\t\t\t<li class=\"elementor-icon-list-item\">\n\t\t\t\t\t\t\t\t\t\t<span class=\"elementor-icon-list-text\">180 \u20ac por 4 semanas<\/span>\n\t\t\t\t\t\t\t\t\t<\/li>\n\t\t\t\t\t\t\t\t<li class=\"elementor-icon-list-item\">\n\t\t\t\t\t\t\t\t\t\t<span class=\"elementor-icon-list-text\">320 \u20ac por 8 semanas<\/span>\n\t\t\t\t\t\t\t\t\t<\/li>\n\t\t\t\t\t\t\t\t<li class=\"elementor-icon-list-item\">\n\t\t\t\t\t\t\t\t\t\t<span class=\"elementor-icon-list-text\">460 \u20ac por 12 semanas<\/span>\n\t\t\t\t\t\t\t\t\t<\/li>\n\t\t\t\t\t\t<\/ul>\n\t\t\t\t\t\t<\/div>\n\t\t\t\t<\/div>\n\t\t\t\t<div class=\"elementor-element elementor-element-3caab71 elementor-align-center elementor-widget elementor-widget-button\" data-id=\"3caab71\" data-element_type=\"widget\" data-e-type=\"widget\" data-widget_type=\"button.default\">\n\t\t\t\t<div class=\"elementor-widget-container\">\n\t\t\t\t\t\t\t\t\t<div class=\"elementor-button-wrapper\">\n\t\t\t\t\t<a class=\"elementor-button elementor-button-link elementor-size-sm\" href=\"https:\/\/ifalpes.com\/french-courses\/online-courses\/evening-french-lessons\/\">\n\t\t\t\t\t\t<span class=\"elementor-button-content-wrapper\">\n\t\t\t\t\t\t\t\t\t<span class=\"elementor-button-text\">M\u00e1s informaci\u00f3n sobre nuestros cursos de franc\u00e9s nocturnos<\/span>\n\t\t\t\t\t<\/span>\n\t\t\t\t\t<\/a>\n\t\t\t\t<\/div>\n\t\t\t\t\t\t\t\t<\/div>\n\t\t\t\t<\/div>\n\t\t\t\t\t<\/div>\n\t\t<\/div>\n\t\t\t\t\t<\/div>\n\t\t<\/section>\n\t\t\t\t<div class=\"elementor-element elementor-element-67ac2ce elementor-widget elementor-widget-text-editor\" data-id=\"67ac2ce\" data-element_type=\"widget\" data-e-type=\"widget\" data-widget_type=\"text-editor.default\">\n\t\t\t\t<div class=\"elementor-widget-container\">\n\t\t\t\t\t\t\t\t\t<p>* El curso nocturno en l\u00ednea<br>es impartido por nuestra escuela de franc\u00e9s Lyon Bleu International (Grupo KLF)<\/p>\n\t\t\t\t\t\t\t\t<\/div>\n\t\t\t\t<\/div>\n\t\t\t\t<div class=\"elementor-element elementor-element-e616497 elementor-widget elementor-widget-image\" data-id=\"e616497\" data-element_type=\"widget\" data-e-type=\"widget\" data-widget_type=\"image.default\">\n\t\t\t\t<div class=\"elementor-widget-container\">\n\t\t\t\t\t\t\t\t\t\t\t\t\t\t\t\t<a href=\"https:\/\/www.lyon-bleu.fr\/en\/\" target=\"_blank\" rel=\"noopener\">\n\t\t\t\t\t\t\t<img decoding=\"async\" width=\"566\" height=\"708\" src=\"https:\/\/ifalpes.com\/wp-content\/uploads\/2025\/10\/logo-lyon-bleu-transparent-gros.png\" class=\"attachment-full size-full wp-image-28702\" alt=\"\" srcset=\"https:\/\/ifalpes.com\/wp-content\/uploads\/2025\/10\/logo-lyon-bleu-transparent-gros.png 566w, https:\/\/ifalpes.com\/wp-content\/uploads\/2025\/10\/logo-lyon-bleu-transparent-gros-240x300.png 240w\" sizes=\"(max-width: 566px) 100vw, 566px\" \/>\t\t\t\t\t\t\t\t<\/a>\n\t\t\t\t\t\t\t\t\t\t\t\t\t\t\t<\/div>\n\t\t\t\t<\/div>\n\t\t\t\t\t<\/div>\n\t\t<\/div>\n\t\t\t\t\t<\/div>\n\t\t<\/section>\n\t\t\t\t\t<\/div>\n\t\t<\/div>\n\t\t\t\t\t<\/div>\n\t\t<\/section>\n\t\t\t\t<section class=\"elementor-section elementor-top-section elementor-element elementor-element-f3725b9 elementor-section-boxed elementor-section-height-default elementor-section-height-default\" data-id=\"f3725b9\" data-element_type=\"section\" data-e-type=\"section\">\n\t\t\t\t\t\t<div class=\"elementor-container elementor-column-gap-default\">\n\t\t\t\t\t<div class=\"elementor-column elementor-col-100 elementor-top-column elementor-element elementor-element-f8a7000\" data-id=\"f8a7000\" data-element_type=\"column\" data-e-type=\"column\">\n\t\t\t<div class=\"elementor-widget-wrap elementor-element-populated\">\n\t\t\t\t\t\t<div class=\"elementor-element elementor-element-4190619 elementor-widget elementor-widget-spacer\" data-id=\"4190619\" data-element_type=\"widget\" data-e-type=\"widget\" data-widget_type=\"spacer.default\">\n\t\t\t\t<div class=\"elementor-widget-container\">\n\t\t\t\t\t\t\t<div class=\"elementor-spacer\">\n\t\t\t<div class=\"elementor-spacer-inner\"><\/div>\n\t\t<\/div>\n\t\t\t\t\t\t<\/div>\n\t\t\t\t<\/div>\n\t\t\t\t<div class=\"elementor-element elementor-element-3b5ad21 elementor-widget elementor-widget-heading\" data-id=\"3b5ad21\" data-element_type=\"widget\" data-e-type=\"widget\" data-widget_type=\"heading.default\">\n\t\t\t\t<div class=\"elementor-widget-container\">\n\t\t\t\t\t<h2 class=\"elementor-heading-title elementor-size-default\">Crece el inter\u00e9s por los cursos de franc\u00e9s en l\u00ednea<\/h2>\t\t\t\t<\/div>\n\t\t\t\t<\/div>\n\t\t\t\t<div class=\"elementor-element elementor-element-dcc0d3e elementor-widget elementor-widget-text-editor\" data-id=\"dcc0d3e\" data-element_type=\"widget\" data-e-type=\"widget\" data-widget_type=\"text-editor.default\">\n\t\t\t\t<div class=\"elementor-widget-container\">\n\t\t\t\t\t\t\t\t\t<p><span style=\"font-weight: 400;\">Los cursos de franc\u00e9s en l\u00ednea se han convertido en una ventaja inestimable para cualquier persona que desee dominar la lengua francesa, ya sea por motivos profesionales, acad\u00e9micos o personales. Este m\u00e9todo de adquisici\u00f3n del idioma se caracteriza por su flexibilidad y accesibilidad inigualables, lo que ha transformado el panorama de la ense\u00f1anza del franc\u00e9s en todo el mundo.<\/span><\/p><p><span style=\"font-weight: 400;\">Una de las principales ventajas de nuestros cursos de franc\u00e9s en l\u00ednea es su adaptabilidad. Los alumnos pueden adaptar su horario a sus obligaciones personales, ya sean estudiantes con una agenda apretada, profesionales que desean progresar en su carrera o aficionados que desean explorar una nueva regi\u00f3n ling\u00fc\u00edstica. Nuestros cursos en l\u00ednea permiten a los estudiantes adaptar su aprendizaje a su ritmo de vida.<\/span><\/p><p><span style=\"font-weight: 400;\">Adem\u00e1s, la diversidad de recursos pedag\u00f3gicos en l\u00ednea que ponemos a disposici\u00f3n de nuestros estudiantes mejora considerablemente su experiencia de aprendizaje. Los estudiantes tienen acceso a una amplia gama de cursos, lecciones, v\u00eddeos y ejercicios interactivos, lo que les permite progresar a su propio ritmo y seleccionar los recursos que se adaptan a su estilo de aprendizaje individual. Estos cursos en l\u00ednea enriquecen el itinerario de aprendizaje con ejercicios de comprensi\u00f3n auditiva y lectora, as\u00ed como con actividades interactivas dise\u00f1adas para mejorar la pronunciaci\u00f3n, la gram\u00e1tica y el vocabulario.<\/span><\/p><p><span style=\"font-weight: 400;\">La perspectiva de trabajar con profesores de franc\u00e9s nativos y experimentados es otra de las grandes ventajas de nuestros cursos de franc\u00e9s en l\u00ednea. Los estudiantes se benefician de la amplia experiencia y los consejos de nuestros profesores de franc\u00e9s cualificados, que ofrecen un apoyo personalizado. Los cursos de franc\u00e9s en l\u00ednea con profesores nativos se imparten en tiempo real, utilizando herramientas de videoconferencia de primera calidad para garantizar sesiones interactivas y atractivas.<\/span><\/p><p><span style=\"font-weight: 400;\">Nuestros cursos de franc\u00e9s en l\u00ednea est\u00e1n dirigidos a alumnos de todos los niveles, desde principiantes que desean comprender los aspectos b\u00e1sicos de la lengua francesa hasta alumnos avanzados que desean perfeccionar sus conocimientos. Sea cual sea su nivel, encontrar\u00e1 cursos en l\u00ednea adaptados a sus necesidades espec\u00edficas.<\/span><\/p><p><span style=\"font-weight: 400;\">Otra ventaja de nuestros cursos de franc\u00e9s en l\u00ednea es su coste. Cuestan menos que los cursos de inmersi\u00f3n tradicionales. Al eliminar los gastos de viaje y alojamiento, los cursos en l\u00ednea no s\u00f3lo reducen la carga financiera, sino que tambi\u00e9n ampl\u00edan la gama de opciones, permitiendo a los estudiantes encontrar cursos que se adapten a su presupuesto.<\/span><\/p><p><span style=\"font-weight: 400;\">En resumen, los cursos de franc\u00e9s en l\u00ednea han redefinido el panorama de la ense\u00f1anza del franc\u00e9s, haciendo que el aprendizaje de esta lengua rica y compleja sea m\u00e1s accesible y eficaz que nunca. Gracias a su flexibilidad, diversidad de recursos, acceso a profesores nativos, personalizaci\u00f3n y alcance global, estos cursos permiten a estudiantes de todos los or\u00edgenes embarcarse en un viaje transformador de aprendizaje ling\u00fc\u00edstico.<\/span><\/p>\t\t\t\t\t\t\t\t<\/div>\n\t\t\t\t<\/div>\n\t\t\t\t\t<\/div>\n\t\t<\/div>\n\t\t\t\t\t<\/div>\n\t\t<\/section>\n\t\t\t\t<\/div>\n\t\t","protected":false},"excerpt":{"rendered":"<p>Nuestros cursos de franc\u00e9s en l\u00ednea Cursos privados de franc\u00e9s online 6 o 12 clases particulares 1 profesor &#8211; 1 alumno Horario flexible Clases personalizadas desde 57 \u20ac \/ clase M\u00e1s informaci\u00f3n sobre nuestras clases particulares de franc\u00e9s Cursos de franc\u00e9s nocturnos 4 lecciones por semana Programa de 4\/8\/12 semanas Curso en l\u00ednea 180 \u20ac [&hellip;]<\/p>\n","protected":false},"author":1,"featured_media":0,"parent":21975,"menu_order":0,"comment_status":"closed","ping_status":"closed","template":"","meta":{"_acf_changed":false,"content-type":"","footnotes":""},"class_list":["post-24907","page","type-page","status-publish","hentry"],"acf":[],"_links":{"self":[{"href":"https:\/\/ifalpes.com\/es\/wp-json\/wp\/v2\/pages\/24907","targetHints":{"allow":["GET"]}}],"collection":[{"href":"https:\/\/ifalpes.com\/es\/wp-json\/wp\/v2\/pages"}],"about":[{"href":"https:\/\/ifalpes.com\/es\/wp-json\/wp\/v2\/types\/page"}],"author":[{"embeddable":true,"href":"https:\/\/ifalpes.com\/es\/wp-json\/wp\/v2\/users\/1"}],"replies":[{"embeddable":true,"href":"https:\/\/ifalpes.com\/es\/wp-json\/wp\/v2\/comments?post=24907"}],"version-history":[{"count":16,"href":"https:\/\/ifalpes.com\/es\/wp-json\/wp\/v2\/pages\/24907\/revisions"}],"predecessor-version":[{"id":28707,"href":"https:\/\/ifalpes.com\/es\/wp-json\/wp\/v2\/pages\/24907\/revisions\/28707"}],"up":[{"embeddable":true,"href":"https:\/\/ifalpes.com\/es\/wp-json\/wp\/v2\/pages\/21975"}],"wp:attachment":[{"href":"https:\/\/ifalpes.com\/es\/wp-json\/wp\/v2\/media?parent=24907"}],"curies":[{"name":"wp","href":"https:\/\/api.w.org\/{rel}","templated":true}]}}