{"id":23548,"date":"2023-09-22T11:32:12","date_gmt":"2023-09-22T11:32:12","guid":{"rendered":"https:\/\/ifalpes.com\/presupuesto-2024\/"},"modified":"2025-10-30T11:59:29","modified_gmt":"2025-10-30T11:59:29","slug":"presupuesto-2024","status":"publish","type":"page","link":"https:\/\/ifalpes.com\/es\/presupuesto-2024\/","title":{"rendered":"Formulario de presupuesto"},"content":{"rendered":"\t\t<div data-elementor-type=\"wp-page\" data-elementor-id=\"23548\" class=\"elementor elementor-23548 elementor-23541\" data-elementor-post-type=\"page\">\n\t\t\t\t\t\t<section class=\"elementor-section elementor-top-section elementor-element elementor-element-dbf83ea elementor-section-boxed elementor-section-height-default elementor-section-height-default\" data-id=\"dbf83ea\" data-element_type=\"section\" data-e-type=\"section\">\n\t\t\t\t\t\t<div class=\"elementor-container elementor-column-gap-default\">\n\t\t\t\t\t<div class=\"elementor-column elementor-col-100 elementor-top-column elementor-element elementor-element-d54f67d\" data-id=\"d54f67d\" data-element_type=\"column\" data-e-type=\"column\">\n\t\t\t<div class=\"elementor-widget-wrap elementor-element-populated\">\n\t\t\t\t\t\t<div class=\"elementor-element elementor-element-3611d2c elementor-widget elementor-widget-html\" data-id=\"3611d2c\" data-element_type=\"widget\" data-e-type=\"widget\" data-widget_type=\"html.default\">\n\t\t\t\t<div class=\"elementor-widget-container\">\n\t\t\t\t\t<noscript>Please enable JavaScript to continue with this form.<\/noscript>\n<fidelo-widget><\/fidelo-widget>\n<script src=\"https:\/\/proxy.fidelo.com\/app\/widget\/1.0\/klf\/js\/widget.js?c=K6BS6BSSKWBH6AVA&amp;l=en\"><\/script>\n\t\t\t\t<\/div>\n\t\t\t\t<\/div>\n\t\t\t\t<div class=\"elementor-element elementor-element-7dc38d3 elementor-widget elementor-widget-text-editor\" data-id=\"7dc38d3\" data-element_type=\"widget\" data-e-type=\"widget\" data-widget_type=\"text-editor.default\">\n\t\t\t\t<div class=\"elementor-widget-container\">\n\t\t\t\t\t\t\t\t\t<p style=\"text-align: center;\"><em>* Clases por la ma\u00f1ana o por la tarde dependiendo de su nivel y de la carga lectiva de la escuela.<\/em><\/p><p style=\"text-align: center;\"><em> Atenci\u00f3n: durante los d\u00edas festivos y de acuerdo con nuestras condiciones generales de venta, la escuela permanecer\u00e1 cerrada y no se ofrecer\u00e1n cursos de recuperaci\u00f3n. Las escuelas permanecer\u00e1n cerradas los siguientes d\u00edas festivos: 2025: 11\/11\/25 y 2026: 1 de enero | 6 de abril | 1 de mayo | 8 de mayo | 25 de mayo | 14 de julio | 11 de noviembre. <\/em><\/p><p style=\"caret-color: #000000; color: #000000; text-align: center;\"><em>*\u00a1Tenga en cuenta! Para los principiantes absolutos, nivel A0, habr\u00e1 fechas de inicio espec\u00edficas. <\/em><\/p>\t\t\t\t\t\t\t\t<\/div>\n\t\t\t\t<\/div>\n\t\t\t\t\t<\/div>\n\t\t<\/div>\n\t\t\t\t\t<\/div>\n\t\t<\/section>\n\t\t\t\t<\/div>\n\t\t","protected":false},"excerpt":{"rendered":"<p>Please enable JavaScript to continue with this form. * Clases por la ma\u00f1ana o por la tarde dependiendo de su nivel y de la carga lectiva de la escuela. Atenci\u00f3n: durante los d\u00edas festivos y de acuerdo con nuestras condiciones generales de venta, la escuela permanecer\u00e1 cerrada y no se ofrecer\u00e1n cursos de recuperaci\u00f3n. Las [&hellip;]<\/p>\n","protected":false},"author":1,"featured_media":0,"parent":0,"menu_order":0,"comment_status":"closed","ping_status":"closed","template":"","meta":{"_acf_changed":false,"content-type":"","footnotes":""},"class_list":["post-23548","page","type-page","status-publish","hentry"],"acf":[],"_links":{"self":[{"href":"https:\/\/ifalpes.com\/es\/wp-json\/wp\/v2\/pages\/23548","targetHints":{"allow":["GET"]}}],"collection":[{"href":"https:\/\/ifalpes.com\/es\/wp-json\/wp\/v2\/pages"}],"about":[{"href":"https:\/\/ifalpes.com\/es\/wp-json\/wp\/v2\/types\/page"}],"author":[{"embeddable":true,"href":"https:\/\/ifalpes.com\/es\/wp-json\/wp\/v2\/users\/1"}],"replies":[{"embeddable":true,"href":"https:\/\/ifalpes.com\/es\/wp-json\/wp\/v2\/comments?post=23548"}],"version-history":[{"count":9,"href":"https:\/\/ifalpes.com\/es\/wp-json\/wp\/v2\/pages\/23548\/revisions"}],"predecessor-version":[{"id":28715,"href":"https:\/\/ifalpes.com\/es\/wp-json\/wp\/v2\/pages\/23548\/revisions\/28715"}],"wp:attachment":[{"href":"https:\/\/ifalpes.com\/es\/wp-json\/wp\/v2\/media?parent=23548"}],"curies":[{"name":"wp","href":"https:\/\/api.w.org\/{rel}","templated":true}]}}