{"id":23507,"date":"2023-09-22T08:04:09","date_gmt":"2023-09-22T08:04:09","guid":{"rendered":"https:\/\/ifalpes.com\/formulario-de-reserva-para-adultos-2024\/"},"modified":"2025-09-03T09:23:49","modified_gmt":"2025-09-03T09:23:49","slug":"formulario-de-reserva-para-adultos-2024","status":"publish","type":"page","link":"https:\/\/ifalpes.com\/es\/formulario-de-reserva-para-adultos-2024\/","title":{"rendered":"Formulario de reserva para adultos"},"content":{"rendered":"\t\t<div data-elementor-type=\"wp-page\" data-elementor-id=\"23507\" class=\"elementor elementor-23507 elementor-23496\" data-elementor-post-type=\"page\">\n\t\t\t\t\t\t<section class=\"elementor-section elementor-top-section elementor-element elementor-element-dbf83ea elementor-section-boxed elementor-section-height-default elementor-section-height-default\" data-id=\"dbf83ea\" data-element_type=\"section\" data-e-type=\"section\">\n\t\t\t\t\t\t<div class=\"elementor-container elementor-column-gap-default\">\n\t\t\t\t\t<div class=\"elementor-column elementor-col-100 elementor-top-column elementor-element elementor-element-d54f67d\" data-id=\"d54f67d\" data-element_type=\"column\" data-e-type=\"column\">\n\t\t\t<div class=\"elementor-widget-wrap elementor-element-populated\">\n\t\t\t\t\t\t<div class=\"elementor-element elementor-element-3611d2c elementor-widget elementor-widget-html\" data-id=\"3611d2c\" data-element_type=\"widget\" data-e-type=\"widget\" data-widget_type=\"html.default\">\n\t\t\t\t<div class=\"elementor-widget-container\">\n\t\t\t\t\t<fidelo-widget><\/fidelo-widget>\r\n<script src=\"https:\/\/proxy.fidelo.com\/app\/widget\/1.0\/klf\/js\/widget.js?c=FKVXL32W3WHNXHKF&l=en\"><\/script>\t\t\t\t<\/div>\n\t\t\t\t<\/div>\n\t\t\t\t\t<\/div>\n\t\t<\/div>\n\t\t\t\t\t<\/div>\n\t\t<\/section>\n\t\t\t\t<section class=\"elementor-section elementor-top-section elementor-element elementor-element-d2445c0 elementor-section-boxed elementor-section-height-default elementor-section-height-default\" data-id=\"d2445c0\" data-element_type=\"section\" data-e-type=\"section\">\n\t\t\t\t\t\t<div class=\"elementor-container elementor-column-gap-default\">\n\t\t\t\t\t<div class=\"elementor-column elementor-col-100 elementor-top-column elementor-element elementor-element-4b6c5a2\" data-id=\"4b6c5a2\" data-element_type=\"column\" data-e-type=\"column\">\n\t\t\t<div class=\"elementor-widget-wrap elementor-element-populated\">\n\t\t\t\t\t\t<div class=\"elementor-element elementor-element-8f68903 elementor-widget-divider--view-line elementor-widget elementor-widget-divider\" data-id=\"8f68903\" data-element_type=\"widget\" data-e-type=\"widget\" data-widget_type=\"divider.default\">\n\t\t\t\t<div class=\"elementor-widget-container\">\n\t\t\t\t\t\t\t<div class=\"elementor-divider\">\n\t\t\t<span class=\"elementor-divider-separator\">\n\t\t\t\t\t\t<\/span>\n\t\t<\/div>\n\t\t\t\t\t\t<\/div>\n\t\t\t\t<\/div>\n\t\t\t\t<div class=\"elementor-element elementor-element-ca317a3 elementor-widget elementor-widget-text-editor\" data-id=\"ca317a3\" data-element_type=\"widget\" data-e-type=\"widget\" data-widget_type=\"text-editor.default\">\n\t\t\t\t<div class=\"elementor-widget-container\">\n\t\t\t\t\t\t\t\t\t<p style=\"text-align: center;\"><em>*Para reservas de \u00faltima hora (menos de 4 d\u00edas antes del comienzo del curso), p\u00f3ngase en contacto con nosotros antes en <a style=\"font-family: -apple-system, BlinkMacSystemFont, 'Segoe UI', Roboto, 'Helvetica Neue', Arial, 'Noto Sans', sans-serif, 'Apple Color Emoji', 'Segoe UI Emoji', 'Segoe UI Symbol', 'Noto Color Emoji'; background-color: #ffffff; font-size: 1rem;\" href=\"mailto:info@ifalpes.com\" rel=\"noopener\">info@ifalpes.com<\/a>, para comprobar la disponibilidad.<\/em><\/p>\r\n<p style=\"text-align: center;\"><em>*Cualquier inscripci\u00f3n s\u00f3lo se considerar\u00e1 v\u00e1lida una vez recibido el pago.<\/em><\/p>\r\n<p style=\"text-align: center;\"><em>* Clases por la ma\u00f1ana o por la tarde en funci\u00f3n de su nivel y de la carga lectiva de la escuela.<\/em><\/p>\r\n<p style=\"text-align: center;\"><span style=\"color: #000000; font-family: Roboto, sans-serif;\">* Atenci\u00f3n: durante los d\u00edas festivos y de acuerdo con nuestras condiciones generales de venta, la escuela permanecer\u00e1 cerrada y no se ofrecer\u00e1n cursos de recuperaci\u00f3n.<\/span><\/p>\r\n<p style=\"caret-color: #000000; color: #000000; text-align: center;\"><em>*\u00a1Atenci\u00f3n! Para los principiantes absolutos, Nivel A0, habr\u00e1 fechas de inicio espec\u00edficas.<\/em><\/p>\t\t\t\t\t\t\t\t<\/div>\n\t\t\t\t<\/div>\n\t\t\t\t\t<\/div>\n\t\t<\/div>\n\t\t\t\t\t<\/div>\n\t\t<\/section>\n\t\t\t\t<\/div>\n\t\t","protected":false},"excerpt":{"rendered":"<p>*Para reservas de \u00faltima hora (menos de 4 d\u00edas antes del comienzo del curso), p\u00f3ngase en contacto con nosotros antes en info@ifalpes.com, para comprobar la disponibilidad. *Cualquier inscripci\u00f3n s\u00f3lo se considerar\u00e1 v\u00e1lida una vez recibido el pago. * Clases por la ma\u00f1ana o por la tarde en funci\u00f3n de su nivel y de la carga [&hellip;]<\/p>\n","protected":false},"author":1,"featured_media":0,"parent":0,"menu_order":0,"comment_status":"closed","ping_status":"closed","template":"","meta":{"_acf_changed":false,"content-type":"","footnotes":""},"class_list":["post-23507","page","type-page","status-publish","hentry"],"acf":[],"_links":{"self":[{"href":"https:\/\/ifalpes.com\/es\/wp-json\/wp\/v2\/pages\/23507","targetHints":{"allow":["GET"]}}],"collection":[{"href":"https:\/\/ifalpes.com\/es\/wp-json\/wp\/v2\/pages"}],"about":[{"href":"https:\/\/ifalpes.com\/es\/wp-json\/wp\/v2\/types\/page"}],"author":[{"embeddable":true,"href":"https:\/\/ifalpes.com\/es\/wp-json\/wp\/v2\/users\/1"}],"replies":[{"embeddable":true,"href":"https:\/\/ifalpes.com\/es\/wp-json\/wp\/v2\/comments?post=23507"}],"version-history":[{"count":11,"href":"https:\/\/ifalpes.com\/es\/wp-json\/wp\/v2\/pages\/23507\/revisions"}],"predecessor-version":[{"id":28103,"href":"https:\/\/ifalpes.com\/es\/wp-json\/wp\/v2\/pages\/23507\/revisions\/28103"}],"wp:attachment":[{"href":"https:\/\/ifalpes.com\/es\/wp-json\/wp\/v2\/media?parent=23507"}],"curies":[{"name":"wp","href":"https:\/\/api.w.org\/{rel}","templated":true}]}}