{"id":23494,"date":"2023-09-22T07:56:39","date_gmt":"2023-09-22T07:56:39","guid":{"rendered":"https:\/\/ifalpes.com\/formulario-de-reserva-para-adultos-2023\/"},"modified":"2023-09-25T08:16:13","modified_gmt":"2023-09-25T08:16:13","slug":"formulario-de-reserva-para-adultos-2023","status":"publish","type":"page","link":"https:\/\/ifalpes.com\/es\/formulario-de-reserva-para-adultos-2023\/","title":{"rendered":"Formulario de reserva para adultos 2023"},"content":{"rendered":"\t\t<div data-elementor-type=\"wp-page\" data-elementor-id=\"23494\" class=\"elementor elementor-23494 elementor-23487\" data-elementor-post-type=\"page\">\n\t\t\t\t\t\t<section class=\"elementor-section elementor-top-section elementor-element elementor-element-dbf83ea elementor-section-boxed elementor-section-height-default elementor-section-height-default\" data-id=\"dbf83ea\" data-element_type=\"section\" data-e-type=\"section\">\n\t\t\t\t\t\t<div class=\"elementor-container elementor-column-gap-default\">\n\t\t\t\t\t<div class=\"elementor-column elementor-col-100 elementor-top-column elementor-element elementor-element-d54f67d\" data-id=\"d54f67d\" data-element_type=\"column\" data-e-type=\"column\">\n\t\t\t<div class=\"elementor-widget-wrap elementor-element-populated\">\n\t\t\t\t\t\t<div class=\"elementor-element elementor-element-14e5a7b elementor-widget elementor-widget-text-editor\" data-id=\"14e5a7b\" data-element_type=\"widget\" data-e-type=\"widget\" data-widget_type=\"text-editor.default\">\n\t\t\t\t<div class=\"elementor-widget-container\">\n\t\t\t\t\t\t\t\t\t<h2><strong>\u00a1ES HORA DE MEJORAR TU FRANC\u00c9S<\/strong><strong>!<\/strong><\/h2>\n<p>Disfrute de una estancia inolvidable en Annecy.<\/p>\n<p>Rellene el siguiente formulario para crear y comprar en l\u00ednea sus vacaciones a medida, eligiendo su curso de franc\u00e9s, alojamiento y otras opciones.<br \/>\nNuestros asesores educativos se pondr\u00e1n en contacto con usted para confirmar su inscripci\u00f3n y responder a cualquier pregunta que pueda tener.<\/p>\n<p>Tenga en cuenta que la matriculaci\u00f3n no ser\u00e0 validada hasta la recepci\u00f3n del primer pago.<\/p>\n\t\t\t\t\t\t\t\t<\/div>\n\t\t\t\t<\/div>\n\t\t\t\t<div class=\"elementor-element elementor-element-3611d2c elementor-widget elementor-widget-html\" data-id=\"3611d2c\" data-element_type=\"widget\" data-e-type=\"widget\" data-widget_type=\"html.default\">\n\t\t\t\t<div class=\"elementor-widget-container\">\n\t\t\t\t\t<noscript>Please enable JavaScript to continue with this form.<\/noscript>\r\n<fidelo-widget><\/fidelo-widget>\r\n<script src=\"https:\/\/proxy.fidelo.com\/app\/widget\/1.0\/lsf\/js\/widget.js?c=5SLJ4E2FQB547SKY&l=es\"><\/script>\r\n\t\t\t\t<\/div>\n\t\t\t\t<\/div>\n\t\t\t\t\t<\/div>\n\t\t<\/div>\n\t\t\t\t\t<\/div>\n\t\t<\/section>\n\t\t\t\t<\/div>\n\t\t","protected":false},"excerpt":{"rendered":"<p>\u00a1ES HORA DE MEJORAR TU FRANC\u00c9S! Disfrute de una estancia inolvidable en Annecy. Rellene el siguiente formulario para crear y comprar en l\u00ednea sus vacaciones a medida, eligiendo su curso de franc\u00e9s, alojamiento y otras opciones. Nuestros asesores educativos se pondr\u00e1n en contacto con usted para confirmar su inscripci\u00f3n y responder a cualquier pregunta que [&hellip;]<\/p>\n","protected":false},"author":1,"featured_media":0,"parent":0,"menu_order":0,"comment_status":"closed","ping_status":"closed","template":"","meta":{"_acf_changed":false,"content-type":"","footnotes":""},"class_list":["post-23494","page","type-page","status-publish","hentry"],"acf":[],"_links":{"self":[{"href":"https:\/\/ifalpes.com\/es\/wp-json\/wp\/v2\/pages\/23494","targetHints":{"allow":["GET"]}}],"collection":[{"href":"https:\/\/ifalpes.com\/es\/wp-json\/wp\/v2\/pages"}],"about":[{"href":"https:\/\/ifalpes.com\/es\/wp-json\/wp\/v2\/types\/page"}],"author":[{"embeddable":true,"href":"https:\/\/ifalpes.com\/es\/wp-json\/wp\/v2\/users\/1"}],"replies":[{"embeddable":true,"href":"https:\/\/ifalpes.com\/es\/wp-json\/wp\/v2\/comments?post=23494"}],"version-history":[{"count":7,"href":"https:\/\/ifalpes.com\/es\/wp-json\/wp\/v2\/pages\/23494\/revisions"}],"predecessor-version":[{"id":23563,"href":"https:\/\/ifalpes.com\/es\/wp-json\/wp\/v2\/pages\/23494\/revisions\/23563"}],"wp:attachment":[{"href":"https:\/\/ifalpes.com\/es\/wp-json\/wp\/v2\/media?parent=23494"}],"curies":[{"name":"wp","href":"https:\/\/api.w.org\/{rel}","templated":true}]}}