{"id":21973,"date":"2022-06-30T08:31:03","date_gmt":"2022-06-30T08:31:03","guid":{"rendered":"https:\/\/ifalpes.com\/educacion\/herramientas\/"},"modified":"2024-10-16T08:15:16","modified_gmt":"2024-10-16T08:15:16","slug":"herramientas","status":"publish","type":"page","link":"https:\/\/ifalpes.com\/es\/educacion\/herramientas\/","title":{"rendered":"Herramientas"},"content":{"rendered":"\t\t<div data-elementor-type=\"wp-page\" data-elementor-id=\"21973\" class=\"elementor elementor-21973 elementor-119\" data-elementor-post-type=\"page\">\n\t\t\t\t\t\t<section class=\"elementor-section elementor-top-section elementor-element elementor-element-8869133 elementor-section-boxed elementor-section-height-default elementor-section-height-default\" data-id=\"8869133\" data-element_type=\"section\" data-e-type=\"section\">\n\t\t\t\t\t\t<div class=\"elementor-container elementor-column-gap-default\">\n\t\t\t\t\t<div class=\"elementor-column elementor-col-100 elementor-top-column elementor-element elementor-element-9259240\" data-id=\"9259240\" data-element_type=\"column\" data-e-type=\"column\">\n\t\t\t<div class=\"elementor-widget-wrap elementor-element-populated\">\n\t\t\t\t\t\t<div class=\"elementor-element elementor-element-4676cb9 elementor-widget elementor-widget-heading\" data-id=\"4676cb9\" data-element_type=\"widget\" data-e-type=\"widget\" data-widget_type=\"heading.default\">\n\t\t\t\t<div class=\"elementor-widget-container\">\n\t\t\t\t\t<h2 class=\"elementor-heading-title elementor-size-default\">Herramientas educativas<\/h2>\t\t\t\t<\/div>\n\t\t\t\t<\/div>\n\t\t\t\t<div class=\"elementor-element elementor-element-24c3afe elementor-widget elementor-widget-text-editor\" data-id=\"24c3afe\" data-element_type=\"widget\" data-e-type=\"widget\" data-widget_type=\"text-editor.default\">\n\t\t\t\t<div class=\"elementor-widget-container\">\n\t\t\t\t\t\t\t\t\t<p>El equipo docente de IFALPES elabora sus propios contenidos en el aula para ofrecer cursos originales, aut\u00e9nticos y actualizados, respetando el Marco Com\u00fan Europeo de Referencia para las Lenguas.<\/p>\n<p>Para saber m\u00e1s<\/p>\n<p>Para apoyar a nuestros estudiantes en su aprendizaje del franc\u00e9s durante y despu\u00e9s de su estancia, IFALPES pone a su disposici\u00f3n 2 ayudas exclusivas:<\/p>\n\t\t\t\t\t\t\t\t<\/div>\n\t\t\t\t<\/div>\n\t\t\t\t\t<\/div>\n\t\t<\/div>\n\t\t\t\t\t<\/div>\n\t\t<\/section>\n\t\t\t\t<section class=\"elementor-section elementor-top-section elementor-element elementor-element-bcf13da elementor-section-boxed elementor-section-height-default elementor-section-height-default\" data-id=\"bcf13da\" data-element_type=\"section\" data-e-type=\"section\">\n\t\t\t\t\t\t<div class=\"elementor-container elementor-column-gap-default\">\n\t\t\t\t\t<div class=\"elementor-column elementor-col-50 elementor-top-column elementor-element elementor-element-fb6b58b\" data-id=\"fb6b58b\" data-element_type=\"column\" data-e-type=\"column\">\n\t\t\t<div class=\"elementor-widget-wrap elementor-element-populated\">\n\t\t\t\t\t\t<div class=\"elementor-element elementor-element-065f3b1 elementor-widget elementor-widget-image\" data-id=\"065f3b1\" data-element_type=\"widget\" data-e-type=\"widget\" data-widget_type=\"image.default\">\n\t\t\t\t<div class=\"elementor-widget-container\">\n\t\t\t\t\t\t\t\t\t\t\t\t\t\t\t<img fetchpriority=\"high\" decoding=\"async\" width=\"735\" height=\"1024\" src=\"https:\/\/ifalpes.com\/wp-content\/uploads\/2022\/12\/ROADBOOK_IFALPES_2122-735x1024.jpg\" class=\"attachment-large size-large wp-image-21445\" alt=\"\" srcset=\"https:\/\/ifalpes.com\/wp-content\/uploads\/2022\/12\/ROADBOOK_IFALPES_2122-735x1024.jpg 735w, https:\/\/ifalpes.com\/wp-content\/uploads\/2022\/12\/ROADBOOK_IFALPES_2122-215x300.jpg 215w, https:\/\/ifalpes.com\/wp-content\/uploads\/2022\/12\/ROADBOOK_IFALPES_2122-768x1069.jpg 768w, https:\/\/ifalpes.com\/wp-content\/uploads\/2022\/12\/ROADBOOK_IFALPES_2122-1103x1536.jpg 1103w, https:\/\/ifalpes.com\/wp-content\/uploads\/2022\/12\/ROADBOOK_IFALPES_2122-1471x2048.jpg 1471w, https:\/\/ifalpes.com\/wp-content\/uploads\/2022\/12\/ROADBOOK_IFALPES_2122-scaled.jpg 1839w\" sizes=\"(max-width: 735px) 100vw, 735px\" \/>\t\t\t\t\t\t\t\t\t\t\t\t\t\t\t<\/div>\n\t\t\t\t<\/div>\n\t\t\t\t<div class=\"elementor-element elementor-element-e8ecd44 elementor-widget elementor-widget-heading\" data-id=\"e8ecd44\" data-element_type=\"widget\" data-e-type=\"widget\" data-widget_type=\"heading.default\">\n\t\t\t\t<div class=\"elementor-widget-container\">\n\t\t\t\t\t<h3 class=\"elementor-heading-title elementor-size-default\">IFALPES LIBRO DE RUTA<\/h3>\t\t\t\t<\/div>\n\t\t\t\t<\/div>\n\t\t\t\t<div class=\"elementor-element elementor-element-7b455ef elementor-widget elementor-widget-text-editor\" data-id=\"7b455ef\" data-element_type=\"widget\" data-e-type=\"widget\" data-widget_type=\"text-editor.default\">\n\t\t\t\t<div class=\"elementor-widget-container\">\n\t\t\t\t\t\t\t\t\t<p>Se distribuye el primer d\u00eda de llegada. Ofrece abundante informaci\u00f3n pr\u00e1ctica sobre la vida en Annecy y sobre los lugares que hay que conocer para disfrutar plenamente de la estancia (restaurantes, cultura, deportes, naturaleza&#8230;).<br \/>\nEs tambi\u00e9n un manual de curso en el que los alumnos encontrar\u00e1n fichas de vocabulario, expresiones \u00fatiles para utilizar en la vida cotidiana (en la estaci\u00f3n, en las tiendas&#8230;), fichas de resumen gramatical&#8230;.<\/p>\n<p>El libro de ruta ha sido concebido como una verdadera gu\u00eda ofrecida a nuestros alumnos para ayudarles a orientarse e integrarse m\u00e1s f\u00e1cilmente dentro y fuera de la escuela. Se utiliza regularmente en clase y sirve de v\u00ednculo entre las clases y el mundo exterior.<\/p>\n\t\t\t\t\t\t\t\t<\/div>\n\t\t\t\t<\/div>\n\t\t\t\t\t<\/div>\n\t\t<\/div>\n\t\t\t\t<div class=\"elementor-column elementor-col-50 elementor-top-column elementor-element elementor-element-2e2b75b\" data-id=\"2e2b75b\" data-element_type=\"column\" data-e-type=\"column\">\n\t\t\t<div class=\"elementor-widget-wrap elementor-element-populated\">\n\t\t\t\t\t\t<div class=\"elementor-element elementor-element-7b5d374 elementor-widget elementor-widget-image\" data-id=\"7b5d374\" data-element_type=\"widget\" data-e-type=\"widget\" data-widget_type=\"image.default\">\n\t\t\t\t<div class=\"elementor-widget-container\">\n\t\t\t\t\t\t\t\t\t\t\t\t\t\t\t<img decoding=\"async\" width=\"800\" height=\"548\" src=\"https:\/\/ifalpes.com\/wp-content\/uploads\/2022\/12\/French-e-learning-plateform-LSF-1.png\" class=\"attachment-large size-large wp-image-21442\" alt=\"\" srcset=\"https:\/\/ifalpes.com\/wp-content\/uploads\/2022\/12\/French-e-learning-plateform-LSF-1.png 973w, https:\/\/ifalpes.com\/wp-content\/uploads\/2022\/12\/French-e-learning-plateform-LSF-1-300x205.png 300w, https:\/\/ifalpes.com\/wp-content\/uploads\/2022\/12\/French-e-learning-plateform-LSF-1-768x526.png 768w\" sizes=\"(max-width: 800px) 100vw, 800px\" \/>\t\t\t\t\t\t\t\t\t\t\t\t\t\t\t<\/div>\n\t\t\t\t<\/div>\n\t\t\t\t<div class=\"elementor-element elementor-element-dfbd811 elementor-widget elementor-widget-heading\" data-id=\"dfbd811\" data-element_type=\"widget\" data-e-type=\"widget\" data-widget_type=\"heading.default\">\n\t\t\t\t<div class=\"elementor-widget-container\">\n\t\t\t\t\t<h3 class=\"elementor-heading-title elementor-size-default\">PLATAFORMA DE APRENDIZAJE<br>PARA PRINCIPIANTES<\/h3>\t\t\t\t<\/div>\n\t\t\t\t<\/div>\n\t\t\t\t<div class=\"elementor-element elementor-element-43dfd7c elementor-widget elementor-widget-text-editor\" data-id=\"43dfd7c\" data-element_type=\"widget\" data-e-type=\"widget\" data-widget_type=\"text-editor.default\">\n\t\t\t\t<div class=\"elementor-widget-container\">\n\t\t\t\t\t\t\t\t\t<p>Desde hace varios a\u00f1os, nuestro grupo escolar desarrolla una plataforma \u00fanica para ayudar a los alumnos a aprender franc\u00e9s. Esta herramienta est\u00e1 disponible en ordenadores, tabletas y smartphones.<\/p>\n<p>En esta plataforma encontrar\u00e1s actividades de autoaprendizaje que te ayudar\u00e1n a aprovechar al m\u00e1ximo tu estancia (ejercicios de autocorrecci\u00f3n, fichas de gram\u00e1tica y vocabulario, ejercicios de comprensi\u00f3n oral y escrita, etc.).<\/p>\n<p>Este curso de autoaprendizaje para principiantes como complemento de sus clases de franc\u00e9s consta de 8 m\u00f3dulos. Incluye el apoyo pedag\u00f3gico de su profesor. Prueba de nivel al final del curso.<\/p>\n<p>Tambi\u00e9n puede seguir cursos privados a distancia por videoconferencia con sus profesores.<\/p>\n\t\t\t\t\t\t\t\t<\/div>\n\t\t\t\t<\/div>\n\t\t\t\t\t<\/div>\n\t\t<\/div>\n\t\t\t\t\t<\/div>\n\t\t<\/section>\n\t\t\t\t<\/div>\n\t\t","protected":false},"excerpt":{"rendered":"<p>Herramientas educativas El equipo docente de IFALPES elabora sus propios contenidos en el aula para ofrecer cursos originales, aut\u00e9nticos y actualizados, respetando el Marco Com\u00fan Europeo de Referencia para las Lenguas. Para saber m\u00e1s Para apoyar a nuestros estudiantes en su aprendizaje del franc\u00e9s durante y despu\u00e9s de su estancia, IFALPES pone a su disposici\u00f3n [&hellip;]<\/p>\n","protected":false},"author":1,"featured_media":21502,"parent":21967,"menu_order":0,"comment_status":"closed","ping_status":"closed","template":"","meta":{"_acf_changed":false,"content-type":"","footnotes":""},"class_list":["post-21973","page","type-page","status-publish","has-post-thumbnail","hentry"],"acf":[],"_links":{"self":[{"href":"https:\/\/ifalpes.com\/es\/wp-json\/wp\/v2\/pages\/21973","targetHints":{"allow":["GET"]}}],"collection":[{"href":"https:\/\/ifalpes.com\/es\/wp-json\/wp\/v2\/pages"}],"about":[{"href":"https:\/\/ifalpes.com\/es\/wp-json\/wp\/v2\/types\/page"}],"author":[{"embeddable":true,"href":"https:\/\/ifalpes.com\/es\/wp-json\/wp\/v2\/users\/1"}],"replies":[{"embeddable":true,"href":"https:\/\/ifalpes.com\/es\/wp-json\/wp\/v2\/comments?post=21973"}],"version-history":[{"count":3,"href":"https:\/\/ifalpes.com\/es\/wp-json\/wp\/v2\/pages\/21973\/revisions"}],"predecessor-version":[{"id":27388,"href":"https:\/\/ifalpes.com\/es\/wp-json\/wp\/v2\/pages\/21973\/revisions\/27388"}],"up":[{"embeddable":true,"href":"https:\/\/ifalpes.com\/es\/wp-json\/wp\/v2\/pages\/21967"}],"wp:featuredmedia":[{"embeddable":true,"href":"https:\/\/ifalpes.com\/es\/wp-json\/wp\/v2\/media\/21502"}],"wp:attachment":[{"href":"https:\/\/ifalpes.com\/es\/wp-json\/wp\/v2\/media?parent=21973"}],"curies":[{"name":"wp","href":"https:\/\/api.w.org\/{rel}","templated":true}]}}