{"id":21971,"date":"2022-06-30T08:31:23","date_gmt":"2022-06-30T08:31:23","guid":{"rendered":"https:\/\/ifalpes.com\/educacion\/metodologia\/"},"modified":"2024-09-04T13:32:21","modified_gmt":"2024-09-04T13:32:21","slug":"metodologia","status":"publish","type":"page","link":"https:\/\/ifalpes.com\/es\/educacion\/metodologia\/","title":{"rendered":"Metodolog\u00eda"},"content":{"rendered":"\t\t<div data-elementor-type=\"wp-page\" data-elementor-id=\"21971\" class=\"elementor elementor-21971 elementor-121\" data-elementor-post-type=\"page\">\n\t\t\t\t\t\t<section class=\"elementor-section elementor-top-section elementor-element elementor-element-bf98967 elementor-section-boxed elementor-section-height-default elementor-section-height-default\" data-id=\"bf98967\" data-element_type=\"section\" data-e-type=\"section\">\n\t\t\t\t\t\t<div class=\"elementor-container elementor-column-gap-default\">\n\t\t\t\t\t<div class=\"elementor-column elementor-col-100 elementor-top-column elementor-element elementor-element-255b102\" data-id=\"255b102\" data-element_type=\"column\" data-e-type=\"column\">\n\t\t\t<div class=\"elementor-widget-wrap elementor-element-populated\">\n\t\t\t\t\t\t<div class=\"elementor-element elementor-element-a978f00 elementor-widget elementor-widget-heading\" data-id=\"a978f00\" data-element_type=\"widget\" data-e-type=\"widget\" data-widget_type=\"heading.default\">\n\t\t\t\t<div class=\"elementor-widget-container\">\n\t\t\t\t\t<h2 class=\"elementor-heading-title elementor-size-default\">Metodolog\u00eda pedag\u00f3gica de IFALPES<\/h2>\t\t\t\t<\/div>\n\t\t\t\t<\/div>\n\t\t\t\t<div class=\"elementor-element elementor-element-d6c556b elementor-widget elementor-widget-text-editor\" data-id=\"d6c556b\" data-element_type=\"widget\" data-e-type=\"widget\" data-widget_type=\"text-editor.default\">\n\t\t\t\t<div class=\"elementor-widget-container\">\n\t\t\t\t\t\t\t\t\tIFALPES cuenta con una amplia experiencia en la ense\u00f1anza del franc\u00e9s como lengua extranjera y favorece un enfoque comunicativo para que sus alumnos aprendan a comunicarse eficazmente en situaciones cotidianas concretas.\r\n\r\nIFALPES promueve el aprendizaje del franc\u00e9s a trav\u00e9s de un enfoque comunicativo. En las clases, los profesores trabajan la gram\u00e1tica, el vocabulario y la fon\u00e9tica al tiempo que dan a los alumnos la oportunidad de comunicarse en franc\u00e9s, en situaciones cotidianas, tanto oralmente como por escrito.\r\n\r\nIFALPES tambi\u00e9n fomenta un enfoque activo y participativo. En el aula, el alumno desempe\u00f1a un papel activo y los intercambios entre estudiantes deben estar en el centro del aprendizaje. Como l\u00edder, el papel del profesor es motivar y animar a hablar.\r\n\r\nAdem\u00e1s, IFALPES recomienda un enfoque basado en objetivos. Los profesores deben organizar sus cursos en torno a objetivos ling\u00fc\u00edsticos y comunicativos. Deben establecer procedimientos de evaluaci\u00f3n para asegurarse de que se alcanzan los objetivos y deben planificar, si es necesario, actividades de repaso. Cada alumno es evaluado al final de la semana para medir sus progresos.\r\n\r\nEn los grupos IFALPES conviven muchas nacionalidades. Esta diversidad es una riqueza que los profesores aprovechan para trabajar los intercambios entre culturas.\r\n\r\nPor \u00faltimo, IFALPES desarrolla sus progresiones, programas y herramientas de evaluaci\u00f3n a partir de los 6 niveles del MCER (A1 &#8211; A2 &#8211; B1 &#8211; B2 &#8211; C1 &#8211; C2).\t\t\t\t\t\t\t\t<\/div>\n\t\t\t\t<\/div>\n\t\t\t\t\t<\/div>\n\t\t<\/div>\n\t\t\t\t\t<\/div>\n\t\t<\/section>\n\t\t\t\t<section class=\"elementor-section elementor-top-section elementor-element elementor-element-ff1f24c elementor-section-boxed elementor-section-height-default elementor-section-height-default\" data-id=\"ff1f24c\" data-element_type=\"section\" data-e-type=\"section\">\n\t\t\t\t\t\t<div class=\"elementor-container elementor-column-gap-default\">\n\t\t\t\t\t<div class=\"elementor-column elementor-col-33 elementor-top-column elementor-element elementor-element-cc4b2ac\" data-id=\"cc4b2ac\" data-element_type=\"column\" data-e-type=\"column\">\n\t\t\t<div class=\"elementor-widget-wrap elementor-element-populated\">\n\t\t\t\t\t\t<div class=\"elementor-element elementor-element-56bdc2f elementor-widget elementor-widget-image\" data-id=\"56bdc2f\" data-element_type=\"widget\" data-e-type=\"widget\" data-widget_type=\"image.default\">\n\t\t\t\t<div class=\"elementor-widget-container\">\n\t\t\t\t\t\t\t\t\t\t\t\t\t\t\t<img fetchpriority=\"high\" decoding=\"async\" width=\"800\" height=\"534\" src=\"https:\/\/ifalpes.com\/wp-content\/uploads\/2024\/09\/05_KLF_ANNECY_216_websize-1024x683.jpg\" class=\"attachment-large size-large wp-image-26509\" alt=\"\" srcset=\"https:\/\/ifalpes.com\/wp-content\/uploads\/2024\/09\/05_KLF_ANNECY_216_websize-1024x683.jpg 1024w, https:\/\/ifalpes.com\/wp-content\/uploads\/2024\/09\/05_KLF_ANNECY_216_websize-300x200.jpg 300w, https:\/\/ifalpes.com\/wp-content\/uploads\/2024\/09\/05_KLF_ANNECY_216_websize-768x512.jpg 768w, https:\/\/ifalpes.com\/wp-content\/uploads\/2024\/09\/05_KLF_ANNECY_216_websize-1536x1024.jpg 1536w, https:\/\/ifalpes.com\/wp-content\/uploads\/2024\/09\/05_KLF_ANNECY_216_websize.jpg 2048w\" sizes=\"(max-width: 800px) 100vw, 800px\" \/>\t\t\t\t\t\t\t\t\t\t\t\t\t\t\t<\/div>\n\t\t\t\t<\/div>\n\t\t\t\t<div class=\"elementor-element elementor-element-5e9534a elementor-widget elementor-widget-image\" data-id=\"5e9534a\" data-element_type=\"widget\" data-e-type=\"widget\" data-widget_type=\"image.default\">\n\t\t\t\t<div class=\"elementor-widget-container\">\n\t\t\t\t\t\t\t\t\t\t\t\t\t\t\t<img decoding=\"async\" width=\"800\" height=\"534\" src=\"https:\/\/ifalpes.com\/wp-content\/uploads\/2024\/09\/05_KLF_ANNECY_237_websize-1024x683.jpg\" class=\"attachment-large size-large wp-image-26469\" alt=\"\" srcset=\"https:\/\/ifalpes.com\/wp-content\/uploads\/2024\/09\/05_KLF_ANNECY_237_websize-1024x683.jpg 1024w, https:\/\/ifalpes.com\/wp-content\/uploads\/2024\/09\/05_KLF_ANNECY_237_websize-300x200.jpg 300w, https:\/\/ifalpes.com\/wp-content\/uploads\/2024\/09\/05_KLF_ANNECY_237_websize-768x512.jpg 768w, https:\/\/ifalpes.com\/wp-content\/uploads\/2024\/09\/05_KLF_ANNECY_237_websize-1536x1024.jpg 1536w, https:\/\/ifalpes.com\/wp-content\/uploads\/2024\/09\/05_KLF_ANNECY_237_websize.jpg 2048w\" sizes=\"(max-width: 800px) 100vw, 800px\" \/>\t\t\t\t\t\t\t\t\t\t\t\t\t\t\t<\/div>\n\t\t\t\t<\/div>\n\t\t\t\t\t<\/div>\n\t\t<\/div>\n\t\t\t\t<div class=\"elementor-column elementor-col-33 elementor-top-column elementor-element elementor-element-0fc1a36\" data-id=\"0fc1a36\" data-element_type=\"column\" data-e-type=\"column\">\n\t\t\t<div class=\"elementor-widget-wrap elementor-element-populated\">\n\t\t\t\t\t\t<div class=\"elementor-element elementor-element-4159fd4 elementor-widget elementor-widget-image\" data-id=\"4159fd4\" data-element_type=\"widget\" data-e-type=\"widget\" data-widget_type=\"image.default\">\n\t\t\t\t<div class=\"elementor-widget-container\">\n\t\t\t\t\t\t\t\t\t\t\t\t\t\t\t<img decoding=\"async\" width=\"683\" height=\"1024\" src=\"https:\/\/ifalpes.com\/wp-content\/uploads\/2024\/09\/05_KLF_ANNECY_231_websize-683x1024.jpg\" class=\"attachment-large size-large wp-image-26477\" alt=\"\" srcset=\"https:\/\/ifalpes.com\/wp-content\/uploads\/2024\/09\/05_KLF_ANNECY_231_websize-683x1024.jpg 683w, https:\/\/ifalpes.com\/wp-content\/uploads\/2024\/09\/05_KLF_ANNECY_231_websize-200x300.jpg 200w, https:\/\/ifalpes.com\/wp-content\/uploads\/2024\/09\/05_KLF_ANNECY_231_websize-768x1152.jpg 768w, https:\/\/ifalpes.com\/wp-content\/uploads\/2024\/09\/05_KLF_ANNECY_231_websize-1024x1536.jpg 1024w, https:\/\/ifalpes.com\/wp-content\/uploads\/2024\/09\/05_KLF_ANNECY_231_websize.jpg 1365w\" sizes=\"(max-width: 683px) 100vw, 683px\" \/>\t\t\t\t\t\t\t\t\t\t\t\t\t\t\t<\/div>\n\t\t\t\t<\/div>\n\t\t\t\t\t<\/div>\n\t\t<\/div>\n\t\t\t\t<div class=\"elementor-column elementor-col-33 elementor-top-column elementor-element elementor-element-159dc53\" data-id=\"159dc53\" data-element_type=\"column\" data-e-type=\"column\">\n\t\t\t<div class=\"elementor-widget-wrap elementor-element-populated\">\n\t\t\t\t\t\t<div class=\"elementor-element elementor-element-084b4c4 elementor-widget elementor-widget-image\" data-id=\"084b4c4\" data-element_type=\"widget\" data-e-type=\"widget\" data-widget_type=\"image.default\">\n\t\t\t\t<div class=\"elementor-widget-container\">\n\t\t\t\t\t\t\t\t\t\t\t\t\t\t\t<img loading=\"lazy\" decoding=\"async\" width=\"800\" height=\"534\" src=\"https:\/\/ifalpes.com\/wp-content\/uploads\/2024\/09\/05_KLF_ANNECY_227_websize-1024x683.jpg\" class=\"attachment-large size-large wp-image-26485\" alt=\"\" srcset=\"https:\/\/ifalpes.com\/wp-content\/uploads\/2024\/09\/05_KLF_ANNECY_227_websize-1024x683.jpg 1024w, https:\/\/ifalpes.com\/wp-content\/uploads\/2024\/09\/05_KLF_ANNECY_227_websize-300x200.jpg 300w, https:\/\/ifalpes.com\/wp-content\/uploads\/2024\/09\/05_KLF_ANNECY_227_websize-768x512.jpg 768w, https:\/\/ifalpes.com\/wp-content\/uploads\/2024\/09\/05_KLF_ANNECY_227_websize-1536x1024.jpg 1536w, https:\/\/ifalpes.com\/wp-content\/uploads\/2024\/09\/05_KLF_ANNECY_227_websize.jpg 2048w\" sizes=\"(max-width: 800px) 100vw, 800px\" \/>\t\t\t\t\t\t\t\t\t\t\t\t\t\t\t<\/div>\n\t\t\t\t<\/div>\n\t\t\t\t<div class=\"elementor-element elementor-element-3f04ec8 elementor-widget elementor-widget-image\" data-id=\"3f04ec8\" data-element_type=\"widget\" data-e-type=\"widget\" data-widget_type=\"image.default\">\n\t\t\t\t<div class=\"elementor-widget-container\">\n\t\t\t\t\t\t\t\t\t\t\t\t\t\t\t<img loading=\"lazy\" decoding=\"async\" width=\"800\" height=\"534\" src=\"https:\/\/ifalpes.com\/wp-content\/uploads\/2024\/09\/05_KLF_ANNECY_190_websize-1024x683.jpg\" class=\"attachment-large size-large wp-image-26541\" alt=\"\" srcset=\"https:\/\/ifalpes.com\/wp-content\/uploads\/2024\/09\/05_KLF_ANNECY_190_websize-1024x683.jpg 1024w, https:\/\/ifalpes.com\/wp-content\/uploads\/2024\/09\/05_KLF_ANNECY_190_websize-300x200.jpg 300w, https:\/\/ifalpes.com\/wp-content\/uploads\/2024\/09\/05_KLF_ANNECY_190_websize-768x512.jpg 768w, https:\/\/ifalpes.com\/wp-content\/uploads\/2024\/09\/05_KLF_ANNECY_190_websize-1536x1024.jpg 1536w, https:\/\/ifalpes.com\/wp-content\/uploads\/2024\/09\/05_KLF_ANNECY_190_websize.jpg 2048w\" sizes=\"(max-width: 800px) 100vw, 800px\" \/>\t\t\t\t\t\t\t\t\t\t\t\t\t\t\t<\/div>\n\t\t\t\t<\/div>\n\t\t\t\t\t<\/div>\n\t\t<\/div>\n\t\t\t\t\t<\/div>\n\t\t<\/section>\n\t\t\t\t<section class=\"elementor-section elementor-top-section elementor-element elementor-element-8654efc elementor-section-boxed elementor-section-height-default elementor-section-height-default\" data-id=\"8654efc\" data-element_type=\"section\" data-e-type=\"section\">\n\t\t\t\t\t\t<div class=\"elementor-container elementor-column-gap-default\">\n\t\t\t\t\t<div class=\"elementor-column elementor-col-100 elementor-top-column elementor-element elementor-element-3c2fbbf\" data-id=\"3c2fbbf\" data-element_type=\"column\" data-e-type=\"column\">\n\t\t\t<div class=\"elementor-widget-wrap elementor-element-populated\">\n\t\t\t\t\t\t<div class=\"elementor-element elementor-element-5c379dc elementor-widget elementor-widget-heading\" data-id=\"5c379dc\" data-element_type=\"widget\" data-e-type=\"widget\" data-widget_type=\"heading.default\">\n\t\t\t\t<div class=\"elementor-widget-container\">\n\t\t\t\t\t<h2 class=\"elementor-heading-title elementor-size-default\">\u00bfQu\u00e9 programa de cursos generales de franc\u00e9s?<\/h2>\t\t\t\t<\/div>\n\t\t\t\t<\/div>\n\t\t\t\t<div class=\"elementor-element elementor-element-eec7ab1 elementor-widget elementor-widget-text-editor\" data-id=\"eec7ab1\" data-element_type=\"widget\" data-e-type=\"widget\" data-widget_type=\"text-editor.default\">\n\t\t\t\t<div class=\"elementor-widget-container\">\n\t\t\t\t\t\t\t\t\t<p>Hay 7 programas diferentes para cada nivel:<\/p>\n<ul>\n<li>A1.1 (A0): programa de 2 semanas<\/li>\n<li>A1, A2, B1, B2: programa de 8 semanas<\/li>\n<li>C1\/C2: programa de 16 semanas<\/li>\n<\/ul>\n<p>En cada uno de los 7 programas se trabaja la comunicaci\u00f3n, la gram\u00e1tica y el vocabulario.<\/p>\n<p>En \u00abComunicaci\u00f3n\u00bb y \u00abGram\u00e1tica\u00bb, los objetivos se fijan cada semana para cada nivel.<\/p>\n<p>El profesor adapta su ense\u00f1anza en funci\u00f3n de los conocimientos previos individuales y colectivos de los participantes del grupo durante la semana.<br \/>\nPara \u00abVocabulario\u00bb, se proponen 2 temas cada semana. El profesor selecciona un tema para trabajarlo en profundidad.<br \/>\nA lo largo de la semana, los alumnos trabajan las cuatro destrezas: producci\u00f3n oral y escrita, comprensi\u00f3n oral y escrita.<br \/>\nEl profesor es libre de preparar y proponer los m\u00e9todos pedag\u00f3gicos que desee para alcanzar eficazmente los objetivos del programa.<br \/>\nLa evaluaci\u00f3n continua (ejercicios, pruebas de autoevaluaci\u00f3n, debates con el profesor y los alumnos, etc.) permite a los estudiantes hacer balance de lo que han aprendido y proponer actividades de recuperaci\u00f3n en caso necesario.<br \/>\nNuestro enfoque pedag\u00f3gico es din\u00e1mico, participativo y de f\u00e1cil utilizaci\u00f3n, con actividades basadas en situaciones de la vida real.<\/p>\n<p>Ejemplo de actividad en clase :<\/p>\n<ul>\n<li>A1: para aprender a pedir en un restaurante, el profesor propone un juego de roles. El profesor hace de camarero y el alumno de cliente.<\/li>\n<li>A2: \u00abEl juego de las afirmaciones\u00bb: cada alumno dice tres afirmaciones sobre s\u00ed mismo, dos verdaderas y una falsa. Con la ayuda de preguntas, los dem\u00e1s alumnos tienen que encontrar la falsa.<\/li>\n<li>B1\/B2: Para trabajar la opini\u00f3n, el profesor propone una situaci\u00f3n concreta: en una empresa, algunos empleados piden una sala para fumadores, mientras que otros se oponen a la idea. Al final del debate, hay que encontrar una soluci\u00f3n colectiva.<\/li>\n<\/ul>\n\t\t\t\t\t\t\t\t<\/div>\n\t\t\t\t<\/div>\n\t\t\t\t\t<\/div>\n\t\t<\/div>\n\t\t\t\t\t<\/div>\n\t\t<\/section>\n\t\t\t\t<section class=\"elementor-section elementor-top-section elementor-element elementor-element-6935eea elementor-section-full_width elementor-section-height-default elementor-section-height-default\" data-id=\"6935eea\" data-element_type=\"section\" data-e-type=\"section\">\n\t\t\t\t\t\t<div class=\"elementor-container elementor-column-gap-default\">\n\t\t\t\t\t<div class=\"elementor-column elementor-col-33 elementor-top-column elementor-element elementor-element-596766e\" data-id=\"596766e\" data-element_type=\"column\" data-e-type=\"column\">\n\t\t\t<div class=\"elementor-widget-wrap\">\n\t\t\t\t\t\t\t<\/div>\n\t\t<\/div>\n\t\t\t\t<div class=\"elementor-column elementor-col-33 elementor-top-column elementor-element elementor-element-65e51cf\" data-id=\"65e51cf\" data-element_type=\"column\" data-e-type=\"column\">\n\t\t\t<div class=\"elementor-widget-wrap elementor-element-populated\">\n\t\t\t\t\t\t<div class=\"elementor-element elementor-element-aaf1a50 elementor-arrows-position-outside elementor-pagination-position-outside elementor-widget elementor-widget-image-carousel\" data-id=\"aaf1a50\" data-element_type=\"widget\" data-e-type=\"widget\" data-settings=\"{&quot;slides_to_show&quot;:&quot;1&quot;,&quot;navigation&quot;:&quot;both&quot;,&quot;autoplay&quot;:&quot;yes&quot;,&quot;pause_on_hover&quot;:&quot;yes&quot;,&quot;pause_on_interaction&quot;:&quot;yes&quot;,&quot;autoplay_speed&quot;:5000,&quot;infinite&quot;:&quot;yes&quot;,&quot;effect&quot;:&quot;slide&quot;,&quot;speed&quot;:500}\" data-widget_type=\"image-carousel.default\">\n\t\t\t\t<div class=\"elementor-widget-container\">\n\t\t\t\t\t\t\t<div class=\"elementor-image-carousel-wrapper swiper\" role=\"region\" aria-roledescription=\"carousel\" aria-label=\"Carrusel de im\u00e1genes\" dir=\"ltr\">\n\t\t\t<div class=\"elementor-image-carousel swiper-wrapper\" aria-live=\"off\">\n\t\t\t\t\t\t\t\t<div class=\"swiper-slide\" role=\"group\" aria-roledescription=\"slide\" aria-label=\"1 de 6\"><figure class=\"swiper-slide-inner\"><img decoding=\"async\" class=\"swiper-slide-image\" src=\"https:\/\/ifalpes.com\/wp-content\/uploads\/elementor\/thumbs\/Exemple-A1.1-qdsm04vq217vdppeu6gz032b1os9x20tbqxt37ju0a.jpg\" alt=\"Exemple A1.1\" \/><\/figure><\/div><div class=\"swiper-slide\" role=\"group\" aria-roledescription=\"slide\" aria-label=\"2 de 6\"><figure class=\"swiper-slide-inner\"><img decoding=\"async\" class=\"swiper-slide-image\" src=\"https:\/\/ifalpes.com\/wp-content\/uploads\/elementor\/thumbs\/Exemple-A1-qdsm05tk8v95pbo1oovlkktrn2nn4r4jnvlakhifu2.jpg\" alt=\"Exemple A1\" \/><\/figure><\/div><div class=\"swiper-slide\" role=\"group\" aria-roledescription=\"slide\" aria-label=\"3 de 6\"><figure class=\"swiper-slide-inner\"><img decoding=\"async\" class=\"swiper-slide-image\" src=\"https:\/\/ifalpes.com\/wp-content\/uploads\/elementor\/thumbs\/Exemple-A2-qdsm06refpag0xmoj7a852l88gj0cg8a008s1rh1nu.jpg\" alt=\"Exemple A2\" \/><\/figure><\/div><div class=\"swiper-slide\" role=\"group\" aria-roledescription=\"slide\" aria-label=\"4 de 6\"><figure class=\"swiper-slide-inner\"><img decoding=\"async\" class=\"swiper-slide-image\" src=\"https:\/\/ifalpes.com\/wp-content\/uploads\/elementor\/thumbs\/Exemple-B1--qdsm07p8mjbqcjlbdpoupkcotuedk5c0c4w9j1fnhm.jpg\" alt=\"Exemple B1\" \/><\/figure><\/div><div class=\"swiper-slide\" role=\"group\" aria-roledescription=\"slide\" aria-label=\"5 de 6\"><figure class=\"swiper-slide-inner\"><img decoding=\"async\" class=\"swiper-slide-image\" src=\"https:\/\/ifalpes.com\/wp-content\/uploads\/elementor\/thumbs\/Exemple-B2-qdsm08n2tdd0o5jy883ha245f89qrufqo9jr0be9be.jpg\" alt=\"Exemple B2\" \/><\/figure><\/div><div class=\"swiper-slide\" role=\"group\" aria-roledescription=\"slide\" aria-label=\"6 de 6\"><figure class=\"swiper-slide-inner\"><img decoding=\"async\" class=\"swiper-slide-image\" src=\"https:\/\/ifalpes.com\/wp-content\/uploads\/elementor\/thumbs\/Exemple-C1-qdsm09kx07eazril2qi3ujvm0m53zjjh0e78hlcv56.jpg\" alt=\"Exemple C1\" \/><\/figure><\/div>\t\t\t<\/div>\n\t\t\t\t\t\t\t\t\t\t\t\t<div class=\"elementor-swiper-button elementor-swiper-button-prev\" role=\"button\" tabindex=\"0\">\n\t\t\t\t\t\t<i aria-hidden=\"true\" class=\"eicon-chevron-left\"><\/i>\t\t\t\t\t<\/div>\n\t\t\t\t\t<div class=\"elementor-swiper-button elementor-swiper-button-next\" role=\"button\" tabindex=\"0\">\n\t\t\t\t\t\t<i aria-hidden=\"true\" class=\"eicon-chevron-right\"><\/i>\t\t\t\t\t<\/div>\n\t\t\t\t\n\t\t\t\t\t\t\t\t\t<div class=\"swiper-pagination\"><\/div>\n\t\t\t\t\t\t\t\t\t<\/div>\n\t\t\t\t\t\t<\/div>\n\t\t\t\t<\/div>\n\t\t\t\t\t<\/div>\n\t\t<\/div>\n\t\t\t\t<div class=\"elementor-column elementor-col-33 elementor-top-column elementor-element elementor-element-3be2d4d\" data-id=\"3be2d4d\" data-element_type=\"column\" data-e-type=\"column\">\n\t\t\t<div class=\"elementor-widget-wrap\">\n\t\t\t\t\t\t\t<\/div>\n\t\t<\/div>\n\t\t\t\t\t<\/div>\n\t\t<\/section>\n\t\t\t\t<\/div>\n\t\t","protected":false},"excerpt":{"rendered":"<p>Metodolog\u00eda pedag\u00f3gica de IFALPES IFALPES cuenta con una amplia experiencia en la ense\u00f1anza del franc\u00e9s como lengua extranjera y favorece un enfoque comunicativo para que sus alumnos aprendan a comunicarse eficazmente en situaciones cotidianas concretas. IFALPES promueve el aprendizaje del franc\u00e9s a trav\u00e9s de un enfoque comunicativo. En las clases, los profesores trabajan la gram\u00e1tica, [&hellip;]<\/p>\n","protected":false},"author":1,"featured_media":21487,"parent":21967,"menu_order":0,"comment_status":"closed","ping_status":"closed","template":"","meta":{"_acf_changed":false,"content-type":"","footnotes":""},"class_list":["post-21971","page","type-page","status-publish","has-post-thumbnail","hentry"],"acf":[],"_links":{"self":[{"href":"https:\/\/ifalpes.com\/es\/wp-json\/wp\/v2\/pages\/21971","targetHints":{"allow":["GET"]}}],"collection":[{"href":"https:\/\/ifalpes.com\/es\/wp-json\/wp\/v2\/pages"}],"about":[{"href":"https:\/\/ifalpes.com\/es\/wp-json\/wp\/v2\/types\/page"}],"author":[{"embeddable":true,"href":"https:\/\/ifalpes.com\/es\/wp-json\/wp\/v2\/users\/1"}],"replies":[{"embeddable":true,"href":"https:\/\/ifalpes.com\/es\/wp-json\/wp\/v2\/comments?post=21971"}],"version-history":[{"count":12,"href":"https:\/\/ifalpes.com\/es\/wp-json\/wp\/v2\/pages\/21971\/revisions"}],"predecessor-version":[{"id":26900,"href":"https:\/\/ifalpes.com\/es\/wp-json\/wp\/v2\/pages\/21971\/revisions\/26900"}],"up":[{"embeddable":true,"href":"https:\/\/ifalpes.com\/es\/wp-json\/wp\/v2\/pages\/21967"}],"wp:featuredmedia":[{"embeddable":true,"href":"https:\/\/ifalpes.com\/es\/wp-json\/wp\/v2\/media\/21487"}],"wp:attachment":[{"href":"https:\/\/ifalpes.com\/es\/wp-json\/wp\/v2\/media?parent=21971"}],"curies":[{"name":"wp","href":"https:\/\/api.w.org\/{rel}","templated":true}]}}