{"id":21969,"date":"2022-06-30T08:30:56","date_gmt":"2022-06-30T08:30:56","guid":{"rendered":"https:\/\/ifalpes.com\/educacion\/niveles-linguisticos\/"},"modified":"2024-10-16T08:03:43","modified_gmt":"2024-10-16T08:03:43","slug":"niveles-linguisticos","status":"publish","type":"page","link":"https:\/\/ifalpes.com\/es\/educacion\/niveles-linguisticos\/","title":{"rendered":"Niveles ling\u00fc\u00edsticos"},"content":{"rendered":"\t\t<div data-elementor-type=\"wp-page\" data-elementor-id=\"21969\" class=\"elementor elementor-21969 elementor-117\" data-elementor-post-type=\"page\">\n\t\t\t\t\t\t<section class=\"elementor-section elementor-top-section elementor-element elementor-element-9b80a4f elementor-section-boxed elementor-section-height-default elementor-section-height-default\" data-id=\"9b80a4f\" data-element_type=\"section\" data-e-type=\"section\">\n\t\t\t\t\t\t<div class=\"elementor-container elementor-column-gap-default\">\n\t\t\t\t\t<div class=\"elementor-column elementor-col-100 elementor-top-column elementor-element elementor-element-990800e\" data-id=\"990800e\" data-element_type=\"column\" data-e-type=\"column\">\n\t\t\t<div class=\"elementor-widget-wrap elementor-element-populated\">\n\t\t\t\t\t\t<div class=\"elementor-element elementor-element-cb48ea4 elementor-widget elementor-widget-heading\" data-id=\"cb48ea4\" data-element_type=\"widget\" data-e-type=\"widget\" data-widget_type=\"heading.default\">\n\t\t\t\t<div class=\"elementor-widget-container\">\n\t\t\t\t\t<h2 class=\"elementor-heading-title elementor-size-default\">Los niveles<\/h2>\t\t\t\t<\/div>\n\t\t\t\t<\/div>\n\t\t\t\t<div class=\"elementor-element elementor-element-a8a13df elementor-widget elementor-widget-text-editor\" data-id=\"a8a13df\" data-element_type=\"widget\" data-e-type=\"widget\" data-widget_type=\"text-editor.default\">\n\t\t\t\t<div class=\"elementor-widget-container\">\n\t\t\t\t\t\t\t\t\t<p>Los alumnos se reparten en grupos que corresponden a su nivel de franc\u00e9s. Utilizamos el Marco Com\u00fan Europeo de Referencia para las Lenguas. Este marco, mundialmente conocido, contiene 6 niveles y enumera para cada nivel las competencias y conocimientos requeridos.<\/p>\n<p><strong>COMPRENSI\u00d3N:<\/strong> escuchar y leer<\/p>\n<p><strong>HABLA:<\/strong> participar en una comunicaci\u00f3n, expresarse oralmente de forma continua<\/p>\n<p><strong>ESCRITURA:<\/strong> escribir<\/p>\n\t\t\t\t\t\t\t\t<\/div>\n\t\t\t\t<\/div>\n\t\t\t\t<div class=\"elementor-element elementor-element-c214761 elementor-widget elementor-widget-text-editor\" data-id=\"c214761\" data-element_type=\"widget\" data-e-type=\"widget\" data-widget_type=\"text-editor.default\">\n\t\t\t\t<div class=\"elementor-widget-container\">\n\t\t\t\t\t\t\t\t\t<p class=\"p1\">El Marco Com\u00fan Europeo de Referencia para las Lenguas (MCER) define seis niveles de competencia ling\u00fc\u00edstica:<\/p>\n<p class=\"p3\">-A1<b>(Principiante)<\/b>: Comprender y utilizar frases sencillas con fines cotidianos.<\/p>\n<p class=\"p3\">-A2<b>(Elemental<\/b> ): Capacidad para intercambiar informaci\u00f3n b\u00e1sica sobre temas conocidos.<\/p>\n<p class=\"p3\"><b>B1 (Preintermedio)<\/b>: Comprensi\u00f3n y expresi\u00f3n en situaciones familiares o relacionadas con el trabajo.<\/p>\n<p class=\"p3\">-B2<b>(Intermedio<\/b> ): Interacci\u00f3n y argumentaci\u00f3n fluidas sobre temas complejos.<\/p>\n<p class=\"p3\">-C1<b>(Avanzado<\/b> ): Expresi\u00f3n fluida, comprensi\u00f3n de textos largos y exigentes.<\/p>\n<p class=\"p3\">-C2<b>(Maestr\u00eda<\/b> ): Comprensi\u00f3n y expresi\u00f3n sin esfuerzo, incluso en temas muy t\u00e9cnicos.<\/p>\n\t\t\t\t\t\t\t\t<\/div>\n\t\t\t\t<\/div>\n\t\t\t\t\t<\/div>\n\t\t<\/div>\n\t\t\t\t\t<\/div>\n\t\t<\/section>\n\t\t\t\t<section class=\"elementor-section elementor-top-section elementor-element elementor-element-3a44a4b elementor-section-boxed elementor-section-height-default elementor-section-height-default\" data-id=\"3a44a4b\" data-element_type=\"section\" data-e-type=\"section\">\n\t\t\t\t\t\t<div class=\"elementor-container elementor-column-gap-default\">\n\t\t\t\t\t<div class=\"elementor-column elementor-col-100 elementor-top-column elementor-element elementor-element-d516f68\" data-id=\"d516f68\" data-element_type=\"column\" data-e-type=\"column\">\n\t\t\t<div class=\"elementor-widget-wrap elementor-element-populated\">\n\t\t\t\t\t\t<div class=\"elementor-element elementor-element-270de10 elementor-widget elementor-widget-image\" data-id=\"270de10\" data-element_type=\"widget\" data-e-type=\"widget\" data-widget_type=\"image.default\">\n\t\t\t\t<div class=\"elementor-widget-container\">\n\t\t\t\t\t\t\t\t\t\t\t\t\t\t\t\t<a href=\"http:\/\/ifalpes.com\/wp-content\/uploads\/2022\/08\/assessment_grid_english.png\" data-elementor-open-lightbox=\"yes\" data-elementor-lightbox-title=\"assessment_grid_english\" data-e-action-hash=\"#elementor-action%3Aaction%3Dlightbox%26settings%3DeyJpZCI6NDYwLCJ1cmwiOiJodHRwczpcL1wvaWZhbHBlcy5jb21cL3dwLWNvbnRlbnRcL3VwbG9hZHNcLzIwMjJcLzA4XC9hc3Nlc3NtZW50X2dyaWRfZW5nbGlzaC5wbmcifQ%3D%3D\">\n\t\t\t\t\t\t\t<img fetchpriority=\"high\" decoding=\"async\" width=\"800\" height=\"566\" src=\"https:\/\/ifalpes.com\/wp-content\/uploads\/2022\/08\/assessment_grid_english-1024x724.png\" class=\"attachment-large size-large wp-image-460\" alt=\"\" srcset=\"https:\/\/ifalpes.com\/wp-content\/uploads\/2022\/08\/assessment_grid_english-1024x724.png 1024w, https:\/\/ifalpes.com\/wp-content\/uploads\/2022\/08\/assessment_grid_english-300x212.png 300w, https:\/\/ifalpes.com\/wp-content\/uploads\/2022\/08\/assessment_grid_english-768x543.png 768w, https:\/\/ifalpes.com\/wp-content\/uploads\/2022\/08\/assessment_grid_english-1536x1086.png 1536w, https:\/\/ifalpes.com\/wp-content\/uploads\/2022\/08\/assessment_grid_english.png 1754w\" sizes=\"(max-width: 800px) 100vw, 800px\" \/>\t\t\t\t\t\t\t\t<\/a>\n\t\t\t\t\t\t\t\t\t\t\t\t\t\t\t<\/div>\n\t\t\t\t<\/div>\n\t\t\t\t\t<\/div>\n\t\t<\/div>\n\t\t\t\t\t<\/div>\n\t\t<\/section>\n\t\t\t\t<\/div>\n\t\t","protected":false},"excerpt":{"rendered":"<p>Los niveles Los alumnos se reparten en grupos que corresponden a su nivel de franc\u00e9s. Utilizamos el Marco Com\u00fan Europeo de Referencia para las Lenguas. Este marco, mundialmente conocido, contiene 6 niveles y enumera para cada nivel las competencias y conocimientos requeridos. COMPRENSI\u00d3N: escuchar y leer HABLA: participar en una comunicaci\u00f3n, expresarse oralmente de forma [&hellip;]<\/p>\n","protected":false},"author":1,"featured_media":21484,"parent":21967,"menu_order":0,"comment_status":"closed","ping_status":"closed","template":"","meta":{"_acf_changed":false,"content-type":"","footnotes":""},"class_list":["post-21969","page","type-page","status-publish","has-post-thumbnail","hentry"],"acf":[],"_links":{"self":[{"href":"https:\/\/ifalpes.com\/es\/wp-json\/wp\/v2\/pages\/21969","targetHints":{"allow":["GET"]}}],"collection":[{"href":"https:\/\/ifalpes.com\/es\/wp-json\/wp\/v2\/pages"}],"about":[{"href":"https:\/\/ifalpes.com\/es\/wp-json\/wp\/v2\/types\/page"}],"author":[{"embeddable":true,"href":"https:\/\/ifalpes.com\/es\/wp-json\/wp\/v2\/users\/1"}],"replies":[{"embeddable":true,"href":"https:\/\/ifalpes.com\/es\/wp-json\/wp\/v2\/comments?post=21969"}],"version-history":[{"count":3,"href":"https:\/\/ifalpes.com\/es\/wp-json\/wp\/v2\/pages\/21969\/revisions"}],"predecessor-version":[{"id":27377,"href":"https:\/\/ifalpes.com\/es\/wp-json\/wp\/v2\/pages\/21969\/revisions\/27377"}],"up":[{"embeddable":true,"href":"https:\/\/ifalpes.com\/es\/wp-json\/wp\/v2\/pages\/21967"}],"wp:featuredmedia":[{"embeddable":true,"href":"https:\/\/ifalpes.com\/es\/wp-json\/wp\/v2\/media\/21484"}],"wp:attachment":[{"href":"https:\/\/ifalpes.com\/es\/wp-json\/wp\/v2\/media?parent=21969"}],"curies":[{"name":"wp","href":"https:\/\/api.w.org\/{rel}","templated":true}]}}