{"id":21967,"date":"2022-06-30T08:30:28","date_gmt":"2022-06-30T08:30:28","guid":{"rendered":"https:\/\/ifalpes.com\/educacion\/"},"modified":"2022-12-15T14:29:55","modified_gmt":"2022-12-15T14:29:55","slug":"educacion","status":"publish","type":"page","link":"https:\/\/ifalpes.com\/es\/educacion\/","title":{"rendered":"Educaci\u00f3n"},"content":{"rendered":"\t\t<div data-elementor-type=\"wp-page\" data-elementor-id=\"21967\" class=\"elementor elementor-21967 elementor-115\" data-elementor-post-type=\"page\">\n\t\t\t\t\t\t<section class=\"elementor-section elementor-top-section elementor-element elementor-element-03bc99f elementor-section-boxed elementor-section-height-default elementor-section-height-default\" data-id=\"03bc99f\" data-element_type=\"section\" data-e-type=\"section\">\n\t\t\t\t\t\t<div class=\"elementor-container elementor-column-gap-default\">\n\t\t\t\t\t<div class=\"elementor-column elementor-col-100 elementor-top-column elementor-element elementor-element-0e9ad13\" data-id=\"0e9ad13\" data-element_type=\"column\" data-e-type=\"column\">\n\t\t\t<div class=\"elementor-widget-wrap elementor-element-populated\">\n\t\t\t\t\t\t<div class=\"elementor-element elementor-element-0788041 elementor-grid-3 elementor-grid-tablet-2 elementor-grid-mobile-1 elementor-posts--thumbnail-top elementor-posts--show-avatar elementor-card-shadow-yes elementor-posts__hover-gradient elementor-widget elementor-widget-posts\" data-id=\"0788041\" data-element_type=\"widget\" data-e-type=\"widget\" data-settings=\"{&quot;cards_columns&quot;:&quot;3&quot;,&quot;cards_columns_tablet&quot;:&quot;2&quot;,&quot;cards_columns_mobile&quot;:&quot;1&quot;,&quot;cards_row_gap&quot;:{&quot;unit&quot;:&quot;px&quot;,&quot;size&quot;:35,&quot;sizes&quot;:[]},&quot;cards_row_gap_tablet&quot;:{&quot;unit&quot;:&quot;px&quot;,&quot;size&quot;:&quot;&quot;,&quot;sizes&quot;:[]},&quot;cards_row_gap_mobile&quot;:{&quot;unit&quot;:&quot;px&quot;,&quot;size&quot;:&quot;&quot;,&quot;sizes&quot;:[]}}\" data-widget_type=\"posts.cards\">\n\t\t\t\t<div class=\"elementor-widget-container\">\n\t\t\t\t\t\t\t<div class=\"elementor-posts-container elementor-posts elementor-posts--skin-cards elementor-grid\" role=\"list\">\n\t\t\t\t<article class=\"elementor-post elementor-grid-item post-21969 page type-page status-publish has-post-thumbnail hentry\" role=\"listitem\">\n\t\t\t<div class=\"elementor-post__card\">\n\t\t\t\t<a class=\"elementor-post__thumbnail__link\" href=\"https:\/\/ifalpes.com\/es\/educacion\/niveles-linguisticos\/\" tabindex=\"-1\" ><div class=\"elementor-post__thumbnail\"><img fetchpriority=\"high\" decoding=\"async\" width=\"300\" height=\"200\" src=\"https:\/\/ifalpes.com\/wp-content\/uploads\/2022\/12\/D76A0470-300x200.jpg\" class=\"attachment-medium size-medium wp-image-21484\" alt=\"\" srcset=\"https:\/\/ifalpes.com\/wp-content\/uploads\/2022\/12\/D76A0470-300x200.jpg 300w, https:\/\/ifalpes.com\/wp-content\/uploads\/2022\/12\/D76A0470-1024x683.jpg 1024w, https:\/\/ifalpes.com\/wp-content\/uploads\/2022\/12\/D76A0470-768x512.jpg 768w, https:\/\/ifalpes.com\/wp-content\/uploads\/2022\/12\/D76A0470-1536x1025.jpg 1536w, https:\/\/ifalpes.com\/wp-content\/uploads\/2022\/12\/D76A0470.jpg 2048w\" sizes=\"(max-width: 300px) 100vw, 300px\" \/><\/div><\/a>\n\t\t\t\t<div class=\"elementor-post__avatar\">\n\t\t\t<img alt='Digital KLF' src='https:\/\/secure.gravatar.com\/avatar\/dc5572e2f2b83267a9feed99fcd9d242702705cfd5604cc092ecb6d26fe0a7e8?s=128&#038;d=mm&#038;r=g' srcset='https:\/\/secure.gravatar.com\/avatar\/dc5572e2f2b83267a9feed99fcd9d242702705cfd5604cc092ecb6d26fe0a7e8?s=256&#038;d=mm&#038;r=g 2x' class='avatar avatar-128 photo' height='128' width='128' \/>\t\t<\/div>\n\t\t\t\t<div class=\"elementor-post__text\">\n\t\t\t\t<h3 class=\"elementor-post__title\">\n\t\t\t<a href=\"https:\/\/ifalpes.com\/es\/educacion\/niveles-linguisticos\/\" >\n\t\t\t\tNiveles ling\u00fc\u00edsticos\t\t\t<\/a>\n\t\t<\/h3>\n\t\t\t\t<div class=\"elementor-post__excerpt\">\n\t\t\t<p>Los niveles Los alumnos se reparten en grupos que corresponden a su nivel de franc\u00e9s. Utilizamos el Marco Com\u00fan Europeo de Referencia para las Lenguas. Este marco, mundialmente conocido, contiene 6 niveles y enumera para cada nivel las competencias y conocimientos requeridos. COMPRENSI\u00d3N: escuchar y leer HABLA: participar en una comunicaci\u00f3n, expresarse oralmente de forma continua ESCRITURA: escribir El Marco Com\u00fan Europeo de Referencia para las Lenguas (MCER) define seis niveles de competencia ling\u00fc\u00edstica: -A1(Principiante): Comprender y utilizar frases sencillas con fines cotidianos. -A2(Elemental ): Capacidad para intercambiar informaci\u00f3n b\u00e1sica sobre temas conocidos. B1 (Preintermedio): Comprensi\u00f3n y expresi\u00f3n en situaciones<\/p>\n\t\t<\/div>\n\t\t\n\t\t<a class=\"elementor-post__read-more\" href=\"https:\/\/ifalpes.com\/es\/educacion\/niveles-linguisticos\/\" aria-label=\"M\u00e1s informaci\u00f3n sobre Niveles ling\u00fc\u00edsticos\" tabindex=\"-1\" >\n\t\t\tSeguir leyendo\t\t<\/a>\n\n\t\t\t\t<\/div>\n\t\t\t\t\t<\/div>\n\t\t<\/article>\n\t\t\t\t<article class=\"elementor-post elementor-grid-item post-21971 page type-page status-publish has-post-thumbnail hentry\" role=\"listitem\">\n\t\t\t<div class=\"elementor-post__card\">\n\t\t\t\t<a class=\"elementor-post__thumbnail__link\" href=\"https:\/\/ifalpes.com\/es\/educacion\/metodologia\/\" tabindex=\"-1\" ><div class=\"elementor-post__thumbnail\"><img decoding=\"async\" width=\"300\" height=\"200\" src=\"https:\/\/ifalpes.com\/wp-content\/uploads\/2022\/12\/9P7A9380-300x200.jpg\" class=\"attachment-medium size-medium wp-image-21487\" alt=\"\" srcset=\"https:\/\/ifalpes.com\/wp-content\/uploads\/2022\/12\/9P7A9380-300x200.jpg 300w, https:\/\/ifalpes.com\/wp-content\/uploads\/2022\/12\/9P7A9380-1024x683.jpg 1024w, https:\/\/ifalpes.com\/wp-content\/uploads\/2022\/12\/9P7A9380-768x512.jpg 768w, https:\/\/ifalpes.com\/wp-content\/uploads\/2022\/12\/9P7A9380-1536x1024.jpg 1536w, https:\/\/ifalpes.com\/wp-content\/uploads\/2022\/12\/9P7A9380.jpg 2048w\" sizes=\"(max-width: 300px) 100vw, 300px\" \/><\/div><\/a>\n\t\t\t\t<div class=\"elementor-post__avatar\">\n\t\t\t<img alt='Digital KLF' src='https:\/\/secure.gravatar.com\/avatar\/dc5572e2f2b83267a9feed99fcd9d242702705cfd5604cc092ecb6d26fe0a7e8?s=128&#038;d=mm&#038;r=g' srcset='https:\/\/secure.gravatar.com\/avatar\/dc5572e2f2b83267a9feed99fcd9d242702705cfd5604cc092ecb6d26fe0a7e8?s=256&#038;d=mm&#038;r=g 2x' class='avatar avatar-128 photo' height='128' width='128' \/>\t\t<\/div>\n\t\t\t\t<div class=\"elementor-post__text\">\n\t\t\t\t<h3 class=\"elementor-post__title\">\n\t\t\t<a href=\"https:\/\/ifalpes.com\/es\/educacion\/metodologia\/\" >\n\t\t\t\tMetodolog\u00eda\t\t\t<\/a>\n\t\t<\/h3>\n\t\t\t\t<div class=\"elementor-post__excerpt\">\n\t\t\t<p>Metodolog\u00eda pedag\u00f3gica de IFALPES IFALPES cuenta con una amplia experiencia en la ense\u00f1anza del franc\u00e9s como lengua extranjera y favorece un enfoque comunicativo para que sus alumnos aprendan a comunicarse eficazmente en situaciones cotidianas concretas. IFALPES promueve el aprendizaje del franc\u00e9s a trav\u00e9s de un enfoque comunicativo. En las clases, los profesores trabajan la gram\u00e1tica, el vocabulario y la fon\u00e9tica al tiempo que dan a los alumnos la oportunidad de comunicarse en franc\u00e9s, en situaciones cotidianas, tanto oralmente como por escrito. IFALPES tambi\u00e9n fomenta un enfoque activo y participativo. En el aula, el alumno desempe\u00f1a un papel activo y los<\/p>\n\t\t<\/div>\n\t\t\n\t\t<a class=\"elementor-post__read-more\" href=\"https:\/\/ifalpes.com\/es\/educacion\/metodologia\/\" aria-label=\"M\u00e1s informaci\u00f3n sobre Metodolog\u00eda\" tabindex=\"-1\" >\n\t\t\tSeguir leyendo\t\t<\/a>\n\n\t\t\t\t<\/div>\n\t\t\t\t\t<\/div>\n\t\t<\/article>\n\t\t\t\t<article class=\"elementor-post elementor-grid-item post-21973 page type-page status-publish has-post-thumbnail hentry\" role=\"listitem\">\n\t\t\t<div class=\"elementor-post__card\">\n\t\t\t\t<a class=\"elementor-post__thumbnail__link\" href=\"https:\/\/ifalpes.com\/es\/educacion\/herramientas\/\" tabindex=\"-1\" ><div class=\"elementor-post__thumbnail\"><img decoding=\"async\" width=\"300\" height=\"200\" src=\"https:\/\/ifalpes.com\/wp-content\/uploads\/2022\/12\/D76A1558-300x200.jpg\" class=\"attachment-medium size-medium wp-image-21502\" alt=\"\" srcset=\"https:\/\/ifalpes.com\/wp-content\/uploads\/2022\/12\/D76A1558-300x200.jpg 300w, https:\/\/ifalpes.com\/wp-content\/uploads\/2022\/12\/D76A1558-1024x683.jpg 1024w, https:\/\/ifalpes.com\/wp-content\/uploads\/2022\/12\/D76A1558-768x512.jpg 768w, https:\/\/ifalpes.com\/wp-content\/uploads\/2022\/12\/D76A1558-1536x1025.jpg 1536w, https:\/\/ifalpes.com\/wp-content\/uploads\/2022\/12\/D76A1558.jpg 2048w\" sizes=\"(max-width: 300px) 100vw, 300px\" \/><\/div><\/a>\n\t\t\t\t<div class=\"elementor-post__avatar\">\n\t\t\t<img alt='Digital KLF' src='https:\/\/secure.gravatar.com\/avatar\/dc5572e2f2b83267a9feed99fcd9d242702705cfd5604cc092ecb6d26fe0a7e8?s=128&#038;d=mm&#038;r=g' srcset='https:\/\/secure.gravatar.com\/avatar\/dc5572e2f2b83267a9feed99fcd9d242702705cfd5604cc092ecb6d26fe0a7e8?s=256&#038;d=mm&#038;r=g 2x' class='avatar avatar-128 photo' height='128' width='128' \/>\t\t<\/div>\n\t\t\t\t<div class=\"elementor-post__text\">\n\t\t\t\t<h3 class=\"elementor-post__title\">\n\t\t\t<a href=\"https:\/\/ifalpes.com\/es\/educacion\/herramientas\/\" >\n\t\t\t\tHerramientas\t\t\t<\/a>\n\t\t<\/h3>\n\t\t\t\t<div class=\"elementor-post__excerpt\">\n\t\t\t<p>Herramientas educativas El equipo docente de IFALPES elabora sus propios contenidos en el aula para ofrecer cursos originales, aut\u00e9nticos y actualizados, respetando el Marco Com\u00fan Europeo de Referencia para las Lenguas. Para saber m\u00e1s Para apoyar a nuestros estudiantes en su aprendizaje del franc\u00e9s durante y despu\u00e9s de su estancia, IFALPES pone a su disposici\u00f3n 2 ayudas exclusivas: IFALPES LIBRO DE RUTA Se distribuye el primer d\u00eda de llegada. Ofrece abundante informaci\u00f3n pr\u00e1ctica sobre la vida en Annecy y sobre los lugares que hay que conocer para disfrutar plenamente de la estancia (restaurantes, cultura, deportes, naturaleza&#8230;). Es tambi\u00e9n un manual<\/p>\n\t\t<\/div>\n\t\t\n\t\t<a class=\"elementor-post__read-more\" href=\"https:\/\/ifalpes.com\/es\/educacion\/herramientas\/\" aria-label=\"M\u00e1s informaci\u00f3n sobre Herramientas\" tabindex=\"-1\" >\n\t\t\tSeguir leyendo\t\t<\/a>\n\n\t\t\t\t<\/div>\n\t\t\t\t\t<\/div>\n\t\t<\/article>\n\t\t\t\t<\/div>\n\t\t\n\t\t\t\t\t\t<\/div>\n\t\t\t\t<\/div>\n\t\t\t\t\t<\/div>\n\t\t<\/div>\n\t\t\t\t\t<\/div>\n\t\t<\/section>\n\t\t\t\t<\/div>\n\t\t","protected":false},"excerpt":{"rendered":"","protected":false},"author":1,"featured_media":0,"parent":0,"menu_order":0,"comment_status":"closed","ping_status":"closed","template":"","meta":{"_acf_changed":false,"content-type":"","footnotes":""},"class_list":["post-21967","page","type-page","status-publish","hentry"],"acf":[],"_links":{"self":[{"href":"https:\/\/ifalpes.com\/es\/wp-json\/wp\/v2\/pages\/21967","targetHints":{"allow":["GET"]}}],"collection":[{"href":"https:\/\/ifalpes.com\/es\/wp-json\/wp\/v2\/pages"}],"about":[{"href":"https:\/\/ifalpes.com\/es\/wp-json\/wp\/v2\/types\/page"}],"author":[{"embeddable":true,"href":"https:\/\/ifalpes.com\/es\/wp-json\/wp\/v2\/users\/1"}],"replies":[{"embeddable":true,"href":"https:\/\/ifalpes.com\/es\/wp-json\/wp\/v2\/comments?post=21967"}],"version-history":[{"count":1,"href":"https:\/\/ifalpes.com\/es\/wp-json\/wp\/v2\/pages\/21967\/revisions"}],"predecessor-version":[{"id":21968,"href":"https:\/\/ifalpes.com\/es\/wp-json\/wp\/v2\/pages\/21967\/revisions\/21968"}],"wp:attachment":[{"href":"https:\/\/ifalpes.com\/es\/wp-json\/wp\/v2\/media?parent=21967"}],"curies":[{"name":"wp","href":"https:\/\/api.w.org\/{rel}","templated":true}]}}