{"id":21965,"date":"2022-06-30T08:22:24","date_gmt":"2022-06-30T08:22:24","guid":{"rendered":"https:\/\/ifalpes.com\/actividades-annecy\/"},"modified":"2025-10-27T09:50:08","modified_gmt":"2025-10-27T09:50:08","slug":"activities-annecy","status":"publish","type":"page","link":"https:\/\/ifalpes.com\/es\/activities-annecy\/","title":{"rendered":"Actividades en Annecy"},"content":{"rendered":"\t\t<div data-elementor-type=\"wp-page\" data-elementor-id=\"21965\" class=\"elementor elementor-21965 elementor-98\" data-elementor-post-type=\"page\">\n\t\t\t\t\t\t<section class=\"elementor-section elementor-top-section elementor-element elementor-element-95230ba elementor-section-boxed elementor-section-height-default elementor-section-height-default\" data-id=\"95230ba\" data-element_type=\"section\" data-e-type=\"section\">\n\t\t\t\t\t\t<div class=\"elementor-container elementor-column-gap-default\">\n\t\t\t\t\t<div class=\"elementor-column elementor-col-100 elementor-top-column elementor-element elementor-element-4ee32bb\" data-id=\"4ee32bb\" data-element_type=\"column\" data-e-type=\"column\">\n\t\t\t<div class=\"elementor-widget-wrap elementor-element-populated\">\n\t\t\t\t\t\t<div class=\"elementor-element elementor-element-5dee2bc elementor-widget elementor-widget-text-editor\" data-id=\"5dee2bc\" data-element_type=\"widget\" data-e-type=\"widget\" data-widget_type=\"text-editor.default\">\n\t\t\t\t<div class=\"elementor-widget-container\">\n\t\t\t\t\t\t\t\t\t<p class=\"p1\" style=\"text-align: center;\"><strong>IFALPES te ofrece numerosas actividades en Annecy y sus alrededores. Descubre una amplia gama de excursiones y experiencias para disfrutar durante tu estancia ling\u00fc\u00edstica mientras aprendes franc\u00e9s. <\/strong><\/p>\t\t\t\t\t\t\t\t<\/div>\n\t\t\t\t<\/div>\n\t\t\t\t\t<\/div>\n\t\t<\/div>\n\t\t\t\t\t<\/div>\n\t\t<\/section>\n\t\t\t\t<section class=\"elementor-section elementor-top-section elementor-element elementor-element-7b3a5d3 elementor-section-boxed elementor-section-height-default elementor-section-height-default\" data-id=\"7b3a5d3\" data-element_type=\"section\" data-e-type=\"section\">\n\t\t\t\t\t\t<div class=\"elementor-container elementor-column-gap-default\">\n\t\t\t\t\t<div class=\"elementor-column elementor-col-100 elementor-top-column elementor-element elementor-element-392e1b4\" data-id=\"392e1b4\" data-element_type=\"column\" data-e-type=\"column\">\n\t\t\t<div class=\"elementor-widget-wrap elementor-element-populated\">\n\t\t\t\t\t\t<div class=\"elementor-element elementor-element-a85743d elementor-grid-3 elementor-grid-tablet-2 elementor-grid-mobile-1 elementor-posts--thumbnail-top elementor-card-shadow-yes elementor-posts__hover-gradient elementor-widget elementor-widget-posts\" data-id=\"a85743d\" data-element_type=\"widget\" data-e-type=\"widget\" data-settings=\"{&quot;cards_columns&quot;:&quot;3&quot;,&quot;cards_columns_tablet&quot;:&quot;2&quot;,&quot;cards_columns_mobile&quot;:&quot;1&quot;,&quot;cards_row_gap&quot;:{&quot;unit&quot;:&quot;px&quot;,&quot;size&quot;:35,&quot;sizes&quot;:[]},&quot;cards_row_gap_tablet&quot;:{&quot;unit&quot;:&quot;px&quot;,&quot;size&quot;:&quot;&quot;,&quot;sizes&quot;:[]},&quot;cards_row_gap_mobile&quot;:{&quot;unit&quot;:&quot;px&quot;,&quot;size&quot;:&quot;&quot;,&quot;sizes&quot;:[]}}\" data-widget_type=\"posts.cards\">\n\t\t\t\t<div class=\"elementor-widget-container\">\n\t\t\t\t\t\t\t<div class=\"elementor-posts-container elementor-posts elementor-posts--skin-cards elementor-grid\" role=\"list\">\n\t\t\t\t<article class=\"elementor-post elementor-grid-item post-21957 page type-page status-publish has-post-thumbnail hentry\" role=\"listitem\">\n\t\t\t<div class=\"elementor-post__card\">\n\t\t\t\t<a class=\"elementor-post__thumbnail__link\" href=\"https:\/\/ifalpes.com\/es\/activities-annecy\/arte-y-cultura\/\" tabindex=\"-1\" ><div class=\"elementor-post__thumbnail\"><img fetchpriority=\"high\" decoding=\"async\" width=\"300\" height=\"199\" src=\"https:\/\/ifalpes.com\/wp-content\/uploads\/2022\/11\/Art-Culture-3-300x199.jpg\" class=\"attachment-medium size-medium wp-image-21304\" alt=\"\" srcset=\"https:\/\/ifalpes.com\/wp-content\/uploads\/2022\/11\/Art-Culture-3-300x199.jpg 300w, https:\/\/ifalpes.com\/wp-content\/uploads\/2022\/11\/Art-Culture-3-1024x678.jpg 1024w, https:\/\/ifalpes.com\/wp-content\/uploads\/2022\/11\/Art-Culture-3-768x509.jpg 768w, https:\/\/ifalpes.com\/wp-content\/uploads\/2022\/11\/Art-Culture-3-1536x1018.jpg 1536w, https:\/\/ifalpes.com\/wp-content\/uploads\/2022\/11\/Art-Culture-3.jpg 1600w\" sizes=\"(max-width: 300px) 100vw, 300px\" \/><\/div><\/a>\n\t\t\t\t<div class=\"elementor-post__text\">\n\t\t\t\t<h3 class=\"elementor-post__title\">\n\t\t\t<a href=\"https:\/\/ifalpes.com\/es\/activities-annecy\/arte-y-cultura\/\" >\n\t\t\t\tArte y cultura\t\t\t<\/a>\n\t\t<\/h3>\n\t\t\t\t<div class=\"elementor-post__excerpt\">\n\t\t\t<p>Actividades en Annecy con IFALPES Con su historia, Annecy es una ciudad con un rico patrimonio art\u00edstico y cultural. Se pueden visitar museos y galer\u00edas de arte. A lo largo del a\u00f1o, la ciudad organiza numerosos eventos. Cada mes, IFALPES propone diferentes salidas y actividades culturales en la ciudad (visita de museos, exposiciones, degustaci\u00f3n de productos regionales&#8230;) pero tambi\u00e9n en<\/p>\n\t\t<\/div>\n\t\t\n\t\t<a class=\"elementor-post__read-more\" href=\"https:\/\/ifalpes.com\/es\/activities-annecy\/arte-y-cultura\/\" aria-label=\"M\u00e1s informaci\u00f3n sobre Arte y cultura\" tabindex=\"-1\" >\n\t\t\tSeguir leyendo\t\t<\/a>\n\n\t\t\t\t<\/div>\n\t\t\t\t\t<\/div>\n\t\t<\/article>\n\t\t\t\t<article class=\"elementor-post elementor-grid-item post-21961 page type-page status-publish has-post-thumbnail hentry\" role=\"listitem\">\n\t\t\t<div class=\"elementor-post__card\">\n\t\t\t\t<a class=\"elementor-post__thumbnail__link\" href=\"https:\/\/ifalpes.com\/es\/activities-annecy\/frances-y-esqui\/\" tabindex=\"-1\" ><div class=\"elementor-post__thumbnail\"><img decoding=\"async\" width=\"300\" height=\"225\" src=\"https:\/\/ifalpes.com\/wp-content\/uploads\/2022\/12\/Ski-Ifalpes-300x225.jpg\" class=\"attachment-medium size-medium wp-image-21569\" alt=\"\" srcset=\"https:\/\/ifalpes.com\/wp-content\/uploads\/2022\/12\/Ski-Ifalpes-300x225.jpg 300w, https:\/\/ifalpes.com\/wp-content\/uploads\/2022\/12\/Ski-Ifalpes.jpg 604w\" sizes=\"(max-width: 300px) 100vw, 300px\" \/><\/div><\/a>\n\t\t\t\t<div class=\"elementor-post__text\">\n\t\t\t\t<h3 class=\"elementor-post__title\">\n\t\t\t<a href=\"https:\/\/ifalpes.com\/es\/activities-annecy\/frances-y-esqui\/\" >\n\t\t\t\tViaje de esqu\u00ed\t\t\t<\/a>\n\t\t<\/h3>\n\t\t\t\t<div class=\"elementor-post__excerpt\">\n\t\t\t<p>Actividades en Annecy Annecy es la base perfecta para los amantes de los deportes de invierno que quieran combinar el aprendizaje de idiomas con aventuras alpinas. Desde la ciudad se puede acceder f\u00e1cilmente a varias estaciones de esqu\u00ed populares, como La Clusaz, Le Grand Bornand, Semnoz y Manigod, todas ellas a una hora aproximadamente. IFALPES ofrece cursos de franc\u00e9s en<\/p>\n\t\t<\/div>\n\t\t\n\t\t<a class=\"elementor-post__read-more\" href=\"https:\/\/ifalpes.com\/es\/activities-annecy\/frances-y-esqui\/\" aria-label=\"M\u00e1s informaci\u00f3n sobre Viaje de esqu\u00ed\" tabindex=\"-1\" >\n\t\t\tSeguir leyendo\t\t<\/a>\n\n\t\t\t\t<\/div>\n\t\t\t\t\t<\/div>\n\t\t<\/article>\n\t\t\t\t<article class=\"elementor-post elementor-grid-item post-21963 page type-page status-publish has-post-thumbnail hentry\" role=\"listitem\">\n\t\t\t<div class=\"elementor-post__card\">\n\t\t\t\t<a class=\"elementor-post__thumbnail__link\" href=\"https:\/\/ifalpes.com\/es\/activities-annecy\/deportes-y-ocios\/\" tabindex=\"-1\" ><div class=\"elementor-post__thumbnail\"><img decoding=\"async\" width=\"300\" height=\"200\" src=\"https:\/\/ifalpes.com\/wp-content\/uploads\/2022\/12\/Sport-Leisure-1-300x200.jpg\" class=\"attachment-medium size-medium wp-image-21587\" alt=\"\" srcset=\"https:\/\/ifalpes.com\/wp-content\/uploads\/2022\/12\/Sport-Leisure-1-300x200.jpg 300w, https:\/\/ifalpes.com\/wp-content\/uploads\/2022\/12\/Sport-Leisure-1-1024x682.jpg 1024w, https:\/\/ifalpes.com\/wp-content\/uploads\/2022\/12\/Sport-Leisure-1-768x511.jpg 768w, https:\/\/ifalpes.com\/wp-content\/uploads\/2022\/12\/Sport-Leisure-1.jpg 1500w\" sizes=\"(max-width: 300px) 100vw, 300px\" \/><\/div><\/a>\n\t\t\t\t<div class=\"elementor-post__text\">\n\t\t\t\t<h3 class=\"elementor-post__title\">\n\t\t\t<a href=\"https:\/\/ifalpes.com\/es\/activities-annecy\/deportes-y-ocios\/\" >\n\t\t\t\tDeportes y ocio\t\t\t<\/a>\n\t\t<\/h3>\n\t\t\t\t<div class=\"elementor-post__excerpt\">\n\t\t\t<p>Actividades en Annecy con IFALPES En un entorno natural \u00fanico entre lago y monta\u00f1a, Annecy ofrece numerosas posibilidades para practicar deportes y actividades de ocio durante todo el a\u00f1o. En invierno, el esqu\u00ed (alpino y de fondo), las raquetas de nieve y los trineos son f\u00e1cilmente accesibles en transporte p\u00fablico. En verano, se puede practicar una gran variedad de deportes<\/p>\n\t\t<\/div>\n\t\t\n\t\t<a class=\"elementor-post__read-more\" href=\"https:\/\/ifalpes.com\/es\/activities-annecy\/deportes-y-ocios\/\" aria-label=\"M\u00e1s informaci\u00f3n sobre Deportes y ocio\" tabindex=\"-1\" >\n\t\t\tSeguir leyendo\t\t<\/a>\n\n\t\t\t\t<\/div>\n\t\t\t\t\t<\/div>\n\t\t<\/article>\n\t\t\t\t<\/div>\n\t\t\n\t\t\t\t\t\t<\/div>\n\t\t\t\t<\/div>\n\t\t\t\t\t<\/div>\n\t\t<\/div>\n\t\t\t\t\t<\/div>\n\t\t<\/section>\n\t\t\t\t<section class=\"elementor-section elementor-top-section elementor-element elementor-element-7c4c93e elementor-section-boxed elementor-section-height-default elementor-section-height-default\" data-id=\"7c4c93e\" data-element_type=\"section\" data-e-type=\"section\">\n\t\t\t\t\t\t<div class=\"elementor-container elementor-column-gap-default\">\n\t\t\t\t\t<div class=\"elementor-column elementor-col-100 elementor-top-column elementor-element elementor-element-f0ef83a\" data-id=\"f0ef83a\" data-element_type=\"column\" data-e-type=\"column\">\n\t\t\t<div class=\"elementor-widget-wrap elementor-element-populated\">\n\t\t\t\t\t\t<div class=\"elementor-element elementor-element-54bd73b elementor-widget elementor-widget-heading\" data-id=\"54bd73b\" data-element_type=\"widget\" data-e-type=\"widget\" data-widget_type=\"heading.default\">\n\t\t\t\t<div class=\"elementor-widget-container\">\n\t\t\t\t\t<h2 class=\"elementor-heading-title elementor-size-default\">Actividades<\/h2>\t\t\t\t<\/div>\n\t\t\t\t<\/div>\n\t\t\t\t<div class=\"elementor-element elementor-element-63ccc78 elementor-widget-divider--view-line elementor-widget elementor-widget-divider\" data-id=\"63ccc78\" data-element_type=\"widget\" data-e-type=\"widget\" data-widget_type=\"divider.default\">\n\t\t\t\t<div class=\"elementor-widget-container\">\n\t\t\t\t\t\t\t<div class=\"elementor-divider\">\n\t\t\t<span class=\"elementor-divider-separator\">\n\t\t\t\t\t\t<\/span>\n\t\t<\/div>\n\t\t\t\t\t\t<\/div>\n\t\t\t\t<\/div>\n\t\t\t\t<div class=\"elementor-element elementor-element-7ec9109 elementor-widget elementor-widget-text-editor\" data-id=\"7ec9109\" data-element_type=\"widget\" data-e-type=\"widget\" data-widget_type=\"text-editor.default\">\n\t\t\t\t<div class=\"elementor-widget-container\">\n\t\t\t\t\t\t\t\t\t<p class=\"p1\">\u00bfEst\u00e1s estudiando actualmente en IFALPES Annecy?<\/p><p class=\"p1\">Cada semana, participa en una variedad de actividades al aire libre, culturales y culinarias dise\u00f1adas para ayudarte a descubrir Annecy y sus alrededores, practicar tu franc\u00e9s en situaciones reales y conectar con otros estudiantes internacionales.<\/p><p class=\"p3\"><span class=\"s1\"> <\/span><\/p><p class=\"p3\"><span class=\"s1\">\ud83d\udcf2 <\/span><b>\u00bfC\u00f3mo participar?<\/b><b><\/b><\/p><p class=\"p1\">Todas nuestras actividades est\u00e1n disponibles directamente en tu aplicaci\u00f3n m\u00f3vil KLF:<\/p><ul><li><p class=\"p1\">Consulte el calendario completo de las pr\u00f3ximas actividades.<\/p><\/li><li><p class=\"p1\">Accede a todos los detalles (horario, punto de encuentro, precio, disponibilidad).<\/p><\/li><li><p class=\"p1\">Reg\u00edstrese al instante y pague de forma segura en l\u00ednea.<\/p><\/li><\/ul><p class=\"p3\"><span class=\"s1\"> <\/span><\/p><p class=\"p3\"><span class=\"s1\">\ud83d\uddc2\ufe0f <\/span><b>Categor\u00edas de actividades<\/b><b><\/b><\/p><p class=\"p1\"><a style=\"background-color: #ffffff; font-family: -apple-system, BlinkMacSystemFont, 'Segoe UI', Roboto, 'Helvetica Neue', Arial, 'Noto Sans', sans-serif, 'Apple Color Emoji', 'Segoe UI Emoji', 'Segoe UI Symbol', 'Noto Color Emoji'; font-size: 1rem;\" href=\"https:\/\/ifalpes.com\/activities-annecy\/sports-and-leisures\/\" target=\"_blank\" rel=\"noopener\">Deportes y naturaleza:<\/a> senderismo, ciclismo, paddle surf, esqu\u00ed, raquetas de nieve&#8230;<\/p><p class=\"p1\"><a href=\"https:\/\/ifalpes.com\/activities-annecy\/art-and-culture\/\" target=\"_blank\" rel=\"noopener\">Arte y cultura:<\/a> visitas guiadas por la ciudad, visitas a museos, noches de cine, talleres creativos&#8230;<\/p><p class=\"p1\"><span class=\"s3\"><b>Patrimonio y gastronom\u00eda:<\/b><\/span> mercados locales, degustaciones de queso y chocolate, clases de cocina francesa&#8230;<\/p><p class=\"p1\"> <\/p><p class=\"p1\">\ud83d\udc49 \u00a1Descarga ahora la aplicaci\u00f3n KLF para descubrir las actividades de esta semana y planificar tus pr\u00f3ximas aventuras en Annecy!<\/p>\t\t\t\t\t\t\t\t<\/div>\n\t\t\t\t<\/div>\n\t\t\t\t<section class=\"elementor-section elementor-inner-section elementor-element elementor-element-a240817 elementor-section-boxed elementor-section-height-default elementor-section-height-default\" data-id=\"a240817\" data-element_type=\"section\" data-e-type=\"section\">\n\t\t\t\t\t\t<div class=\"elementor-container elementor-column-gap-default\">\n\t\t\t\t\t<div class=\"elementor-column elementor-col-50 elementor-inner-column elementor-element elementor-element-c0c8e83\" data-id=\"c0c8e83\" data-element_type=\"column\" data-e-type=\"column\">\n\t\t\t<div class=\"elementor-widget-wrap elementor-element-populated\">\n\t\t\t\t\t\t<div class=\"elementor-element elementor-element-199b46f elementor-widget__width-auto elementor-mobile-align-justify elementor-widget-mobile__width-inherit elementor-align-center elementor-widget elementor-widget-button\" data-id=\"199b46f\" data-element_type=\"widget\" data-e-type=\"widget\" data-settings=\"{&quot;_animation&quot;:&quot;none&quot;}\" data-widget_type=\"button.default\">\n\t\t\t\t<div class=\"elementor-widget-container\">\n\t\t\t\t\t\t\t\t\t<div class=\"elementor-button-wrapper\">\n\t\t\t\t\t<a class=\"elementor-button elementor-button-link elementor-size-sm elementor-animation-bob\" href=\"https:\/\/apps.apple.com\/fr\/app\/%C3%A9coles-klf\/id947878822\" target=\"_blank\" rel=\"noopener\">\n\t\t\t\t\t\t<span class=\"elementor-button-content-wrapper\">\n\t\t\t\t\t\t<span class=\"elementor-button-icon\">\n\t\t\t\t\t\t\t<\/span>\n\t\t\t\t\t\t\t\t\t<span class=\"elementor-button-text\">Descarga la aplicaci\u00f3n en Apple Store.<\/span>\n\t\t\t\t\t<\/span>\n\t\t\t\t\t<\/a>\n\t\t\t\t<\/div>\n\t\t\t\t\t\t\t\t<\/div>\n\t\t\t\t<\/div>\n\t\t\t\t\t<\/div>\n\t\t<\/div>\n\t\t\t\t<div class=\"elementor-column elementor-col-50 elementor-inner-column elementor-element elementor-element-1c4d7b8\" data-id=\"1c4d7b8\" data-element_type=\"column\" data-e-type=\"column\">\n\t\t\t<div class=\"elementor-widget-wrap elementor-element-populated\">\n\t\t\t\t\t\t<div class=\"elementor-element elementor-element-e01213c elementor-widget__width-auto elementor-mobile-align-justify elementor-widget-mobile__width-inherit elementor-align-center elementor-widget elementor-widget-button\" data-id=\"e01213c\" data-element_type=\"widget\" data-e-type=\"widget\" data-settings=\"{&quot;_animation&quot;:&quot;none&quot;}\" data-widget_type=\"button.default\">\n\t\t\t\t<div class=\"elementor-widget-container\">\n\t\t\t\t\t\t\t\t\t<div class=\"elementor-button-wrapper\">\n\t\t\t\t\t<a class=\"elementor-button elementor-button-link elementor-size-sm elementor-animation-bob\" href=\"https:\/\/play.google.com\/store\/search?q=%C3%A9coles%20KLF&#038;c=apps&#038;hl=fr\" target=\"_blank\" rel=\"noopener\">\n\t\t\t\t\t\t<span class=\"elementor-button-content-wrapper\">\n\t\t\t\t\t\t<span class=\"elementor-button-icon\">\n\t\t\t\t\t\t\t<\/span>\n\t\t\t\t\t\t\t\t\t<span class=\"elementor-button-text\">Descarga la aplicaci\u00f3n en Google Play.<\/span>\n\t\t\t\t\t<\/span>\n\t\t\t\t\t<\/a>\n\t\t\t\t<\/div>\n\t\t\t\t\t\t\t\t<\/div>\n\t\t\t\t<\/div>\n\t\t\t\t\t<\/div>\n\t\t<\/div>\n\t\t\t\t\t<\/div>\n\t\t<\/section>\n\t\t\t\t\t<\/div>\n\t\t<\/div>\n\t\t\t\t\t<\/div>\n\t\t<\/section>\n\t\t\t\t<\/div>\n\t\t","protected":false},"excerpt":{"rendered":"<p>IFALPES te ofrece numerosas actividades en Annecy y sus alrededores. Descubre una amplia gama de excursiones y experiencias para disfrutar durante tu estancia ling\u00fc\u00edstica mientras aprendes franc\u00e9s. Actividades \u00bfEst\u00e1s estudiando actualmente en IFALPES Annecy? Cada semana, participa en una variedad de actividades al aire libre, culturales y culinarias dise\u00f1adas para ayudarte a descubrir Annecy y [&hellip;]<\/p>\n","protected":false},"author":1,"featured_media":0,"parent":0,"menu_order":0,"comment_status":"closed","ping_status":"closed","template":"","meta":{"_acf_changed":false,"content-type":"","footnotes":""},"class_list":["post-21965","page","type-page","status-publish","hentry"],"acf":[],"_links":{"self":[{"href":"https:\/\/ifalpes.com\/es\/wp-json\/wp\/v2\/pages\/21965","targetHints":{"allow":["GET"]}}],"collection":[{"href":"https:\/\/ifalpes.com\/es\/wp-json\/wp\/v2\/pages"}],"about":[{"href":"https:\/\/ifalpes.com\/es\/wp-json\/wp\/v2\/types\/page"}],"author":[{"embeddable":true,"href":"https:\/\/ifalpes.com\/es\/wp-json\/wp\/v2\/users\/1"}],"replies":[{"embeddable":true,"href":"https:\/\/ifalpes.com\/es\/wp-json\/wp\/v2\/comments?post=21965"}],"version-history":[{"count":2,"href":"https:\/\/ifalpes.com\/es\/wp-json\/wp\/v2\/pages\/21965\/revisions"}],"predecessor-version":[{"id":28535,"href":"https:\/\/ifalpes.com\/es\/wp-json\/wp\/v2\/pages\/21965\/revisions\/28535"}],"wp:attachment":[{"href":"https:\/\/ifalpes.com\/es\/wp-json\/wp\/v2\/media?parent=21965"}],"curies":[{"name":"wp","href":"https:\/\/api.w.org\/{rel}","templated":true}]}}