{"id":21963,"date":"2022-06-30T08:28:34","date_gmt":"2022-06-30T08:28:34","guid":{"rendered":"https:\/\/ifalpes.com\/deportes-y-ocios\/"},"modified":"2025-04-24T08:11:13","modified_gmt":"2025-04-24T08:11:13","slug":"deportes-y-ocios","status":"publish","type":"page","link":"https:\/\/ifalpes.com\/es\/activities-annecy\/deportes-y-ocios\/","title":{"rendered":"Deportes y ocio"},"content":{"rendered":"\t\t<div data-elementor-type=\"wp-page\" data-elementor-id=\"21963\" class=\"elementor elementor-21963 elementor-104\" data-elementor-post-type=\"page\">\n\t\t\t\t\t\t<section class=\"elementor-section elementor-top-section elementor-element elementor-element-2978c61 elementor-section-boxed elementor-section-height-default elementor-section-height-default\" data-id=\"2978c61\" data-element_type=\"section\" data-e-type=\"section\">\n\t\t\t\t\t\t<div class=\"elementor-container elementor-column-gap-default\">\n\t\t\t\t\t<div class=\"elementor-column elementor-col-33 elementor-top-column elementor-element elementor-element-1356bfe\" data-id=\"1356bfe\" data-element_type=\"column\" data-e-type=\"column\" data-settings=\"{&quot;background_background&quot;:&quot;classic&quot;}\">\n\t\t\t<div class=\"elementor-widget-wrap\">\n\t\t\t\t\t\t\t<\/div>\n\t\t<\/div>\n\t\t\t\t<div class=\"elementor-column elementor-col-66 elementor-top-column elementor-element elementor-element-ba9e570\" data-id=\"ba9e570\" data-element_type=\"column\" data-e-type=\"column\">\n\t\t\t<div class=\"elementor-widget-wrap elementor-element-populated\">\n\t\t\t\t\t\t<div class=\"elementor-element elementor-element-2ff0270 elementor-widget elementor-widget-heading\" data-id=\"2ff0270\" data-element_type=\"widget\" data-e-type=\"widget\" data-widget_type=\"heading.default\">\n\t\t\t\t<div class=\"elementor-widget-container\">\n\t\t\t\t\t<h2 class=\"elementor-heading-title elementor-size-default\">Actividades en Annecy con IFALPES<\/h2>\t\t\t\t<\/div>\n\t\t\t\t<\/div>\n\t\t\t\t<div class=\"elementor-element elementor-element-e519bae elementor-widget elementor-widget-text-editor\" data-id=\"e519bae\" data-element_type=\"widget\" data-e-type=\"widget\" data-widget_type=\"text-editor.default\">\n\t\t\t\t<div class=\"elementor-widget-container\">\n\t\t\t\t\t\t\t\t\t<p>En un entorno natural \u00fanico entre lago y monta\u00f1a, Annecy ofrece numerosas posibilidades para practicar deportes y actividades de ocio durante todo el a\u00f1o. En invierno, el esqu\u00ed (alpino y de fondo), las raquetas de nieve y los trineos son f\u00e1cilmente accesibles en transporte p\u00fablico. <\/p><p>En verano, se puede practicar una gran variedad de deportes n\u00e1uticos (windsurf, wakeboard, barranquismo, kayak, submarinismo\u2026), de monta\u00f1a (senderismo, escalada, v\u00eda ferrata, bicicleta de monta\u00f1a\u2026) y ciclismo. Tambi\u00e9n es una regi\u00f3n famosa por el parapente, esta actividad atrae cada a\u00f1o a aficionados de todo el mundo. <\/p><p>Ifalpes ofrece cada mes diferentes actividades deportivas y de ocio. En invierno esqu\u00ed y excursiones con raquetas de nieve y en verano senderismo en los numerosos senderos alpinos disponibles. <\/p>\t\t\t\t\t\t\t\t<\/div>\n\t\t\t\t<\/div>\n\t\t\t\t\t<\/div>\n\t\t<\/div>\n\t\t\t\t\t<\/div>\n\t\t<\/section>\n\t\t\t\t<section class=\"elementor-section elementor-top-section elementor-element elementor-element-f89d916 elementor-section-boxed elementor-section-height-default elementor-section-height-default\" data-id=\"f89d916\" data-element_type=\"section\" data-e-type=\"section\">\n\t\t\t\t\t\t<div class=\"elementor-container elementor-column-gap-default\">\n\t\t\t\t\t<div class=\"elementor-column elementor-col-50 elementor-top-column elementor-element elementor-element-dcd98f1\" data-id=\"dcd98f1\" data-element_type=\"column\" data-e-type=\"column\">\n\t\t\t<div class=\"elementor-widget-wrap elementor-element-populated\">\n\t\t\t\t\t\t<div class=\"elementor-element elementor-element-a26e5f0 elementor-position-top elementor-widget elementor-widget-image-box\" data-id=\"a26e5f0\" data-element_type=\"widget\" data-e-type=\"widget\" data-widget_type=\"image-box.default\">\n\t\t\t\t<div class=\"elementor-widget-container\">\n\t\t\t\t\t<div class=\"elementor-image-box-wrapper\"><figure class=\"elementor-image-box-img\"><img fetchpriority=\"high\" decoding=\"async\" width=\"800\" height=\"625\" src=\"https:\/\/ifalpes.com\/wp-content\/uploads\/2022\/12\/Paddle-Annecy.jpeg\" class=\"attachment-full size-full wp-image-21591\" alt=\"\" srcset=\"https:\/\/ifalpes.com\/wp-content\/uploads\/2022\/12\/Paddle-Annecy.jpeg 800w, https:\/\/ifalpes.com\/wp-content\/uploads\/2022\/12\/Paddle-Annecy-300x234.jpeg 300w, https:\/\/ifalpes.com\/wp-content\/uploads\/2022\/12\/Paddle-Annecy-768x600.jpeg 768w\" sizes=\"(max-width: 800px) 100vw, 800px\" \/><\/figure><div class=\"elementor-image-box-content\"><h3 class=\"elementor-image-box-title\"> STAND UP PADDLE<\/h3><p class=\"elementor-image-box-description\">El lago de Annecy ofrece un marco excepcional para practicar Stand up paddle. Disfrutar\u00e1 de un momento inolvidable en un lago tranquilo rodeado de magn\u00edficas monta\u00f1as. En invierno, los m\u00e1s valientes podr\u00e1n participar en la Glagla Race.<\/p><\/div><\/div>\t\t\t\t<\/div>\n\t\t\t\t<\/div>\n\t\t\t\t\t<\/div>\n\t\t<\/div>\n\t\t\t\t<div class=\"elementor-column elementor-col-50 elementor-top-column elementor-element elementor-element-1d91e4c\" data-id=\"1d91e4c\" data-element_type=\"column\" data-e-type=\"column\">\n\t\t\t<div class=\"elementor-widget-wrap elementor-element-populated\">\n\t\t\t\t\t\t<div class=\"elementor-element elementor-element-db5d0cc elementor-position-top elementor-widget elementor-widget-image-box\" data-id=\"db5d0cc\" data-element_type=\"widget\" data-e-type=\"widget\" data-widget_type=\"image-box.default\">\n\t\t\t\t<div class=\"elementor-widget-container\">\n\t\t\t\t\t<div class=\"elementor-image-box-wrapper\"><figure class=\"elementor-image-box-img\"><img decoding=\"async\" width=\"550\" height=\"413\" src=\"https:\/\/ifalpes.com\/wp-content\/uploads\/2022\/12\/Via-Ferrata-Annecy.jpg\" class=\"attachment-full size-full wp-image-21594\" alt=\"\" srcset=\"https:\/\/ifalpes.com\/wp-content\/uploads\/2022\/12\/Via-Ferrata-Annecy.jpg 550w, https:\/\/ifalpes.com\/wp-content\/uploads\/2022\/12\/Via-Ferrata-Annecy-300x225.jpg 300w\" sizes=\"(max-width: 550px) 100vw, 550px\" \/><\/figure><div class=\"elementor-image-box-content\"><h3 class=\"elementor-image-box-title\"> VIA FERRATA<\/h3><p class=\"elementor-image-box-description\">Si le gustan las emociones fuertes en un entorno excepcional y muy seguro, venga a probar una de las numerosas v\u00edas ferratas situadas alrededor del lago de Annecy. Esta actividad es accesible para todos.<\/p><\/div><\/div>\t\t\t\t<\/div>\n\t\t\t\t<\/div>\n\t\t\t\t\t<\/div>\n\t\t<\/div>\n\t\t\t\t\t<\/div>\n\t\t<\/section>\n\t\t\t\t<section class=\"elementor-section elementor-top-section elementor-element elementor-element-ce0a23d elementor-section-boxed elementor-section-height-default elementor-section-height-default\" data-id=\"ce0a23d\" data-element_type=\"section\" data-e-type=\"section\">\n\t\t\t\t\t\t<div class=\"elementor-container elementor-column-gap-default\">\n\t\t\t\t\t<div class=\"elementor-column elementor-col-33 elementor-top-column elementor-element elementor-element-5979bb4\" data-id=\"5979bb4\" data-element_type=\"column\" data-e-type=\"column\">\n\t\t\t<div class=\"elementor-widget-wrap elementor-element-populated\">\n\t\t\t\t\t\t<div class=\"elementor-element elementor-element-e1abf6c elementor-position-top elementor-widget elementor-widget-image-box\" data-id=\"e1abf6c\" data-element_type=\"widget\" data-e-type=\"widget\" data-widget_type=\"image-box.default\">\n\t\t\t\t<div class=\"elementor-widget-container\">\n\t\t\t\t\t<div class=\"elementor-image-box-wrapper\"><figure class=\"elementor-image-box-img\"><a href=\"https:\/\/ifalpes.com\/activities-annecy\/french-and-ski\/\" target=\"_blank\" tabindex=\"-1\"><img decoding=\"async\" width=\"2560\" height=\"1521\" src=\"https:\/\/ifalpes.com\/wp-content\/uploads\/2023\/07\/Acyivities-off-piste-skier-scaled.jpg\" class=\"attachment-full size-full wp-image-23054\" alt=\"\" srcset=\"https:\/\/ifalpes.com\/wp-content\/uploads\/2023\/07\/Acyivities-off-piste-skier-scaled.jpg 2560w, https:\/\/ifalpes.com\/wp-content\/uploads\/2023\/07\/Acyivities-off-piste-skier-300x178.jpg 300w, https:\/\/ifalpes.com\/wp-content\/uploads\/2023\/07\/Acyivities-off-piste-skier-1024x608.jpg 1024w, https:\/\/ifalpes.com\/wp-content\/uploads\/2023\/07\/Acyivities-off-piste-skier-768x456.jpg 768w, https:\/\/ifalpes.com\/wp-content\/uploads\/2023\/07\/Acyivities-off-piste-skier-1536x913.jpg 1536w, https:\/\/ifalpes.com\/wp-content\/uploads\/2023\/07\/Acyivities-off-piste-skier-2048x1217.jpg 2048w\" sizes=\"(max-width: 2560px) 100vw, 2560px\" \/><\/a><\/figure><div class=\"elementor-image-box-content\"><h3 class=\"elementor-image-box-title\"><a href=\"https:\/\/ifalpes.com\/activities-annecy\/french-and-ski\/\" target=\"_blank\">VIAJE DEESQU\u00cd<\/a><\/h3><p class=\"elementor-image-box-description\">Annecy est\u00e1 perfectamente situada cerca de estaciones de esqu\u00ed populares como La Clusaz y Le Grand Bornand, lo que facilita disfrutar de los Alpes durante su estancia. Aunque IFALPES no organiza viajes de esqu\u00ed, nuestro equipo estar\u00e1 encantado de aconsejarle sobre c\u00f3mo llegar a las estaciones y aprovechar al m\u00e1ximo su tiempo libre. <\/p><\/div><\/div>\t\t\t\t<\/div>\n\t\t\t\t<\/div>\n\t\t\t\t\t<\/div>\n\t\t<\/div>\n\t\t\t\t<div class=\"elementor-column elementor-col-33 elementor-top-column elementor-element elementor-element-51ef74c\" data-id=\"51ef74c\" data-element_type=\"column\" data-e-type=\"column\">\n\t\t\t<div class=\"elementor-widget-wrap elementor-element-populated\">\n\t\t\t\t\t\t<div class=\"elementor-element elementor-element-8ecb382 elementor-position-top elementor-widget elementor-widget-image-box\" data-id=\"8ecb382\" data-element_type=\"widget\" data-e-type=\"widget\" data-widget_type=\"image-box.default\">\n\t\t\t\t<div class=\"elementor-widget-container\">\n\t\t\t\t\t<div class=\"elementor-image-box-wrapper\"><figure class=\"elementor-image-box-img\"><a href=\"https:\/\/ifalpes.com\/activities-annecy\/hiking-nature\/\" target=\"_blank\" tabindex=\"-1\"><img loading=\"lazy\" decoding=\"async\" width=\"640\" height=\"480\" src=\"https:\/\/ifalpes.com\/wp-content\/uploads\/2022\/12\/Hiking-Annecy.jpg\" class=\"attachment-full size-full wp-image-21597\" alt=\"\" srcset=\"https:\/\/ifalpes.com\/wp-content\/uploads\/2022\/12\/Hiking-Annecy.jpg 640w, https:\/\/ifalpes.com\/wp-content\/uploads\/2022\/12\/Hiking-Annecy-300x225.jpg 300w\" sizes=\"(max-width: 640px) 100vw, 640px\" \/><\/a><\/figure><div class=\"elementor-image-box-content\"><h3 class=\"elementor-image-box-title\"><a href=\"https:\/\/ifalpes.com\/activities-annecy\/hiking-nature\/\" target=\"_blank\">HIKING TOURS<\/a><\/h3><p class=\"elementor-image-box-description\">Annecy est\u00e1 inmersa en la naturaleza, entre el lago y las monta\u00f1as. Es, por tanto, un escenario absolutamente fant\u00e1stico para practicar senderismo. Encontrar\u00e1 excursiones para todos los niveles, desde los suaves pastos hasta las pendientes m\u00e1s pronunciadas. Y despu\u00e9s de una buena caminata, un ba\u00f1o en el lago para refrescarse... \u00a1La vida es bella en Annecy!   <\/p><\/div><\/div>\t\t\t\t<\/div>\n\t\t\t\t<\/div>\n\t\t\t\t<div class=\"elementor-element elementor-element-205d5fa elementor-align-center elementor-widget elementor-widget-button\" data-id=\"205d5fa\" data-element_type=\"widget\" data-e-type=\"widget\" data-widget_type=\"button.default\">\n\t\t\t\t<div class=\"elementor-widget-container\">\n\t\t\t\t\t\t\t\t\t<div class=\"elementor-button-wrapper\">\n\t\t\t\t\t<a class=\"elementor-button elementor-button-link elementor-size-sm\" href=\"https:\/\/ifalpes.com\/activities-annecy\/hiking-nature\/\">\n\t\t\t\t\t\t<span class=\"elementor-button-content-wrapper\">\n\t\t\t\t\t\t\t\t\t<span class=\"elementor-button-text\">M\u00e1s informaci\u00f3n<\/span>\n\t\t\t\t\t<\/span>\n\t\t\t\t\t<\/a>\n\t\t\t\t<\/div>\n\t\t\t\t\t\t\t\t<\/div>\n\t\t\t\t<\/div>\n\t\t\t\t\t<\/div>\n\t\t<\/div>\n\t\t\t\t<div class=\"elementor-column elementor-col-33 elementor-top-column elementor-element elementor-element-327ae1d\" data-id=\"327ae1d\" data-element_type=\"column\" data-e-type=\"column\">\n\t\t\t<div class=\"elementor-widget-wrap elementor-element-populated\">\n\t\t\t\t\t\t<div class=\"elementor-element elementor-element-cd4e52e elementor-position-top elementor-widget elementor-widget-image-box\" data-id=\"cd4e52e\" data-element_type=\"widget\" data-e-type=\"widget\" data-widget_type=\"image-box.default\">\n\t\t\t\t<div class=\"elementor-widget-container\">\n\t\t\t\t\t<div class=\"elementor-image-box-wrapper\"><figure class=\"elementor-image-box-img\"><img loading=\"lazy\" decoding=\"async\" width=\"768\" height=\"514\" src=\"https:\/\/ifalpes.com\/wp-content\/uploads\/2022\/12\/Rafting-Annecy.jpg\" class=\"attachment-full size-full wp-image-21600\" alt=\"\" srcset=\"https:\/\/ifalpes.com\/wp-content\/uploads\/2022\/12\/Rafting-Annecy.jpg 768w, https:\/\/ifalpes.com\/wp-content\/uploads\/2022\/12\/Rafting-Annecy-300x201.jpg 300w\" sizes=\"(max-width: 768px) 100vw, 768px\" \/><\/figure><div class=\"elementor-image-box-content\"><h3 class=\"elementor-image-box-title\">RAFTING<\/h3><p class=\"elementor-image-box-description\">Cuando hay monta\u00f1as, hay r\u00edos, y cuando hay r\u00edos, \u00a1hay hermosas oportunidades para practicar rafting! Vaya en grupo y pase un rato inolvidable mezclando deporte y risas.<\/p><\/div><\/div>\t\t\t\t<\/div>\n\t\t\t\t<\/div>\n\t\t\t\t\t<\/div>\n\t\t<\/div>\n\t\t\t\t\t<\/div>\n\t\t<\/section>\n\t\t\t\t<\/div>\n\t\t","protected":false},"excerpt":{"rendered":"<p>Actividades en Annecy con IFALPES En un entorno natural \u00fanico entre lago y monta\u00f1a, Annecy ofrece numerosas posibilidades para practicar deportes y actividades de ocio durante todo el a\u00f1o. En invierno, el esqu\u00ed (alpino y de fondo), las raquetas de nieve y los trineos son f\u00e1cilmente accesibles en transporte p\u00fablico. En verano, se puede practicar [&hellip;]<\/p>\n","protected":false},"author":1,"featured_media":21587,"parent":21965,"menu_order":0,"comment_status":"closed","ping_status":"closed","template":"","meta":{"_acf_changed":false,"content-type":"","footnotes":""},"class_list":["post-21963","page","type-page","status-publish","has-post-thumbnail","hentry"],"acf":[],"_links":{"self":[{"href":"https:\/\/ifalpes.com\/es\/wp-json\/wp\/v2\/pages\/21963","targetHints":{"allow":["GET"]}}],"collection":[{"href":"https:\/\/ifalpes.com\/es\/wp-json\/wp\/v2\/pages"}],"about":[{"href":"https:\/\/ifalpes.com\/es\/wp-json\/wp\/v2\/types\/page"}],"author":[{"embeddable":true,"href":"https:\/\/ifalpes.com\/es\/wp-json\/wp\/v2\/users\/1"}],"replies":[{"embeddable":true,"href":"https:\/\/ifalpes.com\/es\/wp-json\/wp\/v2\/comments?post=21963"}],"version-history":[{"count":3,"href":"https:\/\/ifalpes.com\/es\/wp-json\/wp\/v2\/pages\/21963\/revisions"}],"predecessor-version":[{"id":27943,"href":"https:\/\/ifalpes.com\/es\/wp-json\/wp\/v2\/pages\/21963\/revisions\/27943"}],"up":[{"embeddable":true,"href":"https:\/\/ifalpes.com\/es\/wp-json\/wp\/v2\/pages\/21965"}],"wp:featuredmedia":[{"embeddable":true,"href":"https:\/\/ifalpes.com\/es\/wp-json\/wp\/v2\/media\/21587"}],"wp:attachment":[{"href":"https:\/\/ifalpes.com\/es\/wp-json\/wp\/v2\/media?parent=21963"}],"curies":[{"name":"wp","href":"https:\/\/api.w.org\/{rel}","templated":true}]}}