{"id":21961,"date":"2022-06-30T08:28:17","date_gmt":"2022-06-30T08:28:17","guid":{"rendered":"https:\/\/ifalpes.com\/viaje-de-esqui\/"},"modified":"2025-04-24T08:06:21","modified_gmt":"2025-04-24T08:06:21","slug":"frances-y-esqui","status":"publish","type":"page","link":"https:\/\/ifalpes.com\/es\/activities-annecy\/frances-y-esqui\/","title":{"rendered":"Viaje de esqu\u00ed"},"content":{"rendered":"\t\t<div data-elementor-type=\"wp-page\" data-elementor-id=\"21961\" class=\"elementor elementor-21961 elementor-102\" data-elementor-post-type=\"page\">\n\t\t\t\t\t\t<section class=\"elementor-section elementor-top-section elementor-element elementor-element-e68871a elementor-section-boxed elementor-section-height-default elementor-section-height-default\" data-id=\"e68871a\" data-element_type=\"section\" data-e-type=\"section\">\n\t\t\t\t\t\t<div class=\"elementor-container elementor-column-gap-default\">\n\t\t\t\t\t<div class=\"elementor-column elementor-col-33 elementor-top-column elementor-element elementor-element-263c229\" data-id=\"263c229\" data-element_type=\"column\" data-e-type=\"column\" data-settings=\"{&quot;background_background&quot;:&quot;classic&quot;}\">\n\t\t\t<div class=\"elementor-widget-wrap\">\n\t\t\t\t\t\t\t<\/div>\n\t\t<\/div>\n\t\t\t\t<div class=\"elementor-column elementor-col-66 elementor-top-column elementor-element elementor-element-ceda641\" data-id=\"ceda641\" data-element_type=\"column\" data-e-type=\"column\">\n\t\t\t<div class=\"elementor-widget-wrap elementor-element-populated\">\n\t\t\t\t\t\t<div class=\"elementor-element elementor-element-778ec13 elementor-widget elementor-widget-heading\" data-id=\"778ec13\" data-element_type=\"widget\" data-e-type=\"widget\" data-widget_type=\"heading.default\">\n\t\t\t\t<div class=\"elementor-widget-container\">\n\t\t\t\t\t<h2 class=\"elementor-heading-title elementor-size-default\">Actividades en Annecy<\/h2>\t\t\t\t<\/div>\n\t\t\t\t<\/div>\n\t\t\t\t<div class=\"elementor-element elementor-element-97bda05 elementor-widget elementor-widget-text-editor\" data-id=\"97bda05\" data-element_type=\"widget\" data-e-type=\"widget\" data-widget_type=\"text-editor.default\">\n\t\t\t\t<div class=\"elementor-widget-container\">\n\t\t\t\t\t\t\t\t\t<p class=\"p1\">Annecy es la base perfecta para los amantes de los deportes de invierno que quieran combinar el aprendizaje de idiomas con aventuras alpinas. Desde la ciudad se puede acceder f\u00e1cilmente a varias estaciones de esqu\u00ed populares, como <span class=\"s1\">La Clusaz<\/span>, <span class=\"s1\">Le Grand Bornand<\/span>, <span class=\"s1\">Semnoz<\/span> y <span class=\"s1\">Manigod<\/span>, todas ellas a una hora aproximadamente. <\/p><p class=\"p1\">IFALPES ofrece cursos de franc\u00e9s en un impresionante entorno de monta\u00f1a, lo que le permite disfrutar de viajes de esqu\u00ed independientes durante su tiempo libre. Tanto si le gusta el esqu\u00ed alpino como el snowboard o las raquetas de nieve, los Alpes franceses est\u00e1n a la vuelta de la esquina. <\/p><p class=\"p1\"><span class=\"s1\">Aunque IFALPES no organiza viajes de esqu\u00ed<\/span>, nuestro equipo estar\u00e1 encantado de asesorarle y recomendarle c\u00f3mo llegar a las estaciones, incluyendo opciones de transporte, forfaits y servicios de alquiler. <span style=\"font-family: -apple-system, BlinkMacSystemFont, 'Segoe UI', Roboto, 'Helvetica Neue', Arial, 'Noto Sans', sans-serif, 'Apple Color Emoji', 'Segoe UI Emoji', 'Segoe UI Symbol', 'Noto Color Emoji'; font-size: 1rem;\">Disfrute de la libertad de planificar sus propias salidas de esqu\u00ed mientras se beneficia de cursos franceses de alta calidad en el coraz\u00f3n de los Alpes.de alta calidad en el coraz\u00f3n de los Alpes.<\/span><\/p>\t\t\t\t\t\t\t\t<\/div>\n\t\t\t\t<\/div>\n\t\t\t\t\t<\/div>\n\t\t<\/div>\n\t\t\t\t\t<\/div>\n\t\t<\/section>\n\t\t\t\t<section class=\"elementor-section elementor-top-section elementor-element elementor-element-1c25f66 elementor-section-boxed elementor-section-height-default elementor-section-height-default\" data-id=\"1c25f66\" data-element_type=\"section\" data-e-type=\"section\">\n\t\t\t\t\t\t<div class=\"elementor-container elementor-column-gap-default\">\n\t\t\t\t\t<div class=\"elementor-column elementor-col-50 elementor-top-column elementor-element elementor-element-358c372\" data-id=\"358c372\" data-element_type=\"column\" data-e-type=\"column\">\n\t\t\t<div class=\"elementor-widget-wrap elementor-element-populated\">\n\t\t\t\t\t\t<div class=\"elementor-element elementor-element-654d669 elementor-position-top elementor-widget elementor-widget-image-box\" data-id=\"654d669\" data-element_type=\"widget\" data-e-type=\"widget\" data-widget_type=\"image-box.default\">\n\t\t\t\t<div class=\"elementor-widget-container\">\n\t\t\t\t\t<div class=\"elementor-image-box-wrapper\"><figure class=\"elementor-image-box-img\"><img fetchpriority=\"high\" decoding=\"async\" width=\"1000\" height=\"599\" src=\"https:\/\/ifalpes.com\/wp-content\/uploads\/2022\/12\/Ski-Chamonix.jpg\" class=\"attachment-full size-full wp-image-21572\" alt=\"\" srcset=\"https:\/\/ifalpes.com\/wp-content\/uploads\/2022\/12\/Ski-Chamonix.jpg 1000w, https:\/\/ifalpes.com\/wp-content\/uploads\/2022\/12\/Ski-Chamonix-300x180.jpg 300w, https:\/\/ifalpes.com\/wp-content\/uploads\/2022\/12\/Ski-Chamonix-768x460.jpg 768w\" sizes=\"(max-width: 1000px) 100vw, 1000px\" \/><\/figure><div class=\"elementor-image-box-content\"><h3 class=\"elementor-image-box-title\"> Chamonix Mont Blanc<\/h3><p class=\"elementor-image-box-description\">Conocido en todo el mundo por su magn\u00edfico emplazamiento, el dominio esquiable de Chamonix ofrece una experiencia de esqu\u00ed absolutamente incre\u00edble a los pies del Mont Blanc. El dominio esquiable es muy variado, lo que permite a todos los niveles encontrar la configuraci\u00f3n ideal.<\/p><\/div><\/div>\t\t\t\t<\/div>\n\t\t\t\t<\/div>\n\t\t\t\t\t<\/div>\n\t\t<\/div>\n\t\t\t\t<div class=\"elementor-column elementor-col-50 elementor-top-column elementor-element elementor-element-c4a6dd2\" data-id=\"c4a6dd2\" data-element_type=\"column\" data-e-type=\"column\">\n\t\t\t<div class=\"elementor-widget-wrap elementor-element-populated\">\n\t\t\t\t\t\t<div class=\"elementor-element elementor-element-85aa7a4 elementor-position-top elementor-widget elementor-widget-image-box\" data-id=\"85aa7a4\" data-element_type=\"widget\" data-e-type=\"widget\" data-widget_type=\"image-box.default\">\n\t\t\t\t<div class=\"elementor-widget-container\">\n\t\t\t\t\t<div class=\"elementor-image-box-wrapper\"><figure class=\"elementor-image-box-img\"><img decoding=\"async\" width=\"740\" height=\"496\" src=\"https:\/\/ifalpes.com\/wp-content\/uploads\/2022\/12\/Morzine-portes-du-soleil-2.jpg\" class=\"attachment-full size-full wp-image-21575\" alt=\"\" srcset=\"https:\/\/ifalpes.com\/wp-content\/uploads\/2022\/12\/Morzine-portes-du-soleil-2.jpg 740w, https:\/\/ifalpes.com\/wp-content\/uploads\/2022\/12\/Morzine-portes-du-soleil-2-300x201.jpg 300w\" sizes=\"(max-width: 740px) 100vw, 740px\" \/><\/figure><div class=\"elementor-image-box-content\"><h3 class=\"elementor-image-box-title\">Morzine \u2013 Avoriaz<\/h3><p class=\"elementor-image-box-description\">Creado en 1960, se ha convertido en un acontecimiento de renombre mundial. El festival se celebra cada a\u00f1o a principios de junio y ofrece una selecci\u00f3n oficial de pel\u00edculas de dibujos animados, papeles recortados, plastilina, stop motion y 3D.<\/p><\/div><\/div>\t\t\t\t<\/div>\n\t\t\t\t<\/div>\n\t\t\t\t\t<\/div>\n\t\t<\/div>\n\t\t\t\t\t<\/div>\n\t\t<\/section>\n\t\t\t\t<section class=\"elementor-section elementor-top-section elementor-element elementor-element-5977b9b elementor-section-boxed elementor-section-height-default elementor-section-height-default\" data-id=\"5977b9b\" data-element_type=\"section\" data-e-type=\"section\">\n\t\t\t\t\t\t<div class=\"elementor-container elementor-column-gap-default\">\n\t\t\t\t\t<div class=\"elementor-column elementor-col-50 elementor-top-column elementor-element elementor-element-6239647\" data-id=\"6239647\" data-element_type=\"column\" data-e-type=\"column\">\n\t\t\t<div class=\"elementor-widget-wrap elementor-element-populated\">\n\t\t\t\t\t\t<div class=\"elementor-element elementor-element-7f54408 elementor-position-top elementor-widget elementor-widget-image-box\" data-id=\"7f54408\" data-element_type=\"widget\" data-e-type=\"widget\" data-widget_type=\"image-box.default\">\n\t\t\t\t<div class=\"elementor-widget-container\">\n\t\t\t\t\t<div class=\"elementor-image-box-wrapper\"><figure class=\"elementor-image-box-img\"><img decoding=\"async\" width=\"1000\" height=\"585\" src=\"https:\/\/ifalpes.com\/wp-content\/uploads\/2022\/12\/aravis-Grand-Bornad-La-Clusaz-2.jpg\" class=\"attachment-full size-full wp-image-21578\" alt=\"\" srcset=\"https:\/\/ifalpes.com\/wp-content\/uploads\/2022\/12\/aravis-Grand-Bornad-La-Clusaz-2.jpg 1000w, https:\/\/ifalpes.com\/wp-content\/uploads\/2022\/12\/aravis-Grand-Bornad-La-Clusaz-2-300x176.jpg 300w, https:\/\/ifalpes.com\/wp-content\/uploads\/2022\/12\/aravis-Grand-Bornad-La-Clusaz-2-768x449.jpg 768w\" sizes=\"(max-width: 1000px) 100vw, 1000px\" \/><\/figure><div class=\"elementor-image-box-content\"><h3 class=\"elementor-image-box-title\">Grand Bornand \u2013 La Clusaz<\/h3><p class=\"elementor-image-box-description\">Estas dos estaciones situadas en los montes Aravis se encuentran a 45 minutos de Annecy. Ambas ofrecen excelentes condiciones para esquiar, tanto para principiantes como para expertos.<\/p><\/div><\/div>\t\t\t\t<\/div>\n\t\t\t\t<\/div>\n\t\t\t\t\t<\/div>\n\t\t<\/div>\n\t\t\t\t<div class=\"elementor-column elementor-col-50 elementor-top-column elementor-element elementor-element-4f2b8aa\" data-id=\"4f2b8aa\" data-element_type=\"column\" data-e-type=\"column\">\n\t\t\t<div class=\"elementor-widget-wrap elementor-element-populated\">\n\t\t\t\t\t\t<div class=\"elementor-element elementor-element-8d8f437 elementor-position-top elementor-widget elementor-widget-image-box\" data-id=\"8d8f437\" data-element_type=\"widget\" data-e-type=\"widget\" data-widget_type=\"image-box.default\">\n\t\t\t\t<div class=\"elementor-widget-container\">\n\t\t\t\t\t<div class=\"elementor-image-box-wrapper\"><figure class=\"elementor-image-box-img\"><img loading=\"lazy\" decoding=\"async\" width=\"800\" height=\"500\" src=\"https:\/\/ifalpes.com\/wp-content\/uploads\/2022\/12\/Le-semnoz.jpg\" class=\"attachment-full size-full wp-image-21581\" alt=\"\" srcset=\"https:\/\/ifalpes.com\/wp-content\/uploads\/2022\/12\/Le-semnoz.jpg 800w, https:\/\/ifalpes.com\/wp-content\/uploads\/2022\/12\/Le-semnoz-300x188.jpg 300w, https:\/\/ifalpes.com\/wp-content\/uploads\/2022\/12\/Le-semnoz-768x480.jpg 768w\" sizes=\"(max-width: 800px) 100vw, 800px\" \/><\/figure><div class=\"elementor-image-box-content\"><h3 class=\"elementor-image-box-title\"> Le Semnoz<\/h3><p class=\"elementor-image-box-description\">Situado a 20 minutos de Annecy, Semnoz es un entorno de monta\u00f1a de altitud media perfecto para comenzar la temporada de esqu\u00ed o para principiantes. Nuestra monta\u00f1a \"local\", invita tanto a los paseos contemplativos como al esfuerzo f\u00edsico durante todo el a\u00f1o.<\/p><\/div><\/div>\t\t\t\t<\/div>\n\t\t\t\t<\/div>\n\t\t\t\t\t<\/div>\n\t\t<\/div>\n\t\t\t\t\t<\/div>\n\t\t<\/section>\n\t\t\t\t<\/div>\n\t\t","protected":false},"excerpt":{"rendered":"<p>Actividades en Annecy Annecy es la base perfecta para los amantes de los deportes de invierno que quieran combinar el aprendizaje de idiomas con aventuras alpinas. Desde la ciudad se puede acceder f\u00e1cilmente a varias estaciones de esqu\u00ed populares, como La Clusaz, Le Grand Bornand, Semnoz y Manigod, todas ellas a una hora aproximadamente. IFALPES [&hellip;]<\/p>\n","protected":false},"author":1,"featured_media":21569,"parent":21965,"menu_order":0,"comment_status":"closed","ping_status":"closed","template":"","meta":{"_acf_changed":false,"content-type":"","footnotes":""},"class_list":["post-21961","page","type-page","status-publish","has-post-thumbnail","hentry"],"acf":[],"_links":{"self":[{"href":"https:\/\/ifalpes.com\/es\/wp-json\/wp\/v2\/pages\/21961","targetHints":{"allow":["GET"]}}],"collection":[{"href":"https:\/\/ifalpes.com\/es\/wp-json\/wp\/v2\/pages"}],"about":[{"href":"https:\/\/ifalpes.com\/es\/wp-json\/wp\/v2\/types\/page"}],"author":[{"embeddable":true,"href":"https:\/\/ifalpes.com\/es\/wp-json\/wp\/v2\/users\/1"}],"replies":[{"embeddable":true,"href":"https:\/\/ifalpes.com\/es\/wp-json\/wp\/v2\/comments?post=21961"}],"version-history":[{"count":2,"href":"https:\/\/ifalpes.com\/es\/wp-json\/wp\/v2\/pages\/21961\/revisions"}],"predecessor-version":[{"id":27934,"href":"https:\/\/ifalpes.com\/es\/wp-json\/wp\/v2\/pages\/21961\/revisions\/27934"}],"up":[{"embeddable":true,"href":"https:\/\/ifalpes.com\/es\/wp-json\/wp\/v2\/pages\/21965"}],"wp:featuredmedia":[{"embeddable":true,"href":"https:\/\/ifalpes.com\/es\/wp-json\/wp\/v2\/media\/21569"}],"wp:attachment":[{"href":"https:\/\/ifalpes.com\/es\/wp-json\/wp\/v2\/media?parent=21961"}],"curies":[{"name":"wp","href":"https:\/\/api.w.org\/{rel}","templated":true}]}}