{"id":21959,"date":"2022-06-30T08:30:04","date_gmt":"2022-06-30T08:30:04","guid":{"rendered":"https:\/\/ifalpes.com\/alojamiento-annecy\/estudiantes-residencia\/"},"modified":"2022-12-15T14:26:32","modified_gmt":"2022-12-15T14:26:32","slug":"estudiantes-residencia","status":"publish","type":"page","link":"https:\/\/ifalpes.com\/es\/alojamiento-annecy\/estudiantes-residencia\/","title":{"rendered":"Residencia de estudiantes"},"content":{"rendered":"\t\t<div data-elementor-type=\"wp-page\" data-elementor-id=\"21959\" class=\"elementor elementor-21959 elementor-113\" data-elementor-post-type=\"page\">\n\t\t\t\t\t\t<section class=\"elementor-section elementor-top-section elementor-element elementor-element-52f1ea6 elementor-section-boxed elementor-section-height-default elementor-section-height-default\" data-id=\"52f1ea6\" data-element_type=\"section\" data-e-type=\"section\">\n\t\t\t\t\t\t<div class=\"elementor-container elementor-column-gap-default\">\n\t\t\t\t\t<div class=\"elementor-column elementor-col-33 elementor-top-column elementor-element elementor-element-ac8c7cc\" data-id=\"ac8c7cc\" data-element_type=\"column\" data-e-type=\"column\" data-settings=\"{&quot;background_background&quot;:&quot;classic&quot;}\">\n\t\t\t<div class=\"elementor-widget-wrap\">\n\t\t\t\t\t\t\t<\/div>\n\t\t<\/div>\n\t\t\t\t<div class=\"elementor-column elementor-col-66 elementor-top-column elementor-element elementor-element-b76a089\" data-id=\"b76a089\" data-element_type=\"column\" data-e-type=\"column\">\n\t\t\t<div class=\"elementor-widget-wrap elementor-element-populated\">\n\t\t\t\t\t\t<div class=\"elementor-element elementor-element-00e9543 elementor-widget elementor-widget-heading\" data-id=\"00e9543\" data-element_type=\"widget\" data-e-type=\"widget\" data-widget_type=\"heading.default\">\n\t\t\t\t<div class=\"elementor-widget-container\">\n\t\t\t\t\t<h2 class=\"elementor-heading-title elementor-size-default\">Alojamiento universitario<\/h2>\t\t\t\t<\/div>\n\t\t\t\t<\/div>\n\t\t\t\t<div class=\"elementor-element elementor-element-bfff381 elementor-widget elementor-widget-text-editor\" data-id=\"bfff381\" data-element_type=\"widget\" data-e-type=\"widget\" data-widget_type=\"text-editor.default\">\n\t\t\t\t<div class=\"elementor-widget-container\">\n\t\t\t\t\t\t\t\t\t<p>Posibilidad de reservar todo el a\u00f1o seg\u00fan disponibilidad del establecimiento.<\/p>\n<p>Situado a 20 minutos en autob\u00fas o bicicleta de IFALPES.<\/p>\n<p>Confort b\u00e1sico, habitaci\u00f3n con lavabo, despacho y almac\u00e9n. Ducha y aseos compartidos con 4 residentes. Cocina en cada planta.<\/p>\n<p>General facilities include a common-room with a study-area, a light and spacious hall, a cafeteria, a TV area and a ping pong area and a laundry room with washing and drying machines.<\/p>\n\t\t\t\t\t\t\t\t<\/div>\n\t\t\t\t<\/div>\n\t\t\t\t\t<\/div>\n\t\t<\/div>\n\t\t\t\t\t<\/div>\n\t\t<\/section>\n\t\t\t\t<section class=\"elementor-section elementor-top-section elementor-element elementor-element-99e5069 elementor-section-boxed elementor-section-height-default elementor-section-height-default\" data-id=\"99e5069\" data-element_type=\"section\" data-e-type=\"section\">\n\t\t\t\t\t\t<div class=\"elementor-container elementor-column-gap-default\">\n\t\t\t\t\t<div class=\"elementor-column elementor-col-66 elementor-top-column elementor-element elementor-element-be089a1\" data-id=\"be089a1\" data-element_type=\"column\" data-e-type=\"column\">\n\t\t\t<div class=\"elementor-widget-wrap elementor-element-populated\">\n\t\t\t\t\t\t<div class=\"elementor-element elementor-element-8956843 elementor-widget elementor-widget-heading\" data-id=\"8956843\" data-element_type=\"widget\" data-e-type=\"widget\" data-widget_type=\"heading.default\">\n\t\t\t\t<div class=\"elementor-widget-container\">\n\t\t\t\t\t<h2 class=\"elementor-heading-title elementor-size-default\">Residencia universitaria<\/h2>\t\t\t\t<\/div>\n\t\t\t\t<\/div>\n\t\t\t\t<div class=\"elementor-element elementor-element-9aaa2f5 elementor-widget elementor-widget-text-editor\" data-id=\"9aaa2f5\" data-element_type=\"widget\" data-e-type=\"widget\" data-widget_type=\"text-editor.default\">\n\t\t\t\t<div class=\"elementor-widget-container\">\n\t\t\t\t\t\t\t\t\t<p>S\u00f3lo disponible en verano, situado a dos pasos del lago, a 20 minutos en autob\u00fas o 10 minutos en bicicleta de IFALPES.<\/p>\n<p>Posibilidad de disponer de una habitaci\u00f3n con vistas al lago, seg\u00fan disponibilidad.<\/p>\n<p>Confort est\u00e1ndar, habitaci\u00f3n con ducha y aseos individuales. Cocina en cada planta.<\/p>\n\t\t\t\t\t\t\t\t<\/div>\n\t\t\t\t<\/div>\n\t\t\t\t\t<\/div>\n\t\t<\/div>\n\t\t\t\t<div class=\"elementor-column elementor-col-33 elementor-top-column elementor-element elementor-element-2fddba2\" data-id=\"2fddba2\" data-element_type=\"column\" data-e-type=\"column\" data-settings=\"{&quot;background_background&quot;:&quot;classic&quot;}\">\n\t\t\t<div class=\"elementor-widget-wrap\">\n\t\t\t\t\t\t\t<\/div>\n\t\t<\/div>\n\t\t\t\t\t<\/div>\n\t\t<\/section>\n\t\t\t\t<\/div>\n\t\t","protected":false},"excerpt":{"rendered":"<p>Alojamiento universitario Posibilidad de reservar todo el a\u00f1o seg\u00fan disponibilidad del establecimiento. Situado a 20 minutos en autob\u00fas o bicicleta de IFALPES. Confort b\u00e1sico, habitaci\u00f3n con lavabo, despacho y almac\u00e9n. Ducha y aseos compartidos con 4 residentes. Cocina en cada planta. General facilities include a common-room with a study-area, a light and spacious hall, a [&hellip;]<\/p>\n","protected":false},"author":1,"featured_media":21250,"parent":21930,"menu_order":0,"comment_status":"closed","ping_status":"closed","template":"","meta":{"_acf_changed":false,"content-type":"","footnotes":""},"class_list":["post-21959","page","type-page","status-publish","has-post-thumbnail","hentry"],"acf":[],"_links":{"self":[{"href":"https:\/\/ifalpes.com\/es\/wp-json\/wp\/v2\/pages\/21959","targetHints":{"allow":["GET"]}}],"collection":[{"href":"https:\/\/ifalpes.com\/es\/wp-json\/wp\/v2\/pages"}],"about":[{"href":"https:\/\/ifalpes.com\/es\/wp-json\/wp\/v2\/types\/page"}],"author":[{"embeddable":true,"href":"https:\/\/ifalpes.com\/es\/wp-json\/wp\/v2\/users\/1"}],"replies":[{"embeddable":true,"href":"https:\/\/ifalpes.com\/es\/wp-json\/wp\/v2\/comments?post=21959"}],"version-history":[{"count":1,"href":"https:\/\/ifalpes.com\/es\/wp-json\/wp\/v2\/pages\/21959\/revisions"}],"predecessor-version":[{"id":21960,"href":"https:\/\/ifalpes.com\/es\/wp-json\/wp\/v2\/pages\/21959\/revisions\/21960"}],"up":[{"embeddable":true,"href":"https:\/\/ifalpes.com\/es\/wp-json\/wp\/v2\/pages\/21930"}],"wp:featuredmedia":[{"embeddable":true,"href":"https:\/\/ifalpes.com\/es\/wp-json\/wp\/v2\/media\/21250"}],"wp:attachment":[{"href":"https:\/\/ifalpes.com\/es\/wp-json\/wp\/v2\/media?parent=21959"}],"curies":[{"name":"wp","href":"https:\/\/api.w.org\/{rel}","templated":true}]}}