{"id":21957,"date":"2022-06-30T08:27:34","date_gmt":"2022-06-30T08:27:34","guid":{"rendered":"https:\/\/ifalpes.com\/arte-y-cultura\/"},"modified":"2022-12-15T14:25:48","modified_gmt":"2022-12-15T14:25:48","slug":"arte-y-cultura","status":"publish","type":"page","link":"https:\/\/ifalpes.com\/es\/activities-annecy\/arte-y-cultura\/","title":{"rendered":"Arte y cultura"},"content":{"rendered":"\t\t<div data-elementor-type=\"wp-page\" data-elementor-id=\"21957\" class=\"elementor elementor-21957 elementor-100\" data-elementor-post-type=\"page\">\n\t\t\t\t\t\t<section class=\"elementor-section elementor-top-section elementor-element elementor-element-b5286bb elementor-section-boxed elementor-section-height-default elementor-section-height-default\" data-id=\"b5286bb\" data-element_type=\"section\" data-e-type=\"section\">\n\t\t\t\t\t\t<div class=\"elementor-container elementor-column-gap-default\">\n\t\t\t\t\t<div class=\"elementor-column elementor-col-33 elementor-top-column elementor-element elementor-element-41642b7\" data-id=\"41642b7\" data-element_type=\"column\" data-e-type=\"column\" data-settings=\"{&quot;background_background&quot;:&quot;classic&quot;}\">\n\t\t\t<div class=\"elementor-widget-wrap\">\n\t\t\t\t\t\t\t<\/div>\n\t\t<\/div>\n\t\t\t\t<div class=\"elementor-column elementor-col-66 elementor-top-column elementor-element elementor-element-3fe1159\" data-id=\"3fe1159\" data-element_type=\"column\" data-e-type=\"column\">\n\t\t\t<div class=\"elementor-widget-wrap elementor-element-populated\">\n\t\t\t\t\t\t<div class=\"elementor-element elementor-element-691b302 elementor-widget elementor-widget-heading\" data-id=\"691b302\" data-element_type=\"widget\" data-e-type=\"widget\" data-widget_type=\"heading.default\">\n\t\t\t\t<div class=\"elementor-widget-container\">\n\t\t\t\t\t<h2 class=\"elementor-heading-title elementor-size-default\">Actividades en Annecy con IFALPES<\/h2>\t\t\t\t<\/div>\n\t\t\t\t<\/div>\n\t\t\t\t<div class=\"elementor-element elementor-element-a923c1f elementor-widget elementor-widget-text-editor\" data-id=\"a923c1f\" data-element_type=\"widget\" data-e-type=\"widget\" data-widget_type=\"text-editor.default\">\n\t\t\t\t<div class=\"elementor-widget-container\">\n\t\t\t\t\t\t\t\t\t<p>Con su historia, Annecy es una ciudad con un rico patrimonio art\u00edstico y cultural. Se pueden visitar museos y galer\u00edas de arte. A lo largo del a\u00f1o, la ciudad organiza numerosos eventos.<\/p>\n<p>Cada mes, IFALPES propone diferentes salidas y actividades culturales en la ciudad (visita de museos, exposiciones, degustaci\u00f3n de productos regionales&#8230;) pero tambi\u00e9n en lugares famosos de la regi\u00f3n (Chamonix, Ginebra, Lyon&#8230;).<\/p>\n\t\t\t\t\t\t\t\t<\/div>\n\t\t\t\t<\/div>\n\t\t\t\t\t<\/div>\n\t\t<\/div>\n\t\t\t\t\t<\/div>\n\t\t<\/section>\n\t\t\t\t<section class=\"elementor-section elementor-top-section elementor-element elementor-element-aa46eed elementor-section-boxed elementor-section-height-default elementor-section-height-default\" data-id=\"aa46eed\" data-element_type=\"section\" data-e-type=\"section\">\n\t\t\t\t\t\t<div class=\"elementor-container elementor-column-gap-default\">\n\t\t\t\t\t<div class=\"elementor-column elementor-col-50 elementor-top-column elementor-element elementor-element-d7cdefa\" data-id=\"d7cdefa\" data-element_type=\"column\" data-e-type=\"column\">\n\t\t\t<div class=\"elementor-widget-wrap elementor-element-populated\">\n\t\t\t\t\t\t<div class=\"elementor-element elementor-element-129e46a elementor-position-top elementor-widget elementor-widget-image-box\" data-id=\"129e46a\" data-element_type=\"widget\" data-e-type=\"widget\" data-widget_type=\"image-box.default\">\n\t\t\t\t<div class=\"elementor-widget-container\">\n\t\t\t\t\t<div class=\"elementor-image-box-wrapper\"><figure class=\"elementor-image-box-img\"><img fetchpriority=\"high\" decoding=\"async\" width=\"1024\" height=\"683\" src=\"https:\/\/ifalpes.com\/wp-content\/uploads\/2022\/11\/fetedulac.jpeg\" class=\"attachment-full size-full wp-image-21316\" alt=\"\" srcset=\"https:\/\/ifalpes.com\/wp-content\/uploads\/2022\/11\/fetedulac.jpeg 1024w, https:\/\/ifalpes.com\/wp-content\/uploads\/2022\/11\/fetedulac-300x200.jpeg 300w, https:\/\/ifalpes.com\/wp-content\/uploads\/2022\/11\/fetedulac-768x512.jpeg 768w\" sizes=\"(max-width: 1024px) 100vw, 1024px\" \/><\/figure><div class=\"elementor-image-box-content\"><h3 class=\"elementor-image-box-title\">LA F\u00caTE DU LAC<\/h3><p class=\"elementor-image-box-description\">Cada a\u00f1o, a principios de agosto, el lago se convierte en el escenario del mayor espect\u00e1culo pirot\u00e9cnico de Europa... Durante m\u00e1s de hora y media, disfrutar\u00e1 de un espect\u00e1culo de fuegos artificiales salpicado de m\u00fasica, luces y efectos especiales acu\u00e1ticos... Este grandioso espect\u00e1culo tiene su origen en la fiesta veneciana celebrada en 1860 en honor de la llegada de Napole\u00f3n III. \u00a1Un espect\u00e1culo que hay que ver al menos una vez en la vida!<\/p><\/div><\/div>\t\t\t\t<\/div>\n\t\t\t\t<\/div>\n\t\t\t\t\t<\/div>\n\t\t<\/div>\n\t\t\t\t<div class=\"elementor-column elementor-col-50 elementor-top-column elementor-element elementor-element-ee3467b\" data-id=\"ee3467b\" data-element_type=\"column\" data-e-type=\"column\">\n\t\t\t<div class=\"elementor-widget-wrap elementor-element-populated\">\n\t\t\t\t\t\t<div class=\"elementor-element elementor-element-0701529 elementor-position-top elementor-widget elementor-widget-image-box\" data-id=\"0701529\" data-element_type=\"widget\" data-e-type=\"widget\" data-widget_type=\"image-box.default\">\n\t\t\t\t<div class=\"elementor-widget-container\">\n\t\t\t\t\t<div class=\"elementor-image-box-wrapper\"><figure class=\"elementor-image-box-img\"><img decoding=\"async\" width=\"980\" height=\"654\" src=\"https:\/\/ifalpes.com\/wp-content\/uploads\/2022\/11\/animation-annecy.jpeg\" class=\"attachment-full size-full wp-image-21313\" alt=\"\" srcset=\"https:\/\/ifalpes.com\/wp-content\/uploads\/2022\/11\/animation-annecy.jpeg 980w, https:\/\/ifalpes.com\/wp-content\/uploads\/2022\/11\/animation-annecy-300x200.jpeg 300w, https:\/\/ifalpes.com\/wp-content\/uploads\/2022\/11\/animation-annecy-768x513.jpeg 768w\" sizes=\"(max-width: 980px) 100vw, 980px\" \/><\/figure><div class=\"elementor-image-box-content\"><h3 class=\"elementor-image-box-title\">LE FESTIVAL INTERNATIONAL DU FILM D\u2019ANIMATION<\/h3><p class=\"elementor-image-box-description\">Creado en 1960, se ha convertido en un acontecimiento de renombre mundial. El festival se celebra cada a\u00f1o a principios de junio y ofrece una selecci\u00f3n oficial de pel\u00edculas de dibujos animados, papeles recortados, plastilina, stop motion y 3D.<\/p><\/div><\/div>\t\t\t\t<\/div>\n\t\t\t\t<\/div>\n\t\t\t\t\t<\/div>\n\t\t<\/div>\n\t\t\t\t\t<\/div>\n\t\t<\/section>\n\t\t\t\t<section class=\"elementor-section elementor-top-section elementor-element elementor-element-536c0e8 elementor-section-boxed elementor-section-height-default elementor-section-height-default\" data-id=\"536c0e8\" data-element_type=\"section\" data-e-type=\"section\">\n\t\t\t\t\t\t<div class=\"elementor-container elementor-column-gap-default\">\n\t\t\t\t\t<div class=\"elementor-column elementor-col-50 elementor-top-column elementor-element elementor-element-df945e1\" data-id=\"df945e1\" data-element_type=\"column\" data-e-type=\"column\">\n\t\t\t<div class=\"elementor-widget-wrap elementor-element-populated\">\n\t\t\t\t\t\t<div class=\"elementor-element elementor-element-fe5a37c elementor-position-top elementor-widget elementor-widget-image-box\" data-id=\"fe5a37c\" data-element_type=\"widget\" data-e-type=\"widget\" data-widget_type=\"image-box.default\">\n\t\t\t\t<div class=\"elementor-widget-container\">\n\t\t\t\t\t<div class=\"elementor-image-box-wrapper\"><figure class=\"elementor-image-box-img\"><img decoding=\"async\" width=\"860\" height=\"645\" src=\"https:\/\/ifalpes.com\/wp-content\/uploads\/2022\/11\/festival-paysage.jpeg\" class=\"attachment-full size-full wp-image-21310\" alt=\"\" srcset=\"https:\/\/ifalpes.com\/wp-content\/uploads\/2022\/11\/festival-paysage.jpeg 860w, https:\/\/ifalpes.com\/wp-content\/uploads\/2022\/11\/festival-paysage-300x225.jpeg 300w, https:\/\/ifalpes.com\/wp-content\/uploads\/2022\/11\/festival-paysage-768x576.jpeg 768w\" sizes=\"(max-width: 860px) 100vw, 860px\" \/><\/figure><div class=\"elementor-image-box-content\"><h3 class=\"elementor-image-box-title\">LE FESTIVAL DES PAYSAGES<\/h3><p class=\"elementor-image-box-description\">Le seducir\u00e1n la veintena de instalaciones art\u00edsticas y sugerentes, todas ellas situadas en lugares emblem\u00e1ticos de Annecy. <\/p><\/div><\/div>\t\t\t\t<\/div>\n\t\t\t\t<\/div>\n\t\t\t\t\t<\/div>\n\t\t<\/div>\n\t\t\t\t<div class=\"elementor-column elementor-col-50 elementor-top-column elementor-element elementor-element-eda2fda\" data-id=\"eda2fda\" data-element_type=\"column\" data-e-type=\"column\">\n\t\t\t<div class=\"elementor-widget-wrap elementor-element-populated\">\n\t\t\t\t\t\t<div class=\"elementor-element elementor-element-88c5937 elementor-position-top elementor-widget elementor-widget-image-box\" data-id=\"88c5937\" data-element_type=\"widget\" data-e-type=\"widget\" data-widget_type=\"image-box.default\">\n\t\t\t\t<div class=\"elementor-widget-container\">\n\t\t\t\t\t<div class=\"elementor-image-box-wrapper\"><figure class=\"elementor-image-box-img\"><img loading=\"lazy\" decoding=\"async\" width=\"1200\" height=\"500\" src=\"https:\/\/ifalpes.com\/wp-content\/uploads\/2022\/11\/haras-annecy.jpeg\" class=\"attachment-full size-full wp-image-21307\" alt=\"\" srcset=\"https:\/\/ifalpes.com\/wp-content\/uploads\/2022\/11\/haras-annecy.jpeg 1200w, https:\/\/ifalpes.com\/wp-content\/uploads\/2022\/11\/haras-annecy-300x125.jpeg 300w, https:\/\/ifalpes.com\/wp-content\/uploads\/2022\/11\/haras-annecy-1024x427.jpeg 1024w, https:\/\/ifalpes.com\/wp-content\/uploads\/2022\/11\/haras-annecy-768x320.jpeg 768w\" sizes=\"(max-width: 1200px) 100vw, 1200px\" \/><\/figure><div class=\"elementor-image-box-content\"><h3 class=\"elementor-image-box-title\">SAISON AU HARAS<\/h3><p class=\"elementor-image-box-description\">En mayo, se puede disfrutar de un suntuoso parque ajardinado en un lugar patrimonial del siglo XIX. Conciertos, teatro, cine al aire libre, exposiciones, el lugar prospera para gran placer de los asistentes.<\/p><\/div><\/div>\t\t\t\t<\/div>\n\t\t\t\t<\/div>\n\t\t\t\t\t<\/div>\n\t\t<\/div>\n\t\t\t\t\t<\/div>\n\t\t<\/section>\n\t\t\t\t<\/div>\n\t\t","protected":false},"excerpt":{"rendered":"<p>Actividades en Annecy con IFALPES Con su historia, Annecy es una ciudad con un rico patrimonio art\u00edstico y cultural. Se pueden visitar museos y galer\u00edas de arte. A lo largo del a\u00f1o, la ciudad organiza numerosos eventos. Cada mes, IFALPES propone diferentes salidas y actividades culturales en la ciudad (visita de museos, exposiciones, degustaci\u00f3n de [&hellip;]<\/p>\n","protected":false},"author":1,"featured_media":21304,"parent":21965,"menu_order":0,"comment_status":"closed","ping_status":"closed","template":"","meta":{"_acf_changed":false,"content-type":"","footnotes":""},"class_list":["post-21957","page","type-page","status-publish","has-post-thumbnail","hentry"],"acf":[],"_links":{"self":[{"href":"https:\/\/ifalpes.com\/es\/wp-json\/wp\/v2\/pages\/21957","targetHints":{"allow":["GET"]}}],"collection":[{"href":"https:\/\/ifalpes.com\/es\/wp-json\/wp\/v2\/pages"}],"about":[{"href":"https:\/\/ifalpes.com\/es\/wp-json\/wp\/v2\/types\/page"}],"author":[{"embeddable":true,"href":"https:\/\/ifalpes.com\/es\/wp-json\/wp\/v2\/users\/1"}],"replies":[{"embeddable":true,"href":"https:\/\/ifalpes.com\/es\/wp-json\/wp\/v2\/comments?post=21957"}],"version-history":[{"count":1,"href":"https:\/\/ifalpes.com\/es\/wp-json\/wp\/v2\/pages\/21957\/revisions"}],"predecessor-version":[{"id":21958,"href":"https:\/\/ifalpes.com\/es\/wp-json\/wp\/v2\/pages\/21957\/revisions\/21958"}],"up":[{"embeddable":true,"href":"https:\/\/ifalpes.com\/es\/wp-json\/wp\/v2\/pages\/21965"}],"wp:featuredmedia":[{"embeddable":true,"href":"https:\/\/ifalpes.com\/es\/wp-json\/wp\/v2\/media\/21304"}],"wp:attachment":[{"href":"https:\/\/ifalpes.com\/es\/wp-json\/wp\/v2\/media?parent=21957"}],"curies":[{"name":"wp","href":"https:\/\/api.w.org\/{rel}","templated":true}]}}