{"id":21937,"date":"2022-06-30T08:29:51","date_gmt":"2022-06-30T08:29:51","guid":{"rendered":"https:\/\/ifalpes.com\/alojamiento-annecy\/familia-acogida-francesa\/"},"modified":"2025-07-17T10:49:47","modified_gmt":"2025-07-17T10:49:47","slug":"familia-acogida-francesa","status":"publish","type":"page","link":"https:\/\/ifalpes.com\/es\/alojamiento-annecy\/familia-acogida-francesa\/","title":{"rendered":"Familia de acogida francesa"},"content":{"rendered":"\t\t<div data-elementor-type=\"wp-page\" data-elementor-id=\"21937\" class=\"elementor elementor-21937 elementor-111\" data-elementor-post-type=\"page\">\n\t\t\t\t\t\t<section class=\"elementor-section elementor-top-section elementor-element elementor-element-c6db52d elementor-section-boxed elementor-section-height-default elementor-section-height-default\" data-id=\"c6db52d\" data-element_type=\"section\" data-e-type=\"section\">\n\t\t\t\t\t\t<div class=\"elementor-container elementor-column-gap-default\">\n\t\t\t\t\t<div class=\"elementor-column elementor-col-33 elementor-top-column elementor-element elementor-element-d305d8e\" data-id=\"d305d8e\" data-element_type=\"column\" data-e-type=\"column\" data-settings=\"{&quot;background_background&quot;:&quot;classic&quot;}\">\n\t\t\t<div class=\"elementor-widget-wrap\">\n\t\t\t\t\t\t\t<\/div>\n\t\t<\/div>\n\t\t\t\t<div class=\"elementor-column elementor-col-66 elementor-top-column elementor-element elementor-element-c850f5b\" data-id=\"c850f5b\" data-element_type=\"column\" data-e-type=\"column\">\n\t\t\t<div class=\"elementor-widget-wrap elementor-element-populated\">\n\t\t\t\t\t\t<div class=\"elementor-element elementor-element-3a9b184 elementor-widget elementor-widget-heading\" data-id=\"3a9b184\" data-element_type=\"widget\" data-e-type=\"widget\" data-widget_type=\"heading.default\">\n\t\t\t\t<div class=\"elementor-widget-container\">\n\t\t\t\t\t<h2 class=\"elementor-heading-title elementor-size-default\">Alojamiento en una familia de acogida<\/h2>\t\t\t\t<\/div>\n\t\t\t\t<\/div>\n\t\t\t\t<div class=\"elementor-element elementor-element-abc5deb elementor-widget elementor-widget-text-editor\" data-id=\"abc5deb\" data-element_type=\"widget\" data-e-type=\"widget\" data-widget_type=\"text-editor.default\">\n\t\t\t\t<div class=\"elementor-widget-container\">\n\t\t\t\t\t\t\t\t\t<ul><li>\u00bfDesea participar en la vida de una familia francesa durante su estancia?<\/li><li>\u00bfQuieres probar la aut\u00e9ntica cocina familiar francesa?<\/li><li>\u00bfDesea practicar el franc\u00e9s fuera de las clases?<\/li><\/ul><p>Alojarse en una familia de acogida es ideal si desea descubrir la cultura francesa y profundizar sus conocimientos del idioma.<\/p><p>IFALPES trabaja con una red de familias de acogida situadas en Annecy y en los municipios de los alrededores. Las familias son rigurosamente seleccionadas y reunidas por nuestro departamento de alojamiento. Firman una Carta de acogida y confianza. Progresar\u00e1 a\u00fan m\u00e1s en franc\u00e9s si comparte la vida de una familia francesa que estar\u00e1 encantada de compartir con usted.   <\/p><p>Todas nuestras familias disponen de Wifi en casa.<\/p><p>Todas las estancias incluyen una llegada el domingo anterior al curso y una salida el s\u00e1bado de la \u00faltima semana del curso. Si desea llegar o quedarse una noche m\u00e1s, le rogamos que informe al departamento de alojamiento lo antes posible para que puedan estudiar su solicitud en funci\u00f3n de la disponibilidad de la familia. <\/p>\t\t\t\t\t\t\t\t<\/div>\n\t\t\t\t<\/div>\n\t\t\t\t\t<\/div>\n\t\t<\/div>\n\t\t\t\t\t<\/div>\n\t\t<\/section>\n\t\t\t\t<section class=\"elementor-section elementor-top-section elementor-element elementor-element-884c636 elementor-section-boxed elementor-section-height-default elementor-section-height-default\" data-id=\"884c636\" data-element_type=\"section\" data-e-type=\"section\">\n\t\t\t\t\t\t<div class=\"elementor-container elementor-column-gap-default\">\n\t\t\t\t\t<div class=\"elementor-column elementor-col-66 elementor-top-column elementor-element elementor-element-2679d09\" data-id=\"2679d09\" data-element_type=\"column\" data-e-type=\"column\">\n\t\t\t<div class=\"elementor-widget-wrap elementor-element-populated\">\n\t\t\t\t\t\t<div class=\"elementor-element elementor-element-24a8c54 elementor-widget elementor-widget-text-editor\" data-id=\"24a8c54\" data-element_type=\"widget\" data-e-type=\"widget\" data-widget_type=\"text-editor.default\">\n\t\t\t\t<div class=\"elementor-widget-container\">\n\t\t\t\t\t\t\t\t\t<p>M\u00e1s informacion sobre nuestras diferentes opciones de alojamiento en familias de acogoda y consultar nuestro precio.<\/p>\t\t\t\t\t\t\t\t<\/div>\n\t\t\t\t<\/div>\n\t\t\t\t<div class=\"elementor-element elementor-element-87174f2 elementor-align-center elementor-widget elementor-widget-button\" data-id=\"87174f2\" data-element_type=\"widget\" data-e-type=\"widget\" data-widget_type=\"button.default\">\n\t\t\t\t<div class=\"elementor-widget-container\">\n\t\t\t\t\t\t\t\t\t<div class=\"elementor-button-wrapper\">\n\t\t\t\t\t<a class=\"elementor-button elementor-button-link elementor-size-md\" href=\"https:\/\/ifalpes.com\/es\/precios-y-documentacion\/\" target=\"_blank\">\n\t\t\t\t\t\t<span class=\"elementor-button-content-wrapper\">\n\t\t\t\t\t\t<span class=\"elementor-button-icon\">\n\t\t\t\t<i aria-hidden=\"true\" class=\"fas fa-angle-right\"><\/i>\t\t\t<\/span>\n\t\t\t\t\t\t\t\t\t<span class=\"elementor-button-text\">Descargar nuestra lista de precios<\/span>\n\t\t\t\t\t<\/span>\n\t\t\t\t\t<\/a>\n\t\t\t\t<\/div>\n\t\t\t\t\t\t\t\t<\/div>\n\t\t\t\t<\/div>\n\t\t\t\t\t<\/div>\n\t\t<\/div>\n\t\t\t\t<div class=\"elementor-column elementor-col-33 elementor-top-column elementor-element elementor-element-e1da8df\" data-id=\"e1da8df\" data-element_type=\"column\" data-e-type=\"column\" data-settings=\"{&quot;background_background&quot;:&quot;classic&quot;}\">\n\t\t\t<div class=\"elementor-widget-wrap\">\n\t\t\t\t\t\t\t<\/div>\n\t\t<\/div>\n\t\t\t\t\t<\/div>\n\t\t<\/section>\n\t\t\t\t<section class=\"elementor-section elementor-top-section elementor-element elementor-element-992ffd7 elementor-section-boxed elementor-section-height-default elementor-section-height-default\" data-id=\"992ffd7\" data-element_type=\"section\" data-e-type=\"section\">\n\t\t\t\t\t\t<div class=\"elementor-container elementor-column-gap-default\">\n\t\t\t\t\t<div class=\"elementor-column elementor-col-100 elementor-top-column elementor-element elementor-element-92f0a78\" data-id=\"92f0a78\" data-element_type=\"column\" data-e-type=\"column\">\n\t\t\t<div class=\"elementor-widget-wrap elementor-element-populated\">\n\t\t\t\t\t\t<div class=\"elementor-element elementor-element-0b338ab elementor-widget-divider--view-line elementor-widget elementor-widget-divider\" data-id=\"0b338ab\" data-element_type=\"widget\" data-e-type=\"widget\" data-widget_type=\"divider.default\">\n\t\t\t\t<div class=\"elementor-widget-container\">\n\t\t\t\t\t\t\t<div class=\"elementor-divider\">\n\t\t\t<span class=\"elementor-divider-separator\">\n\t\t\t\t\t\t<\/span>\n\t\t<\/div>\n\t\t\t\t\t\t<\/div>\n\t\t\t\t<\/div>\n\t\t\t\t\t<\/div>\n\t\t<\/div>\n\t\t\t\t\t<\/div>\n\t\t<\/section>\n\t\t\t\t<section class=\"elementor-section elementor-top-section elementor-element elementor-element-76fdd43 elementor-section-boxed elementor-section-height-default elementor-section-height-default\" data-id=\"76fdd43\" data-element_type=\"section\" data-e-type=\"section\">\n\t\t\t\t\t\t<div class=\"elementor-container elementor-column-gap-default\">\n\t\t\t\t\t<div class=\"elementor-column elementor-col-100 elementor-top-column elementor-element elementor-element-51aed57\" data-id=\"51aed57\" data-element_type=\"column\" data-e-type=\"column\">\n\t\t\t<div class=\"elementor-widget-wrap elementor-element-populated\">\n\t\t\t\t\t\t<div class=\"elementor-element elementor-element-60e74f5 elementor-widget elementor-widget-heading\" data-id=\"60e74f5\" data-element_type=\"widget\" data-e-type=\"widget\" data-widget_type=\"heading.default\">\n\t\t\t\t<div class=\"elementor-widget-container\">\n\t\t\t\t\t<h2 class=\"elementor-heading-title elementor-size-default\">Alojamiento en un domicilio particular: instrucciones de uso<\/h2>\t\t\t\t<\/div>\n\t\t\t\t<\/div>\n\t\t\t\t<div class=\"elementor-element elementor-element-eab647b elementor-widget elementor-widget-text-editor\" data-id=\"eab647b\" data-element_type=\"widget\" data-e-type=\"widget\" data-widget_type=\"text-editor.default\">\n\t\t\t\t<div class=\"elementor-widget-container\">\n\t\t\t\t\t\t\t\t\t<p>Si es la primera vez que se aloja con una familia de acogida, la vida en una familia local puede sorprenderle en algunos puntos: el ritmo de vida, el modo de vida\u2026 He aqu\u00ed algunos consejos para preparar su estancia en familia.<\/p><p><strong>Llegada:<\/strong> No olvide informar a su familia de acogida de su fecha y hora de llegada.<\/p><p><strong>Alquiler: <\/strong>Por favor, pague su alquiler a su llegada a IFALPES.<\/p><p>NB: Si desea cambiar de alojamiento antes del final de su estancia, informe al servicio de alojamiento y a su familia con un mes de antelaci\u00f3n. Cualquier cambio ser\u00e1 facturado. <\/p><p><strong>Comidas:<\/strong> No dude en informar a su familia si tiene una dieta espec\u00edfica o alergias. Sus anfitriones har\u00e1n todo lo posible por variar sus men\u00fas. Si un d\u00eda tiene previsto cenar fuera, no olvide avisar a su familia al menos con un d\u00eda de antelaci\u00f3n. Cualquier comida adicional deber\u00e1 pagarse aparte.   <\/p><p><strong>Cocinar :<\/strong> tenga en cuenta que sea cual sea la f\u00f3rmula que haya reservado (media pensi\u00f3n, alojamiento y desayuno, s\u00f3lo habitaci\u00f3n), no es posible utilizar la cocina de la familia de acogida para preparar comidas. Algunas familias aceptan que los estudiantes utilicen la cocina para preparar platos fr\u00edos (ensaladas, s\u00e1ndwiches&#8230;), sin embargo, depende de la familia y no es algo que se pueda garantizar. <\/p><p><strong>La limpieza:<\/strong> Tu familia te dir\u00e1 d\u00f3nde encontrar los art\u00edculos necesarios para limpiar tu habitaci\u00f3n. No olvides que siempre se agradece una mano para recoger la mesa o fregar los platos. <\/p><p><strong>Ropa blanca:<\/strong> Tu familia te sugerir\u00e1 que laves la ropa blanca al menos una vez a la semana. Si no es suficiente, puedes ir a una lavander\u00eda en el centro de la ciudad. <\/p><p>No dudes en pedir a tu familia de acogida cualquier otra informaci\u00f3n que consideres \u00fatil, \u00a1estar\u00e1n encantados de ayudarte!<\/p><p><br><br><b style=\"font-family: -apple-system, BlinkMacSystemFont, 'Segoe UI', Roboto, 'Helvetica Neue', Arial, 'Noto Sans', sans-serif, 'Apple Color Emoji', 'Segoe UI Emoji', 'Segoe UI Symbol', 'Noto Color Emoji'; font-size: 1rem;\">*El alojamiento en familia se reserva de domingo a s\u00e1bado (6 noches por semana).<\/b> <\/p><p><b style=\"font-family: -apple-system, BlinkMacSystemFont, 'Segoe UI', Roboto, 'Helvetica Neue', Arial, 'Noto Sans', sans-serif, 'Apple Color Emoji', 'Segoe UI Emoji', 'Segoe UI Symbol', 'Noto Color Emoji'; font-size: 1rem;\">Se puede a\u00f1adir una noche extra si se solicita, sujeto a disponibilidad.<\/b><\/p>\t\t\t\t\t\t\t\t<\/div>\n\t\t\t\t<\/div>\n\t\t\t\t\t<\/div>\n\t\t<\/div>\n\t\t\t\t\t<\/div>\n\t\t<\/section>\n\t\t\t\t<section class=\"elementor-section elementor-top-section elementor-element elementor-element-2afc761 elementor-section-boxed elementor-section-height-default elementor-section-height-default\" data-id=\"2afc761\" data-element_type=\"section\" data-e-type=\"section\">\n\t\t\t\t\t\t<div class=\"elementor-container elementor-column-gap-default\">\n\t\t\t\t\t<div class=\"elementor-column elementor-col-100 elementor-top-column elementor-element elementor-element-0f7a91a\" data-id=\"0f7a91a\" data-element_type=\"column\" data-e-type=\"column\">\n\t\t\t<div class=\"elementor-widget-wrap elementor-element-populated\">\n\t\t\t\t\t\t<div class=\"elementor-element elementor-element-5ab2fef elementor-widget-divider--view-line elementor-widget elementor-widget-divider\" data-id=\"5ab2fef\" data-element_type=\"widget\" data-e-type=\"widget\" data-widget_type=\"divider.default\">\n\t\t\t\t<div class=\"elementor-widget-container\">\n\t\t\t\t\t\t\t<div class=\"elementor-divider\">\n\t\t\t<span class=\"elementor-divider-separator\">\n\t\t\t\t\t\t<\/span>\n\t\t<\/div>\n\t\t\t\t\t\t<\/div>\n\t\t\t\t<\/div>\n\t\t\t\t\t<\/div>\n\t\t<\/div>\n\t\t\t\t\t<\/div>\n\t\t<\/section>\n\t\t\t\t<section class=\"elementor-section elementor-top-section elementor-element elementor-element-46d7616 elementor-section-boxed elementor-section-height-default elementor-section-height-default\" data-id=\"46d7616\" data-element_type=\"section\" data-e-type=\"section\">\n\t\t\t\t\t\t<div class=\"elementor-container elementor-column-gap-default\">\n\t\t\t\t\t<div class=\"elementor-column elementor-col-100 elementor-top-column elementor-element elementor-element-c7c9715\" data-id=\"c7c9715\" data-element_type=\"column\" data-e-type=\"column\">\n\t\t\t<div class=\"elementor-widget-wrap elementor-element-populated\">\n\t\t\t\t\t\t<div class=\"elementor-element elementor-element-61316bc elementor-widget elementor-widget-heading\" data-id=\"61316bc\" data-element_type=\"widget\" data-e-type=\"widget\" data-widget_type=\"heading.default\">\n\t\t\t\t<div class=\"elementor-widget-container\">\n\t\t\t\t\t<h2 class=\"elementor-heading-title elementor-size-default\">\u00bfLe gustar\u00eda convertirse en familia de acogida y participar en una experiencia de intercambio \u00fanica?<\/h2>\t\t\t\t<\/div>\n\t\t\t\t<\/div>\n\t\t\t\t<div class=\"elementor-element elementor-element-880d745 elementor-widget elementor-widget-text-editor\" data-id=\"880d745\" data-element_type=\"widget\" data-e-type=\"widget\" data-widget_type=\"text-editor.default\">\n\t\t\t\t<div class=\"elementor-widget-container\">\n\t\t\t\t\t\t\t\t\t<p>Haga clic a continuaci\u00f3n y d\u00e9jenos sus datos de contacto. Nuestro equipo de alojamiento se pondr\u00e1 en contacto contigo en breve. <\/p>\t\t\t\t\t\t\t\t<\/div>\n\t\t\t\t<\/div>\n\t\t\t\t<div class=\"elementor-element elementor-element-251347f elementor-align-center elementor-widget elementor-widget-button\" data-id=\"251347f\" data-element_type=\"widget\" data-e-type=\"widget\" data-widget_type=\"button.default\">\n\t\t\t\t<div class=\"elementor-widget-container\">\n\t\t\t\t\t\t\t\t\t<div class=\"elementor-button-wrapper\">\n\t\t\t\t\t<a class=\"elementor-button elementor-button-link elementor-size-md\" href=\"https:\/\/ifalpes.com\/fr\/devenez-famille-hote-etudiants-internationaux-annecy\/\" target=\"_blank\">\n\t\t\t\t\t\t<span class=\"elementor-button-content-wrapper\">\n\t\t\t\t\t\t<span class=\"elementor-button-icon\">\n\t\t\t\t<i aria-hidden=\"true\" class=\"fas fa-angle-right\"><\/i>\t\t\t<\/span>\n\t\t\t\t\t\t\t\t\t<span class=\"elementor-button-text\">Convi\u00e9rtase en familia de acogida de nuestros estudiantes<\/span>\n\t\t\t\t\t<\/span>\n\t\t\t\t\t<\/a>\n\t\t\t\t<\/div>\n\t\t\t\t\t\t\t\t<\/div>\n\t\t\t\t<\/div>\n\t\t\t\t\t<\/div>\n\t\t<\/div>\n\t\t\t\t\t<\/div>\n\t\t<\/section>\n\t\t\t\t<\/div>\n\t\t","protected":false},"excerpt":{"rendered":"<p>Alojamiento en una familia de acogida \u00bfDesea participar en la vida de una familia francesa durante su estancia? \u00bfQuieres probar la aut\u00e9ntica cocina familiar francesa? \u00bfDesea practicar el franc\u00e9s fuera de las clases? Alojarse en una familia de acogida es ideal si desea descubrir la cultura francesa y profundizar sus conocimientos del idioma. IFALPES trabaja [&hellip;]<\/p>\n","protected":false},"author":1,"featured_media":21256,"parent":21930,"menu_order":0,"comment_status":"closed","ping_status":"closed","template":"","meta":{"_acf_changed":false,"content-type":"","footnotes":""},"class_list":["post-21937","page","type-page","status-publish","has-post-thumbnail","hentry"],"acf":[],"_links":{"self":[{"href":"https:\/\/ifalpes.com\/es\/wp-json\/wp\/v2\/pages\/21937","targetHints":{"allow":["GET"]}}],"collection":[{"href":"https:\/\/ifalpes.com\/es\/wp-json\/wp\/v2\/pages"}],"about":[{"href":"https:\/\/ifalpes.com\/es\/wp-json\/wp\/v2\/types\/page"}],"author":[{"embeddable":true,"href":"https:\/\/ifalpes.com\/es\/wp-json\/wp\/v2\/users\/1"}],"replies":[{"embeddable":true,"href":"https:\/\/ifalpes.com\/es\/wp-json\/wp\/v2\/comments?post=21937"}],"version-history":[{"count":7,"href":"https:\/\/ifalpes.com\/es\/wp-json\/wp\/v2\/pages\/21937\/revisions"}],"predecessor-version":[{"id":27989,"href":"https:\/\/ifalpes.com\/es\/wp-json\/wp\/v2\/pages\/21937\/revisions\/27989"}],"up":[{"embeddable":true,"href":"https:\/\/ifalpes.com\/es\/wp-json\/wp\/v2\/pages\/21930"}],"wp:featuredmedia":[{"embeddable":true,"href":"https:\/\/ifalpes.com\/es\/wp-json\/wp\/v2\/media\/21256"}],"wp:attachment":[{"href":"https:\/\/ifalpes.com\/es\/wp-json\/wp\/v2\/media?parent=21937"}],"curies":[{"name":"wp","href":"https:\/\/api.w.org\/{rel}","templated":true}]}}