{"id":21930,"date":"2022-06-30T08:29:03","date_gmt":"2022-06-30T08:29:03","guid":{"rendered":"https:\/\/ifalpes.com\/alojamiento-annecy\/"},"modified":"2022-12-15T14:00:09","modified_gmt":"2022-12-15T14:00:09","slug":"alojamiento-annecy","status":"publish","type":"page","link":"https:\/\/ifalpes.com\/es\/alojamiento-annecy\/","title":{"rendered":"Alojamiento Annecy"},"content":{"rendered":"\t\t<div data-elementor-type=\"wp-page\" data-elementor-id=\"21930\" class=\"elementor elementor-21930 elementor-106\" data-elementor-post-type=\"page\">\n\t\t\t\t\t\t<section class=\"elementor-section elementor-top-section elementor-element elementor-element-a34ba41 elementor-section-boxed elementor-section-height-default elementor-section-height-default\" data-id=\"a34ba41\" data-element_type=\"section\" data-e-type=\"section\">\n\t\t\t\t\t\t<div class=\"elementor-container elementor-column-gap-default\">\n\t\t\t\t\t<div class=\"elementor-column elementor-col-100 elementor-top-column elementor-element elementor-element-1aaf13e\" data-id=\"1aaf13e\" data-element_type=\"column\" data-e-type=\"column\">\n\t\t\t<div class=\"elementor-widget-wrap elementor-element-populated\">\n\t\t\t\t\t\t<div class=\"elementor-element elementor-element-7d6ffd8 elementor-grid-3 elementor-grid-tablet-2 elementor-grid-mobile-1 elementor-posts--thumbnail-top elementor-card-shadow-yes elementor-posts__hover-gradient elementor-widget elementor-widget-posts\" data-id=\"7d6ffd8\" data-element_type=\"widget\" data-e-type=\"widget\" data-settings=\"{&quot;cards_columns&quot;:&quot;3&quot;,&quot;cards_columns_tablet&quot;:&quot;2&quot;,&quot;cards_columns_mobile&quot;:&quot;1&quot;,&quot;cards_row_gap&quot;:{&quot;unit&quot;:&quot;px&quot;,&quot;size&quot;:35,&quot;sizes&quot;:[]},&quot;cards_row_gap_tablet&quot;:{&quot;unit&quot;:&quot;px&quot;,&quot;size&quot;:&quot;&quot;,&quot;sizes&quot;:[]},&quot;cards_row_gap_mobile&quot;:{&quot;unit&quot;:&quot;px&quot;,&quot;size&quot;:&quot;&quot;,&quot;sizes&quot;:[]}}\" data-widget_type=\"posts.cards\">\n\t\t\t\t<div class=\"elementor-widget-container\">\n\t\t\t\t\t\t\t<div class=\"elementor-posts-container elementor-posts elementor-posts--skin-cards elementor-grid\" role=\"list\">\n\t\t\t\t<article class=\"elementor-post elementor-grid-item post-21933 page type-page status-publish has-post-thumbnail hentry\" role=\"listitem\">\n\t\t\t<div class=\"elementor-post__card\">\n\t\t\t\t<a class=\"elementor-post__thumbnail__link\" href=\"https:\/\/ifalpes.com\/es\/alojamiento-annecy\/apart-hotel-privado-apartmento\/\" tabindex=\"-1\" ><div class=\"elementor-post__thumbnail\"><img fetchpriority=\"high\" decoding=\"async\" width=\"300\" height=\"200\" src=\"https:\/\/ifalpes.com\/wp-content\/uploads\/2022\/11\/181136MES_6949-300x200.jpg\" class=\"attachment-medium size-medium wp-image-21298\" alt=\"\" srcset=\"https:\/\/ifalpes.com\/wp-content\/uploads\/2022\/11\/181136MES_6949-300x200.jpg 300w, https:\/\/ifalpes.com\/wp-content\/uploads\/2022\/11\/181136MES_6949-768x513.jpg 768w, https:\/\/ifalpes.com\/wp-content\/uploads\/2022\/11\/181136MES_6949.jpg 1000w\" sizes=\"(max-width: 300px) 100vw, 300px\" \/><\/div><\/a>\n\t\t\t\t<div class=\"elementor-post__text\">\n\t\t\t\t<h3 class=\"elementor-post__title\">\n\t\t\t<a href=\"https:\/\/ifalpes.com\/es\/alojamiento-annecy\/apart-hotel-privado-apartmento\/\" >\n\t\t\t\tApart-hotel, hotel y apartamento privado\t\t\t<\/a>\n\t\t<\/h3>\n\t\t\t\t<div class=\"elementor-post__excerpt\">\n\t\t\t<p>Apartahoteles + estudios individuales \u00bfDesea disfrutar de la m\u00e1xima independencia y comodidad durante su estancia? El servicio de alojamiento le propone reservar apartamentos, estudios o habitaciones en hoteles que conocemos y con los que trabajamos regularmente. Tambi\u00e9n ofrecemos estudios individuales situados en Annecy y sus alrededores, no dude en ponerse en contacto con el servicio de alojamiento para obtener m\u00e1s<\/p>\n\t\t<\/div>\n\t\t\n\t\t<a class=\"elementor-post__read-more\" href=\"https:\/\/ifalpes.com\/es\/alojamiento-annecy\/apart-hotel-privado-apartmento\/\" aria-label=\"M\u00e1s informaci\u00f3n sobre Apart-hotel, hotel y apartamento privado\" tabindex=\"-1\" >\n\t\t\tSeguir leyendo\t\t<\/a>\n\n\t\t\t\t<\/div>\n\t\t\t\t\t<\/div>\n\t\t<\/article>\n\t\t\t\t<article class=\"elementor-post elementor-grid-item post-21937 page type-page status-publish has-post-thumbnail hentry\" role=\"listitem\">\n\t\t\t<div class=\"elementor-post__card\">\n\t\t\t\t<a class=\"elementor-post__thumbnail__link\" href=\"https:\/\/ifalpes.com\/es\/alojamiento-annecy\/familia-acogida-francesa\/\" tabindex=\"-1\" ><div class=\"elementor-post__thumbnail\"><img decoding=\"async\" width=\"300\" height=\"200\" src=\"https:\/\/ifalpes.com\/wp-content\/uploads\/2022\/11\/D76A0762-300x200.jpg\" class=\"attachment-medium size-medium wp-image-21256\" alt=\"\" srcset=\"https:\/\/ifalpes.com\/wp-content\/uploads\/2022\/11\/D76A0762-300x200.jpg 300w, https:\/\/ifalpes.com\/wp-content\/uploads\/2022\/11\/D76A0762-768x512.jpg 768w, https:\/\/ifalpes.com\/wp-content\/uploads\/2022\/11\/D76A0762.jpg 1000w\" sizes=\"(max-width: 300px) 100vw, 300px\" \/><\/div><\/a>\n\t\t\t\t<div class=\"elementor-post__text\">\n\t\t\t\t<h3 class=\"elementor-post__title\">\n\t\t\t<a href=\"https:\/\/ifalpes.com\/es\/alojamiento-annecy\/familia-acogida-francesa\/\" >\n\t\t\t\tFamilia de acogida francesa\t\t\t<\/a>\n\t\t<\/h3>\n\t\t\t\t<div class=\"elementor-post__excerpt\">\n\t\t\t<p>Alojamiento en una familia de acogida \u00bfDesea participar en la vida de una familia francesa durante su estancia? \u00bfQuieres probar la aut\u00e9ntica cocina familiar francesa? \u00bfDesea practicar el franc\u00e9s fuera de las clases? Alojarse en una familia de acogida es ideal si desea descubrir la cultura francesa y profundizar sus conocimientos del idioma. IFALPES trabaja con una red de familias<\/p>\n\t\t<\/div>\n\t\t\n\t\t<a class=\"elementor-post__read-more\" href=\"https:\/\/ifalpes.com\/es\/alojamiento-annecy\/familia-acogida-francesa\/\" aria-label=\"M\u00e1s informaci\u00f3n sobre Familia de acogida francesa\" tabindex=\"-1\" >\n\t\t\tSeguir leyendo\t\t<\/a>\n\n\t\t\t\t<\/div>\n\t\t\t\t\t<\/div>\n\t\t<\/article>\n\t\t\t\t<article class=\"elementor-post elementor-grid-item post-21959 page type-page status-publish has-post-thumbnail hentry\" role=\"listitem\">\n\t\t\t<div class=\"elementor-post__card\">\n\t\t\t\t<a class=\"elementor-post__thumbnail__link\" href=\"https:\/\/ifalpes.com\/es\/alojamiento-annecy\/estudiantes-residencia\/\" tabindex=\"-1\" ><div class=\"elementor-post__thumbnail\"><img decoding=\"async\" width=\"300\" height=\"200\" src=\"https:\/\/ifalpes.com\/wp-content\/uploads\/2022\/11\/D76A1082-300x200.jpg\" class=\"attachment-medium size-medium wp-image-21250\" alt=\"\" srcset=\"https:\/\/ifalpes.com\/wp-content\/uploads\/2022\/11\/D76A1082-300x200.jpg 300w, https:\/\/ifalpes.com\/wp-content\/uploads\/2022\/11\/D76A1082-768x512.jpg 768w, https:\/\/ifalpes.com\/wp-content\/uploads\/2022\/11\/D76A1082.jpg 1000w\" sizes=\"(max-width: 300px) 100vw, 300px\" \/><\/div><\/a>\n\t\t\t\t<div class=\"elementor-post__text\">\n\t\t\t\t<h3 class=\"elementor-post__title\">\n\t\t\t<a href=\"https:\/\/ifalpes.com\/es\/alojamiento-annecy\/estudiantes-residencia\/\" >\n\t\t\t\tResidencia de estudiantes\t\t\t<\/a>\n\t\t<\/h3>\n\t\t\t\t<div class=\"elementor-post__excerpt\">\n\t\t\t<p>Alojamiento universitario Posibilidad de reservar todo el a\u00f1o seg\u00fan disponibilidad del establecimiento. Situado a 20 minutos en autob\u00fas o bicicleta de IFALPES. Confort b\u00e1sico, habitaci\u00f3n con lavabo, despacho y almac\u00e9n. Ducha y aseos compartidos con 4 residentes. Cocina en cada planta. General facilities include a common-room with a study-area, a light and spacious hall, a cafeteria, a TV area and<\/p>\n\t\t<\/div>\n\t\t\n\t\t<a class=\"elementor-post__read-more\" href=\"https:\/\/ifalpes.com\/es\/alojamiento-annecy\/estudiantes-residencia\/\" aria-label=\"M\u00e1s informaci\u00f3n sobre Residencia de estudiantes\" tabindex=\"-1\" >\n\t\t\tSeguir leyendo\t\t<\/a>\n\n\t\t\t\t<\/div>\n\t\t\t\t\t<\/div>\n\t\t<\/article>\n\t\t\t\t<\/div>\n\t\t\n\t\t\t\t\t\t<\/div>\n\t\t\t\t<\/div>\n\t\t\t\t\t<\/div>\n\t\t<\/div>\n\t\t\t\t\t<\/div>\n\t\t<\/section>\n\t\t\t\t<\/div>\n\t\t","protected":false},"excerpt":{"rendered":"","protected":false},"author":1,"featured_media":0,"parent":0,"menu_order":0,"comment_status":"closed","ping_status":"closed","template":"","meta":{"_acf_changed":false,"content-type":"","footnotes":""},"class_list":["post-21930","page","type-page","status-publish","hentry"],"acf":[],"_links":{"self":[{"href":"https:\/\/ifalpes.com\/es\/wp-json\/wp\/v2\/pages\/21930","targetHints":{"allow":["GET"]}}],"collection":[{"href":"https:\/\/ifalpes.com\/es\/wp-json\/wp\/v2\/pages"}],"about":[{"href":"https:\/\/ifalpes.com\/es\/wp-json\/wp\/v2\/types\/page"}],"author":[{"embeddable":true,"href":"https:\/\/ifalpes.com\/es\/wp-json\/wp\/v2\/users\/1"}],"replies":[{"embeddable":true,"href":"https:\/\/ifalpes.com\/es\/wp-json\/wp\/v2\/comments?post=21930"}],"version-history":[{"count":1,"href":"https:\/\/ifalpes.com\/es\/wp-json\/wp\/v2\/pages\/21930\/revisions"}],"predecessor-version":[{"id":21931,"href":"https:\/\/ifalpes.com\/es\/wp-json\/wp\/v2\/pages\/21930\/revisions\/21931"}],"wp:attachment":[{"href":"https:\/\/ifalpes.com\/es\/wp-json\/wp\/v2\/media?parent=21930"}],"curies":[{"name":"wp","href":"https:\/\/api.w.org\/{rel}","templated":true}]}}