{"id":21880,"date":"2022-06-30T08:34:14","date_gmt":"2022-06-30T08:34:14","guid":{"rendered":"https:\/\/ifalpes.com\/sobre-ifalpes\/porque-elegir-ifalpes\/"},"modified":"2024-09-04T14:27:29","modified_gmt":"2024-09-04T14:27:29","slug":"porque-elegir-ifalpes","status":"publish","type":"page","link":"https:\/\/ifalpes.com\/es\/sobre-ifalpes\/porque-elegir-ifalpes\/","title":{"rendered":"\u00bfPor qu\u00e9 elegir IFALPES?"},"content":{"rendered":"\t\t<div data-elementor-type=\"wp-page\" data-elementor-id=\"21880\" class=\"elementor elementor-21880 elementor-139\" data-elementor-post-type=\"page\">\n\t\t\t\t\t\t<section class=\"elementor-section elementor-top-section elementor-element elementor-element-c427334 elementor-section-boxed elementor-section-height-default elementor-section-height-default\" data-id=\"c427334\" data-element_type=\"section\" data-e-type=\"section\">\n\t\t\t\t\t\t<div class=\"elementor-container elementor-column-gap-default\">\n\t\t\t\t\t<div class=\"elementor-column elementor-col-33 elementor-top-column elementor-element elementor-element-adde51e\" data-id=\"adde51e\" data-element_type=\"column\" data-e-type=\"column\" data-settings=\"{&quot;background_background&quot;:&quot;classic&quot;}\">\n\t\t\t<div class=\"elementor-widget-wrap\">\n\t\t\t\t\t\t\t<\/div>\n\t\t<\/div>\n\t\t\t\t<div class=\"elementor-column elementor-col-66 elementor-top-column elementor-element elementor-element-97c63df\" data-id=\"97c63df\" data-element_type=\"column\" data-e-type=\"column\">\n\t\t\t<div class=\"elementor-widget-wrap elementor-element-populated\">\n\t\t\t\t\t\t<div class=\"elementor-element elementor-element-00cbac5 elementor-widget elementor-widget-heading\" data-id=\"00cbac5\" data-element_type=\"widget\" data-e-type=\"widget\" data-widget_type=\"heading.default\">\n\t\t\t\t<div class=\"elementor-widget-container\">\n\t\t\t\t\t<h2 class=\"elementor-heading-title elementor-size-default\">Un ambiente acogedor para una estancia inolvidable<\/h2>\t\t\t\t<\/div>\n\t\t\t\t<\/div>\n\t\t\t\t<div class=\"elementor-element elementor-element-2ac4271 elementor-widget elementor-widget-text-editor\" data-id=\"2ac4271\" data-element_type=\"widget\" data-e-type=\"widget\" data-widget_type=\"text-editor.default\">\n\t\t\t\t<div class=\"elementor-widget-container\">\n\t\t\t\t\t\t\t\t\t<p>Somos una escuela a escala humana. Nuestros estudiantes aprecian la cordialidad y el ambiente que reina en IFALPES, tanto en las clases como durante las pausas y las actividades.<\/p>\n<p>La escuela es un espacio de intercambios y apertura con estudiantes de todo el mundo que tienen la oportunidad de conocerse e intercambiar ideas a diario en franc\u00e9s. Esta mezcla de culturas y nacionalidades hace de IFALPES un lugar \u00fanico para practicar y progresar r\u00e1pidamente en franc\u00e9s.<\/p>\n<p>El equipo administrativo y pedag\u00f3gico est\u00e1 siempre disponible para responder a las numerosas preguntas y peticiones de nuestros estudiantes, facilitar sus actividades diarias y encontrar soluciones&#8230; Concedemos gran importancia a esta relaci\u00f3n, para que todos los estudiantes de IFALPES se sientan como en casa.<\/p>\n\t\t\t\t\t\t\t\t<\/div>\n\t\t\t\t<\/div>\n\t\t\t\t\t<\/div>\n\t\t<\/div>\n\t\t\t\t\t<\/div>\n\t\t<\/section>\n\t\t\t\t<section class=\"elementor-section elementor-top-section elementor-element elementor-element-3b77639 elementor-section-boxed elementor-section-height-default elementor-section-height-default\" data-id=\"3b77639\" data-element_type=\"section\" data-e-type=\"section\">\n\t\t\t\t\t\t<div class=\"elementor-container elementor-column-gap-default\">\n\t\t\t\t\t<div class=\"elementor-column elementor-col-66 elementor-top-column elementor-element elementor-element-233c48b\" data-id=\"233c48b\" data-element_type=\"column\" data-e-type=\"column\">\n\t\t\t<div class=\"elementor-widget-wrap elementor-element-populated\">\n\t\t\t\t\t\t<div class=\"elementor-element elementor-element-031d36c elementor-widget elementor-widget-heading\" data-id=\"031d36c\" data-element_type=\"widget\" data-e-type=\"widget\" data-widget_type=\"heading.default\">\n\t\t\t\t<div class=\"elementor-widget-container\">\n\t\t\t\t\t<h2 class=\"elementor-heading-title elementor-size-default\">\u00a1Una estancia ling\u00fc\u00edstica de calidad !<\/h2>\t\t\t\t<\/div>\n\t\t\t\t<\/div>\n\t\t\t\t<div class=\"elementor-element elementor-element-dc0849f elementor-widget elementor-widget-text-editor\" data-id=\"dc0849f\" data-element_type=\"widget\" data-e-type=\"widget\" data-widget_type=\"text-editor.default\">\n\t\t\t\t<div class=\"elementor-widget-container\">\n\t\t\t\t\t\t\t\t\t<p>Los profesores de IFALPES, todos ellos franc\u00f3fonos nativos, tienen una amplia experiencia en la ense\u00f1anza del franc\u00e9s a extranjeros. Todos ellos son licenciados en Franc\u00e9s como Lengua Extranjera (FLE) y les apasiona su profesi\u00f3n.<\/p>\n<p>Para que nuestros estudiantes se beneficien del m\u00e1ximo tiempo de conversaci\u00f3n, nuestras clases tienen una media de 10 estudiantes por grupo (m\u00e1ximo 15). Este n\u00famero limitado de alumnos por clase, permite a nuestros profesores establecer una pedagog\u00eda activa y, a cada alumno, participar al m\u00e1ximo en el grupo.<\/p>\n<p>En IFALPES tambi\u00e9n ponemos mucho cuidado en la selecci\u00f3n de nuestras familias de acogida porque sabemos que el alojamiento es la clave del \u00e9xito de una estancia. Nuestro procedimiento de selecci\u00f3n de familias es muy estricto para que cada estudiante tenga una experiencia de inmersi\u00f3n \u00fanica, que contribuya a hacer de su estancia un momento inolvidable.<\/p>\n<p>Desde hace muchos a\u00f1os, IFALPES ha obtenido diferentes sellos de calidad: Equals, sello de calidad FLE&#8230; Este proceso de acreditaci\u00f3n nos permite evaluar nuestras pr\u00e1cticas cada d\u00eda, cuestionarnos regularmente para progresar en nuestro trabajo y ofrecer a nuestros estudiantes una garant\u00eda de fiabilidad y calidad.<\/p>\n\t\t\t\t\t\t\t\t<\/div>\n\t\t\t\t<\/div>\n\t\t\t\t\t<\/div>\n\t\t<\/div>\n\t\t\t\t<div class=\"elementor-column elementor-col-33 elementor-top-column elementor-element elementor-element-40815a4\" data-id=\"40815a4\" data-element_type=\"column\" data-e-type=\"column\" data-settings=\"{&quot;background_background&quot;:&quot;classic&quot;}\">\n\t\t\t<div class=\"elementor-widget-wrap\">\n\t\t\t\t\t\t\t<\/div>\n\t\t<\/div>\n\t\t\t\t\t<\/div>\n\t\t<\/section>\n\t\t\t\t<section class=\"elementor-section elementor-top-section elementor-element elementor-element-2f08d4b elementor-section-boxed elementor-section-height-default elementor-section-height-default\" data-id=\"2f08d4b\" data-element_type=\"section\" data-e-type=\"section\">\n\t\t\t\t\t\t<div class=\"elementor-container elementor-column-gap-default\">\n\t\t\t\t\t<div class=\"elementor-column elementor-col-33 elementor-top-column elementor-element elementor-element-b53b726\" data-id=\"b53b726\" data-element_type=\"column\" data-e-type=\"column\" data-settings=\"{&quot;background_background&quot;:&quot;classic&quot;}\">\n\t\t\t<div class=\"elementor-widget-wrap\">\n\t\t\t\t\t\t\t<\/div>\n\t\t<\/div>\n\t\t\t\t<div class=\"elementor-column elementor-col-66 elementor-top-column elementor-element elementor-element-8bd5be2\" data-id=\"8bd5be2\" data-element_type=\"column\" data-e-type=\"column\">\n\t\t\t<div class=\"elementor-widget-wrap elementor-element-populated\">\n\t\t\t\t\t\t<div class=\"elementor-element elementor-element-28531a2 elementor-widget elementor-widget-heading\" data-id=\"28531a2\" data-element_type=\"widget\" data-e-type=\"widget\" data-widget_type=\"heading.default\">\n\t\t\t\t<div class=\"elementor-widget-container\">\n\t\t\t\t\t<h2 class=\"elementor-heading-title elementor-size-default\">\u00a1Una experiencia de aprendizaje divertida!<\/h2>\t\t\t\t<\/div>\n\t\t\t\t<\/div>\n\t\t\t\t<div class=\"elementor-element elementor-element-6509bb8 elementor-widget elementor-widget-text-editor\" data-id=\"6509bb8\" data-element_type=\"widget\" data-e-type=\"widget\" data-widget_type=\"text-editor.default\">\n\t\t\t\t<div class=\"elementor-widget-container\">\n\t\t\t\t\t\t\t\t\t<p>Para que una estancia sea eficaz, pensamos que es importante que todo el mundo se divierta: el placer de aprender en el aula, gracias al compromiso de nuestros profesores, el placer de relacionarse con los dem\u00e1s, el placer de compartir momentos \u00fanicos.<\/p>\n<p>Para crear estos momentos especiales, fuera de las clases, ofrecemos y organizamos una multitud de cosas que hacer y ver en Annecy, durante la semana y los fines de semana. Nuestras actividades culturales y sociales o excursiones permiten a nuestros estudiantes descubrir los lugares imprescindibles que hay que ver en la regi\u00f3n y as\u00ed comprender mejor la cultura y el modo de vida franceses.<\/p>\n\t\t\t\t\t\t\t\t<\/div>\n\t\t\t\t<\/div>\n\t\t\t\t\t<\/div>\n\t\t<\/div>\n\t\t\t\t\t<\/div>\n\t\t<\/section>\n\t\t\t\t<\/div>\n\t\t","protected":false},"excerpt":{"rendered":"<p>Un ambiente acogedor para una estancia inolvidable Somos una escuela a escala humana. Nuestros estudiantes aprecian la cordialidad y el ambiente que reina en IFALPES, tanto en las clases como durante las pausas y las actividades. La escuela es un espacio de intercambios y apertura con estudiantes de todo el mundo que tienen la oportunidad [&hellip;]<\/p>\n","protected":false},"author":1,"featured_media":21511,"parent":21795,"menu_order":0,"comment_status":"closed","ping_status":"closed","template":"","meta":{"_acf_changed":false,"content-type":"","footnotes":""},"class_list":["post-21880","page","type-page","status-publish","has-post-thumbnail","hentry"],"acf":[],"_links":{"self":[{"href":"https:\/\/ifalpes.com\/es\/wp-json\/wp\/v2\/pages\/21880","targetHints":{"allow":["GET"]}}],"collection":[{"href":"https:\/\/ifalpes.com\/es\/wp-json\/wp\/v2\/pages"}],"about":[{"href":"https:\/\/ifalpes.com\/es\/wp-json\/wp\/v2\/types\/page"}],"author":[{"embeddable":true,"href":"https:\/\/ifalpes.com\/es\/wp-json\/wp\/v2\/users\/1"}],"replies":[{"embeddable":true,"href":"https:\/\/ifalpes.com\/es\/wp-json\/wp\/v2\/comments?post=21880"}],"version-history":[{"count":4,"href":"https:\/\/ifalpes.com\/es\/wp-json\/wp\/v2\/pages\/21880\/revisions"}],"predecessor-version":[{"id":26930,"href":"https:\/\/ifalpes.com\/es\/wp-json\/wp\/v2\/pages\/21880\/revisions\/26930"}],"up":[{"embeddable":true,"href":"https:\/\/ifalpes.com\/es\/wp-json\/wp\/v2\/pages\/21795"}],"wp:featuredmedia":[{"embeddable":true,"href":"https:\/\/ifalpes.com\/es\/wp-json\/wp\/v2\/media\/21511"}],"wp:attachment":[{"href":"https:\/\/ifalpes.com\/es\/wp-json\/wp\/v2\/media?parent=21880"}],"curies":[{"name":"wp","href":"https:\/\/api.w.org\/{rel}","templated":true}]}}