{"id":21875,"date":"2022-06-30T08:35:29","date_gmt":"2022-06-30T08:35:29","guid":{"rendered":"https:\/\/ifalpes.com\/informacion\/"},"modified":"2022-12-15T13:26:08","modified_gmt":"2022-12-15T13:26:08","slug":"informacion","status":"publish","type":"page","link":"https:\/\/ifalpes.com\/es\/informacion\/","title":{"rendered":"Informaci\u00f3n \u00fatil"},"content":{"rendered":"\t\t<div data-elementor-type=\"wp-page\" data-elementor-id=\"21875\" class=\"elementor elementor-21875 elementor-150\" data-elementor-post-type=\"page\">\n\t\t\t\t\t\t<section class=\"elementor-section elementor-top-section elementor-element elementor-element-3acea75 elementor-section-boxed elementor-section-height-default elementor-section-height-default\" data-id=\"3acea75\" data-element_type=\"section\" data-e-type=\"section\">\n\t\t\t\t\t\t<div class=\"elementor-container elementor-column-gap-default\">\n\t\t\t\t\t<div class=\"elementor-column elementor-col-100 elementor-top-column elementor-element elementor-element-8e2473c\" data-id=\"8e2473c\" data-element_type=\"column\" data-e-type=\"column\">\n\t\t\t<div class=\"elementor-widget-wrap elementor-element-populated\">\n\t\t\t\t\t\t<div class=\"elementor-element elementor-element-cfff4af elementor-grid-3 elementor-grid-tablet-2 elementor-grid-mobile-1 elementor-posts--thumbnail-top elementor-card-shadow-yes elementor-posts__hover-gradient elementor-widget elementor-widget-posts\" data-id=\"cfff4af\" data-element_type=\"widget\" data-e-type=\"widget\" data-settings=\"{&quot;cards_columns&quot;:&quot;3&quot;,&quot;cards_columns_tablet&quot;:&quot;2&quot;,&quot;cards_columns_mobile&quot;:&quot;1&quot;,&quot;cards_row_gap&quot;:{&quot;unit&quot;:&quot;px&quot;,&quot;size&quot;:35,&quot;sizes&quot;:[]},&quot;cards_row_gap_tablet&quot;:{&quot;unit&quot;:&quot;px&quot;,&quot;size&quot;:&quot;&quot;,&quot;sizes&quot;:[]},&quot;cards_row_gap_mobile&quot;:{&quot;unit&quot;:&quot;px&quot;,&quot;size&quot;:&quot;&quot;,&quot;sizes&quot;:[]}}\" data-widget_type=\"posts.cards\">\n\t\t\t\t<div class=\"elementor-widget-container\">\n\t\t\t\t\t\t\t<div class=\"elementor-posts-container elementor-posts elementor-posts--skin-cards elementor-grid\" role=\"list\">\n\t\t\t\t<article class=\"elementor-post elementor-grid-item post-21869 page type-page status-publish has-post-thumbnail hentry\" role=\"listitem\">\n\t\t\t<div class=\"elementor-post__card\">\n\t\t\t\t<a class=\"elementor-post__thumbnail__link\" href=\"https:\/\/ifalpes.com\/es\/informacion\/viaje-annecy\/\" tabindex=\"-1\"><div class=\"elementor-post__thumbnail\"><img fetchpriority=\"high\" decoding=\"async\" width=\"300\" height=\"200\" src=\"https:\/\/ifalpes.com\/wp-content\/uploads\/2022\/11\/D76A0308-300x200.jpg\" class=\"attachment-medium size-medium wp-image-21235\" alt=\"\" srcset=\"https:\/\/ifalpes.com\/wp-content\/uploads\/2022\/11\/D76A0308-300x200.jpg 300w, https:\/\/ifalpes.com\/wp-content\/uploads\/2022\/11\/D76A0308-768x512.jpg 768w, https:\/\/ifalpes.com\/wp-content\/uploads\/2022\/11\/D76A0308.jpg 1000w\" sizes=\"(max-width: 300px) 100vw, 300px\" \/><\/div><\/a>\n\t\t\t\t<div class=\"elementor-post__text\">\n\t\t\t\t<h3 class=\"elementor-post__title\">\n\t\t\t<a href=\"https:\/\/ifalpes.com\/es\/informacion\/viaje-annecy\/\">\n\t\t\t\tViaje a IFALPES Annecy\t\t\t<\/a>\n\t\t<\/h3>\n\t\t\t\t<div class=\"elementor-post__excerpt\">\n\t\t\t<p>En avi\u00f3n &#8211; 2 aeropuertos internacionales GENEVE &#8211; GVA (SUIZA) : El aeropuerto internacional de Ginebra-Cointrin se encuentra a 44 km. Desde\/hacia el aeropuerto de Ginebra: AUTOB\u00daS: entre 1h30 y 2h de trayecto FlixBus Blablabus BLABLACAR : https:\/\/www.blablacar.fr\/ TAXI : reserve un taxi con Ifalpes (140 \u20ac) info@ifalpes.com LYON\u00a0\u2013\u00a0LYS (FRANCIA) Aeropuerto internacional de Lyon Saint-Exup\u00e9ry. Desde\/hacia el aeropuerto de Lyon: AUTOB\u00daS: aprox. 2 horas FlixBus Blablabus TREN : https:\/\/www.sncf-connect.com\/ BLABLACAR : https:\/\/www.blablacar.fr\/ TAXI : reserve un taxi con Ifalpes (310\u20ac) info@ifalpes.com En autob\u00fas Annecy dispone de una estaci\u00f3n de autobuses que le conecta con numerosas ciudades de la regi\u00f3n (Ginebra,<\/p>\n\t\t<\/div>\n\t\t\n\t\t<a class=\"elementor-post__read-more\" href=\"https:\/\/ifalpes.com\/es\/informacion\/viaje-annecy\/\" aria-label=\"M\u00e1s informaci\u00f3n sobre Viaje a IFALPES Annecy\" tabindex=\"-1\">\n\t\t\tSeguir leyendo\t\t<\/a>\n\n\t\t\t\t<\/div>\n\t\t\t\t\t<\/div>\n\t\t<\/article>\n\t\t\t\t<article class=\"elementor-post elementor-grid-item post-21871 page type-page status-publish has-post-thumbnail hentry\" role=\"listitem\">\n\t\t\t<div class=\"elementor-post__card\">\n\t\t\t\t<a class=\"elementor-post__thumbnail__link\" href=\"https:\/\/ifalpes.com\/es\/informacion\/compromiso-calidad\/\" tabindex=\"-1\"><div class=\"elementor-post__thumbnail\"><img decoding=\"async\" width=\"300\" height=\"200\" src=\"https:\/\/ifalpes.com\/wp-content\/uploads\/2022\/12\/9P7A9678-300x200.jpg\" class=\"attachment-medium size-medium wp-image-21508\" alt=\"\" srcset=\"https:\/\/ifalpes.com\/wp-content\/uploads\/2022\/12\/9P7A9678-300x200.jpg 300w, https:\/\/ifalpes.com\/wp-content\/uploads\/2022\/12\/9P7A9678-1024x683.jpg 1024w, https:\/\/ifalpes.com\/wp-content\/uploads\/2022\/12\/9P7A9678-768x512.jpg 768w, https:\/\/ifalpes.com\/wp-content\/uploads\/2022\/12\/9P7A9678-1536x1024.jpg 1536w, https:\/\/ifalpes.com\/wp-content\/uploads\/2022\/12\/9P7A9678.jpg 2048w\" sizes=\"(max-width: 300px) 100vw, 300px\" \/><\/div><\/a>\n\t\t\t\t<div class=\"elementor-post__text\">\n\t\t\t\t<h3 class=\"elementor-post__title\">\n\t\t\t<a href=\"https:\/\/ifalpes.com\/es\/informacion\/compromiso-calidad\/\">\n\t\t\t\tCompromiso con la calidad\t\t\t<\/a>\n\t\t<\/h3>\n\t\t\t\t<div class=\"elementor-post__excerpt\">\n\t\t\t<p>Garant\u00eda de calidad Nuestra ambici\u00f3n es ayudar a nuestros estudiantes a progresar en su conocimiento de la lengua francesa, proporcion\u00e1ndoles una ense\u00f1anza de calidad. Tambi\u00e9n nos comprometemos a ayudarles a descubrir la cultura francesa y el patrimonio regional, todo ello en un ambiente agradable. Concedemos gran importancia a la innovaci\u00f3n pedag\u00f3gica; por ello, nuestros profesores siguen regularmente cursos de formaci\u00f3n para garantizar un nivel de excelencia en IFALPES. Todo nuestro equipo se esfuerza por hacer que la estancia de los estudiantes sea lo m\u00e1s agradable y f\u00e1cil posible gracias a una organizaci\u00f3n clara y a herramientas digitales eficaces. Nuestro equipo<\/p>\n\t\t<\/div>\n\t\t\n\t\t<a class=\"elementor-post__read-more\" href=\"https:\/\/ifalpes.com\/es\/informacion\/compromiso-calidad\/\" aria-label=\"M\u00e1s informaci\u00f3n sobre Compromiso con la calidad\" tabindex=\"-1\">\n\t\t\tSeguir leyendo\t\t<\/a>\n\n\t\t\t\t<\/div>\n\t\t\t\t\t<\/div>\n\t\t<\/article>\n\t\t\t\t<article class=\"elementor-post elementor-grid-item post-21873 page type-page status-publish has-post-thumbnail hentry\" role=\"listitem\">\n\t\t\t<div class=\"elementor-post__card\">\n\t\t\t\t<a class=\"elementor-post__thumbnail__link\" href=\"https:\/\/ifalpes.com\/es\/informacion\/annecy\/\" tabindex=\"-1\"><div class=\"elementor-post__thumbnail\"><img decoding=\"async\" width=\"300\" height=\"200\" src=\"https:\/\/ifalpes.com\/wp-content\/uploads\/2022\/12\/D76A2022-300x200.jpg\" class=\"attachment-medium size-medium wp-image-21523\" alt=\"\" srcset=\"https:\/\/ifalpes.com\/wp-content\/uploads\/2022\/12\/D76A2022-300x200.jpg 300w, https:\/\/ifalpes.com\/wp-content\/uploads\/2022\/12\/D76A2022-1024x683.jpg 1024w, https:\/\/ifalpes.com\/wp-content\/uploads\/2022\/12\/D76A2022-768x512.jpg 768w, https:\/\/ifalpes.com\/wp-content\/uploads\/2022\/12\/D76A2022-1536x1025.jpg 1536w, https:\/\/ifalpes.com\/wp-content\/uploads\/2022\/12\/D76A2022.jpg 2048w\" sizes=\"(max-width: 300px) 100vw, 300px\" \/><\/div><\/a>\n\t\t\t\t<div class=\"elementor-post__text\">\n\t\t\t\t<h3 class=\"elementor-post__title\">\n\t\t\t<a href=\"https:\/\/ifalpes.com\/es\/informacion\/annecy\/\">\n\t\t\t\tAnnecy\t\t\t<\/a>\n\t\t<\/h3>\n\t\t\t\t<div class=\"elementor-post__excerpt\">\n\t\t\t<p>https:\/\/youtu.be\/b0j68VUsrLo?si=o6wj0nVFgVXUFx4s Situada en los Alpes, en un lago rodeado de monta\u00f1as, Annecy es una ciudad encantadora y activa todo el a\u00f1o. Una ciudad hist\u00f3rica Annecy es una ciudad hist\u00f3rica, su casco antiguo y sus canales (que le valieron el sobrenombre de Peque\u00f1a Venecia de los Alpes), y sus diversos monumentos como el Palacio de Isle, el castillo, la Bas\u00edlica de la Visitaci\u00f3n&#8230; atraen cada a\u00f1o a visitantes de todo el mundo. Las Monta\u00f1as Annecy est\u00e1 idealmente situada cerca de las monta\u00f1as. En invierno, las estaciones de esqu\u00ed m\u00e1s cercanas (a 1 hora en transporte p\u00fablico) te recibir\u00e1n para esquiar, pasear<\/p>\n\t\t<\/div>\n\t\t\n\t\t<a class=\"elementor-post__read-more\" href=\"https:\/\/ifalpes.com\/es\/informacion\/annecy\/\" aria-label=\"M\u00e1s informaci\u00f3n sobre Annecy\" tabindex=\"-1\">\n\t\t\tSeguir leyendo\t\t<\/a>\n\n\t\t\t\t<\/div>\n\t\t\t\t\t<\/div>\n\t\t<\/article>\n\t\t\t\t<\/div>\n\t\t\n\t\t\t\t\t\t<\/div>\n\t\t\t\t<\/div>\n\t\t\t\t\t<\/div>\n\t\t<\/div>\n\t\t\t\t\t<\/div>\n\t\t<\/section>\n\t\t\t\t<\/div>\n\t\t","protected":false},"excerpt":{"rendered":"","protected":false},"author":1,"featured_media":0,"parent":0,"menu_order":0,"comment_status":"closed","ping_status":"closed","template":"","meta":{"_acf_changed":false,"content-type":"","footnotes":""},"class_list":["post-21875","page","type-page","status-publish","hentry"],"acf":[],"_links":{"self":[{"href":"https:\/\/ifalpes.com\/es\/wp-json\/wp\/v2\/pages\/21875","targetHints":{"allow":["GET"]}}],"collection":[{"href":"https:\/\/ifalpes.com\/es\/wp-json\/wp\/v2\/pages"}],"about":[{"href":"https:\/\/ifalpes.com\/es\/wp-json\/wp\/v2\/types\/page"}],"author":[{"embeddable":true,"href":"https:\/\/ifalpes.com\/es\/wp-json\/wp\/v2\/users\/1"}],"replies":[{"embeddable":true,"href":"https:\/\/ifalpes.com\/es\/wp-json\/wp\/v2\/comments?post=21875"}],"version-history":[{"count":1,"href":"https:\/\/ifalpes.com\/es\/wp-json\/wp\/v2\/pages\/21875\/revisions"}],"predecessor-version":[{"id":21876,"href":"https:\/\/ifalpes.com\/es\/wp-json\/wp\/v2\/pages\/21875\/revisions\/21876"}],"wp:attachment":[{"href":"https:\/\/ifalpes.com\/es\/wp-json\/wp\/v2\/media?parent=21875"}],"curies":[{"name":"wp","href":"https:\/\/api.w.org\/{rel}","templated":true}]}}