{"id":21873,"date":"2022-06-30T08:35:50","date_gmt":"2022-06-30T08:35:50","guid":{"rendered":"https:\/\/ifalpes.com\/annecy\/"},"modified":"2025-10-30T13:37:18","modified_gmt":"2025-10-30T13:37:18","slug":"annecy","status":"publish","type":"page","link":"https:\/\/ifalpes.com\/es\/informacion\/annecy\/","title":{"rendered":"Annecy"},"content":{"rendered":"\t\t<div data-elementor-type=\"wp-page\" data-elementor-id=\"21873\" class=\"elementor elementor-21873 elementor-152\" data-elementor-post-type=\"page\">\n\t\t\t\t\t\t<section class=\"elementor-section elementor-top-section elementor-element elementor-element-08f451d elementor-section-boxed elementor-section-height-default elementor-section-height-default\" data-id=\"08f451d\" data-element_type=\"section\" data-e-type=\"section\">\n\t\t\t\t\t\t<div class=\"elementor-container elementor-column-gap-default\">\n\t\t\t\t\t<div class=\"elementor-column elementor-col-100 elementor-top-column elementor-element elementor-element-1ff1a02\" data-id=\"1ff1a02\" data-element_type=\"column\" data-e-type=\"column\">\n\t\t\t<div class=\"elementor-widget-wrap elementor-element-populated\">\n\t\t\t\t\t\t<div class=\"elementor-element elementor-element-c5a6afe elementor-widget elementor-widget-video\" data-id=\"c5a6afe\" data-element_type=\"widget\" data-e-type=\"widget\" data-settings=\"{&quot;youtube_url&quot;:&quot;https:\\\/\\\/youtu.be\\\/b0j68VUsrLo?si=o6wj0nVFgVXUFx4s&quot;,&quot;autoplay&quot;:&quot;yes&quot;,&quot;play_on_mobile&quot;:&quot;yes&quot;,&quot;mute&quot;:&quot;yes&quot;,&quot;loop&quot;:&quot;yes&quot;,&quot;video_type&quot;:&quot;youtube&quot;}\" data-widget_type=\"video.default\">\n\t\t\t\t<div class=\"elementor-widget-container\">\n\t\t\t\t\t\t\t<div class=\"elementor-wrapper elementor-open-inline\">\n\t\t\t<div class=\"elementor-video\"><\/div>\t\t<\/div>\n\t\t\t\t\t\t<\/div>\n\t\t\t\t<\/div>\n\t\t\t\t<div class=\"elementor-element elementor-element-8e22bc5 elementor-widget elementor-widget-text-editor\" data-id=\"8e22bc5\" data-element_type=\"widget\" data-e-type=\"widget\" data-widget_type=\"text-editor.default\">\n\t\t\t\t<div class=\"elementor-widget-container\">\n\t\t\t\t\t\t\t\t\t<p>Situada en los Alpes, en un lago rodeado de monta\u00f1as, Annecy es una ciudad encantadora y activa todo el a\u00f1o.<\/p>\t\t\t\t\t\t\t\t<\/div>\n\t\t\t\t<\/div>\n\t\t\t\t\t<\/div>\n\t\t<\/div>\n\t\t\t\t\t<\/div>\n\t\t<\/section>\n\t\t\t\t<section class=\"elementor-section elementor-top-section elementor-element elementor-element-8950d93 elementor-section-boxed elementor-section-height-default elementor-section-height-default\" data-id=\"8950d93\" data-element_type=\"section\" data-e-type=\"section\">\n\t\t\t\t\t\t<div class=\"elementor-container elementor-column-gap-default\">\n\t\t\t\t\t<div class=\"elementor-column elementor-col-50 elementor-top-column elementor-element elementor-element-841494e\" data-id=\"841494e\" data-element_type=\"column\" data-e-type=\"column\">\n\t\t\t<div class=\"elementor-widget-wrap elementor-element-populated\">\n\t\t\t\t\t\t<div class=\"elementor-element elementor-element-b618319 elementor-widget elementor-widget-image\" data-id=\"b618319\" data-element_type=\"widget\" data-e-type=\"widget\" data-widget_type=\"image.default\">\n\t\t\t\t<div class=\"elementor-widget-container\">\n\t\t\t\t\t\t\t\t\t\t\t\t\t\t\t<img fetchpriority=\"high\" decoding=\"async\" width=\"800\" height=\"571\" src=\"https:\/\/ifalpes.com\/wp-content\/uploads\/2023\/05\/annecy2-1-1024x731.jpeg\" class=\"attachment-large size-large wp-image-22364\" alt=\"\" srcset=\"https:\/\/ifalpes.com\/wp-content\/uploads\/2023\/05\/annecy2-1-1024x731.jpeg 1024w, https:\/\/ifalpes.com\/wp-content\/uploads\/2023\/05\/annecy2-1-300x214.jpeg 300w, https:\/\/ifalpes.com\/wp-content\/uploads\/2023\/05\/annecy2-1-768x548.jpeg 768w, https:\/\/ifalpes.com\/wp-content\/uploads\/2023\/05\/annecy2-1.jpeg 1200w\" sizes=\"(max-width: 800px) 100vw, 800px\" \/>\t\t\t\t\t\t\t\t\t\t\t\t\t\t\t<\/div>\n\t\t\t\t<\/div>\n\t\t\t\t\t<\/div>\n\t\t<\/div>\n\t\t\t\t<div class=\"elementor-column elementor-col-50 elementor-top-column elementor-element elementor-element-c2fa2f5\" data-id=\"c2fa2f5\" data-element_type=\"column\" data-e-type=\"column\">\n\t\t\t<div class=\"elementor-widget-wrap elementor-element-populated\">\n\t\t\t\t\t\t<div class=\"elementor-element elementor-element-c036538 elementor-widget elementor-widget-heading\" data-id=\"c036538\" data-element_type=\"widget\" data-e-type=\"widget\" data-widget_type=\"heading.default\">\n\t\t\t\t<div class=\"elementor-widget-container\">\n\t\t\t\t\t<h2 class=\"elementor-heading-title elementor-size-default\">Una ciudad hist\u00f3rica<\/h2>\t\t\t\t<\/div>\n\t\t\t\t<\/div>\n\t\t\t\t<div class=\"elementor-element elementor-element-cfb57da elementor-widget elementor-widget-text-editor\" data-id=\"cfb57da\" data-element_type=\"widget\" data-e-type=\"widget\" data-widget_type=\"text-editor.default\">\n\t\t\t\t<div class=\"elementor-widget-container\">\n\t\t\t\t\t\t\t\t\t<p>Annecy es una ciudad hist\u00f3rica, su casco antiguo y sus canales (que le valieron el sobrenombre de Peque\u00f1a Venecia de los Alpes), y sus diversos monumentos como el Palacio de Isle, el castillo, la Bas\u00edlica de la Visitaci\u00f3n&#8230; atraen cada a\u00f1o a visitantes de todo el mundo.<\/p>\t\t\t\t\t\t\t\t<\/div>\n\t\t\t\t<\/div>\n\t\t\t\t\t<\/div>\n\t\t<\/div>\n\t\t\t\t\t<\/div>\n\t\t<\/section>\n\t\t\t\t<section class=\"elementor-section elementor-top-section elementor-element elementor-element-d36f695 elementor-section-boxed elementor-section-height-default elementor-section-height-default\" data-id=\"d36f695\" data-element_type=\"section\" data-e-type=\"section\">\n\t\t\t\t\t\t<div class=\"elementor-container elementor-column-gap-default\">\n\t\t\t\t\t<div class=\"elementor-column elementor-col-50 elementor-top-column elementor-element elementor-element-19f3f01\" data-id=\"19f3f01\" data-element_type=\"column\" data-e-type=\"column\">\n\t\t\t<div class=\"elementor-widget-wrap elementor-element-populated\">\n\t\t\t\t\t\t<div class=\"elementor-element elementor-element-00192b5 elementor-widget elementor-widget-heading\" data-id=\"00192b5\" data-element_type=\"widget\" data-e-type=\"widget\" data-widget_type=\"heading.default\">\n\t\t\t\t<div class=\"elementor-widget-container\">\n\t\t\t\t\t<h2 class=\"elementor-heading-title elementor-size-default\">Las Monta\u00f1as<\/h2>\t\t\t\t<\/div>\n\t\t\t\t<\/div>\n\t\t\t\t<div class=\"elementor-element elementor-element-e68c46a elementor-widget elementor-widget-text-editor\" data-id=\"e68c46a\" data-element_type=\"widget\" data-e-type=\"widget\" data-widget_type=\"text-editor.default\">\n\t\t\t\t<div class=\"elementor-widget-container\">\n\t\t\t\t\t\t\t\t\t<p>Annecy est\u00e1 idealmente situada cerca de las monta\u00f1as. En invierno, las estaciones de esqu\u00ed m\u00e1s cercanas (a 1 hora en transporte p\u00fablico) te recibir\u00e1n para esquiar, pasear con raquetas de nieve o simplemente admirar el paisaje nevado. En verano, los aficionados al senderismo estar\u00e1n encantados, puedes acceder a rutas directamente desde Annecy en el monte Semnoz y el monte Veyrier.<\/p>\t\t\t\t\t\t\t\t<\/div>\n\t\t\t\t<\/div>\n\t\t\t\t\t<\/div>\n\t\t<\/div>\n\t\t\t\t<div class=\"elementor-column elementor-col-50 elementor-top-column elementor-element elementor-element-f732053\" data-id=\"f732053\" data-element_type=\"column\" data-e-type=\"column\">\n\t\t\t<div class=\"elementor-widget-wrap elementor-element-populated\">\n\t\t\t\t\t\t<div class=\"elementor-element elementor-element-0190cc4 elementor-widget elementor-widget-image\" data-id=\"0190cc4\" data-element_type=\"widget\" data-e-type=\"widget\" data-widget_type=\"image.default\">\n\t\t\t\t<div class=\"elementor-widget-container\">\n\t\t\t\t\t\t\t\t\t\t\t\t\t\t\t<img decoding=\"async\" width=\"800\" height=\"534\" src=\"https:\/\/ifalpes.com\/wp-content\/uploads\/2024\/02\/D76A1991.jpg\" class=\"attachment-large size-large wp-image-25716\" alt=\"\" srcset=\"https:\/\/ifalpes.com\/wp-content\/uploads\/2024\/02\/D76A1991.jpg 800w, https:\/\/ifalpes.com\/wp-content\/uploads\/2024\/02\/D76A1991-300x200.jpg 300w, https:\/\/ifalpes.com\/wp-content\/uploads\/2024\/02\/D76A1991-768x513.jpg 768w\" sizes=\"(max-width: 800px) 100vw, 800px\" \/>\t\t\t\t\t\t\t\t\t\t\t\t\t\t\t<\/div>\n\t\t\t\t<\/div>\n\t\t\t\t\t<\/div>\n\t\t<\/div>\n\t\t\t\t\t<\/div>\n\t\t<\/section>\n\t\t\t\t<section class=\"elementor-section elementor-top-section elementor-element elementor-element-8ba0980 elementor-section-boxed elementor-section-height-default elementor-section-height-default\" data-id=\"8ba0980\" data-element_type=\"section\" data-e-type=\"section\">\n\t\t\t\t\t\t<div class=\"elementor-container elementor-column-gap-default\">\n\t\t\t\t\t<div class=\"elementor-column elementor-col-50 elementor-top-column elementor-element elementor-element-5d49b13\" data-id=\"5d49b13\" data-element_type=\"column\" data-e-type=\"column\">\n\t\t\t<div class=\"elementor-widget-wrap elementor-element-populated\">\n\t\t\t\t\t\t<div class=\"elementor-element elementor-element-75d7bed elementor-widget elementor-widget-image\" data-id=\"75d7bed\" data-element_type=\"widget\" data-e-type=\"widget\" data-widget_type=\"image.default\">\n\t\t\t\t<div class=\"elementor-widget-container\">\n\t\t\t\t\t\t\t\t\t\t\t\t\t\t\t<img decoding=\"async\" width=\"800\" height=\"534\" src=\"https:\/\/ifalpes.com\/wp-content\/uploads\/2024\/09\/05_KLF_ANNECY_088_websize-1024x683.jpg\" class=\"attachment-large size-large wp-image-26605\" alt=\"\" srcset=\"https:\/\/ifalpes.com\/wp-content\/uploads\/2024\/09\/05_KLF_ANNECY_088_websize-1024x683.jpg 1024w, https:\/\/ifalpes.com\/wp-content\/uploads\/2024\/09\/05_KLF_ANNECY_088_websize-300x200.jpg 300w, https:\/\/ifalpes.com\/wp-content\/uploads\/2024\/09\/05_KLF_ANNECY_088_websize-768x512.jpg 768w, https:\/\/ifalpes.com\/wp-content\/uploads\/2024\/09\/05_KLF_ANNECY_088_websize-1536x1024.jpg 1536w, https:\/\/ifalpes.com\/wp-content\/uploads\/2024\/09\/05_KLF_ANNECY_088_websize.jpg 2048w\" sizes=\"(max-width: 800px) 100vw, 800px\" \/>\t\t\t\t\t\t\t\t\t\t\t\t\t\t\t<\/div>\n\t\t\t\t<\/div>\n\t\t\t\t\t<\/div>\n\t\t<\/div>\n\t\t\t\t<div class=\"elementor-column elementor-col-50 elementor-top-column elementor-element elementor-element-ad98a63\" data-id=\"ad98a63\" data-element_type=\"column\" data-e-type=\"column\">\n\t\t\t<div class=\"elementor-widget-wrap elementor-element-populated\">\n\t\t\t\t\t\t<div class=\"elementor-element elementor-element-8457e02 elementor-widget elementor-widget-heading\" data-id=\"8457e02\" data-element_type=\"widget\" data-e-type=\"widget\" data-widget_type=\"heading.default\">\n\t\t\t\t<div class=\"elementor-widget-container\">\n\t\t\t\t\t<h2 class=\"elementor-heading-title elementor-size-default\">El Lago<\/h2>\t\t\t\t<\/div>\n\t\t\t\t<\/div>\n\t\t\t\t<div class=\"elementor-element elementor-element-4421586 elementor-widget elementor-widget-text-editor\" data-id=\"4421586\" data-element_type=\"widget\" data-e-type=\"widget\" data-widget_type=\"text-editor.default\">\n\t\t\t\t<div class=\"elementor-widget-container\">\n\t\t\t\t\t\t\t\t\t<p>Es imposible hablar de Annecy sin mencionar su lago. Puedes recorrerla f\u00e1cilmente en bicicleta gracias al carril bici y detenerte en las distintas playas y pueblos que la bordean. En verano, el agua alcanza una temperatura media de unos 23\u00b0 C, perfecta para refrescarse despu\u00e9s de las clases de franc\u00e9s, por ejemplo. Hay muchas actividades deportivas acu\u00e1ticas disponibles, tanto si eres deportista (kayak, paddle, wakeboard&#8230;) como si no (hidropedal, barco sin licencia, nataci\u00f3n&#8230;).<\/p>\t\t\t\t\t\t\t\t<\/div>\n\t\t\t\t<\/div>\n\t\t\t\t\t<\/div>\n\t\t<\/div>\n\t\t\t\t\t<\/div>\n\t\t<\/section>\n\t\t\t\t<section class=\"elementor-section elementor-top-section elementor-element elementor-element-ced9bcc elementor-section-boxed elementor-section-height-default elementor-section-height-default\" data-id=\"ced9bcc\" data-element_type=\"section\" data-e-type=\"section\">\n\t\t\t\t\t\t<div class=\"elementor-container elementor-column-gap-default\">\n\t\t\t\t\t<div class=\"elementor-column elementor-col-50 elementor-top-column elementor-element elementor-element-c66cb71\" data-id=\"c66cb71\" data-element_type=\"column\" data-e-type=\"column\">\n\t\t\t<div class=\"elementor-widget-wrap elementor-element-populated\">\n\t\t\t\t\t\t<div class=\"elementor-element elementor-element-54dbbe2 elementor-widget elementor-widget-heading\" data-id=\"54dbbe2\" data-element_type=\"widget\" data-e-type=\"widget\" data-widget_type=\"heading.default\">\n\t\t\t\t<div class=\"elementor-widget-container\">\n\t\t\t\t\t<h2 class=\"elementor-heading-title elementor-size-default\">Gastronom\u00eda<\/h2>\t\t\t\t<\/div>\n\t\t\t\t<\/div>\n\t\t\t\t<div class=\"elementor-element elementor-element-4e906fb elementor-widget elementor-widget-text-editor\" data-id=\"4e906fb\" data-element_type=\"widget\" data-e-type=\"widget\" data-widget_type=\"text-editor.default\">\n\t\t\t\t<div class=\"elementor-widget-container\">\n\t\t\t\t\t\t\t\t\t<p>Si te gusta el queso, \u00a1Annecy es un gran destino para ti! De hecho, la gastronom\u00eda local utiliza muchos de estos alimentos en su cocina. Entre los platos m\u00e1s famosos de la regi\u00f3n tienes la famosa Tartiflette, elaborada con un queso de la conocida regi\u00f3n: <strong>Reblochon<\/strong>. Por supuesto, tambi\u00e9n encontrar\u00e1s platos tradicionales de monta\u00f1a, como fondue y raclette. Puedes encontrar f\u00e1cilmente estos platos (y otros) en los numerosos restaurantes del casco antiguo.<\/p>\t\t\t\t\t\t\t\t<\/div>\n\t\t\t\t<\/div>\n\t\t\t\t\t<\/div>\n\t\t<\/div>\n\t\t\t\t<div class=\"elementor-column elementor-col-50 elementor-top-column elementor-element elementor-element-8517c1d\" data-id=\"8517c1d\" data-element_type=\"column\" data-e-type=\"column\">\n\t\t\t<div class=\"elementor-widget-wrap elementor-element-populated\">\n\t\t\t\t\t\t<div class=\"elementor-element elementor-element-d21858d elementor-widget elementor-widget-image\" data-id=\"d21858d\" data-element_type=\"widget\" data-e-type=\"widget\" data-widget_type=\"image.default\">\n\t\t\t\t<div class=\"elementor-widget-container\">\n\t\t\t\t\t\t\t\t\t\t\t\t\t\t\t<img loading=\"lazy\" decoding=\"async\" width=\"800\" height=\"534\" src=\"https:\/\/ifalpes.com\/wp-content\/uploads\/2024\/09\/05_KLF_ANNECY_394_websize-1024x683.jpg\" class=\"attachment-large size-large wp-image-26393\" alt=\"\" srcset=\"https:\/\/ifalpes.com\/wp-content\/uploads\/2024\/09\/05_KLF_ANNECY_394_websize-1024x683.jpg 1024w, https:\/\/ifalpes.com\/wp-content\/uploads\/2024\/09\/05_KLF_ANNECY_394_websize-300x200.jpg 300w, https:\/\/ifalpes.com\/wp-content\/uploads\/2024\/09\/05_KLF_ANNECY_394_websize-768x512.jpg 768w, https:\/\/ifalpes.com\/wp-content\/uploads\/2024\/09\/05_KLF_ANNECY_394_websize-1536x1024.jpg 1536w, https:\/\/ifalpes.com\/wp-content\/uploads\/2024\/09\/05_KLF_ANNECY_394_websize.jpg 2048w\" sizes=\"(max-width: 800px) 100vw, 800px\" \/>\t\t\t\t\t\t\t\t\t\t\t\t\t\t\t<\/div>\n\t\t\t\t<\/div>\n\t\t\t\t\t<\/div>\n\t\t<\/div>\n\t\t\t\t\t<\/div>\n\t\t<\/section>\n\t\t\t\t<section class=\"elementor-section elementor-top-section elementor-element elementor-element-03baae0 elementor-section-boxed elementor-section-height-default elementor-section-height-default\" data-id=\"03baae0\" data-element_type=\"section\" data-e-type=\"section\">\n\t\t\t\t\t\t<div class=\"elementor-container elementor-column-gap-default\">\n\t\t\t\t\t<div class=\"elementor-column elementor-col-50 elementor-top-column elementor-element elementor-element-9e2e7c0\" data-id=\"9e2e7c0\" data-element_type=\"column\" data-e-type=\"column\">\n\t\t\t<div class=\"elementor-widget-wrap elementor-element-populated\">\n\t\t\t\t\t\t<div class=\"elementor-element elementor-element-8cb07bd elementor-widget elementor-widget-image\" data-id=\"8cb07bd\" data-element_type=\"widget\" data-e-type=\"widget\" data-widget_type=\"image.default\">\n\t\t\t\t<div class=\"elementor-widget-container\">\n\t\t\t\t\t\t\t\t\t\t\t\t\t\t\t<img loading=\"lazy\" decoding=\"async\" width=\"800\" height=\"534\" src=\"https:\/\/ifalpes.com\/wp-content\/uploads\/2024\/09\/05_KLF_ANNECY_040_websize-1024x683.jpg\" class=\"attachment-large size-large wp-image-26621\" alt=\"\" srcset=\"https:\/\/ifalpes.com\/wp-content\/uploads\/2024\/09\/05_KLF_ANNECY_040_websize-1024x683.jpg 1024w, https:\/\/ifalpes.com\/wp-content\/uploads\/2024\/09\/05_KLF_ANNECY_040_websize-300x200.jpg 300w, https:\/\/ifalpes.com\/wp-content\/uploads\/2024\/09\/05_KLF_ANNECY_040_websize-768x512.jpg 768w, https:\/\/ifalpes.com\/wp-content\/uploads\/2024\/09\/05_KLF_ANNECY_040_websize-1536x1024.jpg 1536w, https:\/\/ifalpes.com\/wp-content\/uploads\/2024\/09\/05_KLF_ANNECY_040_websize.jpg 2048w\" sizes=\"(max-width: 800px) 100vw, 800px\" \/>\t\t\t\t\t\t\t\t\t\t\t\t\t\t\t<\/div>\n\t\t\t\t<\/div>\n\t\t\t\t\t<\/div>\n\t\t<\/div>\n\t\t\t\t<div class=\"elementor-column elementor-col-50 elementor-top-column elementor-element elementor-element-9929789\" data-id=\"9929789\" data-element_type=\"column\" data-e-type=\"column\">\n\t\t\t<div class=\"elementor-widget-wrap elementor-element-populated\">\n\t\t\t\t\t\t<div class=\"elementor-element elementor-element-6485981 elementor-widget elementor-widget-heading\" data-id=\"6485981\" data-element_type=\"widget\" data-e-type=\"widget\" data-widget_type=\"heading.default\">\n\t\t\t\t<div class=\"elementor-widget-container\">\n\t\t\t\t\t<h2 class=\"elementor-heading-title elementor-size-default\">Una ciudad cultural<\/h2>\t\t\t\t<\/div>\n\t\t\t\t<\/div>\n\t\t\t\t<div class=\"elementor-element elementor-element-fa7bb2e elementor-widget elementor-widget-text-editor\" data-id=\"fa7bb2e\" data-element_type=\"widget\" data-e-type=\"widget\" data-widget_type=\"text-editor.default\">\n\t\t\t\t<div class=\"elementor-widget-container\">\n\t\t\t\t\t\t\t\t\t<p>Annecy cuenta con numerosas estructuras (teatros, cines&#8230;) que ofrecen diversas actividades culturales durante todo el a\u00f1o. La ciudad tambi\u00e9n organiza cada a\u00f1o diversos actos, como el Carnaval de Venecia en marzo, el Festival Internacional de Cine de Animaci\u00f3n en junio, el Festival del Lago en agosto, el Festival de Cine Espa\u00f1ol e Italiano en septiembre&#8230;<\/p>\t\t\t\t\t\t\t\t<\/div>\n\t\t\t\t<\/div>\n\t\t\t\t\t<\/div>\n\t\t<\/div>\n\t\t\t\t\t<\/div>\n\t\t<\/section>\n\t\t\t\t<section class=\"elementor-section elementor-top-section elementor-element elementor-element-aa535fb elementor-section-boxed elementor-section-height-default elementor-section-height-default\" data-id=\"aa535fb\" data-element_type=\"section\" data-e-type=\"section\">\n\t\t\t\t\t\t<div class=\"elementor-container elementor-column-gap-default\">\n\t\t\t\t\t<div class=\"elementor-column elementor-col-100 elementor-top-column elementor-element elementor-element-f52ec95\" data-id=\"f52ec95\" data-element_type=\"column\" data-e-type=\"column\">\n\t\t\t<div class=\"elementor-widget-wrap elementor-element-populated\">\n\t\t\t\t\t\t<div class=\"elementor-element elementor-element-f08b078 elementor-arrows-position-inside elementor-pagination-position-outside elementor-widget elementor-widget-image-carousel\" data-id=\"f08b078\" data-element_type=\"widget\" data-e-type=\"widget\" data-settings=\"{&quot;slides_to_show&quot;:&quot;3&quot;,&quot;navigation&quot;:&quot;both&quot;,&quot;autoplay&quot;:&quot;yes&quot;,&quot;pause_on_hover&quot;:&quot;yes&quot;,&quot;pause_on_interaction&quot;:&quot;yes&quot;,&quot;autoplay_speed&quot;:5000,&quot;infinite&quot;:&quot;yes&quot;,&quot;speed&quot;:500}\" data-widget_type=\"image-carousel.default\">\n\t\t\t\t<div class=\"elementor-widget-container\">\n\t\t\t\t\t\t\t<div class=\"elementor-image-carousel-wrapper swiper\" role=\"region\" aria-roledescription=\"carousel\" aria-label=\"Image Carousel\" dir=\"ltr\">\n\t\t\t<div class=\"elementor-image-carousel swiper-wrapper\" aria-live=\"off\">\n\t\t\t\t\t\t\t\t<div class=\"swiper-slide\" role=\"group\" aria-roledescription=\"slide\" aria-label=\"1 de 13\"><figure class=\"swiper-slide-inner\"><img decoding=\"async\" class=\"swiper-slide-image\" src=\"https:\/\/ifalpes.com\/wp-content\/uploads\/2024\/09\/05_KLF_ANNECY_407_websize-300x200.jpg\" alt=\"KLF 2024 Annecy\" \/><\/figure><\/div><div class=\"swiper-slide\" role=\"group\" aria-roledescription=\"slide\" aria-label=\"2 de 13\"><figure class=\"swiper-slide-inner\"><img decoding=\"async\" class=\"swiper-slide-image\" src=\"https:\/\/ifalpes.com\/wp-content\/uploads\/2024\/09\/05_KLF_ANNECY_066_websize-300x200.jpg\" alt=\"KLF 2024 Annecy\" \/><\/figure><\/div><div class=\"swiper-slide\" role=\"group\" aria-roledescription=\"slide\" aria-label=\"3 de 13\"><figure class=\"swiper-slide-inner\"><img decoding=\"async\" class=\"swiper-slide-image\" src=\"https:\/\/ifalpes.com\/wp-content\/uploads\/2024\/09\/05_KLF_ANNECY_022_websize-300x200.jpg\" alt=\"KLF 2024 Annecy\" \/><\/figure><\/div><div class=\"swiper-slide\" role=\"group\" aria-roledescription=\"slide\" aria-label=\"4 de 13\"><figure class=\"swiper-slide-inner\"><img decoding=\"async\" class=\"swiper-slide-image\" src=\"https:\/\/ifalpes.com\/wp-content\/uploads\/2024\/09\/05_KLF_ANNECY_007_websize-300x200.jpg\" alt=\"KLF 2024 Annecy\" \/><\/figure><\/div><div class=\"swiper-slide\" role=\"group\" aria-roledescription=\"slide\" aria-label=\"5 de 13\"><figure class=\"swiper-slide-inner\"><img decoding=\"async\" class=\"swiper-slide-image\" src=\"https:\/\/ifalpes.com\/wp-content\/uploads\/2024\/09\/05_KLF_ANNECY_062_websize-300x200.jpg\" alt=\"KLF 2024 Annecy\" \/><\/figure><\/div><div class=\"swiper-slide\" role=\"group\" aria-roledescription=\"slide\" aria-label=\"6 de 13\"><figure class=\"swiper-slide-inner\"><img decoding=\"async\" class=\"swiper-slide-image\" src=\"https:\/\/ifalpes.com\/wp-content\/uploads\/2024\/09\/05_KLF_ANNECY_032_websize-300x200.jpg\" alt=\"KLF 2024 Annecy\" \/><\/figure><\/div><div class=\"swiper-slide\" role=\"group\" aria-roledescription=\"slide\" aria-label=\"7 de 13\"><figure class=\"swiper-slide-inner\"><img decoding=\"async\" class=\"swiper-slide-image\" src=\"https:\/\/ifalpes.com\/wp-content\/uploads\/2024\/09\/05_KLF_ANNECY_074_websize-300x200.jpg\" alt=\"KLF 2024 Annecy\" \/><\/figure><\/div><div class=\"swiper-slide\" role=\"group\" aria-roledescription=\"slide\" aria-label=\"8 de 13\"><figure class=\"swiper-slide-inner\"><img decoding=\"async\" class=\"swiper-slide-image\" src=\"https:\/\/ifalpes.com\/wp-content\/uploads\/2024\/09\/05_KLF_ANNECY_093_websize-300x200.jpg\" alt=\"KLF 2024 Annecy\" \/><\/figure><\/div><div class=\"swiper-slide\" role=\"group\" aria-roledescription=\"slide\" aria-label=\"9 de 13\"><figure class=\"swiper-slide-inner\"><img decoding=\"async\" class=\"swiper-slide-image\" src=\"https:\/\/ifalpes.com\/wp-content\/uploads\/2024\/09\/05_KLF_ANNECY_086_websize-300x200.jpg\" alt=\"KLF 2024 Annecy\" \/><\/figure><\/div><div class=\"swiper-slide\" role=\"group\" aria-roledescription=\"slide\" aria-label=\"10 de 13\"><figure class=\"swiper-slide-inner\"><img decoding=\"async\" class=\"swiper-slide-image\" src=\"https:\/\/ifalpes.com\/wp-content\/uploads\/2023\/07\/de-nuit-300x199.jpg\" alt=\"de nuit\" \/><\/figure><\/div><div class=\"swiper-slide\" role=\"group\" aria-roledescription=\"slide\" aria-label=\"11 de 13\"><figure class=\"swiper-slide-inner\"><img decoding=\"async\" class=\"swiper-slide-image\" src=\"https:\/\/ifalpes.com\/wp-content\/uploads\/2023\/07\/PActivities-Lac-paddle-300x235.jpg\" alt=\"PActivities Lac paddle\" \/><\/figure><\/div><div class=\"swiper-slide\" role=\"group\" aria-roledescription=\"slide\" aria-label=\"12 de 13\"><figure class=\"swiper-slide-inner\"><img decoding=\"async\" class=\"swiper-slide-image\" src=\"https:\/\/ifalpes.com\/wp-content\/uploads\/2023\/07\/Acyivities-off-piste-skier-300x178.jpg\" alt=\"Acyivities off piste skier\" \/><\/figure><\/div><div class=\"swiper-slide\" role=\"group\" aria-roledescription=\"slide\" aria-label=\"13 de 13\"><figure class=\"swiper-slide-inner\"><img decoding=\"async\" class=\"swiper-slide-image\" src=\"https:\/\/ifalpes.com\/wp-content\/uploads\/2024\/09\/2-1466024-copie-300x200.jpg\" alt=\"Voile sur le lac d&#039;Annecy \u00e9t\u00e9 2010\" \/><\/figure><\/div>\t\t\t<\/div>\n\t\t\t\t\t\t\t\t\t\t\t\t<div class=\"elementor-swiper-button elementor-swiper-button-prev\" role=\"button\" tabindex=\"0\">\n\t\t\t\t\t\t<i aria-hidden=\"true\" class=\"eicon-chevron-left\"><\/i>\t\t\t\t\t<\/div>\n\t\t\t\t\t<div class=\"elementor-swiper-button elementor-swiper-button-next\" role=\"button\" tabindex=\"0\">\n\t\t\t\t\t\t<i aria-hidden=\"true\" class=\"eicon-chevron-right\"><\/i>\t\t\t\t\t<\/div>\n\t\t\t\t\n\t\t\t\t\t\t\t\t\t<div class=\"swiper-pagination\"><\/div>\n\t\t\t\t\t\t\t\t\t<\/div>\n\t\t\t\t\t\t<\/div>\n\t\t\t\t<\/div>\n\t\t\t\t\t<\/div>\n\t\t<\/div>\n\t\t\t\t\t<\/div>\n\t\t<\/section>\n\t\t\t\t<\/div>\n\t\t","protected":false},"excerpt":{"rendered":"<p>https:\/\/youtu.be\/b0j68VUsrLo?si=o6wj0nVFgVXUFx4s Situada en los Alpes, en un lago rodeado de monta\u00f1as, Annecy es una ciudad encantadora y activa todo el a\u00f1o. Una ciudad hist\u00f3rica Annecy es una ciudad hist\u00f3rica, su casco antiguo y sus canales (que le valieron el sobrenombre de Peque\u00f1a Venecia de los Alpes), y sus diversos monumentos como el Palacio de Isle, [&hellip;]<\/p>\n","protected":false},"author":1,"featured_media":21523,"parent":21875,"menu_order":0,"comment_status":"closed","ping_status":"closed","template":"","meta":{"_acf_changed":false,"content-type":"","footnotes":""},"class_list":["post-21873","page","type-page","status-publish","has-post-thumbnail","hentry"],"acf":[],"_links":{"self":[{"href":"https:\/\/ifalpes.com\/es\/wp-json\/wp\/v2\/pages\/21873","targetHints":{"allow":["GET"]}}],"collection":[{"href":"https:\/\/ifalpes.com\/es\/wp-json\/wp\/v2\/pages"}],"about":[{"href":"https:\/\/ifalpes.com\/es\/wp-json\/wp\/v2\/types\/page"}],"author":[{"embeddable":true,"href":"https:\/\/ifalpes.com\/es\/wp-json\/wp\/v2\/users\/1"}],"replies":[{"embeddable":true,"href":"https:\/\/ifalpes.com\/es\/wp-json\/wp\/v2\/comments?post=21873"}],"version-history":[{"count":8,"href":"https:\/\/ifalpes.com\/es\/wp-json\/wp\/v2\/pages\/21873\/revisions"}],"predecessor-version":[{"id":28725,"href":"https:\/\/ifalpes.com\/es\/wp-json\/wp\/v2\/pages\/21873\/revisions\/28725"}],"up":[{"embeddable":true,"href":"https:\/\/ifalpes.com\/es\/wp-json\/wp\/v2\/pages\/21875"}],"wp:featuredmedia":[{"embeddable":true,"href":"https:\/\/ifalpes.com\/es\/wp-json\/wp\/v2\/media\/21523"}],"wp:attachment":[{"href":"https:\/\/ifalpes.com\/es\/wp-json\/wp\/v2\/media?parent=21873"}],"curies":[{"name":"wp","href":"https:\/\/api.w.org\/{rel}","templated":true}]}}