{"id":21871,"date":"2022-06-30T08:36:11","date_gmt":"2022-06-30T08:36:11","guid":{"rendered":"https:\/\/ifalpes.com\/compromiso-calidad\/"},"modified":"2024-09-04T13:50:14","modified_gmt":"2024-09-04T13:50:14","slug":"compromiso-calidad","status":"publish","type":"page","link":"https:\/\/ifalpes.com\/es\/informacion\/compromiso-calidad\/","title":{"rendered":"Compromiso con la calidad"},"content":{"rendered":"\t\t<div data-elementor-type=\"wp-page\" data-elementor-id=\"21871\" class=\"elementor elementor-21871 elementor-154\" data-elementor-post-type=\"page\">\n\t\t\t\t\t\t<section class=\"elementor-section elementor-top-section elementor-element elementor-element-72b84ae elementor-section-boxed elementor-section-height-default elementor-section-height-default\" data-id=\"72b84ae\" data-element_type=\"section\" data-e-type=\"section\">\n\t\t\t\t\t\t<div class=\"elementor-container elementor-column-gap-default\">\n\t\t\t\t\t<div class=\"elementor-column elementor-col-50 elementor-top-column elementor-element elementor-element-3d239e9\" data-id=\"3d239e9\" data-element_type=\"column\" data-e-type=\"column\">\n\t\t\t<div class=\"elementor-widget-wrap elementor-element-populated\">\n\t\t\t\t\t\t<div class=\"elementor-element elementor-element-f5248aa elementor-widget elementor-widget-heading\" data-id=\"f5248aa\" data-element_type=\"widget\" data-e-type=\"widget\" data-widget_type=\"heading.default\">\n\t\t\t\t<div class=\"elementor-widget-container\">\n\t\t\t\t\t<h2 class=\"elementor-heading-title elementor-size-default\">Garant\u00eda de calidad<\/h2>\t\t\t\t<\/div>\n\t\t\t\t<\/div>\n\t\t\t\t<div class=\"elementor-element elementor-element-d576157 elementor-widget elementor-widget-text-editor\" data-id=\"d576157\" data-element_type=\"widget\" data-e-type=\"widget\" data-widget_type=\"text-editor.default\">\n\t\t\t\t<div class=\"elementor-widget-container\">\n\t\t\t\t\t\t\t\t\t<p>Nuestra ambici\u00f3n es ayudar a nuestros estudiantes a progresar en su conocimiento de la lengua francesa, proporcion\u00e1ndoles una ense\u00f1anza de calidad. Tambi\u00e9n nos comprometemos a ayudarles a descubrir la cultura francesa y el patrimonio regional, todo ello en un ambiente agradable. Concedemos gran importancia a la innovaci\u00f3n pedag\u00f3gica; por ello, nuestros profesores siguen regularmente cursos de formaci\u00f3n para garantizar un nivel de excelencia en IFALPES.<\/p>\n<p>Todo nuestro equipo se esfuerza por hacer que la estancia de los estudiantes sea lo m\u00e1s agradable y f\u00e1cil posible gracias a una organizaci\u00f3n clara y a herramientas digitales eficaces.<\/p>\n<p>Nuestro equipo est\u00e1 disponible para responder a las necesidades de nuestros estudiantes en lo que respecta a su vida en la escuela y en Annecy. La satisfacci\u00f3n y el bienestar de nuestros estudiantes es nuestra prioridad.<\/p>\n<p>Una de las principales acciones de nuestro plan de acci\u00f3n consiste en recoger las opiniones de nuestros alumnos a trav\u00e9s de cuestionarios y reuniones de satisfacci\u00f3n, sintetizarlas y analizarlas para, a continuaci\u00f3n, elaborar un plan de mejora.<\/p>\n<p>Escuchamos todas las propuestas e ideas.<\/p>\n<p>Para lograr este objetivo, desde enero de 2012 se ha puesto en marcha un plan de acci\u00f3n de calidad.<\/p>\n\t\t\t\t\t\t\t\t<\/div>\n\t\t\t\t<\/div>\n\t\t\t\t\t<\/div>\n\t\t<\/div>\n\t\t\t\t<div class=\"elementor-column elementor-col-50 elementor-top-column elementor-element elementor-element-b46da56\" data-id=\"b46da56\" data-element_type=\"column\" data-e-type=\"column\">\n\t\t\t<div class=\"elementor-widget-wrap elementor-element-populated\">\n\t\t\t\t\t\t<div class=\"elementor-element elementor-element-bb6ea20 elementor-widget elementor-widget-image\" data-id=\"bb6ea20\" data-element_type=\"widget\" data-e-type=\"widget\" data-widget_type=\"image.default\">\n\t\t\t\t<div class=\"elementor-widget-container\">\n\t\t\t\t\t\t\t\t\t\t\t\t\t\t\t<img fetchpriority=\"high\" decoding=\"async\" width=\"800\" height=\"534\" src=\"https:\/\/ifalpes.com\/wp-content\/uploads\/2024\/09\/05_KLF_ANNECY_277_websize-1024x683.jpg\" class=\"attachment-large size-large wp-image-26429\" alt=\"\" srcset=\"https:\/\/ifalpes.com\/wp-content\/uploads\/2024\/09\/05_KLF_ANNECY_277_websize-1024x683.jpg 1024w, https:\/\/ifalpes.com\/wp-content\/uploads\/2024\/09\/05_KLF_ANNECY_277_websize-300x200.jpg 300w, https:\/\/ifalpes.com\/wp-content\/uploads\/2024\/09\/05_KLF_ANNECY_277_websize-768x512.jpg 768w, https:\/\/ifalpes.com\/wp-content\/uploads\/2024\/09\/05_KLF_ANNECY_277_websize-1536x1024.jpg 1536w, https:\/\/ifalpes.com\/wp-content\/uploads\/2024\/09\/05_KLF_ANNECY_277_websize.jpg 2048w\" sizes=\"(max-width: 800px) 100vw, 800px\" \/>\t\t\t\t\t\t\t\t\t\t\t\t\t\t\t<\/div>\n\t\t\t\t<\/div>\n\t\t\t\t<div class=\"elementor-element elementor-element-617234d elementor-widget elementor-widget-image\" data-id=\"617234d\" data-element_type=\"widget\" data-e-type=\"widget\" data-widget_type=\"image.default\">\n\t\t\t\t<div class=\"elementor-widget-container\">\n\t\t\t\t\t\t\t\t\t\t\t\t\t\t\t<img decoding=\"async\" width=\"800\" height=\"533\" src=\"https:\/\/ifalpes.com\/wp-content\/uploads\/2024\/09\/9P7A9414-1.jpg\" class=\"attachment-large size-large wp-image-26764\" alt=\"\" srcset=\"https:\/\/ifalpes.com\/wp-content\/uploads\/2024\/09\/9P7A9414-1.jpg 1022w, https:\/\/ifalpes.com\/wp-content\/uploads\/2024\/09\/9P7A9414-1-300x200.jpg 300w, https:\/\/ifalpes.com\/wp-content\/uploads\/2024\/09\/9P7A9414-1-768x512.jpg 768w\" sizes=\"(max-width: 800px) 100vw, 800px\" \/>\t\t\t\t\t\t\t\t\t\t\t\t\t\t\t<\/div>\n\t\t\t\t<\/div>\n\t\t\t\t\t<\/div>\n\t\t<\/div>\n\t\t\t\t\t<\/div>\n\t\t<\/section>\n\t\t\t\t<section class=\"elementor-section elementor-top-section elementor-element elementor-element-7252a4e elementor-section-boxed elementor-section-height-default elementor-section-height-default\" data-id=\"7252a4e\" data-element_type=\"section\" data-e-type=\"section\">\n\t\t\t\t\t\t<div class=\"elementor-container elementor-column-gap-default\">\n\t\t\t\t\t<div class=\"elementor-column elementor-col-33 elementor-top-column elementor-element elementor-element-fb55fc8\" data-id=\"fb55fc8\" data-element_type=\"column\" data-e-type=\"column\" data-settings=\"{&quot;background_background&quot;:&quot;classic&quot;}\">\n\t\t\t<div class=\"elementor-widget-wrap elementor-element-populated\">\n\t\t\t\t\t\t<div class=\"elementor-element elementor-element-9ea1ece elementor-widget elementor-widget-image\" data-id=\"9ea1ece\" data-element_type=\"widget\" data-e-type=\"widget\" data-widget_type=\"image.default\">\n\t\t\t\t<div class=\"elementor-widget-container\">\n\t\t\t\t\t\t\t\t\t\t\t\t\t\t\t<img decoding=\"async\" width=\"800\" height=\"484\" src=\"https:\/\/ifalpes.com\/wp-content\/uploads\/2023\/10\/Label_FLE_RF_qualiopi-2-1024x619.jpg\" class=\"attachment-large size-large wp-image-24128\" alt=\"\" srcset=\"https:\/\/ifalpes.com\/wp-content\/uploads\/2023\/10\/Label_FLE_RF_qualiopi-2-1024x619.jpg 1024w, https:\/\/ifalpes.com\/wp-content\/uploads\/2023\/10\/Label_FLE_RF_qualiopi-2-300x181.jpg 300w, https:\/\/ifalpes.com\/wp-content\/uploads\/2023\/10\/Label_FLE_RF_qualiopi-2-768x464.jpg 768w, https:\/\/ifalpes.com\/wp-content\/uploads\/2023\/10\/Label_FLE_RF_qualiopi-2.jpg 1200w\" sizes=\"(max-width: 800px) 100vw, 800px\" \/>\t\t\t\t\t\t\t\t\t\t\t\t\t\t\t<\/div>\n\t\t\t\t<\/div>\n\t\t\t\t\t<\/div>\n\t\t<\/div>\n\t\t\t\t<div class=\"elementor-column elementor-col-66 elementor-top-column elementor-element elementor-element-605867d\" data-id=\"605867d\" data-element_type=\"column\" data-e-type=\"column\">\n\t\t\t<div class=\"elementor-widget-wrap elementor-element-populated\">\n\t\t\t\t\t\t<div class=\"elementor-element elementor-element-57fa87e elementor-widget elementor-widget-text-editor\" data-id=\"57fa87e\" data-element_type=\"widget\" data-e-type=\"widget\" data-widget_type=\"text-editor.default\">\n\t\t\t\t<div class=\"elementor-widget-container\">\n\t\t\t\t\t\t\t\t\t<p class=\"p1\">Ofrecemos una amplia selecci\u00f3n de cursos de franc\u00e9s impartidos seg\u00fan una metodolog\u00eda innovadora. Nuestro enfoque pedag\u00f3gico est\u00e1 reconocido por France \u00c9ducation Internationale gracias al sello Qualit\u00e9 FLE, la garant\u00eda para nuestros estudiantes de una progresi\u00f3n r\u00e1pida y conforme a sus objetivos.<\/p>\n\t\t\t\t\t\t\t\t<\/div>\n\t\t\t\t<\/div>\n\t\t\t\t<div class=\"elementor-element elementor-element-6fe5a1b elementor-align-center elementor-widget elementor-widget-button\" data-id=\"6fe5a1b\" data-element_type=\"widget\" data-e-type=\"widget\" data-widget_type=\"button.default\">\n\t\t\t\t<div class=\"elementor-widget-container\">\n\t\t\t\t\t\t\t\t\t<div class=\"elementor-button-wrapper\">\n\t\t\t\t\t<a class=\"elementor-button elementor-button-link elementor-size-md\" href=\"http:\/\/ifalpes.com\/wp-content\/uploads\/2023\/10\/2663_001.pdf\" target=\"_blank\">\n\t\t\t\t\t\t<span class=\"elementor-button-content-wrapper\">\n\t\t\t\t\t\t<span class=\"elementor-button-icon\">\n\t\t\t\t<i aria-hidden=\"true\" class=\"fas fa-angle-right\"><\/i>\t\t\t<\/span>\n\t\t\t\t\t\t\t\t\t<span class=\"elementor-button-text\">Nuestro Certificado Qualiopi<\/span>\n\t\t\t\t\t<\/span>\n\t\t\t\t\t<\/a>\n\t\t\t\t<\/div>\n\t\t\t\t\t\t\t\t<\/div>\n\t\t\t\t<\/div>\n\t\t\t\t\t<\/div>\n\t\t<\/div>\n\t\t\t\t\t<\/div>\n\t\t<\/section>\n\t\t\t\t<\/div>\n\t\t","protected":false},"excerpt":{"rendered":"<p>Garant\u00eda de calidad Nuestra ambici\u00f3n es ayudar a nuestros estudiantes a progresar en su conocimiento de la lengua francesa, proporcion\u00e1ndoles una ense\u00f1anza de calidad. Tambi\u00e9n nos comprometemos a ayudarles a descubrir la cultura francesa y el patrimonio regional, todo ello en un ambiente agradable. Concedemos gran importancia a la innovaci\u00f3n pedag\u00f3gica; por ello, nuestros profesores [&hellip;]<\/p>\n","protected":false},"author":1,"featured_media":21508,"parent":21875,"menu_order":0,"comment_status":"closed","ping_status":"closed","template":"","meta":{"_acf_changed":false,"content-type":"","footnotes":""},"class_list":["post-21871","page","type-page","status-publish","has-post-thumbnail","hentry"],"acf":[],"_links":{"self":[{"href":"https:\/\/ifalpes.com\/es\/wp-json\/wp\/v2\/pages\/21871","targetHints":{"allow":["GET"]}}],"collection":[{"href":"https:\/\/ifalpes.com\/es\/wp-json\/wp\/v2\/pages"}],"about":[{"href":"https:\/\/ifalpes.com\/es\/wp-json\/wp\/v2\/types\/page"}],"author":[{"embeddable":true,"href":"https:\/\/ifalpes.com\/es\/wp-json\/wp\/v2\/users\/1"}],"replies":[{"embeddable":true,"href":"https:\/\/ifalpes.com\/es\/wp-json\/wp\/v2\/comments?post=21871"}],"version-history":[{"count":4,"href":"https:\/\/ifalpes.com\/es\/wp-json\/wp\/v2\/pages\/21871\/revisions"}],"predecessor-version":[{"id":26913,"href":"https:\/\/ifalpes.com\/es\/wp-json\/wp\/v2\/pages\/21871\/revisions\/26913"}],"up":[{"embeddable":true,"href":"https:\/\/ifalpes.com\/es\/wp-json\/wp\/v2\/pages\/21875"}],"wp:featuredmedia":[{"embeddable":true,"href":"https:\/\/ifalpes.com\/es\/wp-json\/wp\/v2\/media\/21508"}],"wp:attachment":[{"href":"https:\/\/ifalpes.com\/es\/wp-json\/wp\/v2\/media?parent=21871"}],"curies":[{"name":"wp","href":"https:\/\/api.w.org\/{rel}","templated":true}]}}